{"id":88,"date":"2021-01-05T19:40:57","date_gmt":"2021-01-05T18:40:57","guid":{"rendered":"https:\/\/defensepro.sk\/?page_id=88"},"modified":"2024-08-23T20:59:04","modified_gmt":"2024-08-23T18:59:04","slug":"odchyt-psov","status":"publish","type":"page","link":"https:\/\/defensepro.sk\/ru\/sluzby\/odchyt-psov\/","title":{"rendered":"Odchyt psov"},"content":{"rendered":"<div data-elementor-type=\"wp-page\" data-elementor-id=\"88\" class=\"elementor elementor-88\" data-elementor-post-type=\"page\">\n\t\t\t\t<header data-particle_enable=\"false\" data-particle-mobile-disabled=\"false\" class=\"elementor-element elementor-element-6c29d68 e-flex e-con-boxed e-con e-parent\" data-id=\"6c29d68\" data-element_type=\"container\" data-e-type=\"container\">\n\t\t\t\t\t<div class=\"e-con-inner\">\n\t\t<div data-particle_enable=\"false\" data-particle-mobile-disabled=\"false\" class=\"elementor-element elementor-element-e2a55d2 e-con-full e-flex e-con e-child\" data-id=\"e2a55d2\" data-element_type=\"container\" data-e-type=\"container\">\n\t\t\t\t<div class=\"elementor-element elementor-element-c4bf6a9 elementor-align-center elementor-widget elementor-widget-button\" data-id=\"c4bf6a9\" data-element_type=\"widget\" data-e-type=\"widget\" data-widget_type=\"button.default\">\n\t\t\t\t\t\t\t\t\t\t<a class=\"elementor-button elementor-size-sm\" role=\"button\">\n\t\t\t\t\t\t<span class=\"elementor-button-content-wrapper\">\n\t\t\t\t\t\t\t\t\t<span class=\"elementor-button-text\">Profesion\u00e1lny odchyt psov<\/span>\n\t\t\t\t\t<\/span>\n\t\t\t\t\t<\/a>\n\t\t\t\t\t\t\t\t<\/div>\n\t\t\t\t<div class=\"elementor-element elementor-element-58ec3cf elementor-widget elementor-widget-heading\" data-id=\"58ec3cf\" data-element_type=\"widget\" data-e-type=\"widget\" data-widget_type=\"heading.default\">\n\t\t\t\t\t<h2 class=\"elementor-heading-title elementor-size-default\">Zabehnut\u00fdch aj t\u00falav\u00fdch<\/h2>\t\t\t\t<\/div>\n\t\t\t\t<\/div>\n\t\t\t\t\t<\/div>\n\t\t\t\t<\/header>\n\t\t<section data-particle_enable=\"false\" data-particle-mobile-disabled=\"false\" class=\"elementor-element elementor-element-82c0408 e-flex e-con-boxed e-con e-parent\" data-id=\"82c0408\" data-element_type=\"container\" data-e-type=\"container\">\n\t\t\t\t\t<div class=\"e-con-inner\">\n\t\t<div data-particle_enable=\"false\" data-particle-mobile-disabled=\"false\" class=\"elementor-element elementor-element-f1b4447 e-con-full e-flex e-con e-child\" data-id=\"f1b4447\" data-element_type=\"container\" data-e-type=\"container\">\n\t\t<div data-particle_enable=\"false\" data-particle-mobile-disabled=\"false\" class=\"elementor-element elementor-element-94e62fc e-con-full e-flex e-con e-child\" data-id=\"94e62fc\" data-element_type=\"container\" data-e-type=\"container\">\n\t\t<div data-particle_enable=\"false\" data-particle-mobile-disabled=\"false\" class=\"elementor-element elementor-element-2454888 e-con-full e-flex e-con e-child\" data-id=\"2454888\" data-element_type=\"container\" data-e-type=\"container\">\n\t\t\t\t<div class=\"elementor-element elementor-element-9ff96a5 elementor-widget elementor-widget-text-editor\" data-id=\"9ff96a5\" data-element_type=\"widget\" data-e-type=\"widget\" data-widget_type=\"text-editor.default\">\n\t\t\t\t\t\t\t\t\t<p>Radi by sme v\u00e1m ofici\u00e1lne predstavili jednu z na\u0161ich pracovn\u00fdch \u010dinnost\u00ed, ktorej sa venujeme od roku 2015. Je \u0148ou odchyt psov na profesion\u00e1lnej \u00farovni.<\/p><p>Pre\u010do sme s n\u00edm za\u010dali? V s\u00fa\u010dasnej dobe str\u00e1\u017eime u\u017e 9 obc\u00ed, v katastri t\u00fdchto obc\u00ed vykon\u00e1vame hliadkovaciu \u010dinnos\u0165 za \u00fa\u010delom ochrany zdravia, \u017eivota, majetku a verejn\u00e9ho poriadku po vzore obecnej a mestskej Pol\u00edcie. U\u017e na samom po\u010diatku poskytovania bezpe\u010dnostn\u00fdch slu\u017eieb obciam sme sa stretli so psami, ktor\u00e9 sa vo\u013ene pohybovali po verejn\u00fdch priestranstv\u00e1ch. Je to \u010dast\u00fd jav a ka\u017ed\u00fd z v\u00e1s ho iste pozn\u00e1. Rada psov ohrozovala svoj \u017eivot a \u017eivot pos\u00e1dok vozidiel na pozemn\u00fdch komunik\u00e1ci\u00e1ch, rada psov siln\u00fdch plemien stra\u0161ila svojim zjavom okoloid\u00facich, stretli sme sa aj s pr\u00edpadmi, ke\u010f bolo ubl\u00ed\u017een\u00e9 \u010dloveku.<\/p>\t\t\t\t\t\t\t\t<\/div>\n\t\t\t\t<\/div>\n\t\t<div data-particle_enable=\"false\" data-particle-mobile-disabled=\"false\" class=\"elementor-element elementor-element-46d59df e-con-full e-flex e-con e-child\" data-id=\"46d59df\" data-element_type=\"container\" data-e-type=\"container\">\n\t\t\t\t<div class=\"elementor-element elementor-element-2ef0d7e elementor-widget elementor-widget-image\" data-id=\"2ef0d7e\" data-element_type=\"widget\" data-e-type=\"widget\" data-widget_type=\"image.default\">\n\t\t\t\t\t\t\t\t\t\t\t\t\t\t\t<img fetchpriority=\"high\" decoding=\"async\" width=\"800\" height=\"469\" src=\"https:\/\/defensepro.sk\/wp-content\/uploads\/2021\/01\/defense-pro-odchytova-sluzba-content-image-01.jpg\" class=\"attachment-large size-large wp-image-1555\" alt=\"\" srcset=\"https:\/\/defensepro.sk\/wp-content\/uploads\/2021\/01\/defense-pro-odchytova-sluzba-content-image-01.jpg 1024w, https:\/\/defensepro.sk\/wp-content\/uploads\/2021\/01\/defense-pro-odchytova-sluzba-content-image-01-300x176.jpg 300w, https:\/\/defensepro.sk\/wp-content\/uploads\/2021\/01\/defense-pro-odchytova-sluzba-content-image-01-768x450.jpg 768w\" sizes=\"(max-width: 800px) 100vw, 800px\" \/>\t\t\t\t\t\t\t\t\t\t\t\t\t\t\t<\/div>\n\t\t\t\t<\/div>\n\t\t\t\t<\/div>\n\t\t<div data-particle_enable=\"false\" data-particle-mobile-disabled=\"false\" class=\"elementor-element elementor-element-9430c9f e-con-full e-flex e-con e-child\" data-id=\"9430c9f\" data-element_type=\"container\" data-e-type=\"container\">\n\t\t<div data-particle_enable=\"false\" data-particle-mobile-disabled=\"false\" class=\"elementor-element elementor-element-47f3b5f e-con-full e-flex e-con e-child\" data-id=\"47f3b5f\" data-element_type=\"container\" data-e-type=\"container\">\n\t\t\t\t<div class=\"elementor-element elementor-element-9c765e9 elementor-widget elementor-widget-image\" data-id=\"9c765e9\" data-element_type=\"widget\" data-e-type=\"widget\" data-widget_type=\"image.default\">\n\t\t\t\t\t\t\t\t\t\t\t\t\t\t\t<img decoding=\"async\" width=\"750\" height=\"750\" src=\"https:\/\/defensepro.sk\/wp-content\/uploads\/2021\/01\/defense-pro-odchytova-sluzba-znak.jpg\" class=\"attachment-large size-large wp-image-1389\" alt=\"\" srcset=\"https:\/\/defensepro.sk\/wp-content\/uploads\/2021\/01\/defense-pro-odchytova-sluzba-znak.jpg 750w, https:\/\/defensepro.sk\/wp-content\/uploads\/2021\/01\/defense-pro-odchytova-sluzba-znak-300x300.jpg 300w, https:\/\/defensepro.sk\/wp-content\/uploads\/2021\/01\/defense-pro-odchytova-sluzba-znak-150x150.jpg 150w\" sizes=\"(max-width: 750px) 100vw, 750px\" \/>\t\t\t\t\t\t\t\t\t\t\t\t\t\t\t<\/div>\n\t\t\t\t<\/div>\n\t\t<div data-particle_enable=\"false\" data-particle-mobile-disabled=\"false\" class=\"elementor-element elementor-element-8aab90a e-con-full e-flex e-con e-child\" data-id=\"8aab90a\" data-element_type=\"container\" data-e-type=\"container\">\n\t\t\t\t<div class=\"elementor-element elementor-element-2c74767 elementor-widget elementor-widget-text-editor\" data-id=\"2c74767\" data-element_type=\"widget\" data-e-type=\"widget\" data-widget_type=\"text-editor.default\">\n\t\t\t\t\t\t\t\t\t<p>Prioritou bezpe\u010dnostnej slu\u017eby pri ochrane svojho z\u00e1ujmu je vysporiadanie sa so v\u0161etk\u00fdmi zn\u00e1mymi rizikami a ke\u010f\u017ee sa slovo &#8222;z\u00e1konnos\u0165&#8220; podpisuje na na\u0161ej firemnej politike, zapracovali sme na splnen\u00ed z\u00e1konn\u00fdch po\u017eiadaviek pre z\u00edskanie opr\u00e1vnenia na v\u00fdkon odchytovej slu\u017eby.<\/p>\n<p>Z\u00e1konnos\u0165 a profesionalita 24\/7, viac ako 300 odchyten\u00fdch ps\u00edkov za nami, ani jeden sa nezranil, drviv\u00e1 v\u00e4\u010d\u0161ina sa vr\u00e1tila domov, ve\u013ea ps\u00edkov na\u0161lo adopciu, ani jeden jedin\u00fd nebol uspan\u00fd a my sa neust\u00e1le zdokona\u013eujeme.<\/p>\t\t\t\t\t\t\t\t<\/div>\n\t\t\t\t<\/div>\n\t\t\t\t<\/div>\n\t\t\t\t<\/div>\n\t\t\t\t\t<\/div>\n\t\t\t\t<\/section>\n\t\t<section data-particle_enable=\"false\" data-particle-mobile-disabled=\"false\" class=\"elementor-element elementor-element-9508fa7 e-flex e-con-boxed e-con e-parent\" data-id=\"9508fa7\" data-element_type=\"container\" data-e-type=\"container\">\n\t\t\t\t\t<div class=\"e-con-inner\">\n\t\t<header data-particle_enable=\"false\" data-particle-mobile-disabled=\"false\" class=\"elementor-element elementor-element-40e0ba4 e-con-full e-flex e-con e-child\" data-id=\"40e0ba4\" data-element_type=\"container\" data-e-type=\"container\">\n\t\t\t\t<div class=\"elementor-element elementor-element-cb1f3e3 elementor-widget elementor-widget-heading\" data-id=\"cb1f3e3\" data-element_type=\"widget\" data-e-type=\"widget\" data-widget_type=\"heading.default\">\n\t\t\t\t\t<h4 class=\"elementor-heading-title elementor-size-default\">Poskytujeme odchyt psov<\/h4>\t\t\t\t<\/div>\n\t\t\t\t<div class=\"elementor-element elementor-element-eafd86c elementor-widget elementor-widget-heading\" data-id=\"eafd86c\" data-element_type=\"widget\" data-e-type=\"widget\" data-widget_type=\"heading.default\">\n\t\t\t\t\t<h3 class=\"elementor-heading-title elementor-size-default\">Obce a mest\u00e1<\/h3>\t\t\t\t<\/div>\n\t\t\t\t<div class=\"elementor-element elementor-element-1a63c67 elementor-widget elementor-widget-eael-creative-button\" data-id=\"1a63c67\" data-element_type=\"widget\" data-e-type=\"widget\" data-widget_type=\"eael-creative-button.default\">\n\t\t\t\t\t        <div class=\"eael-creative-button-wrapper\">\n\n            <a class=\"eael-creative-button eael-creative-button--default\" href=\"https:\/\/www.facebook.com\/odchytpsov\/\" target=\"_blank\" data-text=\"Spojte sa\">\n            \t    \n                <div class=\"creative-button-inner\">\n\n                    \n                    <span class=\"cretive-button-text\">Sledujte n\u00e1s na Facebooku<\/span>\n\n                                            <span class=\"eael-creative-button-icon-right\"><i aria-hidden=\"true\" class=\"fas fa-angle-double-right\"><\/i><\/span>                                    <\/div>\n\t                        <\/a>\n        <\/div>\n        \t\t\t\t<\/div>\n\t\t\t\t<div class=\"elementor-element elementor-element-e488162 elementor-shape-circle e-grid-align-left e-grid-align-mobile-left elementor-grid-0 elementor-widget elementor-widget-social-icons\" data-id=\"e488162\" data-element_type=\"widget\" data-e-type=\"widget\" data-widget_type=\"social-icons.default\">\n\t\t\t\t\t\t\t<div class=\"elementor-social-icons-wrapper elementor-grid\" role=\"list\">\n\t\t\t\t\t\t\t<span class=\"elementor-grid-item\" role=\"listitem\">\n\t\t\t\t\t<a class=\"elementor-icon elementor-social-icon elementor-social-icon-facebook-f elementor-animation-grow elementor-repeater-item-9758c9c\" href=\"https:\/\/www.facebook.com\/odchytpsov\/\" target=\"_blank\">\n\t\t\t\t\t\t<span class=\"elementor-screen-only\">Facebook-f<\/span>\n\t\t\t\t\t\t<i aria-hidden=\"true\" class=\"fab fa-facebook-f\"><\/i>\t\t\t\t\t<\/a>\n\t\t\t\t<\/span>\n\t\t\t\t\t\t\t<span class=\"elementor-grid-item\" role=\"listitem\">\n\t\t\t\t\t<a class=\"elementor-icon elementor-social-icon elementor-social-icon-facebook-messenger elementor-animation-grow elementor-repeater-item-d550229\" href=\"https:\/\/m.me\/odchytpsov\" target=\"_blank\">\n\t\t\t\t\t\t<span class=\"elementor-screen-only\">Facebook-messenger<\/span>\n\t\t\t\t\t\t<i aria-hidden=\"true\" class=\"fab fa-facebook-messenger\"><\/i>\t\t\t\t\t<\/a>\n\t\t\t\t<\/span>\n\t\t\t\t\t<\/div>\n\t\t\t\t\t\t<\/div>\n\t\t\t\t<\/header>\n\t\t<div data-particle_enable=\"false\" data-particle-mobile-disabled=\"false\" class=\"elementor-element elementor-element-b8ec527 e-con-full e-flex e-con e-child\" data-id=\"b8ec527\" data-element_type=\"container\" data-e-type=\"container\">\n\t\t\t\t<div class=\"elementor-element elementor-element-aac8c16 elementor-widget elementor-widget-image\" data-id=\"aac8c16\" data-element_type=\"widget\" data-e-type=\"widget\" data-widget_type=\"image.default\">\n\t\t\t\t\t\t\t\t\t\t\t\t\t\t\t<img decoding=\"async\" width=\"800\" height=\"450\" src=\"https:\/\/defensepro.sk\/wp-content\/uploads\/2021\/01\/defense-pro-odchytova-sluzba-obce.jpg\" class=\"attachment-large size-large wp-image-1568\" alt=\"\" srcset=\"https:\/\/defensepro.sk\/wp-content\/uploads\/2021\/01\/defense-pro-odchytova-sluzba-obce.jpg 945w, https:\/\/defensepro.sk\/wp-content\/uploads\/2021\/01\/defense-pro-odchytova-sluzba-obce-300x169.jpg 300w, https:\/\/defensepro.sk\/wp-content\/uploads\/2021\/01\/defense-pro-odchytova-sluzba-obce-768x432.jpg 768w\" sizes=\"(max-width: 800px) 100vw, 800px\" \/>\t\t\t\t\t\t\t\t\t\t\t\t\t\t\t<\/div>\n\t\t\t\t<\/div>\n\t\t\t\t\t<\/div>\n\t\t\t\t<\/section>\n\t\t<section data-particle_enable=\"false\" data-particle-mobile-disabled=\"false\" class=\"elementor-element elementor-element-c4b1a05 e-flex e-con-boxed e-con e-parent\" data-id=\"c4b1a05\" data-element_type=\"container\" data-e-type=\"container\">\n\t\t\t\t\t<div class=\"e-con-inner\">\n\t\t<div data-particle_enable=\"false\" data-particle-mobile-disabled=\"false\" class=\"elementor-element elementor-element-1153503 e-con-full e-flex e-con e-child\" data-id=\"1153503\" data-element_type=\"container\" data-e-type=\"container\">\n\t\t\t\t<div class=\"elementor-element elementor-element-5e73b51 elementor-widget elementor-widget-heading\" data-id=\"5e73b51\" data-element_type=\"widget\" data-e-type=\"widget\" data-widget_type=\"heading.default\">\n\t\t\t\t\t<p class=\"elementor-heading-title elementor-size-default\"><span class=\"accent-color\">\u201e <\/span>Pre\u010d\u00edtajte si o na\u0161ej pr\u00e1ci viac v \u010dl\u00e1nku Odchyt zabehnut\u00fdch zvierat v praxi. <span class=\"accent-color\"> \u201d<\/span><\/p>\t\t\t\t<\/div>\n\t\t\t\t<div class=\"elementor-element elementor-element-e1548b5 elementor-widget-divider--view-line elementor-widget elementor-widget-divider\" data-id=\"e1548b5\" data-element_type=\"widget\" data-e-type=\"widget\" data-widget_type=\"divider.default\">\n\t\t\t\t\t\t\t<div class=\"elementor-divider\">\n\t\t\t<span class=\"elementor-divider-separator\">\n\t\t\t\t\t\t<\/span>\n\t\t<\/div>\n\t\t\t\t\t\t<\/div>\n\t\t\t\t<div class=\"elementor-element elementor-element-c5402ef elementor-widget elementor-widget-heading\" data-id=\"c5402ef\" data-element_type=\"widget\" data-e-type=\"widget\" data-widget_type=\"heading.default\">\n\t\t\t\t\t<h2 class=\"elementor-heading-title elementor-size-default\"><a href=\"https:\/\/defensepro.sk\/ru\/odchyt-zabehnutych-zvierat-v-praxi\/\">Prejs\u0165 na \u010dl\u00e1nok<\/a><\/h2>\t\t\t\t<\/div>\n\t\t\t\t<\/div>\n\t\t\t\t\t<\/div>\n\t\t\t\t<\/section>\n\t\t\t\t<\/div>","protected":false},"excerpt":{"rendered":"<p>Profesion\u00e1lny odchyt psov Zabehnut\u00fdch aj t\u00falav\u00fdch Radi by sme v\u00e1m ofici\u00e1lne predstavili jednu z na\u0161ich pracovn\u00fdch \u010dinnost\u00ed, ktorej sa venujeme od roku 2015. Je \u0148ou odchyt psov na profesion\u00e1lnej \u00farovni. Pre\u010do sme s n\u00edm za\u010dali? V s\u00fa\u010dasnej dobe str\u00e1\u017eime u\u017e 9 obc\u00ed, v katastri t\u00fdchto obc\u00ed vykon\u00e1vame hliadkovaciu \u010dinnos\u0165 za \u00fa\u010delom ochrany zdravia, \u017eivota, majetku [&hellip;]<\/p>\n","protected":false},"author":1,"featured_media":4307,"parent":35,"menu_order":4,"comment_status":"closed","ping_status":"closed","template":"","meta":{"_acf_changed":false,"footnotes":""},"class_list":["post-88","page","type-page","status-publish","has-post-thumbnail","hentry"],"acf":[],"yoast_head":"<!-- This site is optimized with the Yoast SEO plugin v27.1.1 - https:\/\/yoast.com\/product\/yoast-seo-wordpress\/ -->\n<title>Odchyt psov &#187; Defense Pro<\/title>\n<meta name=\"description\" content=\"Odchytov\u00e1 slu\u017eba: Profesion\u00e1lny odchyt psov pre obce a mest\u00e1, zabehnut\u00fdch aj t\u00falav\u00fdch. Sme s\u00fakromn\u00e1 bezpe\u010dnostn\u00e1 slu\u017eba - Defense Pro.\" \/>\n<meta name=\"robots\" content=\"index, follow, max-snippet:-1, max-image-preview:large, max-video-preview:-1\" \/>\n<link rel=\"canonical\" href=\"https:\/\/defensepro.sk\/ru\/sluzby\/odchyt-psov\/\" \/>\n<meta property=\"og:locale\" content=\"ru_RU\" \/>\n<meta property=\"og:type\" content=\"article\" \/>\n<meta property=\"og:title\" content=\"Odchyt psov &#187; Defense Pro\" \/>\n<meta property=\"og:description\" content=\"Odchytov\u00e1 slu\u017eba: Profesion\u00e1lny odchyt psov pre obce a mest\u00e1, zabehnut\u00fdch aj t\u00falav\u00fdch. Sme s\u00fakromn\u00e1 bezpe\u010dnostn\u00e1 slu\u017eba - Defense Pro.\" \/>\n<meta property=\"og:url\" content=\"https:\/\/defensepro.sk\/ru\/sluzby\/odchyt-psov\/\" \/>\n<meta property=\"og:site_name\" content=\"Defense Pro\" \/>\n<meta property=\"article:modified_time\" content=\"2024-08-23T18:59:04+00:00\" \/>\n<meta property=\"og:image\" content=\"https:\/\/defensepro.sk\/wp-content\/uploads\/2022\/04\/defensepro-thumbnail_v2.jpg\" \/>\n\t<meta property=\"og:image:width\" content=\"1024\" \/>\n\t<meta property=\"og:image:height\" content=\"1024\" \/>\n\t<meta property=\"og:image:type\" content=\"image\/jpeg\" \/>\n<meta name=\"twitter:card\" content=\"summary_large_image\" \/>\n<meta name=\"twitter:label1\" content=\"\u041f\u0440\u0438\u043c\u0435\u0440\u043d\u043e\u0435 \u0432\u0440\u0435\u043c\u044f \u0434\u043b\u044f \u0447\u0442\u0435\u043d\u0438\u044f\" \/>\n\t<meta name=\"twitter:data1\" content=\"2 \u043c\u0438\u043d\u0443\u0442\u044b\" \/>\n<script type=\"application\/ld+json\" class=\"yoast-schema-graph\">{\"@context\":\"https:\/\/schema.org\",\"@graph\":[{\"@type\":\"WebPage\",\"@id\":\"https:\/\/defensepro.sk\/sluzby\/odchyt-psov\/\",\"url\":\"https:\/\/defensepro.sk\/sluzby\/odchyt-psov\/\",\"name\":\"Odchyt psov &#187; Defense Pro\",\"isPartOf\":{\"@id\":\"https:\/\/defensepro.sk\/#website\"},\"primaryImageOfPage\":{\"@id\":\"https:\/\/defensepro.sk\/sluzby\/odchyt-psov\/#primaryimage\"},\"image\":{\"@id\":\"https:\/\/defensepro.sk\/sluzby\/odchyt-psov\/#primaryimage\"},\"thumbnailUrl\":\"https:\/\/defensepro.sk\/wp-content\/uploads\/2022\/04\/defensepro-thumbnail_v2.jpg\",\"datePublished\":\"2021-01-05T18:40:57+00:00\",\"dateModified\":\"2024-08-23T18:59:04+00:00\",\"description\":\"Odchytov\u00e1 slu\u017eba: Profesion\u00e1lny odchyt psov pre obce a mest\u00e1, zabehnut\u00fdch aj t\u00falav\u00fdch. Sme s\u00fakromn\u00e1 bezpe\u010dnostn\u00e1 slu\u017eba - Defense Pro.\",\"breadcrumb\":{\"@id\":\"https:\/\/defensepro.sk\/sluzby\/odchyt-psov\/#breadcrumb\"},\"inLanguage\":\"ru-RU\",\"potentialAction\":[{\"@type\":\"ReadAction\",\"target\":[\"https:\/\/defensepro.sk\/sluzby\/odchyt-psov\/\"]}]},{\"@type\":\"ImageObject\",\"inLanguage\":\"ru-RU\",\"@id\":\"https:\/\/defensepro.sk\/sluzby\/odchyt-psov\/#primaryimage\",\"url\":\"https:\/\/defensepro.sk\/wp-content\/uploads\/2022\/04\/defensepro-thumbnail_v2.jpg\",\"contentUrl\":\"https:\/\/defensepro.sk\/wp-content\/uploads\/2022\/04\/defensepro-thumbnail_v2.jpg\",\"width\":1024,\"height\":1024},{\"@type\":\"BreadcrumbList\",\"@id\":\"https:\/\/defensepro.sk\/sluzby\/odchyt-psov\/#breadcrumb\",\"itemListElement\":[{\"@type\":\"ListItem\",\"position\":1,\"name\":\"Home\",\"item\":\"https:\/\/defensepro.sk\/\"},{\"@type\":\"ListItem\",\"position\":2,\"name\":\"Slu\u017eby\",\"item\":\"https:\/\/defensepro.sk\/sluzby\/\"},{\"@type\":\"ListItem\",\"position\":3,\"name\":\"Odchyt psov\"}]},{\"@type\":\"WebSite\",\"@id\":\"https:\/\/defensepro.sk\/#website\",\"url\":\"https:\/\/defensepro.sk\/\",\"name\":\"Defense Pro\",\"description\":\"\",\"publisher\":{\"@id\":\"https:\/\/defensepro.sk\/#organization\"},\"potentialAction\":[{\"@type\":\"SearchAction\",\"target\":{\"@type\":\"EntryPoint\",\"urlTemplate\":\"https:\/\/defensepro.sk\/?s={search_term_string}\"},\"query-input\":{\"@type\":\"PropertyValueSpecification\",\"valueRequired\":true,\"valueName\":\"search_term_string\"}}],\"inLanguage\":\"ru-RU\"},{\"@type\":\"Organization\",\"@id\":\"https:\/\/defensepro.sk\/#organization\",\"name\":\"Defense Pro\",\"url\":\"https:\/\/defensepro.sk\/\",\"logo\":{\"@type\":\"ImageObject\",\"inLanguage\":\"ru-RU\",\"@id\":\"https:\/\/defensepro.sk\/#\/schema\/logo\/image\/\",\"url\":\"https:\/\/defensepro.sk\/wp-content\/uploads\/2022\/04\/defensepro-thumbnail_v2.jpg\",\"contentUrl\":\"https:\/\/defensepro.sk\/wp-content\/uploads\/2022\/04\/defensepro-thumbnail_v2.jpg\",\"width\":1024,\"height\":1024,\"caption\":\"Defense Pro\"},\"image\":{\"@id\":\"https:\/\/defensepro.sk\/#\/schema\/logo\/image\/\"}}]}<\/script>\n<!-- \/ Yoast SEO plugin. -->","yoast_head_json":{"title":"Odchyt psov &#187; Defense Pro","description":"Odchytov\u00e1 slu\u017eba: Profesion\u00e1lny odchyt psov pre obce a mest\u00e1, zabehnut\u00fdch aj t\u00falav\u00fdch. Sme s\u00fakromn\u00e1 bezpe\u010dnostn\u00e1 slu\u017eba - Defense Pro.","robots":{"index":"index","follow":"follow","max-snippet":"max-snippet:-1","max-image-preview":"max-image-preview:large","max-video-preview":"max-video-preview:-1"},"canonical":"https:\/\/defensepro.sk\/ru\/sluzby\/odchyt-psov\/","og_locale":"ru_RU","og_type":"article","og_title":"Odchyt psov &#187; Defense Pro","og_description":"Odchytov\u00e1 slu\u017eba: Profesion\u00e1lny odchyt psov pre obce a mest\u00e1, zabehnut\u00fdch aj t\u00falav\u00fdch. Sme s\u00fakromn\u00e1 bezpe\u010dnostn\u00e1 slu\u017eba - Defense Pro.","og_url":"https:\/\/defensepro.sk\/ru\/sluzby\/odchyt-psov\/","og_site_name":"Defense Pro","article_modified_time":"2024-08-23T18:59:04+00:00","og_image":[{"width":1024,"height":1024,"url":"https:\/\/defensepro.sk\/wp-content\/uploads\/2022\/04\/defensepro-thumbnail_v2.jpg","type":"image\/jpeg"}],"twitter_card":"summary_large_image","twitter_misc":{"\u041f\u0440\u0438\u043c\u0435\u0440\u043d\u043e\u0435 \u0432\u0440\u0435\u043c\u044f \u0434\u043b\u044f \u0447\u0442\u0435\u043d\u0438\u044f":"2 \u043c\u0438\u043d\u0443\u0442\u044b"},"schema":{"@context":"https:\/\/schema.org","@graph":[{"@type":"WebPage","@id":"https:\/\/defensepro.sk\/sluzby\/odchyt-psov\/","url":"https:\/\/defensepro.sk\/sluzby\/odchyt-psov\/","name":"Odchyt psov &#187; Defense Pro","isPartOf":{"@id":"https:\/\/defensepro.sk\/#website"},"primaryImageOfPage":{"@id":"https:\/\/defensepro.sk\/sluzby\/odchyt-psov\/#primaryimage"},"image":{"@id":"https:\/\/defensepro.sk\/sluzby\/odchyt-psov\/#primaryimage"},"thumbnailUrl":"https:\/\/defensepro.sk\/wp-content\/uploads\/2022\/04\/defensepro-thumbnail_v2.jpg","datePublished":"2021-01-05T18:40:57+00:00","dateModified":"2024-08-23T18:59:04+00:00","description":"Odchytov\u00e1 slu\u017eba: Profesion\u00e1lny odchyt psov pre obce a mest\u00e1, zabehnut\u00fdch aj t\u00falav\u00fdch. Sme s\u00fakromn\u00e1 bezpe\u010dnostn\u00e1 slu\u017eba - Defense Pro.","breadcrumb":{"@id":"https:\/\/defensepro.sk\/sluzby\/odchyt-psov\/#breadcrumb"},"inLanguage":"ru-RU","potentialAction":[{"@type":"ReadAction","target":["https:\/\/defensepro.sk\/sluzby\/odchyt-psov\/"]}]},{"@type":"ImageObject","inLanguage":"ru-RU","@id":"https:\/\/defensepro.sk\/sluzby\/odchyt-psov\/#primaryimage","url":"https:\/\/defensepro.sk\/wp-content\/uploads\/2022\/04\/defensepro-thumbnail_v2.jpg","contentUrl":"https:\/\/defensepro.sk\/wp-content\/uploads\/2022\/04\/defensepro-thumbnail_v2.jpg","width":1024,"height":1024},{"@type":"BreadcrumbList","@id":"https:\/\/defensepro.sk\/sluzby\/odchyt-psov\/#breadcrumb","itemListElement":[{"@type":"ListItem","position":1,"name":"Home","item":"https:\/\/defensepro.sk\/"},{"@type":"ListItem","position":2,"name":"Slu\u017eby","item":"https:\/\/defensepro.sk\/sluzby\/"},{"@type":"ListItem","position":3,"name":"Odchyt psov"}]},{"@type":"WebSite","@id":"https:\/\/defensepro.sk\/#website","url":"https:\/\/defensepro.sk\/","name":"Defense Pro","description":"","publisher":{"@id":"https:\/\/defensepro.sk\/#organization"},"potentialAction":[{"@type":"SearchAction","target":{"@type":"EntryPoint","urlTemplate":"https:\/\/defensepro.sk\/?s={search_term_string}"},"query-input":{"@type":"PropertyValueSpecification","valueRequired":true,"valueName":"search_term_string"}}],"inLanguage":"ru-RU"},{"@type":"Organization","@id":"https:\/\/defensepro.sk\/#organization","name":"Defense Pro","url":"https:\/\/defensepro.sk\/","logo":{"@type":"ImageObject","inLanguage":"ru-RU","@id":"https:\/\/defensepro.sk\/#\/schema\/logo\/image\/","url":"https:\/\/defensepro.sk\/wp-content\/uploads\/2022\/04\/defensepro-thumbnail_v2.jpg","contentUrl":"https:\/\/defensepro.sk\/wp-content\/uploads\/2022\/04\/defensepro-thumbnail_v2.jpg","width":1024,"height":1024,"caption":"Defense Pro"},"image":{"@id":"https:\/\/defensepro.sk\/#\/schema\/logo\/image\/"}}]}},"_links":{"self":[{"href":"https:\/\/defensepro.sk\/ru\/wp-json\/wp\/v2\/pages\/88","targetHints":{"allow":["GET"]}}],"collection":[{"href":"https:\/\/defensepro.sk\/ru\/wp-json\/wp\/v2\/pages"}],"about":[{"href":"https:\/\/defensepro.sk\/ru\/wp-json\/wp\/v2\/types\/page"}],"author":[{"embeddable":true,"href":"https:\/\/defensepro.sk\/ru\/wp-json\/wp\/v2\/users\/1"}],"replies":[{"embeddable":true,"href":"https:\/\/defensepro.sk\/ru\/wp-json\/wp\/v2\/comments?post=88"}],"version-history":[{"count":0,"href":"https:\/\/defensepro.sk\/ru\/wp-json\/wp\/v2\/pages\/88\/revisions"}],"up":[{"embeddable":true,"href":"https:\/\/defensepro.sk\/ru\/wp-json\/wp\/v2\/pages\/35"}],"wp:featuredmedia":[{"embeddable":true,"href":"https:\/\/defensepro.sk\/ru\/wp-json\/wp\/v2\/media\/4307"}],"wp:attachment":[{"href":"https:\/\/defensepro.sk\/ru\/wp-json\/wp\/v2\/media?parent=88"}],"curies":[{"name":"wp","href":"https:\/\/api.w.org\/{rel}","templated":true}]}}