{"id":72,"date":"2021-01-05T19:35:56","date_gmt":"2021-01-05T18:35:56","guid":{"rendered":"https:\/\/defensepro.sk\/?page_id=72"},"modified":"2024-09-13T13:41:34","modified_gmt":"2024-09-13T11:41:34","slug":"poplachovy-system","status":"publish","type":"page","link":"https:\/\/defensepro.sk\/ru\/sluzby\/technicka-sluzba\/poplachovy-system\/","title":{"rendered":"Poplachov\u00fd syst\u00e9m"},"content":{"rendered":"<div data-elementor-type=\"wp-page\" data-elementor-id=\"72\" class=\"elementor elementor-72\" data-elementor-post-type=\"page\">\n\t\t\t\t<header data-particle_enable=\"false\" data-particle-mobile-disabled=\"false\" class=\"elementor-element elementor-element-f940cee e-flex e-con-boxed e-con e-parent\" data-id=\"f940cee\" data-element_type=\"container\" data-e-type=\"container\">\n\t\t\t\t\t<div class=\"e-con-inner\">\n\t\t<div data-particle_enable=\"false\" data-particle-mobile-disabled=\"false\" class=\"elementor-element elementor-element-0597062 e-con-full e-flex e-con e-child\" data-id=\"0597062\" data-element_type=\"container\" data-e-type=\"container\">\n\t\t\t\t<div class=\"elementor-element elementor-element-6785e53 elementor-align-center elementor-widget elementor-widget-button\" data-id=\"6785e53\" data-element_type=\"widget\" data-e-type=\"widget\" data-widget_type=\"button.default\">\n\t\t\t\t\t\t\t\t\t\t<a class=\"elementor-button elementor-size-sm\" role=\"button\">\n\t\t\t\t\t\t<span class=\"elementor-button-content-wrapper\">\n\t\t\t\t\t\t\t\t\t<span class=\"elementor-button-text\">viac ako ochrana pred zlodejmi<\/span>\n\t\t\t\t\t<\/span>\n\t\t\t\t\t<\/a>\n\t\t\t\t\t\t\t\t<\/div>\n\t\t\t\t<div class=\"elementor-element elementor-element-f59d312 elementor-widget elementor-widget-heading\" data-id=\"f59d312\" data-element_type=\"widget\" data-e-type=\"widget\" data-widget_type=\"heading.default\">\n\t\t\t\t\t<h2 class=\"elementor-heading-title elementor-size-default\">funkcie alarmu<\/h2>\t\t\t\t<\/div>\n\t\t\t\t<\/div>\n\t\t\t\t\t<\/div>\n\t\t\t\t<\/header>\n\t\t<section data-particle_enable=\"false\" data-particle-mobile-disabled=\"false\" class=\"elementor-element elementor-element-ed2f6b7 e-flex e-con-boxed e-con e-parent\" data-id=\"ed2f6b7\" data-element_type=\"container\" data-e-type=\"container\">\n\t\t\t\t\t<div class=\"e-con-inner\">\n\t\t<div data-particle_enable=\"false\" data-particle-mobile-disabled=\"false\" class=\"elementor-element elementor-element-92f863e e-con-full e-flex e-con e-child\" data-id=\"92f863e\" data-element_type=\"container\" data-e-type=\"container\">\n\t\t<div data-particle_enable=\"false\" data-particle-mobile-disabled=\"false\" class=\"elementor-element elementor-element-05dd46f e-con-full e-flex e-con e-child\" data-id=\"05dd46f\" data-element_type=\"container\" data-e-type=\"container\">\n\t\t<div data-particle_enable=\"false\" data-particle-mobile-disabled=\"false\" class=\"elementor-element elementor-element-8a1ec63 e-con-full e-flex e-con e-child\" data-id=\"8a1ec63\" data-element_type=\"container\" data-e-type=\"container\">\n\t\t\t\t<div class=\"elementor-element elementor-element-46b8059 elementor-widget elementor-widget-text-editor\" data-id=\"46b8059\" data-element_type=\"widget\" data-e-type=\"widget\" data-widget_type=\"text-editor.default\">\n\t\t\t\t\t\t\t\t\t<p>Chr\u00e1\u0148te si svoj majetok. \u00dastred\u0148a, kl\u00e1vesnica a pohybov\u00e9 \u010didl\u00e1 predstavuj\u00fa absol\u00fatny z\u00e1klad pre zabezpe\u010dovacie zariadenie. Sta\u010d\u00ed iba m\u00e1lo a m\u00e1te istotu na cel\u00e9 roky dopredu. Zlodej si vyber\u00e1 nechr\u00e1nen\u00e9 miesta a uprednostn\u00ed objekt, ktor\u00fd nem\u00e1 alarm.<\/p><p>Vhodn\u00fdm rozmiestnen\u00edm \u010didiel v priestore v\u00e1\u0161ho domu alebo prev\u00e1dzky dok\u00e1\u017eeme pokry\u0165 ka\u017ed\u00e9 slab\u00e9 miesto, ktor\u00fdm by sa mohla dosta\u0165 dnu nepovolan\u00e1 osoba.<\/p><p>Potrebujete ochr\u00e1ni\u0165 nehnute\u013enos\u0165? Obr\u00e1\u0165te sa na n\u00e1s.\u00a0<\/p>\t\t\t\t\t\t\t\t<\/div>\n\t\t\t\t<\/div>\n\t\t<div data-particle_enable=\"false\" data-particle-mobile-disabled=\"false\" class=\"elementor-element elementor-element-3e3135e e-con-full e-flex e-con e-child\" data-id=\"3e3135e\" data-element_type=\"container\" data-e-type=\"container\">\n\t\t\t\t<div class=\"elementor-element elementor-element-eabdf72 elementor-widget elementor-widget-image\" data-id=\"eabdf72\" data-element_type=\"widget\" data-e-type=\"widget\" data-widget_type=\"image.default\">\n\t\t\t\t\t\t\t\t\t\t\t\t\t\t\t<img fetchpriority=\"high\" decoding=\"async\" width=\"800\" height=\"450\" src=\"https:\/\/defensepro.sk\/wp-content\/uploads\/2021\/03\/IMG-090321-01-02-1024x576.jpg\" class=\"attachment-large size-large wp-image-2102\" alt=\"\" srcset=\"https:\/\/defensepro.sk\/wp-content\/uploads\/2021\/03\/IMG-090321-01-02-1024x576.jpg 1024w, https:\/\/defensepro.sk\/wp-content\/uploads\/2021\/03\/IMG-090321-01-02-300x169.jpg 300w, https:\/\/defensepro.sk\/wp-content\/uploads\/2021\/03\/IMG-090321-01-02-768x432.jpg 768w, https:\/\/defensepro.sk\/wp-content\/uploads\/2021\/03\/IMG-090321-01-02.jpg 1280w\" sizes=\"(max-width: 800px) 100vw, 800px\" \/>\t\t\t\t\t\t\t\t\t\t\t\t\t\t\t<\/div>\n\t\t\t\t<\/div>\n\t\t\t\t<\/div>\n\t\t<div data-particle_enable=\"false\" data-particle-mobile-disabled=\"false\" class=\"elementor-element elementor-element-c45e522 e-con-full e-flex e-con e-child\" data-id=\"c45e522\" data-element_type=\"container\" data-e-type=\"container\">\n\t\t<div data-particle_enable=\"false\" data-particle-mobile-disabled=\"false\" class=\"elementor-element elementor-element-4c7fa8c e-con-full e-flex e-con e-child\" data-id=\"4c7fa8c\" data-element_type=\"container\" data-e-type=\"container\">\n\t\t\t\t<div class=\"elementor-element elementor-element-9266d23 elementor-widget elementor-widget-image\" data-id=\"9266d23\" data-element_type=\"widget\" data-e-type=\"widget\" data-widget_type=\"image.default\">\n\t\t\t\t\t\t\t\t\t\t\t\t\t\t\t<img decoding=\"async\" width=\"800\" height=\"531\" src=\"https:\/\/defensepro.sk\/wp-content\/uploads\/2024\/09\/defensepro-db-image_10-1024x680.jpg\" class=\"attachment-large size-large wp-image-4949\" alt=\"\" srcset=\"https:\/\/defensepro.sk\/wp-content\/uploads\/2024\/09\/defensepro-db-image_10-1024x680.jpg 1024w, https:\/\/defensepro.sk\/wp-content\/uploads\/2024\/09\/defensepro-db-image_10-300x199.jpg 300w, https:\/\/defensepro.sk\/wp-content\/uploads\/2024\/09\/defensepro-db-image_10-768x510.jpg 768w, https:\/\/defensepro.sk\/wp-content\/uploads\/2024\/09\/defensepro-db-image_10-1536x1020.jpg 1536w, https:\/\/defensepro.sk\/wp-content\/uploads\/2024\/09\/defensepro-db-image_10-18x12.jpg 18w, https:\/\/defensepro.sk\/wp-content\/uploads\/2024\/09\/defensepro-db-image_10.jpg 1920w\" sizes=\"(max-width: 800px) 100vw, 800px\" \/>\t\t\t\t\t\t\t\t\t\t\t\t\t\t\t<\/div>\n\t\t\t\t<\/div>\n\t\t<div data-particle_enable=\"false\" data-particle-mobile-disabled=\"false\" class=\"elementor-element elementor-element-0cc10fa e-con-full e-flex e-con e-child\" data-id=\"0cc10fa\" data-element_type=\"container\" data-e-type=\"container\">\n\t\t\t\t<div class=\"elementor-element elementor-element-6b05b5e elementor-widget elementor-widget-text-editor\" data-id=\"6b05b5e\" data-element_type=\"widget\" data-e-type=\"widget\" data-widget_type=\"text-editor.default\">\n\t\t\t\t\t\t\t\t\t<p>Elektronick\u00fd zabezpe\u010dovac\u00ed syst\u00e9m s PIR \u010didlami je vhodn\u00fd na pokrytie otvoren\u00e9ho priestoru, pri ich pou\u017eit\u00ed v\u0161ak mus\u00edme pripusti\u0165 falo\u0161n\u00fd poplach spusten\u00fd n\u00e1sledkom ne\u017eelan\u00e9ho pohybu, ako napr\u00edklad z\u00e1clona pri otvorenom okne.\u00a0<\/p><p>Ochrana rodinn\u00fdch domov vy\u017eaduje pozornos\u0165.<\/p><p>Odpor\u00fa\u010dame skombinova\u0165 pohybov\u00e9 a elektro-magnetick\u00e9 \u010didl\u00e1. Tie sa umiest\u0148uj\u00fa na okn\u00e1 a dvere do objektu, na \u017eelanie klienta tak dok\u00e1\u017eeme programova\u0165 alarm na re\u017eim &#8222;NOC&#8220;. Vynech\u00e1me pohybov\u00e9 \u010didl\u00e1, alarm v\u00e1s spo\u013eahlivo chr\u00e1ni po\u010das v\u00e1\u0161ho sp\u00e1nku a reaguje iba na skuto\u010dn\u00e9 naru\u0161enie objektu.<\/p>\t\t\t\t\t\t\t\t<\/div>\n\t\t\t\t<\/div>\n\t\t\t\t<\/div>\n\t\t<div data-particle_enable=\"false\" data-particle-mobile-disabled=\"false\" class=\"elementor-element elementor-element-873aafc e-con-full e-flex e-con e-child\" data-id=\"873aafc\" data-element_type=\"container\" data-e-type=\"container\">\n\t\t<div data-particle_enable=\"false\" data-particle-mobile-disabled=\"false\" class=\"elementor-element elementor-element-2cd3bd8 e-con-full e-flex e-con e-child\" data-id=\"2cd3bd8\" data-element_type=\"container\" data-e-type=\"container\">\n\t\t\t\t<div class=\"elementor-element elementor-element-ab3c280 elementor-widget elementor-widget-text-editor\" data-id=\"ab3c280\" data-element_type=\"widget\" data-e-type=\"widget\" data-widget_type=\"text-editor.default\">\n\t\t\t\t\t\t\t\t\t<p>Vyberte si vhodn\u00fd zabezpe\u010dovac\u00ed syst\u00e9m a z\u00edskate viac ako ochranu pred zlodejmi, na\u0161im klientom odpor\u00fa\u010dame zakomponova\u0165 do syst\u00e9mu senzor dymu, \u010didlo indikuj\u00face \u00fanik plynu, pr\u00edpadne \u010didlo reaguj\u00face na \u00fanik vody.<\/p><p>Spr\u00e1vnym v\u00fdberom certifikovanej zna\u010dky alarmu a mont\u00e1\u017e alarmu odborn\u00edkom v\u00e1m poskytne komplexn\u00fa ochranu v\u00e1\u0161ho domova s aplik\u00e1ciou technick\u00fdch prvkov, ktor\u00fdmi sa p\u00fd\u0161ia inteligentn\u00e9 dom\u00e1cnosti.\u00a0<\/p><p>Obr\u00e1\u0165te sa na n\u00e1s, umo\u017en\u00edme v\u00e1m vysk\u00fa\u0161a\u0165 si funkcie alarmu v priestoroch na\u0161ej kancel\u00e1rie a porad\u00edme v\u00e1m, ako si vybra\u0165 alarm.\u00a0<\/p>\t\t\t\t\t\t\t\t<\/div>\n\t\t\t\t<\/div>\n\t\t<div data-particle_enable=\"false\" data-particle-mobile-disabled=\"false\" class=\"elementor-element elementor-element-96357a2 e-con-full e-flex e-con e-child\" data-id=\"96357a2\" data-element_type=\"container\" data-e-type=\"container\">\n\t\t\t\t<div class=\"elementor-element elementor-element-584640c elementor-widget elementor-widget-image\" data-id=\"584640c\" data-element_type=\"widget\" data-e-type=\"widget\" data-widget_type=\"image.default\">\n\t\t\t\t\t\t\t\t\t\t\t\t\t\t\t<img decoding=\"async\" width=\"800\" height=\"531\" src=\"https:\/\/defensepro.sk\/wp-content\/uploads\/2024\/09\/defensepro-db-image_01-1024x680.jpg\" class=\"attachment-large size-large wp-image-4940\" alt=\"\" srcset=\"https:\/\/defensepro.sk\/wp-content\/uploads\/2024\/09\/defensepro-db-image_01-1024x680.jpg 1024w, https:\/\/defensepro.sk\/wp-content\/uploads\/2024\/09\/defensepro-db-image_01-300x199.jpg 300w, https:\/\/defensepro.sk\/wp-content\/uploads\/2024\/09\/defensepro-db-image_01-768x510.jpg 768w, https:\/\/defensepro.sk\/wp-content\/uploads\/2024\/09\/defensepro-db-image_01-1536x1020.jpg 1536w, https:\/\/defensepro.sk\/wp-content\/uploads\/2024\/09\/defensepro-db-image_01-18x12.jpg 18w, https:\/\/defensepro.sk\/wp-content\/uploads\/2024\/09\/defensepro-db-image_01.jpg 1920w\" sizes=\"(max-width: 800px) 100vw, 800px\" \/>\t\t\t\t\t\t\t\t\t\t\t\t\t\t\t<\/div>\n\t\t\t\t<\/div>\n\t\t\t\t<\/div>\n\t\t\t\t<\/div>\n\t\t\t\t\t<\/div>\n\t\t\t\t<\/section>\n\t\t\t\t<\/div>","protected":false},"excerpt":{"rendered":"<p>viac ako ochrana pred zlodejmi funkcie alarmu Chr\u00e1\u0148te si svoj majetok. \u00dastred\u0148a, kl\u00e1vesnica a pohybov\u00e9 \u010didl\u00e1 predstavuj\u00fa absol\u00fatny z\u00e1klad pre zabezpe\u010dovacie zariadenie. Sta\u010d\u00ed iba m\u00e1lo a m\u00e1te istotu na cel\u00e9 roky dopredu. Zlodej si vyber\u00e1 nechr\u00e1nen\u00e9 miesta a uprednostn\u00ed objekt, ktor\u00fd nem\u00e1 alarm. Vhodn\u00fdm rozmiestnen\u00edm \u010didiel v priestore v\u00e1\u0161ho domu alebo prev\u00e1dzky dok\u00e1\u017eeme pokry\u0165 ka\u017ed\u00e9 [&hellip;]<\/p>\n","protected":false},"author":1,"featured_media":4307,"parent":68,"menu_order":2,"comment_status":"closed","ping_status":"closed","template":"","meta":{"_acf_changed":false,"footnotes":""},"class_list":["post-72","page","type-page","status-publish","has-post-thumbnail","hentry"],"acf":[],"yoast_head":"<!-- This site is optimized with the Yoast SEO plugin v27.1.1 - https:\/\/yoast.com\/product\/yoast-seo-wordpress\/ -->\n<title>Poplachov\u00fd syst\u00e9m &#187; Defense Pro<\/title>\n<meta name=\"description\" content=\"Poplachov\u00fd syst\u00e9m je viac ako ochrana pred zlodejmi. Chr\u00e1\u0148te si svoj majetok s certifikovanou spolo\u010dnos\u0165ou Defense Pro.\" \/>\n<meta name=\"robots\" content=\"index, follow, max-snippet:-1, max-image-preview:large, max-video-preview:-1\" \/>\n<link rel=\"canonical\" href=\"https:\/\/defensepro.sk\/ru\/sluzby\/technicka-sluzba\/poplachovy-system\/\" \/>\n<meta property=\"og:locale\" content=\"ru_RU\" \/>\n<meta property=\"og:type\" content=\"article\" \/>\n<meta property=\"og:title\" content=\"Poplachov\u00fd syst\u00e9m &#187; Defense Pro\" \/>\n<meta property=\"og:description\" content=\"Poplachov\u00fd syst\u00e9m je viac ako ochrana pred zlodejmi. Chr\u00e1\u0148te si svoj majetok s certifikovanou spolo\u010dnos\u0165ou Defense Pro.\" \/>\n<meta property=\"og:url\" content=\"https:\/\/defensepro.sk\/ru\/sluzby\/technicka-sluzba\/poplachovy-system\/\" \/>\n<meta property=\"og:site_name\" content=\"Defense Pro\" \/>\n<meta property=\"article:modified_time\" content=\"2024-09-13T11:41:34+00:00\" \/>\n<meta property=\"og:image\" content=\"https:\/\/defensepro.sk\/wp-content\/uploads\/2022\/04\/defensepro-thumbnail_v2.jpg\" \/>\n\t<meta property=\"og:image:width\" content=\"1024\" \/>\n\t<meta property=\"og:image:height\" content=\"1024\" \/>\n\t<meta property=\"og:image:type\" content=\"image\/jpeg\" \/>\n<meta name=\"twitter:card\" content=\"summary_large_image\" \/>\n<meta name=\"twitter:label1\" content=\"\u041f\u0440\u0438\u043c\u0435\u0440\u043d\u043e\u0435 \u0432\u0440\u0435\u043c\u044f \u0434\u043b\u044f \u0447\u0442\u0435\u043d\u0438\u044f\" \/>\n\t<meta name=\"twitter:data1\" content=\"2 \u043c\u0438\u043d\u0443\u0442\u044b\" \/>\n<script type=\"application\/ld+json\" class=\"yoast-schema-graph\">{\"@context\":\"https:\/\/schema.org\",\"@graph\":[{\"@type\":\"WebPage\",\"@id\":\"https:\/\/defensepro.sk\/sluzby\/technicka-sluzba\/poplachovy-system\/\",\"url\":\"https:\/\/defensepro.sk\/sluzby\/technicka-sluzba\/poplachovy-system\/\",\"name\":\"Poplachov\u00fd syst\u00e9m &#187; Defense Pro\",\"isPartOf\":{\"@id\":\"https:\/\/defensepro.sk\/#website\"},\"primaryImageOfPage\":{\"@id\":\"https:\/\/defensepro.sk\/sluzby\/technicka-sluzba\/poplachovy-system\/#primaryimage\"},\"image\":{\"@id\":\"https:\/\/defensepro.sk\/sluzby\/technicka-sluzba\/poplachovy-system\/#primaryimage\"},\"thumbnailUrl\":\"https:\/\/defensepro.sk\/wp-content\/uploads\/2022\/04\/defensepro-thumbnail_v2.jpg\",\"datePublished\":\"2021-01-05T18:35:56+00:00\",\"dateModified\":\"2024-09-13T11:41:34+00:00\",\"description\":\"Poplachov\u00fd syst\u00e9m je viac ako ochrana pred zlodejmi. Chr\u00e1\u0148te si svoj majetok s certifikovanou spolo\u010dnos\u0165ou Defense Pro.\",\"breadcrumb\":{\"@id\":\"https:\/\/defensepro.sk\/sluzby\/technicka-sluzba\/poplachovy-system\/#breadcrumb\"},\"inLanguage\":\"ru-RU\",\"potentialAction\":[{\"@type\":\"ReadAction\",\"target\":[\"https:\/\/defensepro.sk\/sluzby\/technicka-sluzba\/poplachovy-system\/\"]}]},{\"@type\":\"ImageObject\",\"inLanguage\":\"ru-RU\",\"@id\":\"https:\/\/defensepro.sk\/sluzby\/technicka-sluzba\/poplachovy-system\/#primaryimage\",\"url\":\"https:\/\/defensepro.sk\/wp-content\/uploads\/2022\/04\/defensepro-thumbnail_v2.jpg\",\"contentUrl\":\"https:\/\/defensepro.sk\/wp-content\/uploads\/2022\/04\/defensepro-thumbnail_v2.jpg\",\"width\":1024,\"height\":1024},{\"@type\":\"BreadcrumbList\",\"@id\":\"https:\/\/defensepro.sk\/sluzby\/technicka-sluzba\/poplachovy-system\/#breadcrumb\",\"itemListElement\":[{\"@type\":\"ListItem\",\"position\":1,\"name\":\"Home\",\"item\":\"https:\/\/defensepro.sk\/\"},{\"@type\":\"ListItem\",\"position\":2,\"name\":\"Slu\u017eby\",\"item\":\"https:\/\/defensepro.sk\/sluzby\/\"},{\"@type\":\"ListItem\",\"position\":3,\"name\":\"Technick\u00e1 slu\u017eba\",\"item\":\"https:\/\/defensepro.sk\/sluzby\/technicka-sluzba\/\"},{\"@type\":\"ListItem\",\"position\":4,\"name\":\"Poplachov\u00fd syst\u00e9m\"}]},{\"@type\":\"WebSite\",\"@id\":\"https:\/\/defensepro.sk\/#website\",\"url\":\"https:\/\/defensepro.sk\/\",\"name\":\"Defense Pro\",\"description\":\"\",\"publisher\":{\"@id\":\"https:\/\/defensepro.sk\/#organization\"},\"potentialAction\":[{\"@type\":\"SearchAction\",\"target\":{\"@type\":\"EntryPoint\",\"urlTemplate\":\"https:\/\/defensepro.sk\/?s={search_term_string}\"},\"query-input\":{\"@type\":\"PropertyValueSpecification\",\"valueRequired\":true,\"valueName\":\"search_term_string\"}}],\"inLanguage\":\"ru-RU\"},{\"@type\":\"Organization\",\"@id\":\"https:\/\/defensepro.sk\/#organization\",\"name\":\"Defense Pro\",\"url\":\"https:\/\/defensepro.sk\/\",\"logo\":{\"@type\":\"ImageObject\",\"inLanguage\":\"ru-RU\",\"@id\":\"https:\/\/defensepro.sk\/#\/schema\/logo\/image\/\",\"url\":\"https:\/\/defensepro.sk\/wp-content\/uploads\/2022\/04\/defensepro-thumbnail_v2.jpg\",\"contentUrl\":\"https:\/\/defensepro.sk\/wp-content\/uploads\/2022\/04\/defensepro-thumbnail_v2.jpg\",\"width\":1024,\"height\":1024,\"caption\":\"Defense Pro\"},\"image\":{\"@id\":\"https:\/\/defensepro.sk\/#\/schema\/logo\/image\/\"}}]}<\/script>\n<!-- \/ Yoast SEO plugin. -->","yoast_head_json":{"title":"Poplachov\u00fd syst\u00e9m &#187; Defense Pro","description":"Poplachov\u00fd syst\u00e9m je viac ako ochrana pred zlodejmi. Chr\u00e1\u0148te si svoj majetok s certifikovanou spolo\u010dnos\u0165ou Defense Pro.","robots":{"index":"index","follow":"follow","max-snippet":"max-snippet:-1","max-image-preview":"max-image-preview:large","max-video-preview":"max-video-preview:-1"},"canonical":"https:\/\/defensepro.sk\/ru\/sluzby\/technicka-sluzba\/poplachovy-system\/","og_locale":"ru_RU","og_type":"article","og_title":"Poplachov\u00fd syst\u00e9m &#187; Defense Pro","og_description":"Poplachov\u00fd syst\u00e9m je viac ako ochrana pred zlodejmi. Chr\u00e1\u0148te si svoj majetok s certifikovanou spolo\u010dnos\u0165ou Defense Pro.","og_url":"https:\/\/defensepro.sk\/ru\/sluzby\/technicka-sluzba\/poplachovy-system\/","og_site_name":"Defense Pro","article_modified_time":"2024-09-13T11:41:34+00:00","og_image":[{"width":1024,"height":1024,"url":"https:\/\/defensepro.sk\/wp-content\/uploads\/2022\/04\/defensepro-thumbnail_v2.jpg","type":"image\/jpeg"}],"twitter_card":"summary_large_image","twitter_misc":{"\u041f\u0440\u0438\u043c\u0435\u0440\u043d\u043e\u0435 \u0432\u0440\u0435\u043c\u044f \u0434\u043b\u044f \u0447\u0442\u0435\u043d\u0438\u044f":"2 \u043c\u0438\u043d\u0443\u0442\u044b"},"schema":{"@context":"https:\/\/schema.org","@graph":[{"@type":"WebPage","@id":"https:\/\/defensepro.sk\/sluzby\/technicka-sluzba\/poplachovy-system\/","url":"https:\/\/defensepro.sk\/sluzby\/technicka-sluzba\/poplachovy-system\/","name":"Poplachov\u00fd syst\u00e9m &#187; Defense Pro","isPartOf":{"@id":"https:\/\/defensepro.sk\/#website"},"primaryImageOfPage":{"@id":"https:\/\/defensepro.sk\/sluzby\/technicka-sluzba\/poplachovy-system\/#primaryimage"},"image":{"@id":"https:\/\/defensepro.sk\/sluzby\/technicka-sluzba\/poplachovy-system\/#primaryimage"},"thumbnailUrl":"https:\/\/defensepro.sk\/wp-content\/uploads\/2022\/04\/defensepro-thumbnail_v2.jpg","datePublished":"2021-01-05T18:35:56+00:00","dateModified":"2024-09-13T11:41:34+00:00","description":"Poplachov\u00fd syst\u00e9m je viac ako ochrana pred zlodejmi. Chr\u00e1\u0148te si svoj majetok s certifikovanou spolo\u010dnos\u0165ou Defense Pro.","breadcrumb":{"@id":"https:\/\/defensepro.sk\/sluzby\/technicka-sluzba\/poplachovy-system\/#breadcrumb"},"inLanguage":"ru-RU","potentialAction":[{"@type":"ReadAction","target":["https:\/\/defensepro.sk\/sluzby\/technicka-sluzba\/poplachovy-system\/"]}]},{"@type":"ImageObject","inLanguage":"ru-RU","@id":"https:\/\/defensepro.sk\/sluzby\/technicka-sluzba\/poplachovy-system\/#primaryimage","url":"https:\/\/defensepro.sk\/wp-content\/uploads\/2022\/04\/defensepro-thumbnail_v2.jpg","contentUrl":"https:\/\/defensepro.sk\/wp-content\/uploads\/2022\/04\/defensepro-thumbnail_v2.jpg","width":1024,"height":1024},{"@type":"BreadcrumbList","@id":"https:\/\/defensepro.sk\/sluzby\/technicka-sluzba\/poplachovy-system\/#breadcrumb","itemListElement":[{"@type":"ListItem","position":1,"name":"Home","item":"https:\/\/defensepro.sk\/"},{"@type":"ListItem","position":2,"name":"Slu\u017eby","item":"https:\/\/defensepro.sk\/sluzby\/"},{"@type":"ListItem","position":3,"name":"Technick\u00e1 slu\u017eba","item":"https:\/\/defensepro.sk\/sluzby\/technicka-sluzba\/"},{"@type":"ListItem","position":4,"name":"Poplachov\u00fd syst\u00e9m"}]},{"@type":"WebSite","@id":"https:\/\/defensepro.sk\/#website","url":"https:\/\/defensepro.sk\/","name":"Defense Pro","description":"","publisher":{"@id":"https:\/\/defensepro.sk\/#organization"},"potentialAction":[{"@type":"SearchAction","target":{"@type":"EntryPoint","urlTemplate":"https:\/\/defensepro.sk\/?s={search_term_string}"},"query-input":{"@type":"PropertyValueSpecification","valueRequired":true,"valueName":"search_term_string"}}],"inLanguage":"ru-RU"},{"@type":"Organization","@id":"https:\/\/defensepro.sk\/#organization","name":"Defense Pro","url":"https:\/\/defensepro.sk\/","logo":{"@type":"ImageObject","inLanguage":"ru-RU","@id":"https:\/\/defensepro.sk\/#\/schema\/logo\/image\/","url":"https:\/\/defensepro.sk\/wp-content\/uploads\/2022\/04\/defensepro-thumbnail_v2.jpg","contentUrl":"https:\/\/defensepro.sk\/wp-content\/uploads\/2022\/04\/defensepro-thumbnail_v2.jpg","width":1024,"height":1024,"caption":"Defense Pro"},"image":{"@id":"https:\/\/defensepro.sk\/#\/schema\/logo\/image\/"}}]}},"_links":{"self":[{"href":"https:\/\/defensepro.sk\/ru\/wp-json\/wp\/v2\/pages\/72","targetHints":{"allow":["GET"]}}],"collection":[{"href":"https:\/\/defensepro.sk\/ru\/wp-json\/wp\/v2\/pages"}],"about":[{"href":"https:\/\/defensepro.sk\/ru\/wp-json\/wp\/v2\/types\/page"}],"author":[{"embeddable":true,"href":"https:\/\/defensepro.sk\/ru\/wp-json\/wp\/v2\/users\/1"}],"replies":[{"embeddable":true,"href":"https:\/\/defensepro.sk\/ru\/wp-json\/wp\/v2\/comments?post=72"}],"version-history":[{"count":0,"href":"https:\/\/defensepro.sk\/ru\/wp-json\/wp\/v2\/pages\/72\/revisions"}],"up":[{"embeddable":true,"href":"https:\/\/defensepro.sk\/ru\/wp-json\/wp\/v2\/pages\/68"}],"wp:featuredmedia":[{"embeddable":true,"href":"https:\/\/defensepro.sk\/ru\/wp-json\/wp\/v2\/media\/4307"}],"wp:attachment":[{"href":"https:\/\/defensepro.sk\/ru\/wp-json\/wp\/v2\/media?parent=72"}],"curies":[{"name":"wp","href":"https:\/\/api.w.org\/{rel}","templated":true}]}}