{"id":2079,"date":"2021-03-09T17:44:18","date_gmt":"2021-03-09T16:44:18","guid":{"rendered":"https:\/\/defensepro.sk\/?page_id=2079"},"modified":"2024-08-23T20:52:07","modified_gmt":"2024-08-23T18:52:07","slug":"nam-technology-zabezpecovaci-system","status":"publish","type":"page","link":"https:\/\/defensepro.sk\/ru\/sluzby\/technicka-sluzba\/ponuka-alarmov\/nam-technology-zabezpecovaci-system\/","title":{"rendered":"NAM zabezpe\u010dovac\u00ed syst\u00e9m"},"content":{"rendered":"<div data-elementor-type=\"wp-page\" data-elementor-id=\"2079\" class=\"elementor elementor-2079\" data-elementor-post-type=\"page\">\n\t\t\t\t<header data-particle_enable=\"false\" data-particle-mobile-disabled=\"false\" class=\"elementor-element elementor-element-037d114 e-flex e-con-boxed e-con e-parent\" data-id=\"037d114\" data-element_type=\"container\" data-e-type=\"container\">\n\t\t\t\t\t<div class=\"e-con-inner\">\n\t\t<div data-particle_enable=\"false\" data-particle-mobile-disabled=\"false\" class=\"elementor-element elementor-element-b20ca34 e-con-full e-flex e-con e-child\" data-id=\"b20ca34\" data-element_type=\"container\" data-e-type=\"container\">\n\t\t\t\t<div class=\"elementor-element elementor-element-5a0aa3d elementor-align-center elementor-widget elementor-widget-button\" data-id=\"5a0aa3d\" data-element_type=\"widget\" data-e-type=\"widget\" data-widget_type=\"button.default\">\n\t\t\t\t\t\t\t\t\t\t<a class=\"elementor-button elementor-size-sm\" role=\"button\">\n\t\t\t\t\t\t<span class=\"elementor-button-content-wrapper\">\n\t\t\t\t\t\t\t\t\t<span class=\"elementor-button-text\">Prenosn\u00fd gps TICK TRACKER<\/span>\n\t\t\t\t\t<\/span>\n\t\t\t\t\t<\/a>\n\t\t\t\t\t\t\t\t<\/div>\n\t\t\t\t<div class=\"elementor-element elementor-element-edb03a0 elementor-widget elementor-widget-heading\" data-id=\"edb03a0\" data-element_type=\"widget\" data-e-type=\"widget\" data-widget_type=\"heading.default\">\n\t\t\t\t\t<h2 class=\"elementor-heading-title elementor-size-default\">Doplnkov\u00e9 str\u00e1\u017eenie majetku a objektov<\/h2>\t\t\t\t<\/div>\n\t\t\t\t<\/div>\n\t\t\t\t\t<\/div>\n\t\t\t\t<\/header>\n\t\t<section data-particle_enable=\"false\" data-particle-mobile-disabled=\"false\" class=\"elementor-element elementor-element-37d350a e-flex e-con-boxed e-con e-parent\" data-id=\"37d350a\" data-element_type=\"container\" data-e-type=\"container\">\n\t\t\t\t\t<div class=\"e-con-inner\">\n\t\t<div data-particle_enable=\"false\" data-particle-mobile-disabled=\"false\" class=\"elementor-element elementor-element-071bec3 e-con-full e-flex e-con e-child\" data-id=\"071bec3\" data-element_type=\"container\" data-e-type=\"container\">\n\t\t<div data-particle_enable=\"false\" data-particle-mobile-disabled=\"false\" class=\"elementor-element elementor-element-9527374 e-con-full e-flex e-con e-child\" data-id=\"9527374\" data-element_type=\"container\" data-e-type=\"container\">\n\t\t<div data-particle_enable=\"false\" data-particle-mobile-disabled=\"false\" class=\"elementor-element elementor-element-6cb67df e-con-full e-flex e-con e-child\" data-id=\"6cb67df\" data-element_type=\"container\" data-e-type=\"container\">\n\t\t\t\t<div class=\"elementor-element elementor-element-b9939c8 elementor-widget elementor-widget-text-editor\" data-id=\"b9939c8\" data-element_type=\"widget\" data-e-type=\"widget\" data-widget_type=\"text-editor.default\">\n\t\t\t\t\t\t\t\t\t<p>TICK je prenosn\u00fd GPS tracker, ktor\u00fd sl\u00fa\u017ei k str\u00e1\u017eeniu majetku, materi\u00e1lu alebo strojov. V\u010faka magnetick\u00e9mu pripevneniu a mal\u00fdm rozmerom sa d\u00e1 \u013eahko umiestni\u0165 na str\u00e1\u017een\u00fd objekt.<\/p><p>Je schopn\u00fd detekova\u0165 pohyb, manipul\u00e1ciu, otrasy, n\u00e1klon.<\/p><p>M\u00f4\u017eete ho vyu\u017ei\u0165 na str\u00e1\u017eenie dopravn\u00fdch prostriedkov, zabezpe\u010denie nehnute\u013enost\u00ed, kontajnerov, unimo buniek a n\u00e1radia, ochranu strojov a techniky, \u0161portov\u00e9ho vybavenia, str\u00e1\u017eenie cenn\u00fdch predmetov, materi\u00e1lu.<\/p>\t\t\t\t\t\t\t\t<\/div>\n\t\t\t\t<\/div>\n\t\t<div data-particle_enable=\"false\" data-particle-mobile-disabled=\"false\" class=\"elementor-element elementor-element-61908d6 e-con-full e-flex e-con e-child\" data-id=\"61908d6\" data-element_type=\"container\" data-e-type=\"container\">\n\t\t\t\t<div class=\"elementor-element elementor-element-c6ae3c3 elementor-widget elementor-widget-image\" data-id=\"c6ae3c3\" data-element_type=\"widget\" data-e-type=\"widget\" data-widget_type=\"image.default\">\n\t\t\t\t\t\t\t\t\t\t\t\t\t\t\t<img fetchpriority=\"high\" decoding=\"async\" width=\"800\" height=\"564\" src=\"https:\/\/defensepro.sk\/wp-content\/uploads\/2021\/03\/IMG-100321-03-04-1024x722.png\" class=\"attachment-large size-large wp-image-2213\" alt=\"\" srcset=\"https:\/\/defensepro.sk\/wp-content\/uploads\/2021\/03\/IMG-100321-03-04-1024x722.png 1024w, https:\/\/defensepro.sk\/wp-content\/uploads\/2021\/03\/IMG-100321-03-04-300x211.png 300w, https:\/\/defensepro.sk\/wp-content\/uploads\/2021\/03\/IMG-100321-03-04-768x541.png 768w, https:\/\/defensepro.sk\/wp-content\/uploads\/2021\/03\/IMG-100321-03-04.png 1115w\" sizes=\"(max-width: 800px) 100vw, 800px\" \/>\t\t\t\t\t\t\t\t\t\t\t\t\t\t\t<\/div>\n\t\t\t\t<\/div>\n\t\t\t\t<\/div>\n\t\t\t\t<\/div>\n\t\t\t\t\t<\/div>\n\t\t\t\t<\/section>\n\t\t<section data-particle_enable=\"false\" data-particle-mobile-disabled=\"false\" class=\"elementor-element elementor-element-41c98d3 e-flex e-con-boxed e-con e-parent\" data-id=\"41c98d3\" data-element_type=\"container\" data-e-type=\"container\">\n\t\t\t\t\t<div class=\"e-con-inner\">\n\t\t<div data-particle_enable=\"false\" data-particle-mobile-disabled=\"false\" class=\"elementor-element elementor-element-6f2973c e-con-full e-flex e-con e-child\" data-id=\"6f2973c\" data-element_type=\"container\" data-e-type=\"container\">\n\t\t\t\t<div class=\"elementor-element elementor-element-8b891f4 elementor-widget elementor-widget-heading\" data-id=\"8b891f4\" data-element_type=\"widget\" data-e-type=\"widget\" data-widget_type=\"heading.default\">\n\t\t\t\t\t<h3 class=\"elementor-heading-title elementor-size-default\">\u0160ikovn\u00fd sp\u00f4sob<\/h3>\t\t\t\t<\/div>\n\t\t\t\t<div class=\"elementor-element elementor-element-944520e elementor-widget elementor-widget-heading\" data-id=\"944520e\" data-element_type=\"widget\" data-e-type=\"widget\" data-widget_type=\"heading.default\">\n\t\t\t\t\t<h2 class=\"elementor-heading-title elementor-size-default\">ochrany<\/h2>\t\t\t\t<\/div>\n\t\t\t\t<div class=\"elementor-element elementor-element-453e86b elementor-widget elementor-widget-eael-creative-button\" data-id=\"453e86b\" data-element_type=\"widget\" data-e-type=\"widget\" data-widget_type=\"eael-creative-button.default\">\n\t\t\t\t\t        <div class=\"eael-creative-button-wrapper\">\n\n            <a class=\"eael-creative-button eael-creative-button--default\" href=\"https:\/\/defensepro.sk\/ru\/kontakt\/\" data-text=\"Spojte sa\">\n            \t    \n                <div class=\"creative-button-inner\">\n\n                    \n                    <span class=\"cretive-button-text\">\u0421\u0432\u044f\u0436\u0438\u0442\u0435\u0441\u044c \u0441 \u043d\u0430\u043c\u0438<\/span>\n\n                                            <span class=\"eael-creative-button-icon-right\"><i aria-hidden=\"true\" class=\"fas fa-angle-double-right\"><\/i><\/span>                                    <\/div>\n\t                        <\/a>\n        <\/div>\n        \t\t\t\t<\/div>\n\t\t\t\t<\/div>\n\t\t<div data-particle_enable=\"false\" data-particle-mobile-disabled=\"false\" class=\"elementor-element elementor-element-b2a728c e-con-full e-flex e-con e-child\" data-id=\"b2a728c\" data-element_type=\"container\" data-e-type=\"container\">\n\t\t\t\t<div class=\"elementor-element elementor-element-ee0b0cb elementor-widget elementor-widget-video\" data-id=\"ee0b0cb\" data-element_type=\"widget\" data-e-type=\"widget\" data-settings=\"{&quot;youtube_url&quot;:&quot;https:\\\/\\\/www.youtube.com\\\/watch?v=lSN0TGO3MiA&amp;t=32s&quot;,&quot;video_type&quot;:&quot;youtube&quot;,&quot;controls&quot;:&quot;yes&quot;}\" data-widget_type=\"video.default\">\n\t\t\t\t\t\t\t<div class=\"elementor-wrapper elementor-open-inline\">\n\t\t\t<div class=\"elementor-video\"><\/div>\t\t<\/div>\n\t\t\t\t\t\t<\/div>\n\t\t\t\t<\/div>\n\t\t\t\t\t<\/div>\n\t\t\t\t<\/section>\n\t\t<section data-particle_enable=\"false\" data-particle-mobile-disabled=\"false\" class=\"elementor-element elementor-element-0309d1c e-flex e-con-boxed e-con e-parent\" data-id=\"0309d1c\" data-element_type=\"container\" data-e-type=\"container\">\n\t\t\t\t\t<div class=\"e-con-inner\">\n\t\t<div data-particle_enable=\"false\" data-particle-mobile-disabled=\"false\" class=\"elementor-element elementor-element-68d9cdb e-con-full e-flex e-con e-child\" data-id=\"68d9cdb\" data-element_type=\"container\" data-e-type=\"container\">\n\t\t\t\t<div class=\"elementor-element elementor-element-965a07f elementor-widget elementor-widget-heading\" data-id=\"965a07f\" data-element_type=\"widget\" data-e-type=\"widget\" data-widget_type=\"heading.default\">\n\t\t\t\t\t<p class=\"elementor-heading-title elementor-size-default\"><span class=\"accent-color\">\u201e <\/span>PRESK\u00daMAJTE MO\u017dNOSTI TICK TRACKERU A JEHO FUNKCI\u00cd V KOMPLETNEJ VYPRACOVANEJ PONUKE. <span class=\"accent-color\"> \u201d<\/span><\/p>\t\t\t\t<\/div>\n\t\t\t\t<div class=\"elementor-element elementor-element-c27f207 elementor-widget-divider--view-line elementor-widget elementor-widget-divider\" data-id=\"c27f207\" data-element_type=\"widget\" data-e-type=\"widget\" data-widget_type=\"divider.default\">\n\t\t\t\t\t\t\t<div class=\"elementor-divider\">\n\t\t\t<span class=\"elementor-divider-separator\">\n\t\t\t\t\t\t<\/span>\n\t\t<\/div>\n\t\t\t\t\t\t<\/div>\n\t\t\t\t<div class=\"elementor-element elementor-element-0d01fab elementor-widget elementor-widget-heading\" data-id=\"0d01fab\" data-element_type=\"widget\" data-e-type=\"widget\" data-widget_type=\"heading.default\">\n\t\t\t\t\t<h2 class=\"elementor-heading-title elementor-size-default\"><a href=\"https:\/\/defensepro.sk\/wp-content\/uploads\/2021\/03\/TickTracker_NAM.pdf\" target=\"_blank\">Prejs\u0165 na vypracovan\u00fa ponuku NAM<\/a><\/h2>\t\t\t\t<\/div>\n\t\t\t\t<\/div>\n\t\t\t\t\t<\/div>\n\t\t\t\t<\/section>\n\t\t\t\t<\/div>","protected":false},"excerpt":{"rendered":"<p>Prenosn\u00fd gps TICK TRACKER Doplnkov\u00e9 str\u00e1\u017eenie majetku a objektov TICK je prenosn\u00fd GPS tracker, ktor\u00fd sl\u00fa\u017ei k str\u00e1\u017eeniu majetku, materi\u00e1lu alebo strojov. V\u010faka magnetick\u00e9mu pripevneniu a mal\u00fdm rozmerom sa d\u00e1 \u013eahko umiestni\u0165 na str\u00e1\u017een\u00fd objekt. Je schopn\u00fd detekova\u0165 pohyb, manipul\u00e1ciu, otrasy, n\u00e1klon. M\u00f4\u017eete ho vyu\u017ei\u0165 na str\u00e1\u017eenie dopravn\u00fdch prostriedkov, zabezpe\u010denie nehnute\u013enost\u00ed, kontajnerov, unimo buniek a [&hellip;]<\/p>\n","protected":false},"author":1,"featured_media":4307,"parent":2044,"menu_order":3,"comment_status":"closed","ping_status":"closed","template":"","meta":{"_acf_changed":false,"footnotes":""},"class_list":["post-2079","page","type-page","status-publish","has-post-thumbnail","hentry"],"acf":[],"yoast_head":"<!-- This site is optimized with the Yoast SEO plugin v27.1.1 - https:\/\/yoast.com\/product\/yoast-seo-wordpress\/ -->\n<title>NAM zabezpe\u010dovac\u00ed syst\u00e9m &#187; Defense Pro<\/title>\n<meta name=\"description\" content=\"NAM zabezpe\u010dovac\u00ed syst\u00e9m: Doplnkov\u00e9 str\u00e1\u017eenie majetku\/objektov s prenosn\u00fdm GPS TICK Trackerom. Sme s\u00fakromn\u00e1 bezpe\u010dnostn\u00e1 slu\u017eba - Defense Pro.\" \/>\n<meta name=\"robots\" content=\"index, follow, max-snippet:-1, max-image-preview:large, max-video-preview:-1\" \/>\n<link rel=\"canonical\" href=\"https:\/\/defensepro.sk\/ru\/sluzby\/technicka-sluzba\/ponuka-alarmov\/nam-technology-zabezpecovaci-system\/\" \/>\n<meta property=\"og:locale\" content=\"ru_RU\" \/>\n<meta property=\"og:type\" content=\"article\" \/>\n<meta property=\"og:title\" content=\"NAM zabezpe\u010dovac\u00ed syst\u00e9m &#187; Defense Pro\" \/>\n<meta property=\"og:description\" content=\"NAM zabezpe\u010dovac\u00ed syst\u00e9m: Doplnkov\u00e9 str\u00e1\u017eenie majetku\/objektov s prenosn\u00fdm GPS TICK Trackerom. Sme s\u00fakromn\u00e1 bezpe\u010dnostn\u00e1 slu\u017eba - Defense Pro.\" \/>\n<meta property=\"og:url\" content=\"https:\/\/defensepro.sk\/ru\/sluzby\/technicka-sluzba\/ponuka-alarmov\/nam-technology-zabezpecovaci-system\/\" \/>\n<meta property=\"og:site_name\" content=\"Defense Pro\" \/>\n<meta property=\"article:modified_time\" content=\"2024-08-23T18:52:07+00:00\" \/>\n<meta property=\"og:image\" content=\"https:\/\/defensepro.sk\/wp-content\/uploads\/2022\/04\/defensepro-thumbnail_v2.jpg\" \/>\n\t<meta property=\"og:image:width\" content=\"1024\" \/>\n\t<meta property=\"og:image:height\" content=\"1024\" \/>\n\t<meta property=\"og:image:type\" content=\"image\/jpeg\" \/>\n<meta name=\"twitter:card\" content=\"summary_large_image\" \/>\n<meta name=\"twitter:label1\" content=\"\u041f\u0440\u0438\u043c\u0435\u0440\u043d\u043e\u0435 \u0432\u0440\u0435\u043c\u044f \u0434\u043b\u044f \u0447\u0442\u0435\u043d\u0438\u044f\" \/>\n\t<meta name=\"twitter:data1\" content=\"1 \u043c\u0438\u043d\u0443\u0442\u0430\" \/>\n<script type=\"application\/ld+json\" class=\"yoast-schema-graph\">{\"@context\":\"https:\/\/schema.org\",\"@graph\":[{\"@type\":\"WebPage\",\"@id\":\"https:\/\/defensepro.sk\/sluzby\/technicka-sluzba\/ponuka-alarmov\/nam-technology-zabezpecovaci-system\/\",\"url\":\"https:\/\/defensepro.sk\/sluzby\/technicka-sluzba\/ponuka-alarmov\/nam-technology-zabezpecovaci-system\/\",\"name\":\"NAM zabezpe\u010dovac\u00ed syst\u00e9m &#187; Defense Pro\",\"isPartOf\":{\"@id\":\"https:\/\/defensepro.sk\/#website\"},\"primaryImageOfPage\":{\"@id\":\"https:\/\/defensepro.sk\/sluzby\/technicka-sluzba\/ponuka-alarmov\/nam-technology-zabezpecovaci-system\/#primaryimage\"},\"image\":{\"@id\":\"https:\/\/defensepro.sk\/sluzby\/technicka-sluzba\/ponuka-alarmov\/nam-technology-zabezpecovaci-system\/#primaryimage\"},\"thumbnailUrl\":\"https:\/\/defensepro.sk\/wp-content\/uploads\/2022\/04\/defensepro-thumbnail_v2.jpg\",\"datePublished\":\"2021-03-09T16:44:18+00:00\",\"dateModified\":\"2024-08-23T18:52:07+00:00\",\"description\":\"NAM zabezpe\u010dovac\u00ed syst\u00e9m: Doplnkov\u00e9 str\u00e1\u017eenie majetku\/objektov s prenosn\u00fdm GPS TICK Trackerom. Sme s\u00fakromn\u00e1 bezpe\u010dnostn\u00e1 slu\u017eba - Defense Pro.\",\"breadcrumb\":{\"@id\":\"https:\/\/defensepro.sk\/sluzby\/technicka-sluzba\/ponuka-alarmov\/nam-technology-zabezpecovaci-system\/#breadcrumb\"},\"inLanguage\":\"ru-RU\",\"potentialAction\":[{\"@type\":\"ReadAction\",\"target\":[\"https:\/\/defensepro.sk\/sluzby\/technicka-sluzba\/ponuka-alarmov\/nam-technology-zabezpecovaci-system\/\"]}]},{\"@type\":\"ImageObject\",\"inLanguage\":\"ru-RU\",\"@id\":\"https:\/\/defensepro.sk\/sluzby\/technicka-sluzba\/ponuka-alarmov\/nam-technology-zabezpecovaci-system\/#primaryimage\",\"url\":\"https:\/\/defensepro.sk\/wp-content\/uploads\/2022\/04\/defensepro-thumbnail_v2.jpg\",\"contentUrl\":\"https:\/\/defensepro.sk\/wp-content\/uploads\/2022\/04\/defensepro-thumbnail_v2.jpg\",\"width\":1024,\"height\":1024},{\"@type\":\"BreadcrumbList\",\"@id\":\"https:\/\/defensepro.sk\/sluzby\/technicka-sluzba\/ponuka-alarmov\/nam-technology-zabezpecovaci-system\/#breadcrumb\",\"itemListElement\":[{\"@type\":\"ListItem\",\"position\":1,\"name\":\"Home\",\"item\":\"https:\/\/defensepro.sk\/\"},{\"@type\":\"ListItem\",\"position\":2,\"name\":\"Slu\u017eby\",\"item\":\"https:\/\/defensepro.sk\/sluzby\/\"},{\"@type\":\"ListItem\",\"position\":3,\"name\":\"Technick\u00e1 slu\u017eba\",\"item\":\"https:\/\/defensepro.sk\/sluzby\/technicka-sluzba\/\"},{\"@type\":\"ListItem\",\"position\":4,\"name\":\"Ponuka alarmov\",\"item\":\"https:\/\/defensepro.sk\/sluzby\/technicka-sluzba\/ponuka-alarmov\/\"},{\"@type\":\"ListItem\",\"position\":5,\"name\":\"NAM zabezpe\u010dovac\u00ed syst\u00e9m\"}]},{\"@type\":\"WebSite\",\"@id\":\"https:\/\/defensepro.sk\/#website\",\"url\":\"https:\/\/defensepro.sk\/\",\"name\":\"Defense Pro\",\"description\":\"\",\"publisher\":{\"@id\":\"https:\/\/defensepro.sk\/#organization\"},\"potentialAction\":[{\"@type\":\"SearchAction\",\"target\":{\"@type\":\"EntryPoint\",\"urlTemplate\":\"https:\/\/defensepro.sk\/?s={search_term_string}\"},\"query-input\":{\"@type\":\"PropertyValueSpecification\",\"valueRequired\":true,\"valueName\":\"search_term_string\"}}],\"inLanguage\":\"ru-RU\"},{\"@type\":\"Organization\",\"@id\":\"https:\/\/defensepro.sk\/#organization\",\"name\":\"Defense Pro\",\"url\":\"https:\/\/defensepro.sk\/\",\"logo\":{\"@type\":\"ImageObject\",\"inLanguage\":\"ru-RU\",\"@id\":\"https:\/\/defensepro.sk\/#\/schema\/logo\/image\/\",\"url\":\"https:\/\/defensepro.sk\/wp-content\/uploads\/2022\/04\/defensepro-thumbnail_v2.jpg\",\"contentUrl\":\"https:\/\/defensepro.sk\/wp-content\/uploads\/2022\/04\/defensepro-thumbnail_v2.jpg\",\"width\":1024,\"height\":1024,\"caption\":\"Defense Pro\"},\"image\":{\"@id\":\"https:\/\/defensepro.sk\/#\/schema\/logo\/image\/\"}}]}<\/script>\n<!-- \/ Yoast SEO plugin. -->","yoast_head_json":{"title":"NAM zabezpe\u010dovac\u00ed syst\u00e9m &#187; Defense Pro","description":"NAM zabezpe\u010dovac\u00ed syst\u00e9m: Doplnkov\u00e9 str\u00e1\u017eenie majetku\/objektov s prenosn\u00fdm GPS TICK Trackerom. Sme s\u00fakromn\u00e1 bezpe\u010dnostn\u00e1 slu\u017eba - Defense Pro.","robots":{"index":"index","follow":"follow","max-snippet":"max-snippet:-1","max-image-preview":"max-image-preview:large","max-video-preview":"max-video-preview:-1"},"canonical":"https:\/\/defensepro.sk\/ru\/sluzby\/technicka-sluzba\/ponuka-alarmov\/nam-technology-zabezpecovaci-system\/","og_locale":"ru_RU","og_type":"article","og_title":"NAM zabezpe\u010dovac\u00ed syst\u00e9m &#187; Defense Pro","og_description":"NAM zabezpe\u010dovac\u00ed syst\u00e9m: Doplnkov\u00e9 str\u00e1\u017eenie majetku\/objektov s prenosn\u00fdm GPS TICK Trackerom. Sme s\u00fakromn\u00e1 bezpe\u010dnostn\u00e1 slu\u017eba - Defense Pro.","og_url":"https:\/\/defensepro.sk\/ru\/sluzby\/technicka-sluzba\/ponuka-alarmov\/nam-technology-zabezpecovaci-system\/","og_site_name":"Defense Pro","article_modified_time":"2024-08-23T18:52:07+00:00","og_image":[{"width":1024,"height":1024,"url":"https:\/\/defensepro.sk\/wp-content\/uploads\/2022\/04\/defensepro-thumbnail_v2.jpg","type":"image\/jpeg"}],"twitter_card":"summary_large_image","twitter_misc":{"\u041f\u0440\u0438\u043c\u0435\u0440\u043d\u043e\u0435 \u0432\u0440\u0435\u043c\u044f \u0434\u043b\u044f \u0447\u0442\u0435\u043d\u0438\u044f":"1 \u043c\u0438\u043d\u0443\u0442\u0430"},"schema":{"@context":"https:\/\/schema.org","@graph":[{"@type":"WebPage","@id":"https:\/\/defensepro.sk\/sluzby\/technicka-sluzba\/ponuka-alarmov\/nam-technology-zabezpecovaci-system\/","url":"https:\/\/defensepro.sk\/sluzby\/technicka-sluzba\/ponuka-alarmov\/nam-technology-zabezpecovaci-system\/","name":"NAM zabezpe\u010dovac\u00ed syst\u00e9m &#187; Defense Pro","isPartOf":{"@id":"https:\/\/defensepro.sk\/#website"},"primaryImageOfPage":{"@id":"https:\/\/defensepro.sk\/sluzby\/technicka-sluzba\/ponuka-alarmov\/nam-technology-zabezpecovaci-system\/#primaryimage"},"image":{"@id":"https:\/\/defensepro.sk\/sluzby\/technicka-sluzba\/ponuka-alarmov\/nam-technology-zabezpecovaci-system\/#primaryimage"},"thumbnailUrl":"https:\/\/defensepro.sk\/wp-content\/uploads\/2022\/04\/defensepro-thumbnail_v2.jpg","datePublished":"2021-03-09T16:44:18+00:00","dateModified":"2024-08-23T18:52:07+00:00","description":"NAM zabezpe\u010dovac\u00ed syst\u00e9m: Doplnkov\u00e9 str\u00e1\u017eenie majetku\/objektov s prenosn\u00fdm GPS TICK Trackerom. Sme s\u00fakromn\u00e1 bezpe\u010dnostn\u00e1 slu\u017eba - Defense Pro.","breadcrumb":{"@id":"https:\/\/defensepro.sk\/sluzby\/technicka-sluzba\/ponuka-alarmov\/nam-technology-zabezpecovaci-system\/#breadcrumb"},"inLanguage":"ru-RU","potentialAction":[{"@type":"ReadAction","target":["https:\/\/defensepro.sk\/sluzby\/technicka-sluzba\/ponuka-alarmov\/nam-technology-zabezpecovaci-system\/"]}]},{"@type":"ImageObject","inLanguage":"ru-RU","@id":"https:\/\/defensepro.sk\/sluzby\/technicka-sluzba\/ponuka-alarmov\/nam-technology-zabezpecovaci-system\/#primaryimage","url":"https:\/\/defensepro.sk\/wp-content\/uploads\/2022\/04\/defensepro-thumbnail_v2.jpg","contentUrl":"https:\/\/defensepro.sk\/wp-content\/uploads\/2022\/04\/defensepro-thumbnail_v2.jpg","width":1024,"height":1024},{"@type":"BreadcrumbList","@id":"https:\/\/defensepro.sk\/sluzby\/technicka-sluzba\/ponuka-alarmov\/nam-technology-zabezpecovaci-system\/#breadcrumb","itemListElement":[{"@type":"ListItem","position":1,"name":"Home","item":"https:\/\/defensepro.sk\/"},{"@type":"ListItem","position":2,"name":"Slu\u017eby","item":"https:\/\/defensepro.sk\/sluzby\/"},{"@type":"ListItem","position":3,"name":"Technick\u00e1 slu\u017eba","item":"https:\/\/defensepro.sk\/sluzby\/technicka-sluzba\/"},{"@type":"ListItem","position":4,"name":"Ponuka alarmov","item":"https:\/\/defensepro.sk\/sluzby\/technicka-sluzba\/ponuka-alarmov\/"},{"@type":"ListItem","position":5,"name":"NAM zabezpe\u010dovac\u00ed syst\u00e9m"}]},{"@type":"WebSite","@id":"https:\/\/defensepro.sk\/#website","url":"https:\/\/defensepro.sk\/","name":"Defense Pro","description":"","publisher":{"@id":"https:\/\/defensepro.sk\/#organization"},"potentialAction":[{"@type":"SearchAction","target":{"@type":"EntryPoint","urlTemplate":"https:\/\/defensepro.sk\/?s={search_term_string}"},"query-input":{"@type":"PropertyValueSpecification","valueRequired":true,"valueName":"search_term_string"}}],"inLanguage":"ru-RU"},{"@type":"Organization","@id":"https:\/\/defensepro.sk\/#organization","name":"Defense Pro","url":"https:\/\/defensepro.sk\/","logo":{"@type":"ImageObject","inLanguage":"ru-RU","@id":"https:\/\/defensepro.sk\/#\/schema\/logo\/image\/","url":"https:\/\/defensepro.sk\/wp-content\/uploads\/2022\/04\/defensepro-thumbnail_v2.jpg","contentUrl":"https:\/\/defensepro.sk\/wp-content\/uploads\/2022\/04\/defensepro-thumbnail_v2.jpg","width":1024,"height":1024,"caption":"Defense Pro"},"image":{"@id":"https:\/\/defensepro.sk\/#\/schema\/logo\/image\/"}}]}},"_links":{"self":[{"href":"https:\/\/defensepro.sk\/ru\/wp-json\/wp\/v2\/pages\/2079","targetHints":{"allow":["GET"]}}],"collection":[{"href":"https:\/\/defensepro.sk\/ru\/wp-json\/wp\/v2\/pages"}],"about":[{"href":"https:\/\/defensepro.sk\/ru\/wp-json\/wp\/v2\/types\/page"}],"author":[{"embeddable":true,"href":"https:\/\/defensepro.sk\/ru\/wp-json\/wp\/v2\/users\/1"}],"replies":[{"embeddable":true,"href":"https:\/\/defensepro.sk\/ru\/wp-json\/wp\/v2\/comments?post=2079"}],"version-history":[{"count":0,"href":"https:\/\/defensepro.sk\/ru\/wp-json\/wp\/v2\/pages\/2079\/revisions"}],"up":[{"embeddable":true,"href":"https:\/\/defensepro.sk\/ru\/wp-json\/wp\/v2\/pages\/2044"}],"wp:featuredmedia":[{"embeddable":true,"href":"https:\/\/defensepro.sk\/ru\/wp-json\/wp\/v2\/media\/4307"}],"wp:attachment":[{"href":"https:\/\/defensepro.sk\/ru\/wp-json\/wp\/v2\/media?parent=2079"}],"curies":[{"name":"wp","href":"https:\/\/api.w.org\/{rel}","templated":true}]}}