{"id":1771,"date":"2021-02-04T18:05:20","date_gmt":"2021-02-04T17:05:20","guid":{"rendered":"https:\/\/defensepro.sk\/?page_id=1771"},"modified":"2024-08-23T19:56:33","modified_gmt":"2024-08-23T17:56:33","slug":"zabezpecenie-podujati-a-hodovych-slavnosti","status":"publish","type":"page","link":"https:\/\/defensepro.sk\/ru\/sluzby-pre-obce\/zabezpecenie-podujati-a-hodovych-slavnosti\/","title":{"rendered":"Zabezpe\u010denie podujat\u00ed a hodov\u00fdch sl\u00e1vnost\u00ed"},"content":{"rendered":"<div data-elementor-type=\"wp-page\" data-elementor-id=\"1771\" class=\"elementor elementor-1771\" data-elementor-post-type=\"page\">\n\t\t\t\t<header data-particle_enable=\"false\" data-particle-mobile-disabled=\"false\" class=\"elementor-element elementor-element-49b7f31 e-flex e-con-boxed e-con e-parent\" data-id=\"49b7f31\" data-element_type=\"container\" data-e-type=\"container\">\n\t\t\t\t\t<div class=\"e-con-inner\">\n\t\t<div data-particle_enable=\"false\" data-particle-mobile-disabled=\"false\" class=\"elementor-element elementor-element-2b75e06 e-con-full e-flex e-con e-child\" data-id=\"2b75e06\" data-element_type=\"container\" data-e-type=\"container\">\n\t\t\t\t<div class=\"elementor-element elementor-element-ceb7a75 elementor-align-center elementor-widget elementor-widget-button\" data-id=\"ceb7a75\" data-element_type=\"widget\" data-e-type=\"widget\" data-widget_type=\"button.default\">\n\t\t\t\t\t\t\t\t\t\t<a class=\"elementor-button elementor-size-sm\" role=\"button\">\n\t\t\t\t\t\t<span class=\"elementor-button-content-wrapper\">\n\t\t\t\t\t\t\t\t\t<span class=\"elementor-button-text\">ZABEZPE\u010cENIE PODUJAT\u00cd A HODOV\u00ddCH SL\u00c1VNOST\u00cd<\/span>\n\t\t\t\t\t<\/span>\n\t\t\t\t\t<\/a>\n\t\t\t\t\t\t\t\t<\/div>\n\t\t\t\t<div class=\"elementor-element elementor-element-2983fd9 elementor-widget elementor-widget-heading\" data-id=\"2983fd9\" data-element_type=\"widget\" data-e-type=\"widget\" data-widget_type=\"heading.default\">\n\t\t\t\t\t<h2 class=\"elementor-heading-title elementor-size-default\">FYZICK\u00c1 OCHRANA<\/h2>\t\t\t\t<\/div>\n\t\t\t\t<\/div>\n\t\t\t\t\t<\/div>\n\t\t\t\t<\/header>\n\t\t<section data-particle_enable=\"false\" data-particle-mobile-disabled=\"false\" class=\"elementor-element elementor-element-95508d5 e-flex e-con-boxed e-con e-parent\" data-id=\"95508d5\" data-element_type=\"container\" data-e-type=\"container\">\n\t\t\t\t\t<div class=\"e-con-inner\">\n\t\t<div data-particle_enable=\"false\" data-particle-mobile-disabled=\"false\" class=\"elementor-element elementor-element-ccba579 e-con-full e-flex e-con e-child\" data-id=\"ccba579\" data-element_type=\"container\" data-e-type=\"container\">\n\t\t<div data-particle_enable=\"false\" data-particle-mobile-disabled=\"false\" class=\"elementor-element elementor-element-82bcf1b e-con-full e-flex e-con e-child\" data-id=\"82bcf1b\" data-element_type=\"container\" data-e-type=\"container\">\n\t\t<div data-particle_enable=\"false\" data-particle-mobile-disabled=\"false\" class=\"elementor-element elementor-element-3f47d4e e-con-full e-flex e-con e-child\" data-id=\"3f47d4e\" data-element_type=\"container\" data-e-type=\"container\">\n\t\t\t\t<div class=\"elementor-element elementor-element-c2417af elementor-widget elementor-widget-text-editor\" data-id=\"c2417af\" data-element_type=\"widget\" data-e-type=\"widget\" data-widget_type=\"text-editor.default\">\n\t\t\t\t\t\t\t\t\t<p>Na\u0161a spolo\u010dnos\u0165 spolupracovala po dobu n\u00e1\u0161ho p\u00f4sobenia na celej rade podujat\u00ed pod hlavi\u010dkou miest a obc\u00ed.<\/p><p>Hodov\u00e1 sl\u00e1vnos\u0165, Vinobranie, koncerty, ale i zasadnutie zastupite\u013estva v obci a verejn\u00e9 zhroma\u017edenia.<\/p><p>Na\u0161a pr\u00e1ca je dohliada\u0165 na hladk\u00fd a ni\u010d\u00edm neru\u0161en\u00fd priebeh podujatia, svojou pr\u00edtomnos\u0165ou predch\u00e1dzame ne\u017eelan\u00fdm javom a s pr\u00edpadn\u00fdmi komplik\u00e1ciami sa vysporiadame profesion\u00e1lne, sved\u010dia o tom na\u0161e prib\u00fadaj\u00face referencie.<\/p><p>Obr\u00e1\u0165te sa na n\u00e1s, na z\u00e1klade va\u0161ich po\u017eiadaviek a typu podujatia v\u00e1m navrhneme pl\u00e1n ochrany a pos\u00fadime bezpe\u010dnostn\u00e9 rizika.<\/p>\t\t\t\t\t\t\t\t<\/div>\n\t\t\t\t<\/div>\n\t\t<div data-particle_enable=\"false\" data-particle-mobile-disabled=\"false\" class=\"elementor-element elementor-element-9d3e40c e-con-full e-flex e-con e-child\" data-id=\"9d3e40c\" data-element_type=\"container\" data-e-type=\"container\">\n\t\t\t\t<div class=\"elementor-element elementor-element-e330a57 elementor-widget elementor-widget-image\" data-id=\"e330a57\" data-element_type=\"widget\" data-e-type=\"widget\" data-widget_type=\"image.default\">\n\t\t\t\t\t\t\t\t\t\t\t\t\t\t\t<img fetchpriority=\"high\" decoding=\"async\" width=\"800\" height=\"374\" src=\"https:\/\/defensepro.sk\/wp-content\/uploads\/2021\/04\/poduj-1-e1618956263450-1024x479.jpg\" class=\"attachment-large size-large wp-image-2823\" alt=\"\" srcset=\"https:\/\/defensepro.sk\/wp-content\/uploads\/2021\/04\/poduj-1-e1618956263450-1024x479.jpg 1024w, https:\/\/defensepro.sk\/wp-content\/uploads\/2021\/04\/poduj-1-e1618956263450-300x140.jpg 300w, https:\/\/defensepro.sk\/wp-content\/uploads\/2021\/04\/poduj-1-e1618956263450-768x359.jpg 768w, https:\/\/defensepro.sk\/wp-content\/uploads\/2021\/04\/poduj-1-e1618956263450.jpg 1194w\" sizes=\"(max-width: 800px) 100vw, 800px\" \/>\t\t\t\t\t\t\t\t\t\t\t\t\t\t\t<\/div>\n\t\t\t\t<\/div>\n\t\t\t\t<\/div>\n\t\t<div data-particle_enable=\"false\" data-particle-mobile-disabled=\"false\" class=\"elementor-element elementor-element-db558f4 e-con-full e-flex e-con e-child\" data-id=\"db558f4\" data-element_type=\"container\" data-e-type=\"container\">\n\t\t<div data-particle_enable=\"false\" data-particle-mobile-disabled=\"false\" class=\"elementor-element elementor-element-9258af5 e-con-full e-flex e-con e-child\" data-id=\"9258af5\" data-element_type=\"container\" data-e-type=\"container\">\n\t\t\t\t<div class=\"elementor-element elementor-element-2ee972c elementor-widget elementor-widget-image\" data-id=\"2ee972c\" data-element_type=\"widget\" data-e-type=\"widget\" data-widget_type=\"image.default\">\n\t\t\t\t\t\t\t\t\t\t\t\t\t\t\t<img decoding=\"async\" width=\"800\" height=\"284\" src=\"https:\/\/defensepro.sk\/wp-content\/uploads\/2021\/03\/IMG-170321-01-e1618949014169-1024x363.jpg\" class=\"attachment-large size-large wp-image-2350\" alt=\"\" srcset=\"https:\/\/defensepro.sk\/wp-content\/uploads\/2021\/03\/IMG-170321-01-e1618949014169-1024x363.jpg 1024w, https:\/\/defensepro.sk\/wp-content\/uploads\/2021\/03\/IMG-170321-01-e1618949014169-300x106.jpg 300w, https:\/\/defensepro.sk\/wp-content\/uploads\/2021\/03\/IMG-170321-01-e1618949014169-768x272.jpg 768w, https:\/\/defensepro.sk\/wp-content\/uploads\/2021\/03\/IMG-170321-01-e1618949014169.jpg 1080w\" sizes=\"(max-width: 800px) 100vw, 800px\" \/>\t\t\t\t\t\t\t\t\t\t\t\t\t\t\t<\/div>\n\t\t\t\t<\/div>\n\t\t<div data-particle_enable=\"false\" data-particle-mobile-disabled=\"false\" class=\"elementor-element elementor-element-e5a330b e-con-full e-flex e-con e-child\" data-id=\"e5a330b\" data-element_type=\"container\" data-e-type=\"container\">\n\t\t\t\t<div class=\"elementor-element elementor-element-868bfc9 elementor-widget elementor-widget-text-editor\" data-id=\"868bfc9\" data-element_type=\"widget\" data-e-type=\"widget\" data-widget_type=\"text-editor.default\">\n\t\t\t\t\t\t\t\t\t<p>Na\u0161ich pracovn\u00edkov rozmiestnime na k\u013e\u00fa\u010dov\u00e9 poz\u00edcie, m\u00f4\u017eu vykon\u00e1va\u0165 bezpe\u010dnostn\u00e9 prehliadky n\u00e1v\u0161tevn\u00edkov v are\u00e1li, dohliada\u0165 na plnenie opatren\u00ed a pom\u00e1ha\u0165 pri organiza\u010dn\u00fdch \u010dinnostiach.<\/p>\n<p>Na\u0161a pr\u00edtomnos\u0165 v\u00e1m zabezpe\u010d\u00ed hladk\u00fd priebeh v\u00e1\u0161ho podujatia, s nami bude va\u0161e podujatie bezpe\u010dn\u00e9 a pln\u00e9 pr\u00edjemn\u00fdch z\u00e1\u017eitkov.<\/p>\n<p><u>Venujte sa hos\u0165om a u\u017e\u00edvajte si plody va\u0161ej pr\u00e1ce, obr\u00e1\u0165te sa na n\u00e1s.&nbsp;<\/u><\/p>\t\t\t\t\t\t\t\t<\/div>\n\t\t\t\t<\/div>\n\t\t\t\t<\/div>\n\t\t\t\t<\/div>\n\t\t\t\t\t<\/div>\n\t\t\t\t<\/section>\n\t\t<section data-particle_enable=\"false\" data-particle-mobile-disabled=\"false\" class=\"elementor-element elementor-element-b0fe5ee e-flex e-con-boxed e-con e-parent\" data-id=\"b0fe5ee\" data-element_type=\"container\" data-e-type=\"container\">\n\t\t\t\t\t<div class=\"e-con-inner\">\n\t\t<div data-particle_enable=\"false\" data-particle-mobile-disabled=\"false\" class=\"elementor-element elementor-element-d716cc5 e-con-full e-flex e-con e-child\" data-id=\"d716cc5\" data-element_type=\"container\" data-e-type=\"container\">\n\t\t\t\t<div class=\"elementor-element elementor-element-c801415 elementor-widget elementor-widget-heading\" data-id=\"c801415\" data-element_type=\"widget\" data-e-type=\"widget\" data-widget_type=\"heading.default\">\n\t\t\t\t\t<p class=\"elementor-heading-title elementor-size-default\"><span class=\"accent-color\">\u201e <\/span>Viac sa do\u010d\u00edtate na str\u00e1nke bezpe\u010dnostnej slu\u017eby v sekcii zabezpe\u010denie podujat\u00ed. <span class=\"accent-color\"> \u201d<\/span><\/p>\t\t\t\t<\/div>\n\t\t\t\t<div class=\"elementor-element elementor-element-ffdc0fc elementor-widget-divider--view-line elementor-widget elementor-widget-divider\" data-id=\"ffdc0fc\" data-element_type=\"widget\" data-e-type=\"widget\" data-widget_type=\"divider.default\">\n\t\t\t\t\t\t\t<div class=\"elementor-divider\">\n\t\t\t<span class=\"elementor-divider-separator\">\n\t\t\t\t\t\t<\/span>\n\t\t<\/div>\n\t\t\t\t\t\t<\/div>\n\t\t\t\t<div class=\"elementor-element elementor-element-24bdaa2 elementor-widget elementor-widget-heading\" data-id=\"24bdaa2\" data-element_type=\"widget\" data-e-type=\"widget\" data-widget_type=\"heading.default\">\n\t\t\t\t\t<h2 class=\"elementor-heading-title elementor-size-default\"><a href=\"https:\/\/defensepro.sk\/ru\/sluzby\/bezpecnostna-sluzba\/zabezpecenie-podujati\/\">Do\u010d\u00edta\u0165 sa viac o tejto slu\u017ebe<\/a><\/h2>\t\t\t\t<\/div>\n\t\t\t\t<\/div>\n\t\t\t\t\t<\/div>\n\t\t\t\t<\/section>\n\t\t\t\t<\/div>","protected":false},"excerpt":{"rendered":"<p>ZABEZPE\u010cENIE PODUJAT\u00cd A HODOV\u00ddCH SL\u00c1VNOST\u00cd FYZICK\u00c1 OCHRANA Na\u0161a spolo\u010dnos\u0165 spolupracovala po dobu n\u00e1\u0161ho p\u00f4sobenia na celej rade podujat\u00ed pod hlavi\u010dkou miest a obc\u00ed. Hodov\u00e1 sl\u00e1vnos\u0165, Vinobranie, koncerty, ale i zasadnutie zastupite\u013estva v obci a verejn\u00e9 zhroma\u017edenia. Na\u0161a pr\u00e1ca je dohliada\u0165 na hladk\u00fd a ni\u010d\u00edm neru\u0161en\u00fd priebeh podujatia, svojou pr\u00edtomnos\u0165ou predch\u00e1dzame ne\u017eelan\u00fdm javom a s pr\u00edpadn\u00fdmi [&hellip;]<\/p>\n","protected":false},"author":1,"featured_media":4307,"parent":662,"menu_order":0,"comment_status":"closed","ping_status":"closed","template":"","meta":{"_acf_changed":false,"footnotes":""},"class_list":["post-1771","page","type-page","status-publish","has-post-thumbnail","hentry"],"acf":[],"yoast_head":"<!-- This site is optimized with the Yoast SEO plugin v27.1.1 - https:\/\/yoast.com\/product\/yoast-seo-wordpress\/ -->\n<title>Zabezpe\u010denie podujat\u00ed a hodov\u00fdch sl\u00e1vnost\u00ed &#187; Defense Pro<\/title>\n<meta name=\"description\" content=\"Fyzick\u00e1 Ochrana - Na\u0161a spolo\u010dnos\u0165 zabezpe\u010dovala po dobu n\u00e1\u0161ho p\u00f4sobenia radu s\u00fakromn\u00fdch a obecn\u00fdch podujat\u00ed, hodov\u00fdch sl\u00e1vnost\u00ed a osl\u00e1v...\" \/>\n<meta name=\"robots\" content=\"index, follow, max-snippet:-1, max-image-preview:large, max-video-preview:-1\" \/>\n<link rel=\"canonical\" href=\"https:\/\/defensepro.sk\/ru\/sluzby-pre-obce\/zabezpecenie-podujati-a-hodovych-slavnosti\/\" \/>\n<meta property=\"og:locale\" content=\"ru_RU\" \/>\n<meta property=\"og:type\" content=\"article\" \/>\n<meta property=\"og:title\" content=\"Zabezpe\u010denie podujat\u00ed a hodov\u00fdch sl\u00e1vnost\u00ed &#187; Defense Pro\" \/>\n<meta property=\"og:description\" content=\"Fyzick\u00e1 Ochrana - Na\u0161a spolo\u010dnos\u0165 zabezpe\u010dovala po dobu n\u00e1\u0161ho p\u00f4sobenia radu s\u00fakromn\u00fdch a obecn\u00fdch podujat\u00ed, hodov\u00fdch sl\u00e1vnost\u00ed a osl\u00e1v...\" \/>\n<meta property=\"og:url\" content=\"https:\/\/defensepro.sk\/ru\/sluzby-pre-obce\/zabezpecenie-podujati-a-hodovych-slavnosti\/\" \/>\n<meta property=\"og:site_name\" content=\"Defense Pro\" \/>\n<meta property=\"article:modified_time\" content=\"2024-08-23T17:56:33+00:00\" \/>\n<meta property=\"og:image\" content=\"https:\/\/defensepro.sk\/wp-content\/uploads\/2022\/04\/defensepro-thumbnail_v2.jpg\" \/>\n\t<meta property=\"og:image:width\" content=\"1024\" \/>\n\t<meta property=\"og:image:height\" content=\"1024\" \/>\n\t<meta property=\"og:image:type\" content=\"image\/jpeg\" \/>\n<meta name=\"twitter:card\" content=\"summary_large_image\" \/>\n<meta name=\"twitter:label1\" content=\"\u041f\u0440\u0438\u043c\u0435\u0440\u043d\u043e\u0435 \u0432\u0440\u0435\u043c\u044f \u0434\u043b\u044f \u0447\u0442\u0435\u043d\u0438\u044f\" \/>\n\t<meta name=\"twitter:data1\" content=\"2 \u043c\u0438\u043d\u0443\u0442\u044b\" \/>\n<script type=\"application\/ld+json\" class=\"yoast-schema-graph\">{\"@context\":\"https:\/\/schema.org\",\"@graph\":[{\"@type\":\"WebPage\",\"@id\":\"https:\/\/defensepro.sk\/sluzby-pre-obce\/zabezpecenie-podujati-a-hodovych-slavnosti\/\",\"url\":\"https:\/\/defensepro.sk\/sluzby-pre-obce\/zabezpecenie-podujati-a-hodovych-slavnosti\/\",\"name\":\"Zabezpe\u010denie podujat\u00ed a hodov\u00fdch sl\u00e1vnost\u00ed &#187; Defense Pro\",\"isPartOf\":{\"@id\":\"https:\/\/defensepro.sk\/#website\"},\"primaryImageOfPage\":{\"@id\":\"https:\/\/defensepro.sk\/sluzby-pre-obce\/zabezpecenie-podujati-a-hodovych-slavnosti\/#primaryimage\"},\"image\":{\"@id\":\"https:\/\/defensepro.sk\/sluzby-pre-obce\/zabezpecenie-podujati-a-hodovych-slavnosti\/#primaryimage\"},\"thumbnailUrl\":\"https:\/\/defensepro.sk\/wp-content\/uploads\/2022\/04\/defensepro-thumbnail_v2.jpg\",\"datePublished\":\"2021-02-04T17:05:20+00:00\",\"dateModified\":\"2024-08-23T17:56:33+00:00\",\"description\":\"Fyzick\u00e1 Ochrana - Na\u0161a spolo\u010dnos\u0165 zabezpe\u010dovala po dobu n\u00e1\u0161ho p\u00f4sobenia radu s\u00fakromn\u00fdch a obecn\u00fdch podujat\u00ed, hodov\u00fdch sl\u00e1vnost\u00ed a osl\u00e1v...\",\"breadcrumb\":{\"@id\":\"https:\/\/defensepro.sk\/sluzby-pre-obce\/zabezpecenie-podujati-a-hodovych-slavnosti\/#breadcrumb\"},\"inLanguage\":\"ru-RU\",\"potentialAction\":[{\"@type\":\"ReadAction\",\"target\":[\"https:\/\/defensepro.sk\/sluzby-pre-obce\/zabezpecenie-podujati-a-hodovych-slavnosti\/\"]}]},{\"@type\":\"ImageObject\",\"inLanguage\":\"ru-RU\",\"@id\":\"https:\/\/defensepro.sk\/sluzby-pre-obce\/zabezpecenie-podujati-a-hodovych-slavnosti\/#primaryimage\",\"url\":\"https:\/\/defensepro.sk\/wp-content\/uploads\/2022\/04\/defensepro-thumbnail_v2.jpg\",\"contentUrl\":\"https:\/\/defensepro.sk\/wp-content\/uploads\/2022\/04\/defensepro-thumbnail_v2.jpg\",\"width\":1024,\"height\":1024},{\"@type\":\"BreadcrumbList\",\"@id\":\"https:\/\/defensepro.sk\/sluzby-pre-obce\/zabezpecenie-podujati-a-hodovych-slavnosti\/#breadcrumb\",\"itemListElement\":[{\"@type\":\"ListItem\",\"position\":1,\"name\":\"Home\",\"item\":\"https:\/\/defensepro.sk\/\"},{\"@type\":\"ListItem\",\"position\":2,\"name\":\"Obce a mest\u00e1\",\"item\":\"https:\/\/defensepro.sk\/sluzby-pre-obce\/\"},{\"@type\":\"ListItem\",\"position\":3,\"name\":\"Zabezpe\u010denie podujat\u00ed a hodov\u00fdch sl\u00e1vnost\u00ed\"}]},{\"@type\":\"WebSite\",\"@id\":\"https:\/\/defensepro.sk\/#website\",\"url\":\"https:\/\/defensepro.sk\/\",\"name\":\"Defense Pro\",\"description\":\"\",\"publisher\":{\"@id\":\"https:\/\/defensepro.sk\/#organization\"},\"potentialAction\":[{\"@type\":\"SearchAction\",\"target\":{\"@type\":\"EntryPoint\",\"urlTemplate\":\"https:\/\/defensepro.sk\/?s={search_term_string}\"},\"query-input\":{\"@type\":\"PropertyValueSpecification\",\"valueRequired\":true,\"valueName\":\"search_term_string\"}}],\"inLanguage\":\"ru-RU\"},{\"@type\":\"Organization\",\"@id\":\"https:\/\/defensepro.sk\/#organization\",\"name\":\"Defense Pro\",\"url\":\"https:\/\/defensepro.sk\/\",\"logo\":{\"@type\":\"ImageObject\",\"inLanguage\":\"ru-RU\",\"@id\":\"https:\/\/defensepro.sk\/#\/schema\/logo\/image\/\",\"url\":\"https:\/\/defensepro.sk\/wp-content\/uploads\/2022\/04\/defensepro-thumbnail_v2.jpg\",\"contentUrl\":\"https:\/\/defensepro.sk\/wp-content\/uploads\/2022\/04\/defensepro-thumbnail_v2.jpg\",\"width\":1024,\"height\":1024,\"caption\":\"Defense Pro\"},\"image\":{\"@id\":\"https:\/\/defensepro.sk\/#\/schema\/logo\/image\/\"}}]}<\/script>\n<!-- \/ Yoast SEO plugin. -->","yoast_head_json":{"title":"Zabezpe\u010denie podujat\u00ed a hodov\u00fdch sl\u00e1vnost\u00ed &#187; Defense Pro","description":"Fyzick\u00e1 Ochrana - Na\u0161a spolo\u010dnos\u0165 zabezpe\u010dovala po dobu n\u00e1\u0161ho p\u00f4sobenia radu s\u00fakromn\u00fdch a obecn\u00fdch podujat\u00ed, hodov\u00fdch sl\u00e1vnost\u00ed a osl\u00e1v...","robots":{"index":"index","follow":"follow","max-snippet":"max-snippet:-1","max-image-preview":"max-image-preview:large","max-video-preview":"max-video-preview:-1"},"canonical":"https:\/\/defensepro.sk\/ru\/sluzby-pre-obce\/zabezpecenie-podujati-a-hodovych-slavnosti\/","og_locale":"ru_RU","og_type":"article","og_title":"Zabezpe\u010denie podujat\u00ed a hodov\u00fdch sl\u00e1vnost\u00ed &#187; Defense Pro","og_description":"Fyzick\u00e1 Ochrana - Na\u0161a spolo\u010dnos\u0165 zabezpe\u010dovala po dobu n\u00e1\u0161ho p\u00f4sobenia radu s\u00fakromn\u00fdch a obecn\u00fdch podujat\u00ed, hodov\u00fdch sl\u00e1vnost\u00ed a osl\u00e1v...","og_url":"https:\/\/defensepro.sk\/ru\/sluzby-pre-obce\/zabezpecenie-podujati-a-hodovych-slavnosti\/","og_site_name":"Defense Pro","article_modified_time":"2024-08-23T17:56:33+00:00","og_image":[{"width":1024,"height":1024,"url":"https:\/\/defensepro.sk\/wp-content\/uploads\/2022\/04\/defensepro-thumbnail_v2.jpg","type":"image\/jpeg"}],"twitter_card":"summary_large_image","twitter_misc":{"\u041f\u0440\u0438\u043c\u0435\u0440\u043d\u043e\u0435 \u0432\u0440\u0435\u043c\u044f \u0434\u043b\u044f \u0447\u0442\u0435\u043d\u0438\u044f":"2 \u043c\u0438\u043d\u0443\u0442\u044b"},"schema":{"@context":"https:\/\/schema.org","@graph":[{"@type":"WebPage","@id":"https:\/\/defensepro.sk\/sluzby-pre-obce\/zabezpecenie-podujati-a-hodovych-slavnosti\/","url":"https:\/\/defensepro.sk\/sluzby-pre-obce\/zabezpecenie-podujati-a-hodovych-slavnosti\/","name":"Zabezpe\u010denie podujat\u00ed a hodov\u00fdch sl\u00e1vnost\u00ed &#187; Defense Pro","isPartOf":{"@id":"https:\/\/defensepro.sk\/#website"},"primaryImageOfPage":{"@id":"https:\/\/defensepro.sk\/sluzby-pre-obce\/zabezpecenie-podujati-a-hodovych-slavnosti\/#primaryimage"},"image":{"@id":"https:\/\/defensepro.sk\/sluzby-pre-obce\/zabezpecenie-podujati-a-hodovych-slavnosti\/#primaryimage"},"thumbnailUrl":"https:\/\/defensepro.sk\/wp-content\/uploads\/2022\/04\/defensepro-thumbnail_v2.jpg","datePublished":"2021-02-04T17:05:20+00:00","dateModified":"2024-08-23T17:56:33+00:00","description":"Fyzick\u00e1 Ochrana - Na\u0161a spolo\u010dnos\u0165 zabezpe\u010dovala po dobu n\u00e1\u0161ho p\u00f4sobenia radu s\u00fakromn\u00fdch a obecn\u00fdch podujat\u00ed, hodov\u00fdch sl\u00e1vnost\u00ed a osl\u00e1v...","breadcrumb":{"@id":"https:\/\/defensepro.sk\/sluzby-pre-obce\/zabezpecenie-podujati-a-hodovych-slavnosti\/#breadcrumb"},"inLanguage":"ru-RU","potentialAction":[{"@type":"ReadAction","target":["https:\/\/defensepro.sk\/sluzby-pre-obce\/zabezpecenie-podujati-a-hodovych-slavnosti\/"]}]},{"@type":"ImageObject","inLanguage":"ru-RU","@id":"https:\/\/defensepro.sk\/sluzby-pre-obce\/zabezpecenie-podujati-a-hodovych-slavnosti\/#primaryimage","url":"https:\/\/defensepro.sk\/wp-content\/uploads\/2022\/04\/defensepro-thumbnail_v2.jpg","contentUrl":"https:\/\/defensepro.sk\/wp-content\/uploads\/2022\/04\/defensepro-thumbnail_v2.jpg","width":1024,"height":1024},{"@type":"BreadcrumbList","@id":"https:\/\/defensepro.sk\/sluzby-pre-obce\/zabezpecenie-podujati-a-hodovych-slavnosti\/#breadcrumb","itemListElement":[{"@type":"ListItem","position":1,"name":"Home","item":"https:\/\/defensepro.sk\/"},{"@type":"ListItem","position":2,"name":"Obce a mest\u00e1","item":"https:\/\/defensepro.sk\/sluzby-pre-obce\/"},{"@type":"ListItem","position":3,"name":"Zabezpe\u010denie podujat\u00ed a hodov\u00fdch sl\u00e1vnost\u00ed"}]},{"@type":"WebSite","@id":"https:\/\/defensepro.sk\/#website","url":"https:\/\/defensepro.sk\/","name":"Defense Pro","description":"","publisher":{"@id":"https:\/\/defensepro.sk\/#organization"},"potentialAction":[{"@type":"SearchAction","target":{"@type":"EntryPoint","urlTemplate":"https:\/\/defensepro.sk\/?s={search_term_string}"},"query-input":{"@type":"PropertyValueSpecification","valueRequired":true,"valueName":"search_term_string"}}],"inLanguage":"ru-RU"},{"@type":"Organization","@id":"https:\/\/defensepro.sk\/#organization","name":"Defense Pro","url":"https:\/\/defensepro.sk\/","logo":{"@type":"ImageObject","inLanguage":"ru-RU","@id":"https:\/\/defensepro.sk\/#\/schema\/logo\/image\/","url":"https:\/\/defensepro.sk\/wp-content\/uploads\/2022\/04\/defensepro-thumbnail_v2.jpg","contentUrl":"https:\/\/defensepro.sk\/wp-content\/uploads\/2022\/04\/defensepro-thumbnail_v2.jpg","width":1024,"height":1024,"caption":"Defense Pro"},"image":{"@id":"https:\/\/defensepro.sk\/#\/schema\/logo\/image\/"}}]}},"_links":{"self":[{"href":"https:\/\/defensepro.sk\/ru\/wp-json\/wp\/v2\/pages\/1771","targetHints":{"allow":["GET"]}}],"collection":[{"href":"https:\/\/defensepro.sk\/ru\/wp-json\/wp\/v2\/pages"}],"about":[{"href":"https:\/\/defensepro.sk\/ru\/wp-json\/wp\/v2\/types\/page"}],"author":[{"embeddable":true,"href":"https:\/\/defensepro.sk\/ru\/wp-json\/wp\/v2\/users\/1"}],"replies":[{"embeddable":true,"href":"https:\/\/defensepro.sk\/ru\/wp-json\/wp\/v2\/comments?post=1771"}],"version-history":[{"count":0,"href":"https:\/\/defensepro.sk\/ru\/wp-json\/wp\/v2\/pages\/1771\/revisions"}],"up":[{"embeddable":true,"href":"https:\/\/defensepro.sk\/ru\/wp-json\/wp\/v2\/pages\/662"}],"wp:featuredmedia":[{"embeddable":true,"href":"https:\/\/defensepro.sk\/ru\/wp-json\/wp\/v2\/media\/4307"}],"wp:attachment":[{"href":"https:\/\/defensepro.sk\/ru\/wp-json\/wp\/v2\/media?parent=1771"}],"curies":[{"name":"wp","href":"https:\/\/api.w.org\/{rel}","templated":true}]}}