{"id":60,"date":"2021-01-05T19:32:02","date_gmt":"2021-01-05T18:32:02","guid":{"rendered":"https:\/\/defensepro.sk\/?page_id=60"},"modified":"2024-09-13T13:25:25","modified_gmt":"2024-09-13T11:25:25","slug":"pult-centralnej-ochrany","status":"publish","type":"page","link":"https:\/\/defensepro.sk\/en\/sluzby\/bezpecnostna-sluzba\/pult-centralnej-ochrany\/","title":{"rendered":"Pult centr\u00e1lnej ochrany"},"content":{"rendered":"<div data-elementor-type=\"wp-page\" data-elementor-id=\"60\" class=\"elementor elementor-60\" data-elementor-post-type=\"page\">\n\t\t\t\t<header data-particle_enable=\"false\" data-particle-mobile-disabled=\"false\" class=\"elementor-element elementor-element-9c33288 e-flex e-con-boxed e-con e-parent\" data-id=\"9c33288\" data-element_type=\"container\" data-e-type=\"container\">\n\t\t\t\t\t<div class=\"e-con-inner\">\n\t\t<div data-particle_enable=\"false\" data-particle-mobile-disabled=\"false\" class=\"elementor-element elementor-element-9fd34b3 e-con-full e-flex e-con e-child\" data-id=\"9fd34b3\" data-element_type=\"container\" data-e-type=\"container\">\n\t\t\t\t<div class=\"elementor-element elementor-element-2fde1e5 elementor-align-center elementor-widget elementor-widget-button\" data-id=\"2fde1e5\" data-element_type=\"widget\" data-e-type=\"widget\" data-widget_type=\"button.default\">\n\t\t\t\t\t\t\t\t\t\t<a class=\"elementor-button elementor-size-sm\" role=\"button\">\n\t\t\t\t\t\t<span class=\"elementor-button-content-wrapper\">\n\t\t\t\t\t\t\t\t\t<span class=\"elementor-button-text\">Opera\u010dn\u00e9 stredisko<\/span>\n\t\t\t\t\t<\/span>\n\t\t\t\t\t<\/a>\n\t\t\t\t\t\t\t\t<\/div>\n\t\t\t\t<div class=\"elementor-element elementor-element-20a3732 elementor-widget elementor-widget-heading\" data-id=\"20a3732\" data-element_type=\"widget\" data-e-type=\"widget\" data-widget_type=\"heading.default\">\n\t\t\t\t\t<h2 class=\"elementor-heading-title elementor-size-default\">Elektronick\u00e1 ochrana objektov<\/h2>\t\t\t\t<\/div>\n\t\t\t\t<\/div>\n\t\t\t\t\t<\/div>\n\t\t\t\t<\/header>\n\t\t<section data-particle_enable=\"false\" data-particle-mobile-disabled=\"false\" class=\"elementor-element elementor-element-6667916 e-flex e-con-boxed e-con e-parent\" data-id=\"6667916\" data-element_type=\"container\" data-e-type=\"container\">\n\t\t\t\t\t<div class=\"e-con-inner\">\n\t\t<div data-particle_enable=\"false\" data-particle-mobile-disabled=\"false\" class=\"elementor-element elementor-element-bc3d7b7 e-con-full e-flex e-con e-child\" data-id=\"bc3d7b7\" data-element_type=\"container\" data-e-type=\"container\">\n\t\t<div data-particle_enable=\"false\" data-particle-mobile-disabled=\"false\" class=\"elementor-element elementor-element-58e50db e-con-full e-flex e-con e-child\" data-id=\"58e50db\" data-element_type=\"container\" data-e-type=\"container\">\n\t\t<div data-particle_enable=\"false\" data-particle-mobile-disabled=\"false\" class=\"elementor-element elementor-element-4a25805 e-con-full e-flex e-con e-child\" data-id=\"4a25805\" data-element_type=\"container\" data-e-type=\"container\">\n\t\t\t\t<div class=\"elementor-element elementor-element-2f025a7 elementor-widget elementor-widget-text-editor\" data-id=\"2f025a7\" data-element_type=\"widget\" data-e-type=\"widget\" data-widget_type=\"text-editor.default\">\n\t\t\t\t\t\t\t\t\t<p>Srdce na\u0161ej spolo\u010dnosti predstavuje opera\u010dn\u00e9 stredisko. Je to pracovisko so st\u00e1lou slu\u017ebou, na ktorom je umiestnen\u00fd pult centr\u00e1lnej ochrany (PCO) a monitory za \u00fa\u010delom vzdialen\u00e9ho doh\u013eadu nad objektami (VIDEOPULT).<\/p><p>Pracovn\u00edci opera\u010dn\u00e9ho strediska neust\u00e1le vyhodnocuj\u00fa inform\u00e1cie prich\u00e1dzaj\u00face na PCO, pravidelne kontroluj\u00fa kamerov\u00e9 syst\u00e9my na vzdialen\u00fdch objektoch, obsluhuj\u00fa telef\u00f3nne linky, informuj\u00fa v\u00fdjazd a plnia individu\u00e1lne \u00falohy pre klientov.\u00a0<\/p>\t\t\t\t\t\t\t\t<\/div>\n\t\t\t\t<\/div>\n\t\t<div data-particle_enable=\"false\" data-particle-mobile-disabled=\"false\" class=\"elementor-element elementor-element-0b2818d e-con-full e-flex e-con e-child\" data-id=\"0b2818d\" data-element_type=\"container\" data-e-type=\"container\">\n\t\t\t\t<div class=\"elementor-element elementor-element-8cb6604 elementor-widget elementor-widget-image\" data-id=\"8cb6604\" data-element_type=\"widget\" data-e-type=\"widget\" data-widget_type=\"image.default\">\n\t\t\t\t\t\t\t\t\t\t\t\t\t\t\t<img fetchpriority=\"high\" decoding=\"async\" width=\"800\" height=\"531\" src=\"https:\/\/defensepro.sk\/wp-content\/uploads\/2024\/09\/defensepro-db-image_02-1024x680.jpg\" class=\"attachment-large size-large wp-image-4941\" alt=\"\" srcset=\"https:\/\/defensepro.sk\/wp-content\/uploads\/2024\/09\/defensepro-db-image_02-1024x680.jpg 1024w, https:\/\/defensepro.sk\/wp-content\/uploads\/2024\/09\/defensepro-db-image_02-300x199.jpg 300w, https:\/\/defensepro.sk\/wp-content\/uploads\/2024\/09\/defensepro-db-image_02-768x510.jpg 768w, https:\/\/defensepro.sk\/wp-content\/uploads\/2024\/09\/defensepro-db-image_02-1536x1020.jpg 1536w, https:\/\/defensepro.sk\/wp-content\/uploads\/2024\/09\/defensepro-db-image_02-18x12.jpg 18w, https:\/\/defensepro.sk\/wp-content\/uploads\/2024\/09\/defensepro-db-image_02.jpg 1920w\" sizes=\"(max-width: 800px) 100vw, 800px\" \/>\t\t\t\t\t\t\t\t\t\t\t\t\t\t\t<\/div>\n\t\t\t\t<\/div>\n\t\t\t\t<\/div>\n\t\t<div data-particle_enable=\"false\" data-particle-mobile-disabled=\"false\" class=\"elementor-element elementor-element-e7fdd36 e-con-full e-flex e-con e-child\" data-id=\"e7fdd36\" data-element_type=\"container\" data-e-type=\"container\">\n\t\t<div data-particle_enable=\"false\" data-particle-mobile-disabled=\"false\" class=\"elementor-element elementor-element-aa6a0b8 e-con-full e-flex e-con e-child\" data-id=\"aa6a0b8\" data-element_type=\"container\" data-e-type=\"container\">\n\t\t\t\t<div class=\"elementor-element elementor-element-07a5849 elementor-widget elementor-widget-heading\" data-id=\"07a5849\" data-element_type=\"widget\" data-e-type=\"widget\" data-widget_type=\"heading.default\">\n\t\t\t\t\t<h4 class=\"elementor-heading-title elementor-size-default\">Sme tu pre v\u00e1s nonstop<\/h4>\t\t\t\t<\/div>\n\t\t\t\t<div class=\"elementor-element elementor-element-c8c722c elementor-widget elementor-widget-heading\" data-id=\"c8c722c\" data-element_type=\"widget\" data-e-type=\"widget\" data-widget_type=\"heading.default\">\n\t\t\t\t\t<h3 class=\"elementor-heading-title elementor-size-default\">v\u00f4bec nev\u00e1hajte<\/h3>\t\t\t\t<\/div>\n\t\t\t\t<div class=\"elementor-element elementor-element-7cb0d36 elementor-widget elementor-widget-eael-creative-button\" data-id=\"7cb0d36\" data-element_type=\"widget\" data-e-type=\"widget\" data-widget_type=\"eael-creative-button.default\">\n\t\t\t\t\t        <div class=\"eael-creative-button-wrapper\">\n\n            <a class=\"eael-creative-button eael-creative-button--default\" href=\"https:\/\/defensepro.sk\/en\/kontakt\/\" data-text=\"Spojte sa\">\n            \t    \n                <div class=\"creative-button-inner\">\n\n                    \n                    <span class=\"cretive-button-text\">Contact us<\/span>\n\n                                            <span class=\"eael-creative-button-icon-right\"><i aria-hidden=\"true\" class=\"fas fa-angle-double-right\"><\/i><\/span>                                    <\/div>\n\t                        <\/a>\n        <\/div>\n        \t\t\t\t<\/div>\n\t\t\t\t<\/div>\n\t\t<div data-particle_enable=\"false\" data-particle-mobile-disabled=\"false\" class=\"elementor-element elementor-element-af767a3 e-con-full e-flex e-con e-child\" data-id=\"af767a3\" data-element_type=\"container\" data-e-type=\"container\">\n\t\t\t\t<div class=\"elementor-element elementor-element-9d86aa9 elementor-widget elementor-widget-text-editor\" data-id=\"9d86aa9\" data-element_type=\"widget\" data-e-type=\"widget\" data-widget_type=\"text-editor.default\">\n\t\t\t\t\t\t\t\t\t<p>Po prijat\u00ed telefon\u00e1tu, poplachu, alebo spozorovan\u00ed pohybu na kamer\u00e1ch postupuj\u00fa v zmysle pokynov vopred dohodnut\u00fdch s klientom. V pr\u00edpade potreby fyzickej kontroly objektu je vyslan\u00e1 z\u00e1sahov\u00e1 jednotka, s ktorou s\u00fa v neust\u00e1lom spojen\u00ed prostredn\u00edctvom vysiela\u010diek.<\/p><p>Ich pr\u00e1ca je odovzd\u00e1vanie pokynov, informovanie o dopravnej situ\u00e1cii a pl\u00e1novanie trasy prostredn\u00edctvom GPS zariadenia vo vozidl\u00e1ch a\u017e na miesto ur\u010denia. Pracovn\u00edci PCO in\u0161truuj\u00fa v\u00fdjazd pri kontrole objektu, komunikuj\u00fa s kontaktnou osobou, volaj\u00fa na objekt Pol\u00edciu, hasi\u010dov, pr\u00edpadne z\u00e1chrann\u00fa slu\u017ebu.<\/p>\t\t\t\t\t\t\t\t<\/div>\n\t\t\t\t<\/div>\n\t\t\t\t<\/div>\n\t\t<div data-particle_enable=\"false\" data-particle-mobile-disabled=\"false\" class=\"elementor-element elementor-element-0c559a7 e-con-full e-flex e-con e-child\" data-id=\"0c559a7\" data-element_type=\"container\" data-e-type=\"container\">\n\t\t<div data-particle_enable=\"false\" data-particle-mobile-disabled=\"false\" class=\"elementor-element elementor-element-997f701 e-con-full e-flex e-con e-child\" data-id=\"997f701\" data-element_type=\"container\" data-e-type=\"container\">\n\t\t\t\t<div class=\"elementor-element elementor-element-d16ae28 elementor-widget elementor-widget-text-editor\" data-id=\"d16ae28\" data-element_type=\"widget\" data-e-type=\"widget\" data-widget_type=\"text-editor.default\">\n\t\t\t\t\t\t\t\t\t<p>N\u00e1\u0161 oper\u00e1tor PCO je dostupn\u00fd NONSTOP. Informujte sa u n\u00e1s a my v\u00e1m ochotne odpovieme na v\u0161etky ot\u00e1zky.\u00a0<\/p><p>Nie v\u0161etko sa d\u00e1 napl\u00e1nova\u0165, preto k pr\u00e1ci pristupujeme flexibilne a s pochopen\u00edm.<\/p><p>Na\u0161a pracovn\u00e1 doba je 24\/7 a tak n\u00e1s nev\u00e1hajte kontaktova\u0165 v pr\u00edpade ak\u00fatnej potreby, aj ke\u010f va\u0161a ochrana vy\u017eaduje n\u00e1stup hne\u010f.<\/p>\t\t\t\t\t\t\t\t<\/div>\n\t\t\t\t<\/div>\n\t\t<div data-particle_enable=\"false\" data-particle-mobile-disabled=\"false\" class=\"elementor-element elementor-element-fecd896 e-con-full e-flex e-con e-child\" data-id=\"fecd896\" data-element_type=\"container\" data-e-type=\"container\">\n\t\t\t\t<div class=\"elementor-element elementor-element-54eb72f elementor-widget elementor-widget-image\" data-id=\"54eb72f\" data-element_type=\"widget\" data-e-type=\"widget\" data-widget_type=\"image.default\">\n\t\t\t\t\t\t\t\t\t\t\t\t\t\t\t<img decoding=\"async\" width=\"800\" height=\"531\" src=\"https:\/\/defensepro.sk\/wp-content\/uploads\/2024\/09\/defensepro-db-image_06-1024x680.jpg\" class=\"attachment-large size-large wp-image-4945\" alt=\"\" srcset=\"https:\/\/defensepro.sk\/wp-content\/uploads\/2024\/09\/defensepro-db-image_06-1024x680.jpg 1024w, https:\/\/defensepro.sk\/wp-content\/uploads\/2024\/09\/defensepro-db-image_06-300x199.jpg 300w, https:\/\/defensepro.sk\/wp-content\/uploads\/2024\/09\/defensepro-db-image_06-768x510.jpg 768w, https:\/\/defensepro.sk\/wp-content\/uploads\/2024\/09\/defensepro-db-image_06-1536x1020.jpg 1536w, https:\/\/defensepro.sk\/wp-content\/uploads\/2024\/09\/defensepro-db-image_06-18x12.jpg 18w, https:\/\/defensepro.sk\/wp-content\/uploads\/2024\/09\/defensepro-db-image_06.jpg 1920w\" sizes=\"(max-width: 800px) 100vw, 800px\" \/>\t\t\t\t\t\t\t\t\t\t\t\t\t\t\t<\/div>\n\t\t\t\t<\/div>\n\t\t\t\t<\/div>\n\t\t\t\t<\/div>\n\t\t\t\t\t<\/div>\n\t\t\t\t<\/section>\n\t\t<section data-particle_enable=\"false\" data-particle-mobile-disabled=\"false\" class=\"elementor-element elementor-element-ce6ed21 e-flex e-con-boxed e-con e-parent\" data-id=\"ce6ed21\" data-element_type=\"container\" data-e-type=\"container\">\n\t\t\t\t\t<div class=\"e-con-inner\">\n\t\t<header data-particle_enable=\"false\" data-particle-mobile-disabled=\"false\" class=\"elementor-element elementor-element-db48a2f e-con-full e-flex e-con e-child\" data-id=\"db48a2f\" data-element_type=\"container\" data-e-type=\"container\">\n\t\t\t\t<div class=\"elementor-element elementor-element-a75bd76 elementor-widget elementor-widget-heading\" data-id=\"a75bd76\" data-element_type=\"widget\" data-e-type=\"widget\" data-widget_type=\"heading.default\">\n\t\t\t\t\t<h4 class=\"elementor-heading-title elementor-size-default\">Vzdialen\u00fd doh\u013ead<\/h4>\t\t\t\t<\/div>\n\t\t\t\t<div class=\"elementor-element elementor-element-9e4f67c elementor-widget elementor-widget-heading\" data-id=\"9e4f67c\" data-element_type=\"widget\" data-e-type=\"widget\" data-widget_type=\"heading.default\">\n\t\t\t\t\t<h3 class=\"elementor-heading-title elementor-size-default\">Videopult<\/h3>\t\t\t\t<\/div>\n\t\t\t\t<\/header>\n\t\t<section data-particle_enable=\"false\" data-particle-mobile-disabled=\"false\" class=\"elementor-element elementor-element-5c64c2c e-con-full e-flex e-con e-child\" data-id=\"5c64c2c\" data-element_type=\"container\" data-e-type=\"container\">\n\t\t\t\t<div class=\"elementor-element elementor-element-2050ddc elementor-widget elementor-widget-text-editor\" data-id=\"2050ddc\" data-element_type=\"widget\" data-e-type=\"widget\" data-widget_type=\"text-editor.default\">\n\t\t\t\t\t\t\t\t\t<p>Zn\u00ed\u017ete va\u0161e straty v podnikan\u00ed na minimum. Z\u00edskajte preh\u013ead o aktu\u00e1lnom dian\u00ed na prev\u00e1dzke, zvo\u013ete mont\u00e1\u017e kamier. Ste rozvinut\u00e1 firma, nem\u00e1te \u010das neust\u00e1le sledova\u0165 aktu\u00e1lne dianie a vyhodnocova\u0165 z\u00e1znam? Pripojenie kamier na VIDEOPULT nie je tak n\u00e1kladn\u00e9, m\u00f4\u017eete si ho dovoli\u0165 a u\u0161etr\u00ed v\u00e1m financie.<\/p><p><strong>MODERN\u00c1 STR\u00c1\u017dNA SLU\u017dBA A OKAM\u017dIT\u00c9 \u0160ETRENIE N\u00c1KLADOV &#8211;<\/strong>\u00a0Pre podnikate\u013eov a spr\u00e1vcov objektov je elektronick\u00e1 ochrana majetku be\u017en\u00e1. Fyzick\u00e1 ochrana ktor\u00fa nahrad\u00ed zabezpe\u010dovac\u00ed syst\u00e9m so vzdialen\u00fdm doh\u013eadom prin\u00e1\u0161a v\u00fdrazn\u00e9 \u0161etrenie financi\u00ed.<\/p><p>Pripojte kamerov\u00fd syst\u00e9m na n\u00e1\u0161 VIDEOPULT, postupn\u00fdmi krokmi nahrad\u00edme fyzick\u00e9 str\u00e1\u017eenie objektu. Prostredn\u00edctvom PCO dok\u00e1\u017eeme kamerov\u00fd syst\u00e9m riadi\u0165 na dia\u013eku a vy tak z\u00edskate okam\u017eit\u00fd preh\u013ead. Ochrana majetku a kontrola zamestnancov, nastav\u00edte si re\u017eim fungovania presne tak, ako to vy\u017eadujete. O vykonanie rutinn\u00fdch \u010dinnost\u00ed sa v\u00e1m postar\u00e1 na\u0161e z\u00e1sahov\u00e9 vozidlo a jeho pos\u00e1dka.\u00a0<\/p><p>Chr\u00e1nen\u00fd objekt so vzdialen\u00fdm doh\u013eadom, ak je jeho alarm pripojen\u00fd na PCO, v\u00e1m \u0161etr\u00ed financie okam\u017eite. V\u010faka EZS vyhodnot\u00edme situ\u00e1ciu na objekte, odfiltrujeme falo\u0161n\u00e9 poplachy a \u0161etr\u00edme tak n\u00e1klady na zbyto\u010dn\u00fd v\u00fdjazd k objektu. V\u00fdjazd vyraz\u00ed iba v tom pr\u00edpade, ke\u010f je to skuto\u010dne nutn\u00e9.<\/p>\t\t\t\t\t\t\t\t<\/div>\n\t\t\t\t<\/section>\n\t\t\t\t\t<\/div>\n\t\t\t\t<\/section>\n\t\t\t\t<\/div>","protected":false},"excerpt":{"rendered":"<p>Opera\u010dn\u00e9 stredisko Elektronick\u00e1 ochrana objektov Srdce na\u0161ej spolo\u010dnosti predstavuje opera\u010dn\u00e9 stredisko. Je to pracovisko so st\u00e1lou slu\u017ebou, na ktorom je umiestnen\u00fd pult centr\u00e1lnej ochrany (PCO) a monitory za \u00fa\u010delom vzdialen\u00e9ho doh\u013eadu nad objektami (VIDEOPULT). Pracovn\u00edci opera\u010dn\u00e9ho strediska neust\u00e1le vyhodnocuj\u00fa inform\u00e1cie prich\u00e1dzaj\u00face na PCO, pravidelne kontroluj\u00fa kamerov\u00e9 syst\u00e9my na vzdialen\u00fdch objektoch, obsluhuj\u00fa telef\u00f3nne linky, informuj\u00fa v\u00fdjazd [&hellip;]<\/p>\n","protected":false},"author":1,"featured_media":4307,"parent":37,"menu_order":7,"comment_status":"closed","ping_status":"closed","template":"","meta":{"_acf_changed":false,"footnotes":""},"class_list":["post-60","page","type-page","status-publish","has-post-thumbnail","hentry"],"acf":[],"yoast_head":"<!-- This site is optimized with the Yoast SEO plugin v27.1.1 - https:\/\/yoast.com\/product\/yoast-seo-wordpress\/ -->\n<title>Pult centr\u00e1lnej ochrany &#187; Defense Pro<\/title>\n<meta name=\"description\" content=\"Opera\u010dn\u00e9 stredisko a pult centr\u00e1lnej ochrany (PCO): Elektronick\u00e1 ochrana objektov. Sme s\u00fakromn\u00e1 bezpe\u010dnostn\u00e1 slu\u017eba - Defense Pro.\" \/>\n<meta name=\"robots\" content=\"index, follow, max-snippet:-1, max-image-preview:large, max-video-preview:-1\" \/>\n<link rel=\"canonical\" href=\"https:\/\/defensepro.sk\/en\/sluzby\/bezpecnostna-sluzba\/pult-centralnej-ochrany\/\" \/>\n<meta property=\"og:locale\" content=\"en_US\" \/>\n<meta property=\"og:type\" content=\"article\" \/>\n<meta property=\"og:title\" content=\"Pult centr\u00e1lnej ochrany &#187; Defense Pro\" \/>\n<meta property=\"og:description\" content=\"Opera\u010dn\u00e9 stredisko a pult centr\u00e1lnej ochrany (PCO): Elektronick\u00e1 ochrana objektov. Sme s\u00fakromn\u00e1 bezpe\u010dnostn\u00e1 slu\u017eba - Defense Pro.\" \/>\n<meta property=\"og:url\" content=\"https:\/\/defensepro.sk\/en\/sluzby\/bezpecnostna-sluzba\/pult-centralnej-ochrany\/\" \/>\n<meta property=\"og:site_name\" content=\"Defense Pro\" \/>\n<meta property=\"article:modified_time\" content=\"2024-09-13T11:25:25+00:00\" \/>\n<meta property=\"og:image\" content=\"https:\/\/defensepro.sk\/wp-content\/uploads\/2022\/04\/defensepro-thumbnail_v2.jpg\" \/>\n\t<meta property=\"og:image:width\" content=\"1024\" \/>\n\t<meta property=\"og:image:height\" content=\"1024\" \/>\n\t<meta property=\"og:image:type\" content=\"image\/jpeg\" \/>\n<meta name=\"twitter:card\" content=\"summary_large_image\" \/>\n<meta name=\"twitter:label1\" content=\"Est. reading time\" \/>\n\t<meta name=\"twitter:data1\" content=\"3 minutes\" \/>\n<script type=\"application\/ld+json\" class=\"yoast-schema-graph\">{\"@context\":\"https:\/\/schema.org\",\"@graph\":[{\"@type\":\"WebPage\",\"@id\":\"https:\/\/defensepro.sk\/sluzby\/bezpecnostna-sluzba\/pult-centralnej-ochrany\/\",\"url\":\"https:\/\/defensepro.sk\/sluzby\/bezpecnostna-sluzba\/pult-centralnej-ochrany\/\",\"name\":\"Pult centr\u00e1lnej ochrany &#187; Defense Pro\",\"isPartOf\":{\"@id\":\"https:\/\/defensepro.sk\/#website\"},\"primaryImageOfPage\":{\"@id\":\"https:\/\/defensepro.sk\/sluzby\/bezpecnostna-sluzba\/pult-centralnej-ochrany\/#primaryimage\"},\"image\":{\"@id\":\"https:\/\/defensepro.sk\/sluzby\/bezpecnostna-sluzba\/pult-centralnej-ochrany\/#primaryimage\"},\"thumbnailUrl\":\"https:\/\/defensepro.sk\/wp-content\/uploads\/2022\/04\/defensepro-thumbnail_v2.jpg\",\"datePublished\":\"2021-01-05T18:32:02+00:00\",\"dateModified\":\"2024-09-13T11:25:25+00:00\",\"description\":\"Opera\u010dn\u00e9 stredisko a pult centr\u00e1lnej ochrany (PCO): Elektronick\u00e1 ochrana objektov. Sme s\u00fakromn\u00e1 bezpe\u010dnostn\u00e1 slu\u017eba - Defense Pro.\",\"breadcrumb\":{\"@id\":\"https:\/\/defensepro.sk\/sluzby\/bezpecnostna-sluzba\/pult-centralnej-ochrany\/#breadcrumb\"},\"inLanguage\":\"en-US\",\"potentialAction\":[{\"@type\":\"ReadAction\",\"target\":[\"https:\/\/defensepro.sk\/sluzby\/bezpecnostna-sluzba\/pult-centralnej-ochrany\/\"]}]},{\"@type\":\"ImageObject\",\"inLanguage\":\"en-US\",\"@id\":\"https:\/\/defensepro.sk\/sluzby\/bezpecnostna-sluzba\/pult-centralnej-ochrany\/#primaryimage\",\"url\":\"https:\/\/defensepro.sk\/wp-content\/uploads\/2022\/04\/defensepro-thumbnail_v2.jpg\",\"contentUrl\":\"https:\/\/defensepro.sk\/wp-content\/uploads\/2022\/04\/defensepro-thumbnail_v2.jpg\",\"width\":1024,\"height\":1024},{\"@type\":\"BreadcrumbList\",\"@id\":\"https:\/\/defensepro.sk\/sluzby\/bezpecnostna-sluzba\/pult-centralnej-ochrany\/#breadcrumb\",\"itemListElement\":[{\"@type\":\"ListItem\",\"position\":1,\"name\":\"Home\",\"item\":\"https:\/\/defensepro.sk\/\"},{\"@type\":\"ListItem\",\"position\":2,\"name\":\"Slu\u017eby\",\"item\":\"https:\/\/defensepro.sk\/sluzby\/\"},{\"@type\":\"ListItem\",\"position\":3,\"name\":\"Str\u00e1\u017ena slu\u017eba\",\"item\":\"https:\/\/defensepro.sk\/sluzby\/bezpecnostna-sluzba\/\"},{\"@type\":\"ListItem\",\"position\":4,\"name\":\"Pult centr\u00e1lnej ochrany\"}]},{\"@type\":\"WebSite\",\"@id\":\"https:\/\/defensepro.sk\/#website\",\"url\":\"https:\/\/defensepro.sk\/\",\"name\":\"Defense Pro\",\"description\":\"\",\"publisher\":{\"@id\":\"https:\/\/defensepro.sk\/#organization\"},\"potentialAction\":[{\"@type\":\"SearchAction\",\"target\":{\"@type\":\"EntryPoint\",\"urlTemplate\":\"https:\/\/defensepro.sk\/?s={search_term_string}\"},\"query-input\":{\"@type\":\"PropertyValueSpecification\",\"valueRequired\":true,\"valueName\":\"search_term_string\"}}],\"inLanguage\":\"en-US\"},{\"@type\":\"Organization\",\"@id\":\"https:\/\/defensepro.sk\/#organization\",\"name\":\"Defense Pro\",\"url\":\"https:\/\/defensepro.sk\/\",\"logo\":{\"@type\":\"ImageObject\",\"inLanguage\":\"en-US\",\"@id\":\"https:\/\/defensepro.sk\/#\/schema\/logo\/image\/\",\"url\":\"https:\/\/defensepro.sk\/wp-content\/uploads\/2022\/04\/defensepro-thumbnail_v2.jpg\",\"contentUrl\":\"https:\/\/defensepro.sk\/wp-content\/uploads\/2022\/04\/defensepro-thumbnail_v2.jpg\",\"width\":1024,\"height\":1024,\"caption\":\"Defense Pro\"},\"image\":{\"@id\":\"https:\/\/defensepro.sk\/#\/schema\/logo\/image\/\"}}]}<\/script>\n<!-- \/ Yoast SEO plugin. -->","yoast_head_json":{"title":"Pult centr\u00e1lnej ochrany &#187; Defense Pro","description":"Opera\u010dn\u00e9 stredisko a pult centr\u00e1lnej ochrany (PCO): Elektronick\u00e1 ochrana objektov. Sme s\u00fakromn\u00e1 bezpe\u010dnostn\u00e1 slu\u017eba - Defense Pro.","robots":{"index":"index","follow":"follow","max-snippet":"max-snippet:-1","max-image-preview":"max-image-preview:large","max-video-preview":"max-video-preview:-1"},"canonical":"https:\/\/defensepro.sk\/en\/sluzby\/bezpecnostna-sluzba\/pult-centralnej-ochrany\/","og_locale":"en_US","og_type":"article","og_title":"Pult centr\u00e1lnej ochrany &#187; Defense Pro","og_description":"Opera\u010dn\u00e9 stredisko a pult centr\u00e1lnej ochrany (PCO): Elektronick\u00e1 ochrana objektov. Sme s\u00fakromn\u00e1 bezpe\u010dnostn\u00e1 slu\u017eba - Defense Pro.","og_url":"https:\/\/defensepro.sk\/en\/sluzby\/bezpecnostna-sluzba\/pult-centralnej-ochrany\/","og_site_name":"Defense Pro","article_modified_time":"2024-09-13T11:25:25+00:00","og_image":[{"width":1024,"height":1024,"url":"https:\/\/defensepro.sk\/wp-content\/uploads\/2022\/04\/defensepro-thumbnail_v2.jpg","type":"image\/jpeg"}],"twitter_card":"summary_large_image","twitter_misc":{"Est. reading time":"3 minutes"},"schema":{"@context":"https:\/\/schema.org","@graph":[{"@type":"WebPage","@id":"https:\/\/defensepro.sk\/sluzby\/bezpecnostna-sluzba\/pult-centralnej-ochrany\/","url":"https:\/\/defensepro.sk\/sluzby\/bezpecnostna-sluzba\/pult-centralnej-ochrany\/","name":"Pult centr\u00e1lnej ochrany &#187; Defense Pro","isPartOf":{"@id":"https:\/\/defensepro.sk\/#website"},"primaryImageOfPage":{"@id":"https:\/\/defensepro.sk\/sluzby\/bezpecnostna-sluzba\/pult-centralnej-ochrany\/#primaryimage"},"image":{"@id":"https:\/\/defensepro.sk\/sluzby\/bezpecnostna-sluzba\/pult-centralnej-ochrany\/#primaryimage"},"thumbnailUrl":"https:\/\/defensepro.sk\/wp-content\/uploads\/2022\/04\/defensepro-thumbnail_v2.jpg","datePublished":"2021-01-05T18:32:02+00:00","dateModified":"2024-09-13T11:25:25+00:00","description":"Opera\u010dn\u00e9 stredisko a pult centr\u00e1lnej ochrany (PCO): Elektronick\u00e1 ochrana objektov. Sme s\u00fakromn\u00e1 bezpe\u010dnostn\u00e1 slu\u017eba - Defense Pro.","breadcrumb":{"@id":"https:\/\/defensepro.sk\/sluzby\/bezpecnostna-sluzba\/pult-centralnej-ochrany\/#breadcrumb"},"inLanguage":"en-US","potentialAction":[{"@type":"ReadAction","target":["https:\/\/defensepro.sk\/sluzby\/bezpecnostna-sluzba\/pult-centralnej-ochrany\/"]}]},{"@type":"ImageObject","inLanguage":"en-US","@id":"https:\/\/defensepro.sk\/sluzby\/bezpecnostna-sluzba\/pult-centralnej-ochrany\/#primaryimage","url":"https:\/\/defensepro.sk\/wp-content\/uploads\/2022\/04\/defensepro-thumbnail_v2.jpg","contentUrl":"https:\/\/defensepro.sk\/wp-content\/uploads\/2022\/04\/defensepro-thumbnail_v2.jpg","width":1024,"height":1024},{"@type":"BreadcrumbList","@id":"https:\/\/defensepro.sk\/sluzby\/bezpecnostna-sluzba\/pult-centralnej-ochrany\/#breadcrumb","itemListElement":[{"@type":"ListItem","position":1,"name":"Home","item":"https:\/\/defensepro.sk\/"},{"@type":"ListItem","position":2,"name":"Slu\u017eby","item":"https:\/\/defensepro.sk\/sluzby\/"},{"@type":"ListItem","position":3,"name":"Str\u00e1\u017ena slu\u017eba","item":"https:\/\/defensepro.sk\/sluzby\/bezpecnostna-sluzba\/"},{"@type":"ListItem","position":4,"name":"Pult centr\u00e1lnej ochrany"}]},{"@type":"WebSite","@id":"https:\/\/defensepro.sk\/#website","url":"https:\/\/defensepro.sk\/","name":"Defense Pro","description":"","publisher":{"@id":"https:\/\/defensepro.sk\/#organization"},"potentialAction":[{"@type":"SearchAction","target":{"@type":"EntryPoint","urlTemplate":"https:\/\/defensepro.sk\/?s={search_term_string}"},"query-input":{"@type":"PropertyValueSpecification","valueRequired":true,"valueName":"search_term_string"}}],"inLanguage":"en-US"},{"@type":"Organization","@id":"https:\/\/defensepro.sk\/#organization","name":"Defense Pro","url":"https:\/\/defensepro.sk\/","logo":{"@type":"ImageObject","inLanguage":"en-US","@id":"https:\/\/defensepro.sk\/#\/schema\/logo\/image\/","url":"https:\/\/defensepro.sk\/wp-content\/uploads\/2022\/04\/defensepro-thumbnail_v2.jpg","contentUrl":"https:\/\/defensepro.sk\/wp-content\/uploads\/2022\/04\/defensepro-thumbnail_v2.jpg","width":1024,"height":1024,"caption":"Defense Pro"},"image":{"@id":"https:\/\/defensepro.sk\/#\/schema\/logo\/image\/"}}]}},"_links":{"self":[{"href":"https:\/\/defensepro.sk\/en\/wp-json\/wp\/v2\/pages\/60","targetHints":{"allow":["GET"]}}],"collection":[{"href":"https:\/\/defensepro.sk\/en\/wp-json\/wp\/v2\/pages"}],"about":[{"href":"https:\/\/defensepro.sk\/en\/wp-json\/wp\/v2\/types\/page"}],"author":[{"embeddable":true,"href":"https:\/\/defensepro.sk\/en\/wp-json\/wp\/v2\/users\/1"}],"replies":[{"embeddable":true,"href":"https:\/\/defensepro.sk\/en\/wp-json\/wp\/v2\/comments?post=60"}],"version-history":[{"count":0,"href":"https:\/\/defensepro.sk\/en\/wp-json\/wp\/v2\/pages\/60\/revisions"}],"up":[{"embeddable":true,"href":"https:\/\/defensepro.sk\/en\/wp-json\/wp\/v2\/pages\/37"}],"wp:featuredmedia":[{"embeddable":true,"href":"https:\/\/defensepro.sk\/en\/wp-json\/wp\/v2\/media\/4307"}],"wp:attachment":[{"href":"https:\/\/defensepro.sk\/en\/wp-json\/wp\/v2\/media?parent=60"}],"curies":[{"name":"wp","href":"https:\/\/api.w.org\/{rel}","templated":true}]}}