{"id":58,"date":"2021-01-05T19:31:38","date_gmt":"2021-01-05T18:31:38","guid":{"rendered":"https:\/\/defensepro.sk\/?page_id=58"},"modified":"2024-08-23T20:37:18","modified_gmt":"2024-08-23T18:37:18","slug":"obchodzkova-a-kontrolna-cinnost","status":"publish","type":"page","link":"https:\/\/defensepro.sk\/en\/sluzby\/bezpecnostna-sluzba\/obchodzkova-a-kontrolna-cinnost\/","title":{"rendered":"Obch\u00f4dzkov\u00e1 a kontroln\u00e1 \u010dinnos\u0165"},"content":{"rendered":"<div data-elementor-type=\"wp-page\" data-elementor-id=\"58\" class=\"elementor elementor-58\" data-elementor-post-type=\"page\">\n\t\t\t\t<header data-particle_enable=\"false\" data-particle-mobile-disabled=\"false\" class=\"elementor-element elementor-element-758b97c e-flex e-con-boxed e-con e-parent\" data-id=\"758b97c\" data-element_type=\"container\" data-e-type=\"container\">\n\t\t\t\t\t<div class=\"e-con-inner\">\n\t\t<div data-particle_enable=\"false\" data-particle-mobile-disabled=\"false\" class=\"elementor-element elementor-element-c778856 e-con-full e-flex e-con e-child\" data-id=\"c778856\" data-element_type=\"container\" data-e-type=\"container\">\n\t\t\t\t<div class=\"elementor-element elementor-element-3873831 elementor-align-center elementor-widget elementor-widget-button\" data-id=\"3873831\" data-element_type=\"widget\" data-e-type=\"widget\" data-widget_type=\"button.default\">\n\t\t\t\t\t\t\t\t\t\t<a class=\"elementor-button elementor-size-sm\" role=\"button\">\n\t\t\t\t\t\t<span class=\"elementor-button-content-wrapper\">\n\t\t\t\t\t\t\t\t\t<span class=\"elementor-button-text\">Motorizovan\u00e1 jednotka<\/span>\n\t\t\t\t\t<\/span>\n\t\t\t\t\t<\/a>\n\t\t\t\t\t\t\t\t<\/div>\n\t\t\t\t<div class=\"elementor-element elementor-element-cf3b606 elementor-widget elementor-widget-heading\" data-id=\"cf3b606\" data-element_type=\"widget\" data-e-type=\"widget\" data-widget_type=\"heading.default\">\n\t\t\t\t\t<h2 class=\"elementor-heading-title elementor-size-default\">kontrola objektov a are\u00e1lov<\/h2>\t\t\t\t<\/div>\n\t\t\t\t<\/div>\n\t\t\t\t\t<\/div>\n\t\t\t\t<\/header>\n\t\t<section data-particle_enable=\"false\" data-particle-mobile-disabled=\"false\" class=\"elementor-element elementor-element-ea06692 e-flex e-con-boxed e-con e-parent\" data-id=\"ea06692\" data-element_type=\"container\" data-e-type=\"container\">\n\t\t\t\t\t<div class=\"e-con-inner\">\n\t\t<div data-particle_enable=\"false\" data-particle-mobile-disabled=\"false\" class=\"elementor-element elementor-element-994356d e-con-full e-flex e-con e-child\" data-id=\"994356d\" data-element_type=\"container\" data-e-type=\"container\">\n\t\t<div data-particle_enable=\"false\" data-particle-mobile-disabled=\"false\" class=\"elementor-element elementor-element-27b2a0a e-con-full e-flex e-con e-child\" data-id=\"27b2a0a\" data-element_type=\"container\" data-e-type=\"container\">\n\t\t<div data-particle_enable=\"false\" data-particle-mobile-disabled=\"false\" class=\"elementor-element elementor-element-c30daaf e-con-full e-flex e-con e-child\" data-id=\"c30daaf\" data-element_type=\"container\" data-e-type=\"container\">\n\t\t\t\t<div class=\"elementor-element elementor-element-6c2be71 elementor-widget elementor-widget-text-editor\" data-id=\"6c2be71\" data-element_type=\"widget\" data-e-type=\"widget\" data-widget_type=\"text-editor.default\">\n\t\t\t\t\t\t\t\t\t<p>Ochrana objektov, ochrana priemyseln\u00fdch are\u00e1lov, kontroln\u00e1 \u010dinnos\u0165 v obci alebo \u0161peci\u00e1lne \u00falohy SBS pre na\u0161ich klientov, to v\u0161etko patr\u00ed do pracovnej n\u00e1plne v\u00fdjazdovej skupiny.<\/p><p>Do\u010dasn\u00e1 ochrana objektu bez mo\u017enosti na mont\u00e1\u017e alarmu a kamier je na\u0161a \u0161pecializ\u00e1cia, kontaktujte n\u00e1s ak m\u00e1te roz\u013eahl\u00fd objekt a mont\u00e1\u017e alarmu nie je mo\u017en\u00e1. Zabezpe\u010d\u00edme v\u00e1m kontroly pod\u013ea va\u0161ich potrieb, postar\u00e1me sa o rutinn\u00e9 \u00fakony, ako zamknutie a odomknutie objektu.\u00a0<\/p><p>Pon\u00fakneme v\u00e1m prenosn\u00fd zabezpe\u010dovac\u00ed syst\u00e9m s pripojen\u00edm na pult centr\u00e1lnej ochrany, ktor\u00fd m\u00e1 vlastn\u00fd zdroj energie.<\/p><p>V pr\u00edpade naru\u0161enia objektu zaist\u00edme jeho okolie.<\/p>\t\t\t\t\t\t\t\t<\/div>\n\t\t\t\t<\/div>\n\t\t<div data-particle_enable=\"false\" data-particle-mobile-disabled=\"false\" class=\"elementor-element elementor-element-da7a22e e-con-full e-flex e-con e-child\" data-id=\"da7a22e\" data-element_type=\"container\" data-e-type=\"container\">\n\t\t\t\t<div class=\"elementor-element elementor-element-801b046 elementor-widget elementor-widget-image\" data-id=\"801b046\" data-element_type=\"widget\" data-e-type=\"widget\" data-widget_type=\"image.default\">\n\t\t\t\t\t\t\t\t\t\t\t\t\t\t\t<img fetchpriority=\"high\" decoding=\"async\" width=\"800\" height=\"452\" src=\"https:\/\/defensepro.sk\/wp-content\/uploads\/2021\/04\/Photo-25-of-60-scaled-e1618960441873-1024x578.jpg\" class=\"attachment-large size-large wp-image-2700\" alt=\"\" srcset=\"https:\/\/defensepro.sk\/wp-content\/uploads\/2021\/04\/Photo-25-of-60-scaled-e1618960441873-1024x578.jpg 1024w, https:\/\/defensepro.sk\/wp-content\/uploads\/2021\/04\/Photo-25-of-60-scaled-e1618960441873-300x169.jpg 300w, https:\/\/defensepro.sk\/wp-content\/uploads\/2021\/04\/Photo-25-of-60-scaled-e1618960441873-768x434.jpg 768w, https:\/\/defensepro.sk\/wp-content\/uploads\/2021\/04\/Photo-25-of-60-scaled-e1618960441873-1536x868.jpg 1536w, https:\/\/defensepro.sk\/wp-content\/uploads\/2021\/04\/Photo-25-of-60-scaled-e1618960441873-2048x1157.jpg 2048w\" sizes=\"(max-width: 800px) 100vw, 800px\" \/>\t\t\t\t\t\t\t\t\t\t\t\t\t\t\t<\/div>\n\t\t\t\t<\/div>\n\t\t\t\t<\/div>\n\t\t<div data-particle_enable=\"false\" data-particle-mobile-disabled=\"false\" class=\"elementor-element elementor-element-02ab2cb e-con-full e-flex e-con e-child\" data-id=\"02ab2cb\" data-element_type=\"container\" data-e-type=\"container\">\n\t\t<div data-particle_enable=\"false\" data-particle-mobile-disabled=\"false\" class=\"elementor-element elementor-element-efbf10d e-con-full e-flex e-con e-child\" data-id=\"efbf10d\" data-element_type=\"container\" data-e-type=\"container\">\n\t\t\t\t<div class=\"elementor-element elementor-element-f9cac02 elementor-widget elementor-widget-image\" data-id=\"f9cac02\" data-element_type=\"widget\" data-e-type=\"widget\" data-widget_type=\"image.default\">\n\t\t\t\t\t\t\t\t\t\t\t\t\t\t\t<img decoding=\"async\" width=\"800\" height=\"420\" src=\"https:\/\/defensepro.sk\/wp-content\/uploads\/2021\/04\/kontr-1-e1618960524664-1024x538.jpg\" class=\"attachment-large size-large wp-image-2704\" alt=\"\" srcset=\"https:\/\/defensepro.sk\/wp-content\/uploads\/2021\/04\/kontr-1-e1618960524664-1024x538.jpg 1024w, https:\/\/defensepro.sk\/wp-content\/uploads\/2021\/04\/kontr-1-e1618960524664-300x157.jpg 300w, https:\/\/defensepro.sk\/wp-content\/uploads\/2021\/04\/kontr-1-e1618960524664-768x403.jpg 768w, https:\/\/defensepro.sk\/wp-content\/uploads\/2021\/04\/kontr-1-e1618960524664.jpg 1484w\" sizes=\"(max-width: 800px) 100vw, 800px\" \/>\t\t\t\t\t\t\t\t\t\t\t\t\t\t\t<\/div>\n\t\t\t\t<\/div>\n\t\t<div data-particle_enable=\"false\" data-particle-mobile-disabled=\"false\" class=\"elementor-element elementor-element-dedb8d9 e-con-full e-flex e-con e-child\" data-id=\"dedb8d9\" data-element_type=\"container\" data-e-type=\"container\">\n\t\t\t\t<div class=\"elementor-element elementor-element-483d32d elementor-widget elementor-widget-text-editor\" data-id=\"483d32d\" data-element_type=\"widget\" data-e-type=\"widget\" data-widget_type=\"text-editor.default\">\n\t\t\t\t\t\t\t\t\t<p>Ste v situ\u00e1cii, ke\u010f je va\u0161a stavba tesne pred dokon\u010den\u00edm, st\u00e1le nie je ob\u00fdvate\u013en\u00e1 a \u010dasto ju nech\u00e1vate opusten\u00fa? Dajte si pozor, nepodce\u0148ujte ani drobn\u00e9 kr\u00e1de\u017ee stavebn\u00e9ho materi\u00e1lu z v\u00e1\u0161ho pozemku.<\/p><p>Zlodejov neuspokoj\u00ed ani obohatenie sa o p\u00e1r desiatok \u20ac na kabel\u00e1\u017ei a meden\u00fdch zvodoch v\u00e1\u0161ho domu. Je to s\u00edce t\u00e1 najmen\u0161ia \u0161koda, ak\u00fa v\u00e1m m\u00f4\u017eu sp\u00f4sobi\u0165, no u\u017e teraz \u010faleko presiahla va\u0161e n\u00e1klady na do\u010dasn\u00fa ochranu.\u00a0<\/p><p>Signaliza\u010dn\u00e9 zariadenie nemus\u00edte kupova\u0165, zapo\u017ei\u010diame v\u00e1m ho. Do\u010dasn\u00e1 ochrana majetku je mo\u017en\u00e1 aj bez pr\u00edvodu elektrickej energie.<\/p>\t\t\t\t\t\t\t\t<\/div>\n\t\t\t\t<\/div>\n\t\t\t\t<\/div>\n\t\t<div data-particle_enable=\"false\" data-particle-mobile-disabled=\"false\" class=\"elementor-element elementor-element-3dfe635 e-con-full e-flex e-con e-child\" data-id=\"3dfe635\" data-element_type=\"container\" data-e-type=\"container\">\n\t\t<div data-particle_enable=\"false\" data-particle-mobile-disabled=\"false\" class=\"elementor-element elementor-element-f77a450 e-con-full e-flex e-con e-child\" data-id=\"f77a450\" data-element_type=\"container\" data-e-type=\"container\">\n\t\t\t\t<div class=\"elementor-element elementor-element-16cb39b elementor-widget elementor-widget-text-editor\" data-id=\"16cb39b\" data-element_type=\"widget\" data-e-type=\"widget\" data-widget_type=\"text-editor.default\">\n\t\t\t\t\t\t\t\t\t<p>Porad\u00edme v\u00e1m, ako na to. Prv\u00fd krok predstavuj\u00fa prevent\u00edvne opatrenia na zabezpe\u010denie objektu, s\u00fa\u010das\u0165ou ktor\u00fdch je ozna\u010denie n\u00e1lepkou SBS.<\/p><p>Kontrola objektu, ochrana domu, ochrana novostavby. \u00dakony na ak\u00e9ko\u013evek zabezpe\u010denie budovy vykon\u00e1me na z\u00e1klade in\u0161trukci\u00ed a po\u017eiadaviek klienta.<\/p><p>Spo\u013eahnite sa, obr\u00e1\u0165te sa na n\u00e1s a op\u00ed\u0161te n\u00e1m va\u0161u predstavu.\u00a0<\/p>\t\t\t\t\t\t\t\t<\/div>\n\t\t\t\t<\/div>\n\t\t<div data-particle_enable=\"false\" data-particle-mobile-disabled=\"false\" class=\"elementor-element elementor-element-2aa7a79 e-con-full e-flex e-con e-child\" data-id=\"2aa7a79\" data-element_type=\"container\" data-e-type=\"container\">\n\t\t\t\t<div class=\"elementor-element elementor-element-b600e11 elementor-widget elementor-widget-image\" data-id=\"b600e11\" data-element_type=\"widget\" data-e-type=\"widget\" data-widget_type=\"image.default\">\n\t\t\t\t\t\t\t\t\t\t\t\t\t\t\t<img decoding=\"async\" width=\"800\" height=\"308\" src=\"https:\/\/defensepro.sk\/wp-content\/uploads\/2021\/04\/IMG_20210409_210538-scaled-e1618960579602-1024x394.jpg\" class=\"attachment-large size-large wp-image-2702\" alt=\"\" srcset=\"https:\/\/defensepro.sk\/wp-content\/uploads\/2021\/04\/IMG_20210409_210538-scaled-e1618960579602-1024x394.jpg 1024w, https:\/\/defensepro.sk\/wp-content\/uploads\/2021\/04\/IMG_20210409_210538-scaled-e1618960579602-300x115.jpg 300w, https:\/\/defensepro.sk\/wp-content\/uploads\/2021\/04\/IMG_20210409_210538-scaled-e1618960579602-768x296.jpg 768w, https:\/\/defensepro.sk\/wp-content\/uploads\/2021\/04\/IMG_20210409_210538-scaled-e1618960579602-1536x591.jpg 1536w, https:\/\/defensepro.sk\/wp-content\/uploads\/2021\/04\/IMG_20210409_210538-scaled-e1618960579602-2048x788.jpg 2048w\" sizes=\"(max-width: 800px) 100vw, 800px\" \/>\t\t\t\t\t\t\t\t\t\t\t\t\t\t\t<\/div>\n\t\t\t\t<\/div>\n\t\t\t\t<\/div>\n\t\t\t\t<\/div>\n\t\t\t\t\t<\/div>\n\t\t\t\t<\/section>\n\t\t\t\t<\/div>","protected":false},"excerpt":{"rendered":"<p>Motorizovan\u00e1 jednotka kontrola objektov a are\u00e1lov Ochrana objektov, ochrana priemyseln\u00fdch are\u00e1lov, kontroln\u00e1 \u010dinnos\u0165 v obci alebo \u0161peci\u00e1lne \u00falohy SBS pre na\u0161ich klientov, to v\u0161etko patr\u00ed do pracovnej n\u00e1plne v\u00fdjazdovej skupiny. Do\u010dasn\u00e1 ochrana objektu bez mo\u017enosti na mont\u00e1\u017e alarmu a kamier je na\u0161a \u0161pecializ\u00e1cia, kontaktujte n\u00e1s ak m\u00e1te roz\u013eahl\u00fd objekt a mont\u00e1\u017e alarmu nie je mo\u017en\u00e1. [&hellip;]<\/p>\n","protected":false},"author":1,"featured_media":4307,"parent":37,"menu_order":6,"comment_status":"closed","ping_status":"closed","template":"","meta":{"_acf_changed":false,"footnotes":""},"class_list":["post-58","page","type-page","status-publish","has-post-thumbnail","hentry"],"acf":[],"yoast_head":"<!-- This site is optimized with the Yoast SEO plugin v27.1.1 - https:\/\/yoast.com\/product\/yoast-seo-wordpress\/ -->\n<title>Obch\u00f4dzkov\u00e1 a kontroln\u00e1 \u010dinnos\u0165 &#187; Defense Pro<\/title>\n<meta name=\"description\" content=\"Obch\u00f4dzkov\u00e1 a kontroln\u00e1 \u010dinnos\u0165: Kontrola objektov a are\u00e1lov s motorizovanou jednotkou. Sme s\u00fakromn\u00e1 bezpe\u010dnostn\u00e1 slu\u017eba - Defense Pro.\" \/>\n<meta name=\"robots\" content=\"index, follow, max-snippet:-1, max-image-preview:large, max-video-preview:-1\" \/>\n<link rel=\"canonical\" href=\"https:\/\/defensepro.sk\/en\/sluzby\/bezpecnostna-sluzba\/obchodzkova-a-kontrolna-cinnost\/\" \/>\n<meta property=\"og:locale\" content=\"en_US\" \/>\n<meta property=\"og:type\" content=\"article\" \/>\n<meta property=\"og:title\" content=\"Obch\u00f4dzkov\u00e1 a kontroln\u00e1 \u010dinnos\u0165 &#187; Defense Pro\" \/>\n<meta property=\"og:description\" content=\"Obch\u00f4dzkov\u00e1 a kontroln\u00e1 \u010dinnos\u0165: Kontrola objektov a are\u00e1lov s motorizovanou jednotkou. Sme s\u00fakromn\u00e1 bezpe\u010dnostn\u00e1 slu\u017eba - Defense Pro.\" \/>\n<meta property=\"og:url\" content=\"https:\/\/defensepro.sk\/en\/sluzby\/bezpecnostna-sluzba\/obchodzkova-a-kontrolna-cinnost\/\" \/>\n<meta property=\"og:site_name\" content=\"Defense Pro\" \/>\n<meta property=\"article:modified_time\" content=\"2024-08-23T18:37:18+00:00\" \/>\n<meta property=\"og:image\" content=\"https:\/\/defensepro.sk\/wp-content\/uploads\/2022\/04\/defensepro-thumbnail_v2.jpg\" \/>\n\t<meta property=\"og:image:width\" content=\"1024\" \/>\n\t<meta property=\"og:image:height\" content=\"1024\" \/>\n\t<meta property=\"og:image:type\" content=\"image\/jpeg\" \/>\n<meta name=\"twitter:card\" content=\"summary_large_image\" \/>\n<meta name=\"twitter:label1\" content=\"Est. reading time\" \/>\n\t<meta name=\"twitter:data1\" content=\"2 minutes\" \/>\n<script type=\"application\/ld+json\" class=\"yoast-schema-graph\">{\"@context\":\"https:\/\/schema.org\",\"@graph\":[{\"@type\":\"WebPage\",\"@id\":\"https:\/\/defensepro.sk\/sluzby\/bezpecnostna-sluzba\/obchodzkova-a-kontrolna-cinnost\/\",\"url\":\"https:\/\/defensepro.sk\/sluzby\/bezpecnostna-sluzba\/obchodzkova-a-kontrolna-cinnost\/\",\"name\":\"Obch\u00f4dzkov\u00e1 a kontroln\u00e1 \u010dinnos\u0165 &#187; Defense Pro\",\"isPartOf\":{\"@id\":\"https:\/\/defensepro.sk\/#website\"},\"primaryImageOfPage\":{\"@id\":\"https:\/\/defensepro.sk\/sluzby\/bezpecnostna-sluzba\/obchodzkova-a-kontrolna-cinnost\/#primaryimage\"},\"image\":{\"@id\":\"https:\/\/defensepro.sk\/sluzby\/bezpecnostna-sluzba\/obchodzkova-a-kontrolna-cinnost\/#primaryimage\"},\"thumbnailUrl\":\"https:\/\/defensepro.sk\/wp-content\/uploads\/2022\/04\/defensepro-thumbnail_v2.jpg\",\"datePublished\":\"2021-01-05T18:31:38+00:00\",\"dateModified\":\"2024-08-23T18:37:18+00:00\",\"description\":\"Obch\u00f4dzkov\u00e1 a kontroln\u00e1 \u010dinnos\u0165: Kontrola objektov a are\u00e1lov s motorizovanou jednotkou. Sme s\u00fakromn\u00e1 bezpe\u010dnostn\u00e1 slu\u017eba - Defense Pro.\",\"breadcrumb\":{\"@id\":\"https:\/\/defensepro.sk\/sluzby\/bezpecnostna-sluzba\/obchodzkova-a-kontrolna-cinnost\/#breadcrumb\"},\"inLanguage\":\"en-US\",\"potentialAction\":[{\"@type\":\"ReadAction\",\"target\":[\"https:\/\/defensepro.sk\/sluzby\/bezpecnostna-sluzba\/obchodzkova-a-kontrolna-cinnost\/\"]}]},{\"@type\":\"ImageObject\",\"inLanguage\":\"en-US\",\"@id\":\"https:\/\/defensepro.sk\/sluzby\/bezpecnostna-sluzba\/obchodzkova-a-kontrolna-cinnost\/#primaryimage\",\"url\":\"https:\/\/defensepro.sk\/wp-content\/uploads\/2022\/04\/defensepro-thumbnail_v2.jpg\",\"contentUrl\":\"https:\/\/defensepro.sk\/wp-content\/uploads\/2022\/04\/defensepro-thumbnail_v2.jpg\",\"width\":1024,\"height\":1024},{\"@type\":\"BreadcrumbList\",\"@id\":\"https:\/\/defensepro.sk\/sluzby\/bezpecnostna-sluzba\/obchodzkova-a-kontrolna-cinnost\/#breadcrumb\",\"itemListElement\":[{\"@type\":\"ListItem\",\"position\":1,\"name\":\"Home\",\"item\":\"https:\/\/defensepro.sk\/\"},{\"@type\":\"ListItem\",\"position\":2,\"name\":\"Slu\u017eby\",\"item\":\"https:\/\/defensepro.sk\/sluzby\/\"},{\"@type\":\"ListItem\",\"position\":3,\"name\":\"Str\u00e1\u017ena slu\u017eba\",\"item\":\"https:\/\/defensepro.sk\/sluzby\/bezpecnostna-sluzba\/\"},{\"@type\":\"ListItem\",\"position\":4,\"name\":\"Obch\u00f4dzkov\u00e1 a kontroln\u00e1 \u010dinnos\u0165\"}]},{\"@type\":\"WebSite\",\"@id\":\"https:\/\/defensepro.sk\/#website\",\"url\":\"https:\/\/defensepro.sk\/\",\"name\":\"Defense Pro\",\"description\":\"\",\"publisher\":{\"@id\":\"https:\/\/defensepro.sk\/#organization\"},\"potentialAction\":[{\"@type\":\"SearchAction\",\"target\":{\"@type\":\"EntryPoint\",\"urlTemplate\":\"https:\/\/defensepro.sk\/?s={search_term_string}\"},\"query-input\":{\"@type\":\"PropertyValueSpecification\",\"valueRequired\":true,\"valueName\":\"search_term_string\"}}],\"inLanguage\":\"en-US\"},{\"@type\":\"Organization\",\"@id\":\"https:\/\/defensepro.sk\/#organization\",\"name\":\"Defense Pro\",\"url\":\"https:\/\/defensepro.sk\/\",\"logo\":{\"@type\":\"ImageObject\",\"inLanguage\":\"en-US\",\"@id\":\"https:\/\/defensepro.sk\/#\/schema\/logo\/image\/\",\"url\":\"https:\/\/defensepro.sk\/wp-content\/uploads\/2022\/04\/defensepro-thumbnail_v2.jpg\",\"contentUrl\":\"https:\/\/defensepro.sk\/wp-content\/uploads\/2022\/04\/defensepro-thumbnail_v2.jpg\",\"width\":1024,\"height\":1024,\"caption\":\"Defense Pro\"},\"image\":{\"@id\":\"https:\/\/defensepro.sk\/#\/schema\/logo\/image\/\"}}]}<\/script>\n<!-- \/ Yoast SEO plugin. -->","yoast_head_json":{"title":"Obch\u00f4dzkov\u00e1 a kontroln\u00e1 \u010dinnos\u0165 &#187; Defense Pro","description":"Obch\u00f4dzkov\u00e1 a kontroln\u00e1 \u010dinnos\u0165: Kontrola objektov a are\u00e1lov s motorizovanou jednotkou. Sme s\u00fakromn\u00e1 bezpe\u010dnostn\u00e1 slu\u017eba - Defense Pro.","robots":{"index":"index","follow":"follow","max-snippet":"max-snippet:-1","max-image-preview":"max-image-preview:large","max-video-preview":"max-video-preview:-1"},"canonical":"https:\/\/defensepro.sk\/en\/sluzby\/bezpecnostna-sluzba\/obchodzkova-a-kontrolna-cinnost\/","og_locale":"en_US","og_type":"article","og_title":"Obch\u00f4dzkov\u00e1 a kontroln\u00e1 \u010dinnos\u0165 &#187; Defense Pro","og_description":"Obch\u00f4dzkov\u00e1 a kontroln\u00e1 \u010dinnos\u0165: Kontrola objektov a are\u00e1lov s motorizovanou jednotkou. Sme s\u00fakromn\u00e1 bezpe\u010dnostn\u00e1 slu\u017eba - Defense Pro.","og_url":"https:\/\/defensepro.sk\/en\/sluzby\/bezpecnostna-sluzba\/obchodzkova-a-kontrolna-cinnost\/","og_site_name":"Defense Pro","article_modified_time":"2024-08-23T18:37:18+00:00","og_image":[{"width":1024,"height":1024,"url":"https:\/\/defensepro.sk\/wp-content\/uploads\/2022\/04\/defensepro-thumbnail_v2.jpg","type":"image\/jpeg"}],"twitter_card":"summary_large_image","twitter_misc":{"Est. reading time":"2 minutes"},"schema":{"@context":"https:\/\/schema.org","@graph":[{"@type":"WebPage","@id":"https:\/\/defensepro.sk\/sluzby\/bezpecnostna-sluzba\/obchodzkova-a-kontrolna-cinnost\/","url":"https:\/\/defensepro.sk\/sluzby\/bezpecnostna-sluzba\/obchodzkova-a-kontrolna-cinnost\/","name":"Obch\u00f4dzkov\u00e1 a kontroln\u00e1 \u010dinnos\u0165 &#187; Defense Pro","isPartOf":{"@id":"https:\/\/defensepro.sk\/#website"},"primaryImageOfPage":{"@id":"https:\/\/defensepro.sk\/sluzby\/bezpecnostna-sluzba\/obchodzkova-a-kontrolna-cinnost\/#primaryimage"},"image":{"@id":"https:\/\/defensepro.sk\/sluzby\/bezpecnostna-sluzba\/obchodzkova-a-kontrolna-cinnost\/#primaryimage"},"thumbnailUrl":"https:\/\/defensepro.sk\/wp-content\/uploads\/2022\/04\/defensepro-thumbnail_v2.jpg","datePublished":"2021-01-05T18:31:38+00:00","dateModified":"2024-08-23T18:37:18+00:00","description":"Obch\u00f4dzkov\u00e1 a kontroln\u00e1 \u010dinnos\u0165: Kontrola objektov a are\u00e1lov s motorizovanou jednotkou. Sme s\u00fakromn\u00e1 bezpe\u010dnostn\u00e1 slu\u017eba - Defense Pro.","breadcrumb":{"@id":"https:\/\/defensepro.sk\/sluzby\/bezpecnostna-sluzba\/obchodzkova-a-kontrolna-cinnost\/#breadcrumb"},"inLanguage":"en-US","potentialAction":[{"@type":"ReadAction","target":["https:\/\/defensepro.sk\/sluzby\/bezpecnostna-sluzba\/obchodzkova-a-kontrolna-cinnost\/"]}]},{"@type":"ImageObject","inLanguage":"en-US","@id":"https:\/\/defensepro.sk\/sluzby\/bezpecnostna-sluzba\/obchodzkova-a-kontrolna-cinnost\/#primaryimage","url":"https:\/\/defensepro.sk\/wp-content\/uploads\/2022\/04\/defensepro-thumbnail_v2.jpg","contentUrl":"https:\/\/defensepro.sk\/wp-content\/uploads\/2022\/04\/defensepro-thumbnail_v2.jpg","width":1024,"height":1024},{"@type":"BreadcrumbList","@id":"https:\/\/defensepro.sk\/sluzby\/bezpecnostna-sluzba\/obchodzkova-a-kontrolna-cinnost\/#breadcrumb","itemListElement":[{"@type":"ListItem","position":1,"name":"Home","item":"https:\/\/defensepro.sk\/"},{"@type":"ListItem","position":2,"name":"Slu\u017eby","item":"https:\/\/defensepro.sk\/sluzby\/"},{"@type":"ListItem","position":3,"name":"Str\u00e1\u017ena slu\u017eba","item":"https:\/\/defensepro.sk\/sluzby\/bezpecnostna-sluzba\/"},{"@type":"ListItem","position":4,"name":"Obch\u00f4dzkov\u00e1 a kontroln\u00e1 \u010dinnos\u0165"}]},{"@type":"WebSite","@id":"https:\/\/defensepro.sk\/#website","url":"https:\/\/defensepro.sk\/","name":"Defense Pro","description":"","publisher":{"@id":"https:\/\/defensepro.sk\/#organization"},"potentialAction":[{"@type":"SearchAction","target":{"@type":"EntryPoint","urlTemplate":"https:\/\/defensepro.sk\/?s={search_term_string}"},"query-input":{"@type":"PropertyValueSpecification","valueRequired":true,"valueName":"search_term_string"}}],"inLanguage":"en-US"},{"@type":"Organization","@id":"https:\/\/defensepro.sk\/#organization","name":"Defense Pro","url":"https:\/\/defensepro.sk\/","logo":{"@type":"ImageObject","inLanguage":"en-US","@id":"https:\/\/defensepro.sk\/#\/schema\/logo\/image\/","url":"https:\/\/defensepro.sk\/wp-content\/uploads\/2022\/04\/defensepro-thumbnail_v2.jpg","contentUrl":"https:\/\/defensepro.sk\/wp-content\/uploads\/2022\/04\/defensepro-thumbnail_v2.jpg","width":1024,"height":1024,"caption":"Defense Pro"},"image":{"@id":"https:\/\/defensepro.sk\/#\/schema\/logo\/image\/"}}]}},"_links":{"self":[{"href":"https:\/\/defensepro.sk\/en\/wp-json\/wp\/v2\/pages\/58","targetHints":{"allow":["GET"]}}],"collection":[{"href":"https:\/\/defensepro.sk\/en\/wp-json\/wp\/v2\/pages"}],"about":[{"href":"https:\/\/defensepro.sk\/en\/wp-json\/wp\/v2\/types\/page"}],"author":[{"embeddable":true,"href":"https:\/\/defensepro.sk\/en\/wp-json\/wp\/v2\/users\/1"}],"replies":[{"embeddable":true,"href":"https:\/\/defensepro.sk\/en\/wp-json\/wp\/v2\/comments?post=58"}],"version-history":[{"count":0,"href":"https:\/\/defensepro.sk\/en\/wp-json\/wp\/v2\/pages\/58\/revisions"}],"up":[{"embeddable":true,"href":"https:\/\/defensepro.sk\/en\/wp-json\/wp\/v2\/pages\/37"}],"wp:featuredmedia":[{"embeddable":true,"href":"https:\/\/defensepro.sk\/en\/wp-json\/wp\/v2\/media\/4307"}],"wp:attachment":[{"href":"https:\/\/defensepro.sk\/en\/wp-json\/wp\/v2\/media?parent=58"}],"curies":[{"name":"wp","href":"https:\/\/api.w.org\/{rel}","templated":true}]}}