{"id":54,"date":"2021-01-05T19:29:59","date_gmt":"2021-01-05T18:29:59","guid":{"rendered":"https:\/\/defensepro.sk\/?page_id=54"},"modified":"2024-09-13T13:22:39","modified_gmt":"2024-09-13T11:22:39","slug":"preprava-hotovosti","status":"publish","type":"page","link":"https:\/\/defensepro.sk\/en\/sluzby\/bezpecnostna-sluzba\/preprava-hotovosti\/","title":{"rendered":"Preprava hotovosti a bezpe\u010dnostn\u00fd doprovod"},"content":{"rendered":"<div data-elementor-type=\"wp-page\" data-elementor-id=\"54\" class=\"elementor elementor-54\" data-elementor-post-type=\"page\">\n\t\t\t\t<header data-particle_enable=\"false\" data-particle-mobile-disabled=\"false\" class=\"elementor-element elementor-element-7bb04cd e-flex e-con-boxed e-con e-parent\" data-id=\"7bb04cd\" data-element_type=\"container\" data-e-type=\"container\">\n\t\t\t\t\t<div class=\"e-con-inner\">\n\t\t<div data-particle_enable=\"false\" data-particle-mobile-disabled=\"false\" class=\"elementor-element elementor-element-771eff9 e-con-full e-flex e-con e-child\" data-id=\"771eff9\" data-element_type=\"container\" data-e-type=\"container\">\n\t\t\t\t<div class=\"elementor-element elementor-element-d07959b elementor-align-center elementor-widget elementor-widget-button\" data-id=\"d07959b\" data-element_type=\"widget\" data-e-type=\"widget\" data-widget_type=\"button.default\">\n\t\t\t\t\t\t\t\t\t\t<a class=\"elementor-button elementor-size-sm\" role=\"button\">\n\t\t\t\t\t\t<span class=\"elementor-button-content-wrapper\">\n\t\t\t\t\t\t\t\t\t<span class=\"elementor-button-text\">Bezpe\u010dnostn\u00fd doprovod<\/span>\n\t\t\t\t\t<\/span>\n\t\t\t\t\t<\/a>\n\t\t\t\t\t\t\t\t<\/div>\n\t\t\t\t<div class=\"elementor-element elementor-element-0680314 elementor-widget elementor-widget-heading\" data-id=\"0680314\" data-element_type=\"widget\" data-e-type=\"widget\" data-widget_type=\"heading.default\">\n\t\t\t\t\t<h2 class=\"elementor-heading-title elementor-size-default\">Preprava hotovosti<\/h2>\t\t\t\t<\/div>\n\t\t\t\t<\/div>\n\t\t\t\t\t<\/div>\n\t\t\t\t<\/header>\n\t\t<section data-particle_enable=\"false\" data-particle-mobile-disabled=\"false\" class=\"elementor-element elementor-element-598f0ac e-flex e-con-boxed e-con e-parent\" data-id=\"598f0ac\" data-element_type=\"container\" data-e-type=\"container\">\n\t\t\t\t\t<div class=\"e-con-inner\">\n\t\t<div data-particle_enable=\"false\" data-particle-mobile-disabled=\"false\" class=\"elementor-element elementor-element-41bd571 e-con-full e-flex e-con e-child\" data-id=\"41bd571\" data-element_type=\"container\" data-e-type=\"container\">\n\t\t<div data-particle_enable=\"false\" data-particle-mobile-disabled=\"false\" class=\"elementor-element elementor-element-68dd14e e-con-full e-flex e-con e-child\" data-id=\"68dd14e\" data-element_type=\"container\" data-e-type=\"container\">\n\t\t<div data-particle_enable=\"false\" data-particle-mobile-disabled=\"false\" class=\"elementor-element elementor-element-f94429a e-con-full e-flex e-con e-child\" data-id=\"f94429a\" data-element_type=\"container\" data-e-type=\"container\">\n\t\t\t\t<div class=\"elementor-element elementor-element-5b5f279 elementor-widget elementor-widget-text-editor\" data-id=\"5b5f279\" data-element_type=\"widget\" data-e-type=\"widget\" data-widget_type=\"text-editor.default\">\n\t\t\t\t\t\t\t\t\t<p>Potrebujete ochr\u00e1ni\u0165 svoje podnikanie a nastavi\u0165 re\u017eim, ktor\u00fd v\u00e1m dopraje pokojn\u00fd sp\u00e1nok? Nemus\u00edte by\u0165 pri v\u0161etkom. Obr\u00e1\u0165te sa na n\u00e1s, va\u0161a slabina sa premen\u00ed na pevn\u00fd bod v\u00e1\u0161ho podnikania.<\/p><p>Na va\u0161u prev\u00e1dzku pr\u00eddeme vo vopred ur\u010den\u00fd \u010das, finan\u010dn\u00fd obnos prevezmeme a bezpe\u010dne preprav\u00edme.<\/p><p>Na prepravu hotovosti pou\u017e\u00edvame auto s ozna\u010den\u00edm &#8222;Z\u00e1sahov\u00e9 vozidlo&#8220;. Pos\u00e1dku vozidla tvoria vy\u0161kolen\u00ed pracovn\u00edci s bezpe\u010dnostnou praxou, ktor\u00ed s\u00fa dr\u017eite\u013emi zbrojn\u00fdch preukazov.\u00a0<\/p><p>Ochrana majetku vy\u017eaduje spo\u013eahlivos\u0165 SBS na vysokej \u00farovni. Obr\u00e1\u0165te sa na n\u00e1s a my v\u00e1m pon\u00fakneme na\u0161e slu\u017eby.\u00a0<\/p>\t\t\t\t\t\t\t\t<\/div>\n\t\t\t\t<\/div>\n\t\t<div data-particle_enable=\"false\" data-particle-mobile-disabled=\"false\" class=\"elementor-element elementor-element-f4019ca e-con-full e-flex e-con e-child\" data-id=\"f4019ca\" data-element_type=\"container\" data-e-type=\"container\">\n\t\t\t\t<div class=\"elementor-element elementor-element-9ba4646 elementor-widget elementor-widget-image\" data-id=\"9ba4646\" data-element_type=\"widget\" data-e-type=\"widget\" data-widget_type=\"image.default\">\n\t\t\t\t\t\t\t\t\t\t\t\t\t\t\t<img fetchpriority=\"high\" decoding=\"async\" width=\"800\" height=\"531\" src=\"https:\/\/defensepro.sk\/wp-content\/uploads\/2024\/09\/defensepro-db-image_09-1024x680.jpg\" class=\"attachment-large size-large wp-image-4948\" alt=\"\" srcset=\"https:\/\/defensepro.sk\/wp-content\/uploads\/2024\/09\/defensepro-db-image_09-1024x680.jpg 1024w, https:\/\/defensepro.sk\/wp-content\/uploads\/2024\/09\/defensepro-db-image_09-300x199.jpg 300w, https:\/\/defensepro.sk\/wp-content\/uploads\/2024\/09\/defensepro-db-image_09-768x510.jpg 768w, https:\/\/defensepro.sk\/wp-content\/uploads\/2024\/09\/defensepro-db-image_09-1536x1020.jpg 1536w, https:\/\/defensepro.sk\/wp-content\/uploads\/2024\/09\/defensepro-db-image_09-18x12.jpg 18w, https:\/\/defensepro.sk\/wp-content\/uploads\/2024\/09\/defensepro-db-image_09.jpg 1920w\" sizes=\"(max-width: 800px) 100vw, 800px\" \/>\t\t\t\t\t\t\t\t\t\t\t\t\t\t\t<\/div>\n\t\t\t\t<\/div>\n\t\t\t\t<\/div>\n\t\t<div data-particle_enable=\"false\" data-particle-mobile-disabled=\"false\" class=\"elementor-element elementor-element-2846848 e-con-full e-flex e-con e-child\" data-id=\"2846848\" data-element_type=\"container\" data-e-type=\"container\">\n\t\t<div data-particle_enable=\"false\" data-particle-mobile-disabled=\"false\" class=\"elementor-element elementor-element-646deda e-con-full e-flex e-con e-child\" data-id=\"646deda\" data-element_type=\"container\" data-e-type=\"container\">\n\t\t\t\t<div class=\"elementor-element elementor-element-0a46e68 elementor-widget elementor-widget-heading\" data-id=\"0a46e68\" data-element_type=\"widget\" data-e-type=\"widget\" data-widget_type=\"heading.default\">\n\t\t\t\t\t<h4 class=\"elementor-heading-title elementor-size-default\">va\u0161a slabina sa premen\u00ed na<\/h4>\t\t\t\t<\/div>\n\t\t\t\t<div class=\"elementor-element elementor-element-0ca750c elementor-widget elementor-widget-heading\" data-id=\"0ca750c\" data-element_type=\"widget\" data-e-type=\"widget\" data-widget_type=\"heading.default\">\n\t\t\t\t\t<h3 class=\"elementor-heading-title elementor-size-default\">pevn\u00fd bod podnikania<\/h3>\t\t\t\t<\/div>\n\t\t\t\t<div class=\"elementor-element elementor-element-790694f elementor-widget elementor-widget-eael-creative-button\" data-id=\"790694f\" data-element_type=\"widget\" data-e-type=\"widget\" data-widget_type=\"eael-creative-button.default\">\n\t\t\t\t\t        <div class=\"eael-creative-button-wrapper\">\n\n            <a class=\"eael-creative-button eael-creative-button--default\" href=\"https:\/\/defensepro.sk\/en\/kontakt\/\" data-text=\"Spojte sa\">\n            \t    \n                <div class=\"creative-button-inner\">\n\n                    \n                    <span class=\"cretive-button-text\">Contact us<\/span>\n\n                                            <span class=\"eael-creative-button-icon-right\"><i aria-hidden=\"true\" class=\"fas fa-angle-double-right\"><\/i><\/span>                                    <\/div>\n\t                        <\/a>\n        <\/div>\n        \t\t\t\t<\/div>\n\t\t\t\t<\/div>\n\t\t<div data-particle_enable=\"false\" data-particle-mobile-disabled=\"false\" class=\"elementor-element elementor-element-57779c4 e-con-full e-flex e-con e-child\" data-id=\"57779c4\" data-element_type=\"container\" data-e-type=\"container\">\n\t\t\t\t<div class=\"elementor-element elementor-element-7dbbcaa elementor-widget elementor-widget-text-editor\" data-id=\"7dbbcaa\" data-element_type=\"widget\" data-e-type=\"widget\" data-widget_type=\"text-editor.default\">\n\t\t\t\t\t\t\t\t\t<p>Je va\u0161\u00edm podnikan\u00edm preprava tovaru? Va\u0161a zodpovednos\u0165 kon\u010d\u00ed jeho odovzdan\u00edm. Je pre v\u00e1s d\u00f4le\u017eit\u00e1 ochrana va\u0161ej osoby a tak nechcete ponecha\u0165 v\u00fdsledok n\u00e1hode? Bezpe\u010dnostn\u00fd doprovod kami\u00f3nov alebo &#8222;Security Transport&#8220; je slu\u017eba pre v\u00e1s.<\/p><p>Na ceste k n\u00e1\u0161mu spolo\u010dn\u00e9mu cie\u013eu pou\u017e\u00edvame modern\u00e9 technologick\u00e9 zariadenia. Ochrana osoby pri preprave tovaru je na\u0161a \u0161pecializ\u00e1cia.<\/p><p>Pos\u00e1dku vozidla tvoria vy\u0161kolen\u00ed pracovn\u00edci s praxou v oblasti bezpe\u010dnosti, ktor\u00ed s\u00fa dr\u017eite\u013emi zbrojn\u00fdch preukazov.<\/p>\t\t\t\t\t\t\t\t<\/div>\n\t\t\t\t<\/div>\n\t\t\t\t<\/div>\n\t\t<div data-particle_enable=\"false\" data-particle-mobile-disabled=\"false\" class=\"elementor-element elementor-element-e374eb9 e-con-full e-flex e-con e-child\" data-id=\"e374eb9\" data-element_type=\"container\" data-e-type=\"container\">\n\t\t<div data-particle_enable=\"false\" data-particle-mobile-disabled=\"false\" class=\"elementor-element elementor-element-ffb094c e-con-full e-flex e-con e-child\" data-id=\"ffb094c\" data-element_type=\"container\" data-e-type=\"container\">\n\t\t\t\t<div class=\"elementor-element elementor-element-0d3d722 elementor-widget elementor-widget-text-editor\" data-id=\"0d3d722\" data-element_type=\"widget\" data-e-type=\"widget\" data-widget_type=\"text-editor.default\">\n\t\t\t\t\t\t\t\t\t<p>P\u00fdtate sa, ako to prebieha?<\/p><p>Trasa transportu so sprievodom SBS je vopred napl\u00e1novan\u00e1, prebieha pod drobnoh\u013eadom n\u00e1\u0161ho dispe\u010dingu. Dohliadame na plynulos\u0165 dopravy, spr\u00e1vy o dopravnej situ\u00e1cii a nadch\u00e1dzaj\u00facich zmen\u00e1ch hl\u00e1si dispe\u010der v\u0161etk\u00fdm z\u00fa\u010dastnen\u00fdm do vysiela\u010diek, pln\u00ed zadanie \u0161peci\u00e1lnych \u00faloh a jeho priorita je prijatie opatren\u00ed za \u00fa\u010delom ochrany majetku.\u00a0<\/p><p>U\u017e v \u0161tandarde vybav\u00edme va\u0161e vozidlo prenosn\u00fdm GPS zariaden\u00edm a\u00a0 pos\u00e1dku transportu vysiela\u010dkami.<\/p>\t\t\t\t\t\t\t\t<\/div>\n\t\t\t\t<\/div>\n\t\t<div data-particle_enable=\"false\" data-particle-mobile-disabled=\"false\" class=\"elementor-element elementor-element-5037214 e-con-full e-flex e-con e-child\" data-id=\"5037214\" data-element_type=\"container\" data-e-type=\"container\">\n\t\t\t\t<div class=\"elementor-element elementor-element-a32619f elementor-widget elementor-widget-image\" data-id=\"a32619f\" data-element_type=\"widget\" data-e-type=\"widget\" data-widget_type=\"image.default\">\n\t\t\t\t\t\t\t\t\t\t\t\t\t\t\t<img decoding=\"async\" width=\"800\" height=\"531\" src=\"https:\/\/defensepro.sk\/wp-content\/uploads\/2024\/09\/defensepro-db-image_02-1024x680.jpg\" class=\"attachment-large size-large wp-image-4941\" alt=\"\" srcset=\"https:\/\/defensepro.sk\/wp-content\/uploads\/2024\/09\/defensepro-db-image_02-1024x680.jpg 1024w, https:\/\/defensepro.sk\/wp-content\/uploads\/2024\/09\/defensepro-db-image_02-300x199.jpg 300w, https:\/\/defensepro.sk\/wp-content\/uploads\/2024\/09\/defensepro-db-image_02-768x510.jpg 768w, https:\/\/defensepro.sk\/wp-content\/uploads\/2024\/09\/defensepro-db-image_02-1536x1020.jpg 1536w, https:\/\/defensepro.sk\/wp-content\/uploads\/2024\/09\/defensepro-db-image_02-18x12.jpg 18w, https:\/\/defensepro.sk\/wp-content\/uploads\/2024\/09\/defensepro-db-image_02.jpg 1920w\" sizes=\"(max-width: 800px) 100vw, 800px\" \/>\t\t\t\t\t\t\t\t\t\t\t\t\t\t\t<\/div>\n\t\t\t\t<\/div>\n\t\t\t\t<\/div>\n\t\t<div data-particle_enable=\"false\" data-particle-mobile-disabled=\"false\" class=\"elementor-element elementor-element-bdeb1e9 e-con-full e-flex e-con e-child\" data-id=\"bdeb1e9\" data-element_type=\"container\" data-e-type=\"container\">\n\t\t<div data-particle_enable=\"false\" data-particle-mobile-disabled=\"false\" class=\"elementor-element elementor-element-2ec1da6 e-con-full e-flex e-con e-child\" data-id=\"2ec1da6\" data-element_type=\"container\" data-e-type=\"container\">\n\t\t\t\t<div class=\"elementor-element elementor-element-01a0e32 elementor-widget elementor-widget-image\" data-id=\"01a0e32\" data-element_type=\"widget\" data-e-type=\"widget\" data-widget_type=\"image.default\">\n\t\t\t\t\t\t\t\t\t\t\t\t\t\t\t<img decoding=\"async\" width=\"800\" height=\"384\" src=\"https:\/\/defensepro.sk\/wp-content\/uploads\/2021\/04\/IMG-200421-04-e1618958870129-1024x491.jpg\" class=\"attachment-large size-large wp-image-3176\" alt=\"\" srcset=\"https:\/\/defensepro.sk\/wp-content\/uploads\/2021\/04\/IMG-200421-04-e1618958870129-1024x491.jpg 1024w, https:\/\/defensepro.sk\/wp-content\/uploads\/2021\/04\/IMG-200421-04-e1618958870129-300x144.jpg 300w, https:\/\/defensepro.sk\/wp-content\/uploads\/2021\/04\/IMG-200421-04-e1618958870129-768x368.jpg 768w, https:\/\/defensepro.sk\/wp-content\/uploads\/2021\/04\/IMG-200421-04-e1618958870129-1536x737.jpg 1536w, https:\/\/defensepro.sk\/wp-content\/uploads\/2021\/04\/IMG-200421-04-e1618958870129.jpg 1920w\" sizes=\"(max-width: 800px) 100vw, 800px\" \/>\t\t\t\t\t\t\t\t\t\t\t\t\t\t\t<\/div>\n\t\t\t\t<\/div>\n\t\t<div data-particle_enable=\"false\" data-particle-mobile-disabled=\"false\" class=\"elementor-element elementor-element-deac33e e-con-full e-flex e-con e-child\" data-id=\"deac33e\" data-element_type=\"container\" data-e-type=\"container\">\n\t\t\t\t<div class=\"elementor-element elementor-element-1df1978 elementor-widget elementor-widget-text-editor\" data-id=\"1df1978\" data-element_type=\"widget\" data-e-type=\"widget\" data-widget_type=\"text-editor.default\">\n\t\t\t\t\t\t\t\t\t<p>Pos\u00e1dku vozidla tvoria vy\u0161kolen\u00ed a cvi\u010den\u00ed pracovn\u00edci s praxou v oblasti bezpe\u010dnosti, ktor\u00ed s\u00fa dr\u017eite\u013emi zbrojn\u00fdch preukazov.<\/p><p>Ochrann\u00e9 prostriedky a balistick\u00e1 ochrana pos\u00e1dky sprievodn\u00e9ho vozidla s\u00fa samozrejmos\u0165ou. \u00darove\u0148 ochrany zvol\u00edme v z\u00e1vislosti od vonkaj\u0161\u00edch okolnost\u00ed a hodnoty majetku chr\u00e1nen\u00e9ho po\u010das prepravy.<\/p><p>Pon\u00fakame v\u00e1m slu\u017eby pracovn\u00edkov, vy\u0161kolen\u00fdch a vybaven\u00fdch, nie len na \u00fa\u010del ochrany. S\u00fa\u010das\u0165ou na\u0161ich schopnost\u00ed je z\u00e1chrana \u013eudsk\u00e9ho \u017eivota. By\u0165 pripraven\u00fd na komplik\u00e1cie je pre n\u00e1s polovicou \u00faspechu.<\/p>\t\t\t\t\t\t\t\t<\/div>\n\t\t\t\t<\/div>\n\t\t\t\t<\/div>\n\t\t\t\t<\/div>\n\t\t\t\t\t<\/div>\n\t\t\t\t<\/section>\n\t\t\t\t<\/div>","protected":false},"excerpt":{"rendered":"<p>Bezpe\u010dnostn\u00fd doprovod Preprava hotovosti Potrebujete ochr\u00e1ni\u0165 svoje podnikanie a nastavi\u0165 re\u017eim, ktor\u00fd v\u00e1m dopraje pokojn\u00fd sp\u00e1nok? Nemus\u00edte by\u0165 pri v\u0161etkom. Obr\u00e1\u0165te sa na n\u00e1s, va\u0161a slabina sa premen\u00ed na pevn\u00fd bod v\u00e1\u0161ho podnikania. Na va\u0161u prev\u00e1dzku pr\u00eddeme vo vopred ur\u010den\u00fd \u010das, finan\u010dn\u00fd obnos prevezmeme a bezpe\u010dne preprav\u00edme. Na prepravu hotovosti pou\u017e\u00edvame auto s ozna\u010den\u00edm &#8222;Z\u00e1sahov\u00e9 [&hellip;]<\/p>\n","protected":false},"author":1,"featured_media":4307,"parent":37,"menu_order":4,"comment_status":"closed","ping_status":"closed","template":"","meta":{"_acf_changed":false,"footnotes":""},"class_list":["post-54","page","type-page","status-publish","has-post-thumbnail","hentry"],"acf":[],"yoast_head":"<!-- This site is optimized with the Yoast SEO plugin v27.1.1 - https:\/\/yoast.com\/product\/yoast-seo-wordpress\/ -->\n<title>Preprava hotovosti a bezpe\u010dnostn\u00fd doprovod &#187; Defense Pro<\/title>\n<meta name=\"description\" content=\"Na\u0161e \u0161peci\u00e1lne slu\u017eby: Bezpe\u010dnostn\u00fd doprovod &amp; Preprava hotovosti. Spo\u013eahnite sa na n\u00e1s: S\u00fakromn\u00e1 bezpe\u010dnostn\u00e1 slu\u017eba - Defense Pro.\" \/>\n<meta name=\"robots\" content=\"index, follow, max-snippet:-1, max-image-preview:large, max-video-preview:-1\" \/>\n<link rel=\"canonical\" href=\"https:\/\/defensepro.sk\/en\/sluzby\/bezpecnostna-sluzba\/preprava-hotovosti\/\" \/>\n<meta property=\"og:locale\" content=\"en_US\" \/>\n<meta property=\"og:type\" content=\"article\" \/>\n<meta property=\"og:title\" content=\"Preprava hotovosti a bezpe\u010dnostn\u00fd doprovod &#187; Defense Pro\" \/>\n<meta property=\"og:description\" content=\"Na\u0161e \u0161peci\u00e1lne slu\u017eby: Bezpe\u010dnostn\u00fd doprovod &amp; Preprava hotovosti. Spo\u013eahnite sa na n\u00e1s: S\u00fakromn\u00e1 bezpe\u010dnostn\u00e1 slu\u017eba - Defense Pro.\" \/>\n<meta property=\"og:url\" content=\"https:\/\/defensepro.sk\/en\/sluzby\/bezpecnostna-sluzba\/preprava-hotovosti\/\" \/>\n<meta property=\"og:site_name\" content=\"Defense Pro\" \/>\n<meta property=\"article:modified_time\" content=\"2024-09-13T11:22:39+00:00\" \/>\n<meta property=\"og:image\" content=\"https:\/\/defensepro.sk\/wp-content\/uploads\/2022\/04\/defensepro-thumbnail_v2.jpg\" \/>\n\t<meta property=\"og:image:width\" content=\"1024\" \/>\n\t<meta property=\"og:image:height\" content=\"1024\" \/>\n\t<meta property=\"og:image:type\" content=\"image\/jpeg\" \/>\n<meta name=\"twitter:card\" content=\"summary_large_image\" \/>\n<meta name=\"twitter:label1\" content=\"Est. reading time\" \/>\n\t<meta name=\"twitter:data1\" content=\"3 minutes\" \/>\n<script type=\"application\/ld+json\" class=\"yoast-schema-graph\">{\"@context\":\"https:\/\/schema.org\",\"@graph\":[{\"@type\":\"WebPage\",\"@id\":\"https:\/\/defensepro.sk\/sluzby\/bezpecnostna-sluzba\/preprava-hotovosti\/\",\"url\":\"https:\/\/defensepro.sk\/sluzby\/bezpecnostna-sluzba\/preprava-hotovosti\/\",\"name\":\"Preprava hotovosti a bezpe\u010dnostn\u00fd doprovod &#187; Defense Pro\",\"isPartOf\":{\"@id\":\"https:\/\/defensepro.sk\/#website\"},\"primaryImageOfPage\":{\"@id\":\"https:\/\/defensepro.sk\/sluzby\/bezpecnostna-sluzba\/preprava-hotovosti\/#primaryimage\"},\"image\":{\"@id\":\"https:\/\/defensepro.sk\/sluzby\/bezpecnostna-sluzba\/preprava-hotovosti\/#primaryimage\"},\"thumbnailUrl\":\"https:\/\/defensepro.sk\/wp-content\/uploads\/2022\/04\/defensepro-thumbnail_v2.jpg\",\"datePublished\":\"2021-01-05T18:29:59+00:00\",\"dateModified\":\"2024-09-13T11:22:39+00:00\",\"description\":\"Na\u0161e \u0161peci\u00e1lne slu\u017eby: Bezpe\u010dnostn\u00fd doprovod & Preprava hotovosti. Spo\u013eahnite sa na n\u00e1s: S\u00fakromn\u00e1 bezpe\u010dnostn\u00e1 slu\u017eba - Defense Pro.\",\"breadcrumb\":{\"@id\":\"https:\/\/defensepro.sk\/sluzby\/bezpecnostna-sluzba\/preprava-hotovosti\/#breadcrumb\"},\"inLanguage\":\"en-US\",\"potentialAction\":[{\"@type\":\"ReadAction\",\"target\":[\"https:\/\/defensepro.sk\/sluzby\/bezpecnostna-sluzba\/preprava-hotovosti\/\"]}]},{\"@type\":\"ImageObject\",\"inLanguage\":\"en-US\",\"@id\":\"https:\/\/defensepro.sk\/sluzby\/bezpecnostna-sluzba\/preprava-hotovosti\/#primaryimage\",\"url\":\"https:\/\/defensepro.sk\/wp-content\/uploads\/2022\/04\/defensepro-thumbnail_v2.jpg\",\"contentUrl\":\"https:\/\/defensepro.sk\/wp-content\/uploads\/2022\/04\/defensepro-thumbnail_v2.jpg\",\"width\":1024,\"height\":1024},{\"@type\":\"BreadcrumbList\",\"@id\":\"https:\/\/defensepro.sk\/sluzby\/bezpecnostna-sluzba\/preprava-hotovosti\/#breadcrumb\",\"itemListElement\":[{\"@type\":\"ListItem\",\"position\":1,\"name\":\"Home\",\"item\":\"https:\/\/defensepro.sk\/\"},{\"@type\":\"ListItem\",\"position\":2,\"name\":\"Slu\u017eby\",\"item\":\"https:\/\/defensepro.sk\/sluzby\/\"},{\"@type\":\"ListItem\",\"position\":3,\"name\":\"Str\u00e1\u017ena slu\u017eba\",\"item\":\"https:\/\/defensepro.sk\/sluzby\/bezpecnostna-sluzba\/\"},{\"@type\":\"ListItem\",\"position\":4,\"name\":\"Preprava hotovosti a bezpe\u010dnostn\u00fd doprovod\"}]},{\"@type\":\"WebSite\",\"@id\":\"https:\/\/defensepro.sk\/#website\",\"url\":\"https:\/\/defensepro.sk\/\",\"name\":\"Defense Pro\",\"description\":\"\",\"publisher\":{\"@id\":\"https:\/\/defensepro.sk\/#organization\"},\"potentialAction\":[{\"@type\":\"SearchAction\",\"target\":{\"@type\":\"EntryPoint\",\"urlTemplate\":\"https:\/\/defensepro.sk\/?s={search_term_string}\"},\"query-input\":{\"@type\":\"PropertyValueSpecification\",\"valueRequired\":true,\"valueName\":\"search_term_string\"}}],\"inLanguage\":\"en-US\"},{\"@type\":\"Organization\",\"@id\":\"https:\/\/defensepro.sk\/#organization\",\"name\":\"Defense Pro\",\"url\":\"https:\/\/defensepro.sk\/\",\"logo\":{\"@type\":\"ImageObject\",\"inLanguage\":\"en-US\",\"@id\":\"https:\/\/defensepro.sk\/#\/schema\/logo\/image\/\",\"url\":\"https:\/\/defensepro.sk\/wp-content\/uploads\/2022\/04\/defensepro-thumbnail_v2.jpg\",\"contentUrl\":\"https:\/\/defensepro.sk\/wp-content\/uploads\/2022\/04\/defensepro-thumbnail_v2.jpg\",\"width\":1024,\"height\":1024,\"caption\":\"Defense Pro\"},\"image\":{\"@id\":\"https:\/\/defensepro.sk\/#\/schema\/logo\/image\/\"}}]}<\/script>\n<!-- \/ Yoast SEO plugin. -->","yoast_head_json":{"title":"Preprava hotovosti a bezpe\u010dnostn\u00fd doprovod &#187; Defense Pro","description":"Na\u0161e \u0161peci\u00e1lne slu\u017eby: Bezpe\u010dnostn\u00fd doprovod & Preprava hotovosti. Spo\u013eahnite sa na n\u00e1s: S\u00fakromn\u00e1 bezpe\u010dnostn\u00e1 slu\u017eba - Defense Pro.","robots":{"index":"index","follow":"follow","max-snippet":"max-snippet:-1","max-image-preview":"max-image-preview:large","max-video-preview":"max-video-preview:-1"},"canonical":"https:\/\/defensepro.sk\/en\/sluzby\/bezpecnostna-sluzba\/preprava-hotovosti\/","og_locale":"en_US","og_type":"article","og_title":"Preprava hotovosti a bezpe\u010dnostn\u00fd doprovod &#187; Defense Pro","og_description":"Na\u0161e \u0161peci\u00e1lne slu\u017eby: Bezpe\u010dnostn\u00fd doprovod & Preprava hotovosti. Spo\u013eahnite sa na n\u00e1s: S\u00fakromn\u00e1 bezpe\u010dnostn\u00e1 slu\u017eba - Defense Pro.","og_url":"https:\/\/defensepro.sk\/en\/sluzby\/bezpecnostna-sluzba\/preprava-hotovosti\/","og_site_name":"Defense Pro","article_modified_time":"2024-09-13T11:22:39+00:00","og_image":[{"width":1024,"height":1024,"url":"https:\/\/defensepro.sk\/wp-content\/uploads\/2022\/04\/defensepro-thumbnail_v2.jpg","type":"image\/jpeg"}],"twitter_card":"summary_large_image","twitter_misc":{"Est. reading time":"3 minutes"},"schema":{"@context":"https:\/\/schema.org","@graph":[{"@type":"WebPage","@id":"https:\/\/defensepro.sk\/sluzby\/bezpecnostna-sluzba\/preprava-hotovosti\/","url":"https:\/\/defensepro.sk\/sluzby\/bezpecnostna-sluzba\/preprava-hotovosti\/","name":"Preprava hotovosti a bezpe\u010dnostn\u00fd doprovod &#187; Defense Pro","isPartOf":{"@id":"https:\/\/defensepro.sk\/#website"},"primaryImageOfPage":{"@id":"https:\/\/defensepro.sk\/sluzby\/bezpecnostna-sluzba\/preprava-hotovosti\/#primaryimage"},"image":{"@id":"https:\/\/defensepro.sk\/sluzby\/bezpecnostna-sluzba\/preprava-hotovosti\/#primaryimage"},"thumbnailUrl":"https:\/\/defensepro.sk\/wp-content\/uploads\/2022\/04\/defensepro-thumbnail_v2.jpg","datePublished":"2021-01-05T18:29:59+00:00","dateModified":"2024-09-13T11:22:39+00:00","description":"Na\u0161e \u0161peci\u00e1lne slu\u017eby: Bezpe\u010dnostn\u00fd doprovod & Preprava hotovosti. Spo\u013eahnite sa na n\u00e1s: S\u00fakromn\u00e1 bezpe\u010dnostn\u00e1 slu\u017eba - Defense Pro.","breadcrumb":{"@id":"https:\/\/defensepro.sk\/sluzby\/bezpecnostna-sluzba\/preprava-hotovosti\/#breadcrumb"},"inLanguage":"en-US","potentialAction":[{"@type":"ReadAction","target":["https:\/\/defensepro.sk\/sluzby\/bezpecnostna-sluzba\/preprava-hotovosti\/"]}]},{"@type":"ImageObject","inLanguage":"en-US","@id":"https:\/\/defensepro.sk\/sluzby\/bezpecnostna-sluzba\/preprava-hotovosti\/#primaryimage","url":"https:\/\/defensepro.sk\/wp-content\/uploads\/2022\/04\/defensepro-thumbnail_v2.jpg","contentUrl":"https:\/\/defensepro.sk\/wp-content\/uploads\/2022\/04\/defensepro-thumbnail_v2.jpg","width":1024,"height":1024},{"@type":"BreadcrumbList","@id":"https:\/\/defensepro.sk\/sluzby\/bezpecnostna-sluzba\/preprava-hotovosti\/#breadcrumb","itemListElement":[{"@type":"ListItem","position":1,"name":"Home","item":"https:\/\/defensepro.sk\/"},{"@type":"ListItem","position":2,"name":"Slu\u017eby","item":"https:\/\/defensepro.sk\/sluzby\/"},{"@type":"ListItem","position":3,"name":"Str\u00e1\u017ena slu\u017eba","item":"https:\/\/defensepro.sk\/sluzby\/bezpecnostna-sluzba\/"},{"@type":"ListItem","position":4,"name":"Preprava hotovosti a bezpe\u010dnostn\u00fd doprovod"}]},{"@type":"WebSite","@id":"https:\/\/defensepro.sk\/#website","url":"https:\/\/defensepro.sk\/","name":"Defense Pro","description":"","publisher":{"@id":"https:\/\/defensepro.sk\/#organization"},"potentialAction":[{"@type":"SearchAction","target":{"@type":"EntryPoint","urlTemplate":"https:\/\/defensepro.sk\/?s={search_term_string}"},"query-input":{"@type":"PropertyValueSpecification","valueRequired":true,"valueName":"search_term_string"}}],"inLanguage":"en-US"},{"@type":"Organization","@id":"https:\/\/defensepro.sk\/#organization","name":"Defense Pro","url":"https:\/\/defensepro.sk\/","logo":{"@type":"ImageObject","inLanguage":"en-US","@id":"https:\/\/defensepro.sk\/#\/schema\/logo\/image\/","url":"https:\/\/defensepro.sk\/wp-content\/uploads\/2022\/04\/defensepro-thumbnail_v2.jpg","contentUrl":"https:\/\/defensepro.sk\/wp-content\/uploads\/2022\/04\/defensepro-thumbnail_v2.jpg","width":1024,"height":1024,"caption":"Defense Pro"},"image":{"@id":"https:\/\/defensepro.sk\/#\/schema\/logo\/image\/"}}]}},"_links":{"self":[{"href":"https:\/\/defensepro.sk\/en\/wp-json\/wp\/v2\/pages\/54","targetHints":{"allow":["GET"]}}],"collection":[{"href":"https:\/\/defensepro.sk\/en\/wp-json\/wp\/v2\/pages"}],"about":[{"href":"https:\/\/defensepro.sk\/en\/wp-json\/wp\/v2\/types\/page"}],"author":[{"embeddable":true,"href":"https:\/\/defensepro.sk\/en\/wp-json\/wp\/v2\/users\/1"}],"replies":[{"embeddable":true,"href":"https:\/\/defensepro.sk\/en\/wp-json\/wp\/v2\/comments?post=54"}],"version-history":[{"count":0,"href":"https:\/\/defensepro.sk\/en\/wp-json\/wp\/v2\/pages\/54\/revisions"}],"up":[{"embeddable":true,"href":"https:\/\/defensepro.sk\/en\/wp-json\/wp\/v2\/pages\/37"}],"wp:featuredmedia":[{"embeddable":true,"href":"https:\/\/defensepro.sk\/en\/wp-json\/wp\/v2\/media\/4307"}],"wp:attachment":[{"href":"https:\/\/defensepro.sk\/en\/wp-json\/wp\/v2\/media?parent=54"}],"curies":[{"name":"wp","href":"https:\/\/api.w.org\/{rel}","templated":true}]}}