{"id":52,"date":"2021-01-05T19:29:30","date_gmt":"2021-01-05T18:29:30","guid":{"rendered":"https:\/\/defensepro.sk\/?page_id=52"},"modified":"2024-09-13T13:22:53","modified_gmt":"2024-09-13T11:22:53","slug":"osobna-ochrana-klienta","status":"publish","type":"page","link":"https:\/\/defensepro.sk\/en\/sluzby\/bezpecnostna-sluzba\/osobna-ochrana-klienta\/","title":{"rendered":"Osobn\u00e1 ochrana klienta"},"content":{"rendered":"<div data-elementor-type=\"wp-page\" data-elementor-id=\"52\" class=\"elementor elementor-52\" data-elementor-post-type=\"page\">\n\t\t\t\t<header data-particle_enable=\"false\" data-particle-mobile-disabled=\"false\" class=\"elementor-element elementor-element-f9ed076 e-flex e-con-boxed e-con e-parent\" data-id=\"f9ed076\" data-element_type=\"container\" data-e-type=\"container\">\n\t\t\t\t\t<div class=\"e-con-inner\">\n\t\t<div data-particle_enable=\"false\" data-particle-mobile-disabled=\"false\" class=\"elementor-element elementor-element-07f1cac e-con-full e-flex e-con e-child\" data-id=\"07f1cac\" data-element_type=\"container\" data-e-type=\"container\">\n\t\t\t\t<div class=\"elementor-element elementor-element-89b30ce elementor-align-center elementor-widget elementor-widget-button\" data-id=\"89b30ce\" data-element_type=\"widget\" data-e-type=\"widget\" data-widget_type=\"button.default\">\n\t\t\t\t\t\t\t\t\t\t<a class=\"elementor-button elementor-size-sm\" role=\"button\">\n\t\t\t\t\t\t<span class=\"elementor-button-content-wrapper\">\n\t\t\t\t\t\t\t\t\t<span class=\"elementor-button-text\">profesionalita na prvom mieste<\/span>\n\t\t\t\t\t<\/span>\n\t\t\t\t\t<\/a>\n\t\t\t\t\t\t\t\t<\/div>\n\t\t\t\t<div class=\"elementor-element elementor-element-db1d1ca elementor-widget elementor-widget-heading\" data-id=\"db1d1ca\" data-element_type=\"widget\" data-e-type=\"widget\" data-widget_type=\"heading.default\">\n\t\t\t\t\t<h2 class=\"elementor-heading-title elementor-size-default\">personal bodyguard<\/h2>\t\t\t\t<\/div>\n\t\t\t\t<\/div>\n\t\t\t\t\t<\/div>\n\t\t\t\t<\/header>\n\t\t<section data-particle_enable=\"false\" data-particle-mobile-disabled=\"false\" class=\"elementor-element elementor-element-06e8c69 e-flex e-con-boxed e-con e-parent\" data-id=\"06e8c69\" data-element_type=\"container\" data-e-type=\"container\">\n\t\t\t\t\t<div class=\"e-con-inner\">\n\t\t<div data-particle_enable=\"false\" data-particle-mobile-disabled=\"false\" class=\"elementor-element elementor-element-716dfd4 e-con-full e-flex e-con e-child\" data-id=\"716dfd4\" data-element_type=\"container\" data-e-type=\"container\">\n\t\t<div data-particle_enable=\"false\" data-particle-mobile-disabled=\"false\" class=\"elementor-element elementor-element-59e0905 e-con-full e-flex e-con e-child\" data-id=\"59e0905\" data-element_type=\"container\" data-e-type=\"container\">\n\t\t<div data-particle_enable=\"false\" data-particle-mobile-disabled=\"false\" class=\"elementor-element elementor-element-e0ca399 e-con-full e-flex e-con e-child\" data-id=\"e0ca399\" data-element_type=\"container\" data-e-type=\"container\">\n\t\t\t\t<div class=\"elementor-element elementor-element-f6f8fa9 elementor-widget elementor-widget-text-editor\" data-id=\"f6f8fa9\" data-element_type=\"widget\" data-e-type=\"widget\" data-widget_type=\"text-editor.default\">\n\t\t\t\t\t\t\t\t\t<p>Pon\u00fakame v\u00e1m spolo\u010dnos\u0165, ktor\u00e1 v\u00e1m dod\u00e1 istotu.<\/p><p>Sprev\u00e1dzame na\u0161ich klientov na obchodn\u00e9 rokovania, dra\u017eby, aukcie, pri preprave finan\u010dnej hotovosti a cenn\u00fdch predmetov.<\/p><p>K osobnej ochrane neoddelite\u013ene patr\u00ed fyzick\u00e1 ochrana rodinn\u00fdch pr\u00edslu\u0161n\u00edkov klienta. Sprev\u00e1dzanie det\u00ed do a zo \u0161koly, kr\u00fa\u017ekov, tr\u00e9ningov, na spolo\u010densk\u00fdch a kult\u00farnych podujatiach.\u00a0<\/p><p>Pon\u00fakame v\u00e1m pravideln\u00e9 ako i nepravideln\u00e9 monitorovanie objektov a sprev\u00e1dzanie pri slu\u017eobn\u00fdch cest\u00e1ch, obr\u00e1\u0165te sa na n\u00e1s.<\/p>\t\t\t\t\t\t\t\t<\/div>\n\t\t\t\t<\/div>\n\t\t<div data-particle_enable=\"false\" data-particle-mobile-disabled=\"false\" class=\"elementor-element elementor-element-426452a e-con-full e-flex e-con e-child\" data-id=\"426452a\" data-element_type=\"container\" data-e-type=\"container\">\n\t\t\t\t<div class=\"elementor-element elementor-element-2939f73 elementor-widget elementor-widget-image\" data-id=\"2939f73\" data-element_type=\"widget\" data-e-type=\"widget\" data-widget_type=\"image.default\">\n\t\t\t\t\t\t\t\t\t\t\t\t\t\t\t<img fetchpriority=\"high\" decoding=\"async\" width=\"800\" height=\"531\" src=\"https:\/\/defensepro.sk\/wp-content\/uploads\/2024\/09\/defensepro-db-image_09-1024x680.jpg\" class=\"attachment-large size-large wp-image-4948\" alt=\"\" srcset=\"https:\/\/defensepro.sk\/wp-content\/uploads\/2024\/09\/defensepro-db-image_09-1024x680.jpg 1024w, https:\/\/defensepro.sk\/wp-content\/uploads\/2024\/09\/defensepro-db-image_09-300x199.jpg 300w, https:\/\/defensepro.sk\/wp-content\/uploads\/2024\/09\/defensepro-db-image_09-768x510.jpg 768w, https:\/\/defensepro.sk\/wp-content\/uploads\/2024\/09\/defensepro-db-image_09-1536x1020.jpg 1536w, https:\/\/defensepro.sk\/wp-content\/uploads\/2024\/09\/defensepro-db-image_09-18x12.jpg 18w, https:\/\/defensepro.sk\/wp-content\/uploads\/2024\/09\/defensepro-db-image_09.jpg 1920w\" sizes=\"(max-width: 800px) 100vw, 800px\" \/>\t\t\t\t\t\t\t\t\t\t\t\t\t\t\t<\/div>\n\t\t\t\t<\/div>\n\t\t\t\t<\/div>\n\t\t<div data-particle_enable=\"false\" data-particle-mobile-disabled=\"false\" class=\"elementor-element elementor-element-078dfcd e-con-full e-flex e-con e-child\" data-id=\"078dfcd\" data-element_type=\"container\" data-e-type=\"container\">\n\t\t<div data-particle_enable=\"false\" data-particle-mobile-disabled=\"false\" class=\"elementor-element elementor-element-4162a4d e-con-full e-flex e-con e-child\" data-id=\"4162a4d\" data-element_type=\"container\" data-e-type=\"container\">\n\t\t\t\t<div class=\"elementor-element elementor-element-c2c2630 elementor-widget elementor-widget-heading\" data-id=\"c2c2630\" data-element_type=\"widget\" data-e-type=\"widget\" data-widget_type=\"heading.default\">\n\t\t\t\t\t<h4 class=\"elementor-heading-title elementor-size-default\">Pon\u00fakame v\u00e1m spolo\u010dnos\u0165<\/h4>\t\t\t\t<\/div>\n\t\t\t\t<div class=\"elementor-element elementor-element-4fb3279 elementor-widget elementor-widget-heading\" data-id=\"4fb3279\" data-element_type=\"widget\" data-e-type=\"widget\" data-widget_type=\"heading.default\">\n\t\t\t\t\t<h3 class=\"elementor-heading-title elementor-size-default\">ktor\u00e1 dod\u00e1 istotu<\/h3>\t\t\t\t<\/div>\n\t\t\t\t<div class=\"elementor-element elementor-element-682751c elementor-widget elementor-widget-eael-creative-button\" data-id=\"682751c\" data-element_type=\"widget\" data-e-type=\"widget\" data-widget_type=\"eael-creative-button.default\">\n\t\t\t\t\t        <div class=\"eael-creative-button-wrapper\">\n\n            <a class=\"eael-creative-button eael-creative-button--default\" href=\"https:\/\/defensepro.sk\/en\/kontakt\/\" data-text=\"Spojte sa\">\n            \t    \n                <div class=\"creative-button-inner\">\n\n                    \n                    <span class=\"cretive-button-text\">Contact us<\/span>\n\n                                            <span class=\"eael-creative-button-icon-right\"><i aria-hidden=\"true\" class=\"fas fa-angle-double-right\"><\/i><\/span>                                    <\/div>\n\t                        <\/a>\n        <\/div>\n        \t\t\t\t<\/div>\n\t\t\t\t<\/div>\n\t\t<div data-particle_enable=\"false\" data-particle-mobile-disabled=\"false\" class=\"elementor-element elementor-element-83371d4 e-con-full e-flex e-con e-child\" data-id=\"83371d4\" data-element_type=\"container\" data-e-type=\"container\">\n\t\t\t\t<div class=\"elementor-element elementor-element-505c7b7 elementor-widget elementor-widget-text-editor\" data-id=\"505c7b7\" data-element_type=\"widget\" data-e-type=\"widget\" data-widget_type=\"text-editor.default\">\n\t\t\t\t\t\t\t\t\t<p>Z\u00e1kladom na\u0161ej pr\u00e1ce je v\u0161etk\u00fdmi mo\u017en\u00fdmi a dostupn\u00fdmi opatreniami predch\u00e1dza\u0165 hrozb\u00e1m, ktor\u00e9 ohrozuj\u00fa klienta a neobmedzova\u0165 ho v\u00fdkonom svojej \u010dinnosti.<\/p><p>Kladieme d\u00f4raz na komfort. Osobn\u00fd str\u00e1\u017eca z na\u0161ich radov je profesion\u00e1l, ktor\u00e9ho si prajete ma\u0165 po svojom boku nie len vtedy, ke\u010f sa nie\u010do pokaz\u00ed.<\/p><p>Sme pravidelne \u0161kolen\u00ed a tr\u00e9novan\u00ed so zameran\u00edm na vysok\u00fa mieru pozornosti, aby sme pri v\u00fdkone ochrany na 100% vn\u00edmali svoje okolie a dok\u00e1zali tak v\u010das zaznamena\u0165 rozdiely, ktor\u00e9 m\u00f4\u017eu by\u0165 indik\u00e1tormi bl\u00ed\u017eiaceho sa \u00fatoku alebo kr\u00edzovej situ\u00e1cie.<\/p>\t\t\t\t\t\t\t\t<\/div>\n\t\t\t\t<\/div>\n\t\t\t\t<\/div>\n\t\t<div data-particle_enable=\"false\" data-particle-mobile-disabled=\"false\" class=\"elementor-element elementor-element-29db9df e-con-full e-flex e-con e-child\" data-id=\"29db9df\" data-element_type=\"container\" data-e-type=\"container\">\n\t\t<div data-particle_enable=\"false\" data-particle-mobile-disabled=\"false\" class=\"elementor-element elementor-element-d4eaab5 e-con-full e-flex e-con e-child\" data-id=\"d4eaab5\" data-element_type=\"container\" data-e-type=\"container\">\n\t\t\t\t<div class=\"elementor-element elementor-element-b0e87e9 elementor-widget elementor-widget-text-editor\" data-id=\"b0e87e9\" data-element_type=\"widget\" data-e-type=\"widget\" data-widget_type=\"text-editor.default\">\n\t\t\t\t\t\t\t\t\t<p>Pri pr\u00e1ci na\u0161ich Bodyguardov je samozrejmos\u0165ou bezpe\u010dnostn\u00e9 vzdelanie a ovl\u00e1danie platnej legislat\u00edvy.<\/p><p>Na\u0161i pracovn\u00edci s\u00fa dr\u017eite\u013emi zbrojn\u00fdch preukazov, certifik\u00e1tov pre v\u00fdkon osobnej ochrany a maj\u00fa bezpe\u010dnostn\u00fa prax.<\/p><p>Na pravidelnej b\u00e1ze s\u00fa \u0161kolen\u00ed nie len z taktiky vykon\u00e1vania ochrany, ale aj postupov o\u0161etrenia zranen\u00ed a z\u00e1chrany \u013eudsk\u00e9ho \u017eivota.<\/p>\t\t\t\t\t\t\t\t<\/div>\n\t\t\t\t<\/div>\n\t\t<div data-particle_enable=\"false\" data-particle-mobile-disabled=\"false\" class=\"elementor-element elementor-element-3b1254b e-con-full e-flex e-con e-child\" data-id=\"3b1254b\" data-element_type=\"container\" data-e-type=\"container\">\n\t\t\t\t<div class=\"elementor-element elementor-element-02ed551 elementor-widget elementor-widget-image\" data-id=\"02ed551\" data-element_type=\"widget\" data-e-type=\"widget\" data-widget_type=\"image.default\">\n\t\t\t\t\t\t\t\t\t\t\t\t\t\t\t<img decoding=\"async\" width=\"800\" height=\"250\" src=\"https:\/\/defensepro.sk\/wp-content\/uploads\/2021\/04\/osobna-ochrana-800x250-1.jpg\" class=\"attachment-large size-large wp-image-2945\" alt=\"\" srcset=\"https:\/\/defensepro.sk\/wp-content\/uploads\/2021\/04\/osobna-ochrana-800x250-1.jpg 800w, https:\/\/defensepro.sk\/wp-content\/uploads\/2021\/04\/osobna-ochrana-800x250-1-300x94.jpg 300w, https:\/\/defensepro.sk\/wp-content\/uploads\/2021\/04\/osobna-ochrana-800x250-1-768x240.jpg 768w\" sizes=\"(max-width: 800px) 100vw, 800px\" \/>\t\t\t\t\t\t\t\t\t\t\t\t\t\t\t<\/div>\n\t\t\t\t<\/div>\n\t\t\t\t<\/div>\n\t\t<div data-particle_enable=\"false\" data-particle-mobile-disabled=\"false\" class=\"elementor-element elementor-element-6d3a6aa e-con-full e-flex e-con e-child\" data-id=\"6d3a6aa\" data-element_type=\"container\" data-e-type=\"container\">\n\t\t<div data-particle_enable=\"false\" data-particle-mobile-disabled=\"false\" class=\"elementor-element elementor-element-12431af e-con-full e-flex e-con e-child\" data-id=\"12431af\" data-element_type=\"container\" data-e-type=\"container\">\n\t\t\t\t<div class=\"elementor-element elementor-element-d245335 elementor-widget elementor-widget-heading\" data-id=\"d245335\" data-element_type=\"widget\" data-e-type=\"widget\" data-widget_type=\"heading.default\">\n\t\t\t\t\t<h4 class=\"elementor-heading-title elementor-size-default\">Sme profesion\u00e1li, ktor\u00fdch si prajete<\/h4>\t\t\t\t<\/div>\n\t\t\t\t<div class=\"elementor-element elementor-element-e22da44 elementor-widget elementor-widget-heading\" data-id=\"e22da44\" data-element_type=\"widget\" data-e-type=\"widget\" data-widget_type=\"heading.default\">\n\t\t\t\t\t<h3 class=\"elementor-heading-title elementor-size-default\">ma\u0165 po svojom boku<\/h3>\t\t\t\t<\/div>\n\t\t\t\t<div class=\"elementor-element elementor-element-100bae4 elementor-widget elementor-widget-eael-creative-button\" data-id=\"100bae4\" data-element_type=\"widget\" data-e-type=\"widget\" data-widget_type=\"eael-creative-button.default\">\n\t\t\t\t\t        <div class=\"eael-creative-button-wrapper\">\n\n            <a class=\"eael-creative-button eael-creative-button--default\" href=\"https:\/\/defensepro.sk\/en\/kontakt\/\" data-text=\"Spojte sa\">\n            \t    \n                <div class=\"creative-button-inner\">\n\n                    \n                    <span class=\"cretive-button-text\">Contact us<\/span>\n\n                                            <span class=\"eael-creative-button-icon-right\"><i aria-hidden=\"true\" class=\"fas fa-angle-double-right\"><\/i><\/span>                                    <\/div>\n\t                        <\/a>\n        <\/div>\n        \t\t\t\t<\/div>\n\t\t\t\t<\/div>\n\t\t<div data-particle_enable=\"false\" data-particle-mobile-disabled=\"false\" class=\"elementor-element elementor-element-aaeb8eb e-con-full e-flex e-con e-child\" data-id=\"aaeb8eb\" data-element_type=\"container\" data-e-type=\"container\">\n\t\t\t\t<div class=\"elementor-element elementor-element-872eba7 elementor-widget elementor-widget-text-editor\" data-id=\"872eba7\" data-element_type=\"widget\" data-e-type=\"widget\" data-widget_type=\"text-editor.default\">\n\t\t\t\t\t\t\t\t\t<p>Sme si vedom\u00ed, \u017ee pri rie\u0161en\u00ed kr\u00edzov\u00fdch situ\u00e1ci\u00ed je potrebn\u00e9 okam\u017eite zakro\u010di\u0165 s oh\u013eadom na bezpe\u010dnos\u0165 a zdravie nie len na\u0161ich klientov, ale i v\u0161etk\u00fdch z\u00fa\u010dastnen\u00fdch os\u00f4b.<\/p>\n<p>Osobn\u00e1 ochrana je slu\u017eba, v ktorej rozhoduj\u00fa najm\u00e4 sk\u00fasenosti a osobnostn\u00e9 predpoklady.<\/p>\n<p>K vypracovaniu ponuky prist\u00fapime po odbornej konzult\u00e1cii a \u0161pecifikovan\u00ed va\u0161ich potrieb.<\/p>\n<p>Sme pripraven\u00ed a vybaven\u00ed na ka\u017ed\u00fa pr\u00edle\u017eitos\u0165, sta\u010d\u00ed n\u00e1s kontaktova\u0165.<\/p>\t\t\t\t\t\t\t\t<\/div>\n\t\t\t\t<\/div>\n\t\t\t\t<\/div>\n\t\t\t\t<\/div>\n\t\t\t\t\t<\/div>\n\t\t\t\t<\/section>\n\t\t\t\t<\/div>","protected":false},"excerpt":{"rendered":"<p>profesionalita na prvom mieste personal bodyguard Pon\u00fakame v\u00e1m spolo\u010dnos\u0165, ktor\u00e1 v\u00e1m dod\u00e1 istotu. Sprev\u00e1dzame na\u0161ich klientov na obchodn\u00e9 rokovania, dra\u017eby, aukcie, pri preprave finan\u010dnej hotovosti a cenn\u00fdch predmetov. K osobnej ochrane neoddelite\u013ene patr\u00ed fyzick\u00e1 ochrana rodinn\u00fdch pr\u00edslu\u0161n\u00edkov klienta. Sprev\u00e1dzanie det\u00ed do a zo \u0161koly, kr\u00fa\u017ekov, tr\u00e9ningov, na spolo\u010densk\u00fdch a kult\u00farnych podujatiach.\u00a0 Pon\u00fakame v\u00e1m pravideln\u00e9 ako [&hellip;]<\/p>\n","protected":false},"author":1,"featured_media":4307,"parent":37,"menu_order":3,"comment_status":"closed","ping_status":"closed","template":"","meta":{"_acf_changed":false,"footnotes":""},"class_list":["post-52","page","type-page","status-publish","has-post-thumbnail","hentry"],"acf":[],"yoast_head":"<!-- This site is optimized with the Yoast SEO plugin v27.1.1 - https:\/\/yoast.com\/product\/yoast-seo-wordpress\/ -->\n<title>Osobn\u00e1 ochrana klienta &#187; Defense Pro<\/title>\n<meta name=\"description\" content=\"Osobn\u00e1 ochrana klienta - Personal Bodyguard. Profesionalita na prvom mieste: S\u00fakromn\u00e1 bezpe\u010dnostn\u00e1 slu\u017eba - Defense Pro.\" \/>\n<meta name=\"robots\" content=\"index, follow, max-snippet:-1, max-image-preview:large, max-video-preview:-1\" \/>\n<link rel=\"canonical\" href=\"https:\/\/defensepro.sk\/en\/sluzby\/bezpecnostna-sluzba\/osobna-ochrana-klienta\/\" \/>\n<meta property=\"og:locale\" content=\"en_US\" \/>\n<meta property=\"og:type\" content=\"article\" \/>\n<meta property=\"og:title\" content=\"Osobn\u00e1 ochrana klienta &#187; Defense Pro\" \/>\n<meta property=\"og:description\" content=\"Osobn\u00e1 ochrana klienta - Personal Bodyguard. Profesionalita na prvom mieste: S\u00fakromn\u00e1 bezpe\u010dnostn\u00e1 slu\u017eba - Defense Pro.\" \/>\n<meta property=\"og:url\" content=\"https:\/\/defensepro.sk\/en\/sluzby\/bezpecnostna-sluzba\/osobna-ochrana-klienta\/\" \/>\n<meta property=\"og:site_name\" content=\"Defense Pro\" \/>\n<meta property=\"article:modified_time\" content=\"2024-09-13T11:22:53+00:00\" \/>\n<meta property=\"og:image\" content=\"https:\/\/defensepro.sk\/wp-content\/uploads\/2022\/04\/defensepro-thumbnail_v2.jpg\" \/>\n\t<meta property=\"og:image:width\" content=\"1024\" \/>\n\t<meta property=\"og:image:height\" content=\"1024\" \/>\n\t<meta property=\"og:image:type\" content=\"image\/jpeg\" \/>\n<meta name=\"twitter:card\" content=\"summary_large_image\" \/>\n<meta name=\"twitter:label1\" content=\"Est. reading time\" \/>\n\t<meta name=\"twitter:data1\" content=\"2 minutes\" \/>\n<script type=\"application\/ld+json\" class=\"yoast-schema-graph\">{\"@context\":\"https:\/\/schema.org\",\"@graph\":[{\"@type\":\"WebPage\",\"@id\":\"https:\/\/defensepro.sk\/sluzby\/bezpecnostna-sluzba\/osobna-ochrana-klienta\/\",\"url\":\"https:\/\/defensepro.sk\/sluzby\/bezpecnostna-sluzba\/osobna-ochrana-klienta\/\",\"name\":\"Osobn\u00e1 ochrana klienta &#187; Defense Pro\",\"isPartOf\":{\"@id\":\"https:\/\/defensepro.sk\/#website\"},\"primaryImageOfPage\":{\"@id\":\"https:\/\/defensepro.sk\/sluzby\/bezpecnostna-sluzba\/osobna-ochrana-klienta\/#primaryimage\"},\"image\":{\"@id\":\"https:\/\/defensepro.sk\/sluzby\/bezpecnostna-sluzba\/osobna-ochrana-klienta\/#primaryimage\"},\"thumbnailUrl\":\"https:\/\/defensepro.sk\/wp-content\/uploads\/2022\/04\/defensepro-thumbnail_v2.jpg\",\"datePublished\":\"2021-01-05T18:29:30+00:00\",\"dateModified\":\"2024-09-13T11:22:53+00:00\",\"description\":\"Osobn\u00e1 ochrana klienta - Personal Bodyguard. Profesionalita na prvom mieste: S\u00fakromn\u00e1 bezpe\u010dnostn\u00e1 slu\u017eba - Defense Pro.\",\"breadcrumb\":{\"@id\":\"https:\/\/defensepro.sk\/sluzby\/bezpecnostna-sluzba\/osobna-ochrana-klienta\/#breadcrumb\"},\"inLanguage\":\"en-US\",\"potentialAction\":[{\"@type\":\"ReadAction\",\"target\":[\"https:\/\/defensepro.sk\/sluzby\/bezpecnostna-sluzba\/osobna-ochrana-klienta\/\"]}]},{\"@type\":\"ImageObject\",\"inLanguage\":\"en-US\",\"@id\":\"https:\/\/defensepro.sk\/sluzby\/bezpecnostna-sluzba\/osobna-ochrana-klienta\/#primaryimage\",\"url\":\"https:\/\/defensepro.sk\/wp-content\/uploads\/2022\/04\/defensepro-thumbnail_v2.jpg\",\"contentUrl\":\"https:\/\/defensepro.sk\/wp-content\/uploads\/2022\/04\/defensepro-thumbnail_v2.jpg\",\"width\":1024,\"height\":1024},{\"@type\":\"BreadcrumbList\",\"@id\":\"https:\/\/defensepro.sk\/sluzby\/bezpecnostna-sluzba\/osobna-ochrana-klienta\/#breadcrumb\",\"itemListElement\":[{\"@type\":\"ListItem\",\"position\":1,\"name\":\"Home\",\"item\":\"https:\/\/defensepro.sk\/\"},{\"@type\":\"ListItem\",\"position\":2,\"name\":\"Slu\u017eby\",\"item\":\"https:\/\/defensepro.sk\/sluzby\/\"},{\"@type\":\"ListItem\",\"position\":3,\"name\":\"Str\u00e1\u017ena slu\u017eba\",\"item\":\"https:\/\/defensepro.sk\/sluzby\/bezpecnostna-sluzba\/\"},{\"@type\":\"ListItem\",\"position\":4,\"name\":\"Osobn\u00e1 ochrana klienta\"}]},{\"@type\":\"WebSite\",\"@id\":\"https:\/\/defensepro.sk\/#website\",\"url\":\"https:\/\/defensepro.sk\/\",\"name\":\"Defense Pro\",\"description\":\"\",\"publisher\":{\"@id\":\"https:\/\/defensepro.sk\/#organization\"},\"potentialAction\":[{\"@type\":\"SearchAction\",\"target\":{\"@type\":\"EntryPoint\",\"urlTemplate\":\"https:\/\/defensepro.sk\/?s={search_term_string}\"},\"query-input\":{\"@type\":\"PropertyValueSpecification\",\"valueRequired\":true,\"valueName\":\"search_term_string\"}}],\"inLanguage\":\"en-US\"},{\"@type\":\"Organization\",\"@id\":\"https:\/\/defensepro.sk\/#organization\",\"name\":\"Defense Pro\",\"url\":\"https:\/\/defensepro.sk\/\",\"logo\":{\"@type\":\"ImageObject\",\"inLanguage\":\"en-US\",\"@id\":\"https:\/\/defensepro.sk\/#\/schema\/logo\/image\/\",\"url\":\"https:\/\/defensepro.sk\/wp-content\/uploads\/2022\/04\/defensepro-thumbnail_v2.jpg\",\"contentUrl\":\"https:\/\/defensepro.sk\/wp-content\/uploads\/2022\/04\/defensepro-thumbnail_v2.jpg\",\"width\":1024,\"height\":1024,\"caption\":\"Defense Pro\"},\"image\":{\"@id\":\"https:\/\/defensepro.sk\/#\/schema\/logo\/image\/\"}}]}<\/script>\n<!-- \/ Yoast SEO plugin. -->","yoast_head_json":{"title":"Osobn\u00e1 ochrana klienta &#187; Defense Pro","description":"Osobn\u00e1 ochrana klienta - Personal Bodyguard. Profesionalita na prvom mieste: S\u00fakromn\u00e1 bezpe\u010dnostn\u00e1 slu\u017eba - Defense Pro.","robots":{"index":"index","follow":"follow","max-snippet":"max-snippet:-1","max-image-preview":"max-image-preview:large","max-video-preview":"max-video-preview:-1"},"canonical":"https:\/\/defensepro.sk\/en\/sluzby\/bezpecnostna-sluzba\/osobna-ochrana-klienta\/","og_locale":"en_US","og_type":"article","og_title":"Osobn\u00e1 ochrana klienta &#187; Defense Pro","og_description":"Osobn\u00e1 ochrana klienta - Personal Bodyguard. Profesionalita na prvom mieste: S\u00fakromn\u00e1 bezpe\u010dnostn\u00e1 slu\u017eba - Defense Pro.","og_url":"https:\/\/defensepro.sk\/en\/sluzby\/bezpecnostna-sluzba\/osobna-ochrana-klienta\/","og_site_name":"Defense Pro","article_modified_time":"2024-09-13T11:22:53+00:00","og_image":[{"width":1024,"height":1024,"url":"https:\/\/defensepro.sk\/wp-content\/uploads\/2022\/04\/defensepro-thumbnail_v2.jpg","type":"image\/jpeg"}],"twitter_card":"summary_large_image","twitter_misc":{"Est. reading time":"2 minutes"},"schema":{"@context":"https:\/\/schema.org","@graph":[{"@type":"WebPage","@id":"https:\/\/defensepro.sk\/sluzby\/bezpecnostna-sluzba\/osobna-ochrana-klienta\/","url":"https:\/\/defensepro.sk\/sluzby\/bezpecnostna-sluzba\/osobna-ochrana-klienta\/","name":"Osobn\u00e1 ochrana klienta &#187; Defense Pro","isPartOf":{"@id":"https:\/\/defensepro.sk\/#website"},"primaryImageOfPage":{"@id":"https:\/\/defensepro.sk\/sluzby\/bezpecnostna-sluzba\/osobna-ochrana-klienta\/#primaryimage"},"image":{"@id":"https:\/\/defensepro.sk\/sluzby\/bezpecnostna-sluzba\/osobna-ochrana-klienta\/#primaryimage"},"thumbnailUrl":"https:\/\/defensepro.sk\/wp-content\/uploads\/2022\/04\/defensepro-thumbnail_v2.jpg","datePublished":"2021-01-05T18:29:30+00:00","dateModified":"2024-09-13T11:22:53+00:00","description":"Osobn\u00e1 ochrana klienta - Personal Bodyguard. Profesionalita na prvom mieste: S\u00fakromn\u00e1 bezpe\u010dnostn\u00e1 slu\u017eba - Defense Pro.","breadcrumb":{"@id":"https:\/\/defensepro.sk\/sluzby\/bezpecnostna-sluzba\/osobna-ochrana-klienta\/#breadcrumb"},"inLanguage":"en-US","potentialAction":[{"@type":"ReadAction","target":["https:\/\/defensepro.sk\/sluzby\/bezpecnostna-sluzba\/osobna-ochrana-klienta\/"]}]},{"@type":"ImageObject","inLanguage":"en-US","@id":"https:\/\/defensepro.sk\/sluzby\/bezpecnostna-sluzba\/osobna-ochrana-klienta\/#primaryimage","url":"https:\/\/defensepro.sk\/wp-content\/uploads\/2022\/04\/defensepro-thumbnail_v2.jpg","contentUrl":"https:\/\/defensepro.sk\/wp-content\/uploads\/2022\/04\/defensepro-thumbnail_v2.jpg","width":1024,"height":1024},{"@type":"BreadcrumbList","@id":"https:\/\/defensepro.sk\/sluzby\/bezpecnostna-sluzba\/osobna-ochrana-klienta\/#breadcrumb","itemListElement":[{"@type":"ListItem","position":1,"name":"Home","item":"https:\/\/defensepro.sk\/"},{"@type":"ListItem","position":2,"name":"Slu\u017eby","item":"https:\/\/defensepro.sk\/sluzby\/"},{"@type":"ListItem","position":3,"name":"Str\u00e1\u017ena slu\u017eba","item":"https:\/\/defensepro.sk\/sluzby\/bezpecnostna-sluzba\/"},{"@type":"ListItem","position":4,"name":"Osobn\u00e1 ochrana klienta"}]},{"@type":"WebSite","@id":"https:\/\/defensepro.sk\/#website","url":"https:\/\/defensepro.sk\/","name":"Defense Pro","description":"","publisher":{"@id":"https:\/\/defensepro.sk\/#organization"},"potentialAction":[{"@type":"SearchAction","target":{"@type":"EntryPoint","urlTemplate":"https:\/\/defensepro.sk\/?s={search_term_string}"},"query-input":{"@type":"PropertyValueSpecification","valueRequired":true,"valueName":"search_term_string"}}],"inLanguage":"en-US"},{"@type":"Organization","@id":"https:\/\/defensepro.sk\/#organization","name":"Defense Pro","url":"https:\/\/defensepro.sk\/","logo":{"@type":"ImageObject","inLanguage":"en-US","@id":"https:\/\/defensepro.sk\/#\/schema\/logo\/image\/","url":"https:\/\/defensepro.sk\/wp-content\/uploads\/2022\/04\/defensepro-thumbnail_v2.jpg","contentUrl":"https:\/\/defensepro.sk\/wp-content\/uploads\/2022\/04\/defensepro-thumbnail_v2.jpg","width":1024,"height":1024,"caption":"Defense Pro"},"image":{"@id":"https:\/\/defensepro.sk\/#\/schema\/logo\/image\/"}}]}},"_links":{"self":[{"href":"https:\/\/defensepro.sk\/en\/wp-json\/wp\/v2\/pages\/52","targetHints":{"allow":["GET"]}}],"collection":[{"href":"https:\/\/defensepro.sk\/en\/wp-json\/wp\/v2\/pages"}],"about":[{"href":"https:\/\/defensepro.sk\/en\/wp-json\/wp\/v2\/types\/page"}],"author":[{"embeddable":true,"href":"https:\/\/defensepro.sk\/en\/wp-json\/wp\/v2\/users\/1"}],"replies":[{"embeddable":true,"href":"https:\/\/defensepro.sk\/en\/wp-json\/wp\/v2\/comments?post=52"}],"version-history":[{"count":0,"href":"https:\/\/defensepro.sk\/en\/wp-json\/wp\/v2\/pages\/52\/revisions"}],"up":[{"embeddable":true,"href":"https:\/\/defensepro.sk\/en\/wp-json\/wp\/v2\/pages\/37"}],"wp:featuredmedia":[{"embeddable":true,"href":"https:\/\/defensepro.sk\/en\/wp-json\/wp\/v2\/media\/4307"}],"wp:attachment":[{"href":"https:\/\/defensepro.sk\/en\/wp-json\/wp\/v2\/media?parent=52"}],"curies":[{"name":"wp","href":"https:\/\/api.w.org\/{rel}","templated":true}]}}