{"id":50,"date":"2021-01-05T19:28:59","date_gmt":"2021-01-05T18:28:59","guid":{"rendered":"https:\/\/defensepro.sk\/?page_id=50"},"modified":"2025-09-12T17:01:01","modified_gmt":"2025-09-12T15:01:01","slug":"zabezpecenie-podujati","status":"publish","type":"page","link":"https:\/\/defensepro.sk\/en\/sluzby\/bezpecnostna-sluzba\/zabezpecenie-podujati\/","title":{"rendered":"Zabezpe\u010denie podujat\u00ed"},"content":{"rendered":"<div data-elementor-type=\"wp-page\" data-elementor-id=\"50\" class=\"elementor elementor-50\" data-elementor-post-type=\"page\">\n\t\t\t\t<header data-particle_enable=\"false\" data-particle-mobile-disabled=\"false\" class=\"elementor-element elementor-element-cd9c484 e-flex e-con-boxed e-con e-parent\" data-id=\"cd9c484\" data-element_type=\"container\" data-e-type=\"container\">\n\t\t\t\t\t<div class=\"e-con-inner\">\n\t\t<div data-particle_enable=\"false\" data-particle-mobile-disabled=\"false\" class=\"elementor-element elementor-element-4768faa e-con-full e-flex e-con e-child\" data-id=\"4768faa\" data-element_type=\"container\" data-e-type=\"container\">\n\t\t\t\t<div class=\"elementor-element elementor-element-12c1d73 elementor-align-center elementor-widget elementor-widget-button\" data-id=\"12c1d73\" data-element_type=\"widget\" data-e-type=\"widget\" data-widget_type=\"button.default\">\n\t\t\t\t\t\t\t\t\t\t<a class=\"elementor-button elementor-size-sm\" role=\"button\">\n\t\t\t\t\t\t<span class=\"elementor-button-content-wrapper\">\n\t\t\t\t\t\t\t\t\t<span class=\"elementor-button-text\">\u0160portov\u00e9 a kult\u00farne podujatia, hodov\u00e1 sl\u00e1vnos\u0165<\/span>\n\t\t\t\t\t<\/span>\n\t\t\t\t\t<\/a>\n\t\t\t\t\t\t\t\t<\/div>\n\t\t\t\t<div class=\"elementor-element elementor-element-1ec71a9 elementor-widget elementor-widget-heading\" data-id=\"1ec71a9\" data-element_type=\"widget\" data-e-type=\"widget\" data-widget_type=\"heading.default\">\n\t\t\t\t\t<h2 class=\"elementor-heading-title elementor-size-default\">Kult\u00fara a \u0161port<\/h2>\t\t\t\t<\/div>\n\t\t\t\t<\/div>\n\t\t\t\t\t<\/div>\n\t\t\t\t<\/header>\n\t\t<section data-particle_enable=\"false\" data-particle-mobile-disabled=\"false\" class=\"elementor-element elementor-element-28ac404 e-flex e-con-boxed e-con e-parent\" data-id=\"28ac404\" data-element_type=\"container\" data-e-type=\"container\">\n\t\t\t\t\t<div class=\"e-con-inner\">\n\t\t<div data-particle_enable=\"false\" data-particle-mobile-disabled=\"false\" class=\"elementor-element elementor-element-8090a34 e-con-full e-flex e-con e-child\" data-id=\"8090a34\" data-element_type=\"container\" data-e-type=\"container\">\n\t\t<div data-particle_enable=\"false\" data-particle-mobile-disabled=\"false\" class=\"elementor-element elementor-element-b8f6de2 e-con-full e-flex e-con e-child\" data-id=\"b8f6de2\" data-element_type=\"container\" data-e-type=\"container\">\n\t\t<div data-particle_enable=\"false\" data-particle-mobile-disabled=\"false\" class=\"elementor-element elementor-element-099d746 e-con-full e-flex e-con e-child\" data-id=\"099d746\" data-element_type=\"container\" data-e-type=\"container\">\n\t\t\t\t<div class=\"elementor-element elementor-element-370a1d0 elementor-widget elementor-widget-text-editor\" data-id=\"370a1d0\" data-element_type=\"widget\" data-e-type=\"widget\" data-widget_type=\"text-editor.default\">\n\t\t\t\t\t\t\t\t\t<p>Prv\u00fdm krokom je ur\u010denie z\u00e1sadn\u00fdch bodov re\u017eimu str\u00e1\u017eenia, ktor\u00e9 pre n\u00e1s predstavuj\u00fa kostru bezpe\u010dnosti. \u010co je priorita, \u010do v\u0161etko treba chr\u00e1ni\u0165, kde bude pracovn\u00edk st\u00e1\u0165, ak\u00e9 bude plni\u0165 povinnosti a za \u010do bude zodpoveda\u0165. Prehliadka \u013eud\u00ed pri vchode a kontrola vstupeniek, ochrana vstupu do z\u00e1zemia, fyzick\u00e1 ochrana pred p\u00f3diom, kontrola priestorov a posilnenie str\u00e1\u017enych stanov\u00edsk.<\/p><p>Nev\u00e1hajte n\u00e1m zavola\u0165, postar\u00e1me sa v\u00e1m o str\u00e1\u017eenie objektu. Porad\u00edme v\u00e1m pri pos\u00faden\u00ed bezpe\u010dnostn\u00fdch riz\u00edk a pom\u00f4\u017eeme s organizovan\u00edm podujatia.<\/p>\t\t\t\t\t\t\t\t<\/div>\n\t\t\t\t<\/div>\n\t\t<div data-particle_enable=\"false\" data-particle-mobile-disabled=\"false\" class=\"elementor-element elementor-element-a37b453 e-con-full e-flex e-con e-child\" data-id=\"a37b453\" data-element_type=\"container\" data-e-type=\"container\">\n\t\t\t\t<div class=\"elementor-element elementor-element-48306fb elementor-widget elementor-widget-image\" data-id=\"48306fb\" data-element_type=\"widget\" data-e-type=\"widget\" data-widget_type=\"image.default\">\n\t\t\t\t\t\t\t\t\t\t\t\t\t\t\t<img fetchpriority=\"high\" decoding=\"async\" width=\"800\" height=\"343\" src=\"https:\/\/defensepro.sk\/wp-content\/uploads\/2025\/09\/defensepro-image-2025_09-04-1024x439.webp\" class=\"attachment-large size-large wp-image-5295\" alt=\"\" srcset=\"https:\/\/defensepro.sk\/wp-content\/uploads\/2025\/09\/defensepro-image-2025_09-04-1024x439.webp 1024w, https:\/\/defensepro.sk\/wp-content\/uploads\/2025\/09\/defensepro-image-2025_09-04-300x129.webp 300w, https:\/\/defensepro.sk\/wp-content\/uploads\/2025\/09\/defensepro-image-2025_09-04-768x329.webp 768w, https:\/\/defensepro.sk\/wp-content\/uploads\/2025\/09\/defensepro-image-2025_09-04-1536x659.webp 1536w, https:\/\/defensepro.sk\/wp-content\/uploads\/2025\/09\/defensepro-image-2025_09-04-18x8.webp 18w, https:\/\/defensepro.sk\/wp-content\/uploads\/2025\/09\/defensepro-image-2025_09-04.webp 1600w\" sizes=\"(max-width: 800px) 100vw, 800px\" \/>\t\t\t\t\t\t\t\t\t\t\t\t\t\t\t<\/div>\n\t\t\t\t<\/div>\n\t\t\t\t<\/div>\n\t\t<div data-particle_enable=\"false\" data-particle-mobile-disabled=\"false\" class=\"elementor-element elementor-element-5331117 e-con-full e-flex e-con e-child\" data-id=\"5331117\" data-element_type=\"container\" data-e-type=\"container\">\n\t\t<div data-particle_enable=\"false\" data-particle-mobile-disabled=\"false\" class=\"elementor-element elementor-element-cf9ff5a e-con-full e-flex e-con e-child\" data-id=\"cf9ff5a\" data-element_type=\"container\" data-e-type=\"container\">\n\t\t\t\t<div class=\"elementor-element elementor-element-6f7f33e elementor-widget elementor-widget-image\" data-id=\"6f7f33e\" data-element_type=\"widget\" data-e-type=\"widget\" data-widget_type=\"image.default\">\n\t\t\t\t\t\t\t\t\t\t\t\t\t\t\t<img decoding=\"async\" width=\"800\" height=\"250\" src=\"https:\/\/defensepro.sk\/wp-content\/uploads\/2021\/03\/IMG-170321-02-1024x320.jpg\" class=\"attachment-large size-large wp-image-2351\" alt=\"\" srcset=\"https:\/\/defensepro.sk\/wp-content\/uploads\/2021\/03\/IMG-170321-02-1024x320.jpg 1024w, https:\/\/defensepro.sk\/wp-content\/uploads\/2021\/03\/IMG-170321-02-300x94.jpg 300w, https:\/\/defensepro.sk\/wp-content\/uploads\/2021\/03\/IMG-170321-02-768x240.jpg 768w, https:\/\/defensepro.sk\/wp-content\/uploads\/2021\/03\/IMG-170321-02.jpg 1080w\" sizes=\"(max-width: 800px) 100vw, 800px\" \/>\t\t\t\t\t\t\t\t\t\t\t\t\t\t\t<\/div>\n\t\t\t\t<\/div>\n\t\t<div data-particle_enable=\"false\" data-particle-mobile-disabled=\"false\" class=\"elementor-element elementor-element-fab0a6b e-con-full e-flex e-con e-child\" data-id=\"fab0a6b\" data-element_type=\"container\" data-e-type=\"container\">\n\t\t\t\t<div class=\"elementor-element elementor-element-960b000 elementor-widget elementor-widget-text-editor\" data-id=\"960b000\" data-element_type=\"widget\" data-e-type=\"widget\" data-widget_type=\"text-editor.default\">\n\t\t\t\t\t\t\t\t\t<p>Hlavn\u00fd v\u00fdznam pr\u00edtomnosti SBS na podujat\u00ed je samozrejme prevencia kriminality, ochrana zdravia n\u00e1v\u0161tevn\u00edkov a majetku. \u010c\u00edm je po\u010det n\u00e1v\u0161tevn\u00edkov v\u00e1\u0161ho podujatia v\u00e4\u010d\u0161\u00ed, t\u00fdm viac pracovn\u00edkov je potrebn\u00fdch na jeho zabezpe\u010denie, no priama \u00famera tu neplat\u00ed.<\/p><p>Pod\u013ea n\u00e1ro\u010dnosti rozde\u013eujeme podujatia na be\u017en\u00e9, menej n\u00e1ro\u010dn\u00e9 a n\u00e1ro\u010dn\u00e9. Pracovn\u00e9 podmienky v\u00fdrazne s\u0165a\u017euje konzum\u00e1cia alkoholu n\u00e1v\u0161tevn\u00edkmi podujatia, na \u010do je potrebn\u00e9 by\u0165 pripraven\u00fd.<\/p>\t\t\t\t\t\t\t\t<\/div>\n\t\t\t\t<\/div>\n\t\t\t\t<\/div>\n\t\t<div data-particle_enable=\"false\" data-particle-mobile-disabled=\"false\" class=\"elementor-element elementor-element-eb2c2d0 e-con-full e-flex e-con e-child\" data-id=\"eb2c2d0\" data-element_type=\"container\" data-e-type=\"container\">\n\t\t<div data-particle_enable=\"false\" data-particle-mobile-disabled=\"false\" class=\"elementor-element elementor-element-65669c3 e-con-full e-flex e-con e-child\" data-id=\"65669c3\" data-element_type=\"container\" data-e-type=\"container\">\n\t\t\t\t<div class=\"elementor-element elementor-element-17c8573 elementor-widget elementor-widget-text-editor\" data-id=\"17c8573\" data-element_type=\"widget\" data-e-type=\"widget\" data-widget_type=\"text-editor.default\">\n\t\t\t\t\t\t\t\t\t<p>Pri rie\u0161en\u00ed kr\u00edzov\u00fdch situ\u00e1ci\u00ed je potrebn\u00e9 zakro\u010di\u0165 bez agresie, primerane, s oh\u013eadom na bezpe\u010dnos\u0165 a zdravie v\u0161etk\u00fdch \u00fa\u010dastn\u00edkov. To v\u0161ak dok\u00e1\u017eu iba sk\u00fasen\u00ed pracovn\u00edci profesion\u00e1lnej SBS. M\u00e1me rozsiahle sk\u00fasenosti so zabezpe\u010den\u00edm podujat\u00ed a nie je n\u00e1m cudzia ani ochrana no\u010dn\u00fdch klubov.<\/p><p>Po \u00favodnej konzult\u00e1cii v\u00e1m vypracujeme cenov\u00fa ponuku a za\u0161leme v\u00e1m n\u00e1vrh zmluvy. V\u00fdber uniformy bude jedin\u00e1 vec, ktor\u00e1 v\u00e1s bude tr\u00e1pi\u0165. Oblek, taktick\u00fd odev alebo rifle a tri\u010dko, sme pripraven\u00ed na ka\u017ed\u00fa pr\u00edle\u017eitos\u0165. Oslovte n\u00e1s a stanete sa jedn\u00fdm z na\u0161ich spokojn\u00fdch klientov.\u00a0<\/p>\t\t\t\t\t\t\t\t<\/div>\n\t\t\t\t<\/div>\n\t\t<div data-particle_enable=\"false\" data-particle-mobile-disabled=\"false\" class=\"elementor-element elementor-element-5842425 e-con-full e-flex e-con e-child\" data-id=\"5842425\" data-element_type=\"container\" data-e-type=\"container\">\n\t\t\t\t<div class=\"elementor-element elementor-element-10af86b elementor-widget elementor-widget-image\" data-id=\"10af86b\" data-element_type=\"widget\" data-e-type=\"widget\" data-widget_type=\"image.default\">\n\t\t\t\t\t\t\t\t\t\t\t\t\t\t\t<img decoding=\"async\" width=\"800\" height=\"374\" src=\"https:\/\/defensepro.sk\/wp-content\/uploads\/2021\/04\/poduj-1-e1618956263450-1024x479.jpg\" class=\"attachment-large size-large wp-image-2823\" alt=\"\" srcset=\"https:\/\/defensepro.sk\/wp-content\/uploads\/2021\/04\/poduj-1-e1618956263450-1024x479.jpg 1024w, https:\/\/defensepro.sk\/wp-content\/uploads\/2021\/04\/poduj-1-e1618956263450-300x140.jpg 300w, https:\/\/defensepro.sk\/wp-content\/uploads\/2021\/04\/poduj-1-e1618956263450-768x359.jpg 768w, https:\/\/defensepro.sk\/wp-content\/uploads\/2021\/04\/poduj-1-e1618956263450.jpg 1194w\" sizes=\"(max-width: 800px) 100vw, 800px\" \/>\t\t\t\t\t\t\t\t\t\t\t\t\t\t\t<\/div>\n\t\t\t\t<\/div>\n\t\t\t\t<\/div>\n\t\t<div data-particle_enable=\"false\" data-particle-mobile-disabled=\"false\" class=\"elementor-element elementor-element-413c721 e-con-full e-flex e-con e-child\" data-id=\"413c721\" data-element_type=\"container\" data-e-type=\"container\">\n\t\t<div data-particle_enable=\"false\" data-particle-mobile-disabled=\"false\" class=\"elementor-element elementor-element-831a29a e-con-full e-flex e-con e-child\" data-id=\"831a29a\" data-element_type=\"container\" data-e-type=\"container\">\n\t\t\t\t<div class=\"elementor-element elementor-element-1a7a79b elementor-widget elementor-widget-image\" data-id=\"1a7a79b\" data-element_type=\"widget\" data-e-type=\"widget\" data-widget_type=\"image.default\">\n\t\t\t\t\t\t\t\t\t\t\t\t\t\t\t<img loading=\"lazy\" decoding=\"async\" width=\"800\" height=\"376\" src=\"https:\/\/defensepro.sk\/wp-content\/uploads\/2021\/04\/ifak-scaled-e1618956305726-1024x481.jpg\" class=\"attachment-large size-large wp-image-2969\" alt=\"\" srcset=\"https:\/\/defensepro.sk\/wp-content\/uploads\/2021\/04\/ifak-scaled-e1618956305726-1024x481.jpg 1024w, https:\/\/defensepro.sk\/wp-content\/uploads\/2021\/04\/ifak-scaled-e1618956305726-300x141.jpg 300w, https:\/\/defensepro.sk\/wp-content\/uploads\/2021\/04\/ifak-scaled-e1618956305726-768x361.jpg 768w, https:\/\/defensepro.sk\/wp-content\/uploads\/2021\/04\/ifak-scaled-e1618956305726-1536x722.jpg 1536w, https:\/\/defensepro.sk\/wp-content\/uploads\/2021\/04\/ifak-scaled-e1618956305726-2048x962.jpg 2048w\" sizes=\"(max-width: 800px) 100vw, 800px\" \/>\t\t\t\t\t\t\t\t\t\t\t\t\t\t\t<\/div>\n\t\t\t\t<\/div>\n\t\t<div data-particle_enable=\"false\" data-particle-mobile-disabled=\"false\" class=\"elementor-element elementor-element-46c68db e-con-full e-flex e-con e-child\" data-id=\"46c68db\" data-element_type=\"container\" data-e-type=\"container\">\n\t\t\t\t<div class=\"elementor-element elementor-element-b6aac9d elementor-widget elementor-widget-text-editor\" data-id=\"b6aac9d\" data-element_type=\"widget\" data-e-type=\"widget\" data-widget_type=\"text-editor.default\">\n\t\t\t\t\t\t\t\t\t<p><strong>IFAK<\/strong><\/p><p>Skratka slov pre &#8222;Individual First Aid Kit&#8220;. Jedn\u00e1 sa o lek\u00e1rni\u010dku prvej pomoci. Sme nau\u010den\u00ed spolieha\u0165 sa najm\u00e4 sami na seba a svoje schopnosti. Ochrana podujat\u00ed n\u00e1s uistila v tom, \u017ee je to spr\u00e1vny krok. Nie na ka\u017edom podujat\u00ed je pr\u00edtomn\u00e1 sanitka, pri z\u00e1chrane \u017eivota ide o sekundy a preto zostavujeme pracovn\u00e9 skupiny s d\u00f4razom na pr\u00edtomnos\u0165 aspo\u0148 jedn\u00e9ho pracovn\u00edka so zdravotn\u00edckym kurzom. IFAK obsahuje z\u00e1kladn\u00e9 vybavenie na o\u0161etrenie v\u00e1\u017enych poranen\u00ed.\u00a0<\/p><p>Z\u00e1klad jeho obsahu tvor\u00ed Tourniquet, tlakov\u00fd obv\u00e4z, CHEST SEAL a izotermick\u00e1 f\u00f3lia.<\/p>\t\t\t\t\t\t\t\t<\/div>\n\t\t\t\t<\/div>\n\t\t\t\t<\/div>\n\t\t\t\t<\/div>\n\t\t\t\t\t<\/div>\n\t\t\t\t<\/section>\n\t\t\t\t<\/div>","protected":false},"excerpt":{"rendered":"<p>\u0160portov\u00e9 a kult\u00farne podujatia, hodov\u00e1 sl\u00e1vnos\u0165 Kult\u00fara a \u0161port Prv\u00fdm krokom je ur\u010denie z\u00e1sadn\u00fdch bodov re\u017eimu str\u00e1\u017eenia, ktor\u00e9 pre n\u00e1s predstavuj\u00fa kostru bezpe\u010dnosti. \u010co je priorita, \u010do v\u0161etko treba chr\u00e1ni\u0165, kde bude pracovn\u00edk st\u00e1\u0165, ak\u00e9 bude plni\u0165 povinnosti a za \u010do bude zodpoveda\u0165. Prehliadka \u013eud\u00ed pri vchode a kontrola vstupeniek, ochrana vstupu do z\u00e1zemia, fyzick\u00e1 [&hellip;]<\/p>\n","protected":false},"author":1,"featured_media":4307,"parent":37,"menu_order":2,"comment_status":"closed","ping_status":"closed","template":"","meta":{"_acf_changed":false,"footnotes":""},"class_list":["post-50","page","type-page","status-publish","has-post-thumbnail","hentry"],"acf":[],"yoast_head":"<!-- This site is optimized with the Yoast SEO plugin v27.1.1 - https:\/\/yoast.com\/product\/yoast-seo-wordpress\/ -->\n<title>Zabezpe\u010denie podujat\u00ed &#187; Defense Pro<\/title>\n<meta name=\"description\" content=\"Zabezpe\u010denie \u0161portov\u00fdch a kult\u00farnych podujat\u00ed, hodov\u00fdch sl\u00e1vnost\u00ed. Spo\u013eahnite sa na s\u00fakromn\u00fa bezpe\u010dnostn\u00fa slu\u017ebu - Defense Pro.\" \/>\n<meta name=\"robots\" content=\"index, follow, max-snippet:-1, max-image-preview:large, max-video-preview:-1\" \/>\n<link rel=\"canonical\" href=\"https:\/\/defensepro.sk\/en\/sluzby\/bezpecnostna-sluzba\/zabezpecenie-podujati\/\" \/>\n<meta property=\"og:locale\" content=\"en_US\" \/>\n<meta property=\"og:type\" content=\"article\" \/>\n<meta property=\"og:title\" content=\"Zabezpe\u010denie podujat\u00ed &#187; Defense Pro\" \/>\n<meta property=\"og:description\" content=\"Zabezpe\u010denie \u0161portov\u00fdch a kult\u00farnych podujat\u00ed, hodov\u00fdch sl\u00e1vnost\u00ed. Spo\u013eahnite sa na s\u00fakromn\u00fa bezpe\u010dnostn\u00fa slu\u017ebu - Defense Pro.\" \/>\n<meta property=\"og:url\" content=\"https:\/\/defensepro.sk\/en\/sluzby\/bezpecnostna-sluzba\/zabezpecenie-podujati\/\" \/>\n<meta property=\"og:site_name\" content=\"Defense Pro\" \/>\n<meta property=\"article:modified_time\" content=\"2025-09-12T15:01:01+00:00\" \/>\n<meta property=\"og:image\" content=\"https:\/\/defensepro.sk\/wp-content\/uploads\/2022\/04\/defensepro-thumbnail_v2.jpg\" \/>\n\t<meta property=\"og:image:width\" content=\"1024\" \/>\n\t<meta property=\"og:image:height\" content=\"1024\" \/>\n\t<meta property=\"og:image:type\" content=\"image\/jpeg\" \/>\n<meta name=\"twitter:card\" content=\"summary_large_image\" \/>\n<meta name=\"twitter:label1\" content=\"Est. reading time\" \/>\n\t<meta name=\"twitter:data1\" content=\"2 minutes\" \/>\n<script type=\"application\/ld+json\" class=\"yoast-schema-graph\">{\"@context\":\"https:\/\/schema.org\",\"@graph\":[{\"@type\":\"WebPage\",\"@id\":\"https:\/\/defensepro.sk\/sluzby\/bezpecnostna-sluzba\/zabezpecenie-podujati\/\",\"url\":\"https:\/\/defensepro.sk\/sluzby\/bezpecnostna-sluzba\/zabezpecenie-podujati\/\",\"name\":\"Zabezpe\u010denie podujat\u00ed &#187; Defense Pro\",\"isPartOf\":{\"@id\":\"https:\/\/defensepro.sk\/#website\"},\"primaryImageOfPage\":{\"@id\":\"https:\/\/defensepro.sk\/sluzby\/bezpecnostna-sluzba\/zabezpecenie-podujati\/#primaryimage\"},\"image\":{\"@id\":\"https:\/\/defensepro.sk\/sluzby\/bezpecnostna-sluzba\/zabezpecenie-podujati\/#primaryimage\"},\"thumbnailUrl\":\"https:\/\/defensepro.sk\/wp-content\/uploads\/2022\/04\/defensepro-thumbnail_v2.jpg\",\"datePublished\":\"2021-01-05T18:28:59+00:00\",\"dateModified\":\"2025-09-12T15:01:01+00:00\",\"description\":\"Zabezpe\u010denie \u0161portov\u00fdch a kult\u00farnych podujat\u00ed, hodov\u00fdch sl\u00e1vnost\u00ed. Spo\u013eahnite sa na s\u00fakromn\u00fa bezpe\u010dnostn\u00fa slu\u017ebu - Defense Pro.\",\"breadcrumb\":{\"@id\":\"https:\/\/defensepro.sk\/sluzby\/bezpecnostna-sluzba\/zabezpecenie-podujati\/#breadcrumb\"},\"inLanguage\":\"en-US\",\"potentialAction\":[{\"@type\":\"ReadAction\",\"target\":[\"https:\/\/defensepro.sk\/sluzby\/bezpecnostna-sluzba\/zabezpecenie-podujati\/\"]}]},{\"@type\":\"ImageObject\",\"inLanguage\":\"en-US\",\"@id\":\"https:\/\/defensepro.sk\/sluzby\/bezpecnostna-sluzba\/zabezpecenie-podujati\/#primaryimage\",\"url\":\"https:\/\/defensepro.sk\/wp-content\/uploads\/2022\/04\/defensepro-thumbnail_v2.jpg\",\"contentUrl\":\"https:\/\/defensepro.sk\/wp-content\/uploads\/2022\/04\/defensepro-thumbnail_v2.jpg\",\"width\":1024,\"height\":1024},{\"@type\":\"BreadcrumbList\",\"@id\":\"https:\/\/defensepro.sk\/sluzby\/bezpecnostna-sluzba\/zabezpecenie-podujati\/#breadcrumb\",\"itemListElement\":[{\"@type\":\"ListItem\",\"position\":1,\"name\":\"Home\",\"item\":\"https:\/\/defensepro.sk\/\"},{\"@type\":\"ListItem\",\"position\":2,\"name\":\"Slu\u017eby\",\"item\":\"https:\/\/defensepro.sk\/sluzby\/\"},{\"@type\":\"ListItem\",\"position\":3,\"name\":\"Str\u00e1\u017ena slu\u017eba\",\"item\":\"https:\/\/defensepro.sk\/sluzby\/bezpecnostna-sluzba\/\"},{\"@type\":\"ListItem\",\"position\":4,\"name\":\"Zabezpe\u010denie podujat\u00ed\"}]},{\"@type\":\"WebSite\",\"@id\":\"https:\/\/defensepro.sk\/#website\",\"url\":\"https:\/\/defensepro.sk\/\",\"name\":\"Defense Pro\",\"description\":\"\",\"publisher\":{\"@id\":\"https:\/\/defensepro.sk\/#organization\"},\"potentialAction\":[{\"@type\":\"SearchAction\",\"target\":{\"@type\":\"EntryPoint\",\"urlTemplate\":\"https:\/\/defensepro.sk\/?s={search_term_string}\"},\"query-input\":{\"@type\":\"PropertyValueSpecification\",\"valueRequired\":true,\"valueName\":\"search_term_string\"}}],\"inLanguage\":\"en-US\"},{\"@type\":\"Organization\",\"@id\":\"https:\/\/defensepro.sk\/#organization\",\"name\":\"Defense Pro\",\"url\":\"https:\/\/defensepro.sk\/\",\"logo\":{\"@type\":\"ImageObject\",\"inLanguage\":\"en-US\",\"@id\":\"https:\/\/defensepro.sk\/#\/schema\/logo\/image\/\",\"url\":\"https:\/\/defensepro.sk\/wp-content\/uploads\/2022\/04\/defensepro-thumbnail_v2.jpg\",\"contentUrl\":\"https:\/\/defensepro.sk\/wp-content\/uploads\/2022\/04\/defensepro-thumbnail_v2.jpg\",\"width\":1024,\"height\":1024,\"caption\":\"Defense Pro\"},\"image\":{\"@id\":\"https:\/\/defensepro.sk\/#\/schema\/logo\/image\/\"}}]}<\/script>\n<!-- \/ Yoast SEO plugin. -->","yoast_head_json":{"title":"Zabezpe\u010denie podujat\u00ed &#187; Defense Pro","description":"Zabezpe\u010denie \u0161portov\u00fdch a kult\u00farnych podujat\u00ed, hodov\u00fdch sl\u00e1vnost\u00ed. Spo\u013eahnite sa na s\u00fakromn\u00fa bezpe\u010dnostn\u00fa slu\u017ebu - Defense Pro.","robots":{"index":"index","follow":"follow","max-snippet":"max-snippet:-1","max-image-preview":"max-image-preview:large","max-video-preview":"max-video-preview:-1"},"canonical":"https:\/\/defensepro.sk\/en\/sluzby\/bezpecnostna-sluzba\/zabezpecenie-podujati\/","og_locale":"en_US","og_type":"article","og_title":"Zabezpe\u010denie podujat\u00ed &#187; Defense Pro","og_description":"Zabezpe\u010denie \u0161portov\u00fdch a kult\u00farnych podujat\u00ed, hodov\u00fdch sl\u00e1vnost\u00ed. Spo\u013eahnite sa na s\u00fakromn\u00fa bezpe\u010dnostn\u00fa slu\u017ebu - Defense Pro.","og_url":"https:\/\/defensepro.sk\/en\/sluzby\/bezpecnostna-sluzba\/zabezpecenie-podujati\/","og_site_name":"Defense Pro","article_modified_time":"2025-09-12T15:01:01+00:00","og_image":[{"width":1024,"height":1024,"url":"https:\/\/defensepro.sk\/wp-content\/uploads\/2022\/04\/defensepro-thumbnail_v2.jpg","type":"image\/jpeg"}],"twitter_card":"summary_large_image","twitter_misc":{"Est. reading time":"2 minutes"},"schema":{"@context":"https:\/\/schema.org","@graph":[{"@type":"WebPage","@id":"https:\/\/defensepro.sk\/sluzby\/bezpecnostna-sluzba\/zabezpecenie-podujati\/","url":"https:\/\/defensepro.sk\/sluzby\/bezpecnostna-sluzba\/zabezpecenie-podujati\/","name":"Zabezpe\u010denie podujat\u00ed &#187; Defense Pro","isPartOf":{"@id":"https:\/\/defensepro.sk\/#website"},"primaryImageOfPage":{"@id":"https:\/\/defensepro.sk\/sluzby\/bezpecnostna-sluzba\/zabezpecenie-podujati\/#primaryimage"},"image":{"@id":"https:\/\/defensepro.sk\/sluzby\/bezpecnostna-sluzba\/zabezpecenie-podujati\/#primaryimage"},"thumbnailUrl":"https:\/\/defensepro.sk\/wp-content\/uploads\/2022\/04\/defensepro-thumbnail_v2.jpg","datePublished":"2021-01-05T18:28:59+00:00","dateModified":"2025-09-12T15:01:01+00:00","description":"Zabezpe\u010denie \u0161portov\u00fdch a kult\u00farnych podujat\u00ed, hodov\u00fdch sl\u00e1vnost\u00ed. Spo\u013eahnite sa na s\u00fakromn\u00fa bezpe\u010dnostn\u00fa slu\u017ebu - Defense Pro.","breadcrumb":{"@id":"https:\/\/defensepro.sk\/sluzby\/bezpecnostna-sluzba\/zabezpecenie-podujati\/#breadcrumb"},"inLanguage":"en-US","potentialAction":[{"@type":"ReadAction","target":["https:\/\/defensepro.sk\/sluzby\/bezpecnostna-sluzba\/zabezpecenie-podujati\/"]}]},{"@type":"ImageObject","inLanguage":"en-US","@id":"https:\/\/defensepro.sk\/sluzby\/bezpecnostna-sluzba\/zabezpecenie-podujati\/#primaryimage","url":"https:\/\/defensepro.sk\/wp-content\/uploads\/2022\/04\/defensepro-thumbnail_v2.jpg","contentUrl":"https:\/\/defensepro.sk\/wp-content\/uploads\/2022\/04\/defensepro-thumbnail_v2.jpg","width":1024,"height":1024},{"@type":"BreadcrumbList","@id":"https:\/\/defensepro.sk\/sluzby\/bezpecnostna-sluzba\/zabezpecenie-podujati\/#breadcrumb","itemListElement":[{"@type":"ListItem","position":1,"name":"Home","item":"https:\/\/defensepro.sk\/"},{"@type":"ListItem","position":2,"name":"Slu\u017eby","item":"https:\/\/defensepro.sk\/sluzby\/"},{"@type":"ListItem","position":3,"name":"Str\u00e1\u017ena slu\u017eba","item":"https:\/\/defensepro.sk\/sluzby\/bezpecnostna-sluzba\/"},{"@type":"ListItem","position":4,"name":"Zabezpe\u010denie podujat\u00ed"}]},{"@type":"WebSite","@id":"https:\/\/defensepro.sk\/#website","url":"https:\/\/defensepro.sk\/","name":"Defense Pro","description":"","publisher":{"@id":"https:\/\/defensepro.sk\/#organization"},"potentialAction":[{"@type":"SearchAction","target":{"@type":"EntryPoint","urlTemplate":"https:\/\/defensepro.sk\/?s={search_term_string}"},"query-input":{"@type":"PropertyValueSpecification","valueRequired":true,"valueName":"search_term_string"}}],"inLanguage":"en-US"},{"@type":"Organization","@id":"https:\/\/defensepro.sk\/#organization","name":"Defense Pro","url":"https:\/\/defensepro.sk\/","logo":{"@type":"ImageObject","inLanguage":"en-US","@id":"https:\/\/defensepro.sk\/#\/schema\/logo\/image\/","url":"https:\/\/defensepro.sk\/wp-content\/uploads\/2022\/04\/defensepro-thumbnail_v2.jpg","contentUrl":"https:\/\/defensepro.sk\/wp-content\/uploads\/2022\/04\/defensepro-thumbnail_v2.jpg","width":1024,"height":1024,"caption":"Defense Pro"},"image":{"@id":"https:\/\/defensepro.sk\/#\/schema\/logo\/image\/"}}]}},"_links":{"self":[{"href":"https:\/\/defensepro.sk\/en\/wp-json\/wp\/v2\/pages\/50","targetHints":{"allow":["GET"]}}],"collection":[{"href":"https:\/\/defensepro.sk\/en\/wp-json\/wp\/v2\/pages"}],"about":[{"href":"https:\/\/defensepro.sk\/en\/wp-json\/wp\/v2\/types\/page"}],"author":[{"embeddable":true,"href":"https:\/\/defensepro.sk\/en\/wp-json\/wp\/v2\/users\/1"}],"replies":[{"embeddable":true,"href":"https:\/\/defensepro.sk\/en\/wp-json\/wp\/v2\/comments?post=50"}],"version-history":[{"count":0,"href":"https:\/\/defensepro.sk\/en\/wp-json\/wp\/v2\/pages\/50\/revisions"}],"up":[{"embeddable":true,"href":"https:\/\/defensepro.sk\/en\/wp-json\/wp\/v2\/pages\/37"}],"wp:featuredmedia":[{"embeddable":true,"href":"https:\/\/defensepro.sk\/en\/wp-json\/wp\/v2\/media\/4307"}],"wp:attachment":[{"href":"https:\/\/defensepro.sk\/en\/wp-json\/wp\/v2\/media?parent=50"}],"curies":[{"name":"wp","href":"https:\/\/api.w.org\/{rel}","templated":true}]}}