{"id":1781,"date":"2021-02-04T18:10:13","date_gmt":"2021-02-04T17:10:13","guid":{"rendered":"https:\/\/defensepro.sk\/?page_id=1781"},"modified":"2024-08-23T20:01:15","modified_gmt":"2024-08-23T18:01:15","slug":"motorove-vozidla","status":"publish","type":"page","link":"https:\/\/defensepro.sk\/en\/sluzby-pre-obce\/motorove-vozidla\/","title":{"rendered":"Motorizovan\u00e1 jednotka"},"content":{"rendered":"<div data-elementor-type=\"wp-page\" data-elementor-id=\"1781\" class=\"elementor elementor-1781\" data-elementor-post-type=\"page\">\n\t\t\t\t<header data-particle_enable=\"false\" data-particle-mobile-disabled=\"false\" class=\"elementor-element elementor-element-42e7448 e-flex e-con-boxed e-con e-parent\" data-id=\"42e7448\" data-element_type=\"container\" data-e-type=\"container\">\n\t\t\t\t\t<div class=\"e-con-inner\">\n\t\t<div data-particle_enable=\"false\" data-particle-mobile-disabled=\"false\" class=\"elementor-element elementor-element-14fc729 e-con-full e-flex e-con e-child\" data-id=\"14fc729\" data-element_type=\"container\" data-e-type=\"container\">\n\t\t\t\t<div class=\"elementor-element elementor-element-9f82a99 elementor-align-center elementor-widget elementor-widget-button\" data-id=\"9f82a99\" data-element_type=\"widget\" data-e-type=\"widget\" data-widget_type=\"button.default\">\n\t\t\t\t\t\t\t\t\t\t<a class=\"elementor-button elementor-size-sm\" role=\"button\">\n\t\t\t\t\t\t<span class=\"elementor-button-content-wrapper\">\n\t\t\t\t\t\t\t\t\t<span class=\"elementor-button-text\">prisp\u00f4soben\u00e9 va\u0161im potreb\u00e1m<\/span>\n\t\t\t\t\t<\/span>\n\t\t\t\t\t<\/a>\n\t\t\t\t\t\t\t\t<\/div>\n\t\t\t\t<div class=\"elementor-element elementor-element-78bcebe elementor-widget elementor-widget-heading\" data-id=\"78bcebe\" data-element_type=\"widget\" data-e-type=\"widget\" data-widget_type=\"heading.default\">\n\t\t\t\t\t<h2 class=\"elementor-heading-title elementor-size-default\">priechodnos\u0165 ter\u00e9nom<\/h2>\t\t\t\t<\/div>\n\t\t\t\t<\/div>\n\t\t\t\t\t<\/div>\n\t\t\t\t<\/header>\n\t\t<section data-particle_enable=\"false\" data-particle-mobile-disabled=\"false\" class=\"elementor-element elementor-element-103eab9 e-flex e-con-boxed e-con e-parent\" data-id=\"103eab9\" data-element_type=\"container\" data-e-type=\"container\">\n\t\t\t\t\t<div class=\"e-con-inner\">\n\t\t<div data-particle_enable=\"false\" data-particle-mobile-disabled=\"false\" class=\"elementor-element elementor-element-4779ad0 e-con-full e-flex e-con e-child\" data-id=\"4779ad0\" data-element_type=\"container\" data-e-type=\"container\">\n\t\t<div data-particle_enable=\"false\" data-particle-mobile-disabled=\"false\" class=\"elementor-element elementor-element-5d0fcc1 e-con-full e-flex e-con e-child\" data-id=\"5d0fcc1\" data-element_type=\"container\" data-e-type=\"container\">\n\t\t<div data-particle_enable=\"false\" data-particle-mobile-disabled=\"false\" class=\"elementor-element elementor-element-cf4a31a e-con-full e-flex e-con e-child\" data-id=\"cf4a31a\" data-element_type=\"container\" data-e-type=\"container\">\n\t\t\t\t<div class=\"elementor-element elementor-element-7220a5c elementor-widget elementor-widget-text-editor\" data-id=\"7220a5c\" data-element_type=\"widget\" data-e-type=\"widget\" data-widget_type=\"text-editor.default\">\n\t\t\t\t\t\t\t\t\t<p>Na\u0161e vozidl\u00e1 s pohonom 4\u00d74 s\u00fa okrem in\u00e9ho vybaven\u00e9 hasiacimi pr\u00edstrojmi, v\u00fdnimkou ministerstva vn\u00fatra na \u00faseku dopravy pre plnenie slu\u017eobn\u00fdch povinnost\u00ed a zdravotn\u00edckym materi\u00e1lom, ktor\u00fd je obohaten\u00fd viac ako be\u017en\u00e1 auto-lek\u00e1rni\u010dka.<\/p><p>Krimin\u00e1lna trestn\u00e1 \u010dinnos\u0165 je ukryt\u00e1 pred zrakmi be\u017en\u00fdch \u013eud\u00ed a prebieha na od\u013eahl\u00fdch miestach va\u0161ej obce, na opusten\u00fdch miestach alebo v \u0165a\u017eko dostupnom ter\u00e9ne a vy sa tak dozved\u00e1te o n\u00e1sledkoch tak\u00e9ho konania prostredn\u00edctvom s\u0165a\u017enost\u00ed od ob\u010danov. D\u00e1 sa to inak, pozn\u00e1me sp\u00f4sob.\u00a0<\/p><p><u>My sme va\u0161a akt\u00edvna ochrana a prevencia kriminality.<\/u><\/p>\t\t\t\t\t\t\t\t<\/div>\n\t\t\t\t<\/div>\n\t\t<div data-particle_enable=\"false\" data-particle-mobile-disabled=\"false\" class=\"elementor-element elementor-element-9221e25 e-con-full e-flex e-con e-child\" data-id=\"9221e25\" data-element_type=\"container\" data-e-type=\"container\">\n\t\t\t\t<div class=\"elementor-element elementor-element-a8445c9 elementor-widget elementor-widget-image\" data-id=\"a8445c9\" data-element_type=\"widget\" data-e-type=\"widget\" data-widget_type=\"image.default\">\n\t\t\t\t\t\t\t\t\t\t\t\t\t\t\t<img fetchpriority=\"high\" decoding=\"async\" width=\"719\" height=\"364\" src=\"https:\/\/defensepro.sk\/wp-content\/uploads\/2021\/04\/sec-snow-e1618946858351.jpg\" class=\"attachment-large size-large wp-image-2797\" alt=\"\" srcset=\"https:\/\/defensepro.sk\/wp-content\/uploads\/2021\/04\/sec-snow-e1618946858351.jpg 719w, https:\/\/defensepro.sk\/wp-content\/uploads\/2021\/04\/sec-snow-e1618946858351-300x152.jpg 300w\" sizes=\"(max-width: 719px) 100vw, 719px\" \/>\t\t\t\t\t\t\t\t\t\t\t\t\t\t\t<\/div>\n\t\t\t\t<\/div>\n\t\t\t\t<\/div>\n\t\t<div data-particle_enable=\"false\" data-particle-mobile-disabled=\"false\" class=\"elementor-element elementor-element-180a1e4 e-con-full e-flex e-con e-child\" data-id=\"180a1e4\" data-element_type=\"container\" data-e-type=\"container\">\n\t\t<div data-particle_enable=\"false\" data-particle-mobile-disabled=\"false\" class=\"elementor-element elementor-element-d987f2d e-con-full e-flex e-con e-child\" data-id=\"d987f2d\" data-element_type=\"container\" data-e-type=\"container\">\n\t\t\t\t<div class=\"elementor-element elementor-element-f848fe7 elementor-widget elementor-widget-image\" data-id=\"f848fe7\" data-element_type=\"widget\" data-e-type=\"widget\" data-widget_type=\"image.default\">\n\t\t\t\t\t\t\t\t\t\t\t\t\t\t\t<img decoding=\"async\" width=\"800\" height=\"332\" src=\"https:\/\/defensepro.sk\/wp-content\/uploads\/2021\/04\/IMG-200421-05-e1618946890854-1024x425.jpg\" class=\"attachment-large size-large wp-image-3280\" alt=\"\" srcset=\"https:\/\/defensepro.sk\/wp-content\/uploads\/2021\/04\/IMG-200421-05-e1618946890854-1024x425.jpg 1024w, https:\/\/defensepro.sk\/wp-content\/uploads\/2021\/04\/IMG-200421-05-e1618946890854-300x124.jpg 300w, https:\/\/defensepro.sk\/wp-content\/uploads\/2021\/04\/IMG-200421-05-e1618946890854-768x319.jpg 768w, https:\/\/defensepro.sk\/wp-content\/uploads\/2021\/04\/IMG-200421-05-e1618946890854.jpg 1280w\" sizes=\"(max-width: 800px) 100vw, 800px\" \/>\t\t\t\t\t\t\t\t\t\t\t\t\t\t\t<\/div>\n\t\t\t\t<\/div>\n\t\t<div data-particle_enable=\"false\" data-particle-mobile-disabled=\"false\" class=\"elementor-element elementor-element-d3c7c7e e-con-full e-flex e-con e-child\" data-id=\"d3c7c7e\" data-element_type=\"container\" data-e-type=\"container\">\n\t\t\t\t<div class=\"elementor-element elementor-element-3cd8e42 elementor-widget elementor-widget-text-editor\" data-id=\"3cd8e42\" data-element_type=\"widget\" data-e-type=\"widget\" data-widget_type=\"text-editor.default\">\n\t\t\t\t\t\t\t\t\t<p>Z\u00e1chrana \u013eudsk\u00e9ho \u017eivota a zdravia hr\u00e1 pri na\u0161ej \u010dinnosti ve\u013ek\u00fa rolu. Pracovn\u00edci na\u0161ej z\u00e1sahovej jednotky absolvovali z\u00e1chran\u00e1rsky kurz, opakovane poskytovali prv\u00fa pomoc ob\u010danom v n\u00fadzi, a tak s\u00fa na tak\u00e9 situ\u00e1cie pripraven\u00ed a svoje znalosti na\u010falej roz\u0161iruj\u00fa.<\/p><p>Pracujeme transparentne, na\u0161e vozidl\u00e1 maj\u00fa zabudovan\u00e9 zariadenia GPS, ktor\u00e9 s\u00fa kedyko\u013evek k dispoz\u00edcii va\u0161ej kontrole.<\/p><p>Sna\u017e\u00edme sa by\u0165 pripraven\u00ed na ka\u017ed\u00fa pr\u00edle\u017eitos\u0165.<\/p>\t\t\t\t\t\t\t\t<\/div>\n\t\t\t\t<\/div>\n\t\t\t\t<\/div>\n\t\t\t\t<\/div>\n\t\t\t\t\t<\/div>\n\t\t\t\t<\/section>\n\t\t<section data-particle_enable=\"false\" data-particle-mobile-disabled=\"false\" class=\"elementor-element elementor-element-8a6e88c e-flex e-con-boxed e-con e-parent\" data-id=\"8a6e88c\" data-element_type=\"container\" data-e-type=\"container\">\n\t\t\t\t\t<div class=\"e-con-inner\">\n\t\t<div data-particle_enable=\"false\" data-particle-mobile-disabled=\"false\" class=\"elementor-element elementor-element-18e2e0d e-con-full e-flex e-con e-child\" data-id=\"18e2e0d\" data-element_type=\"container\" data-e-type=\"container\">\n\t\t\t\t<div class=\"elementor-element elementor-element-af81b67 elementor-widget elementor-widget-heading\" data-id=\"af81b67\" data-element_type=\"widget\" data-e-type=\"widget\" data-widget_type=\"heading.default\">\n\t\t\t\t\t<p class=\"elementor-heading-title elementor-size-default\"><span class=\"accent-color\">\u201e <\/span>Pozrite sa, ako vyzer\u00e1 na\u0161a z\u00e1sahov\u00e1 motorizovan\u00e1 jednotka a \u010d\u00edm je vybaven\u00e1. <span class=\"accent-color\"> \u201d<\/span><\/p>\t\t\t\t<\/div>\n\t\t\t\t<div class=\"elementor-element elementor-element-fc86be9 elementor-widget-divider--view-line elementor-widget elementor-widget-divider\" data-id=\"fc86be9\" data-element_type=\"widget\" data-e-type=\"widget\" data-widget_type=\"divider.default\">\n\t\t\t\t\t\t\t<div class=\"elementor-divider\">\n\t\t\t<span class=\"elementor-divider-separator\">\n\t\t\t\t\t\t<\/span>\n\t\t<\/div>\n\t\t\t\t\t\t<\/div>\n\t\t\t\t<div class=\"elementor-element elementor-element-7caac65 elementor-widget elementor-widget-heading\" data-id=\"7caac65\" data-element_type=\"widget\" data-e-type=\"widget\" data-widget_type=\"heading.default\">\n\t\t\t\t\t<h2 class=\"elementor-heading-title elementor-size-default\"><a href=\"https:\/\/defensepro.sk\/en\/sluzby\/bezpecnostna-sluzba\/zasahova-jednotka\/\">Prejs\u0165 na z\u00e1sahov\u00fa jednotku<\/a><\/h2>\t\t\t\t<\/div>\n\t\t\t\t<\/div>\n\t\t\t\t\t<\/div>\n\t\t\t\t<\/section>\n\t\t\t\t<\/div>","protected":false},"excerpt":{"rendered":"<p>prisp\u00f4soben\u00e9 va\u0161im potreb\u00e1m priechodnos\u0165 ter\u00e9nom Na\u0161e vozidl\u00e1 s pohonom 4\u00d74 s\u00fa okrem in\u00e9ho vybaven\u00e9 hasiacimi pr\u00edstrojmi, v\u00fdnimkou ministerstva vn\u00fatra na \u00faseku dopravy pre plnenie slu\u017eobn\u00fdch povinnost\u00ed a zdravotn\u00edckym materi\u00e1lom, ktor\u00fd je obohaten\u00fd viac ako be\u017en\u00e1 auto-lek\u00e1rni\u010dka. Krimin\u00e1lna trestn\u00e1 \u010dinnos\u0165 je ukryt\u00e1 pred zrakmi be\u017en\u00fdch \u013eud\u00ed a prebieha na od\u013eahl\u00fdch miestach va\u0161ej obce, na opusten\u00fdch miestach [&hellip;]<\/p>\n","protected":false},"author":1,"featured_media":4307,"parent":662,"menu_order":5,"comment_status":"closed","ping_status":"closed","template":"","meta":{"_acf_changed":false,"footnotes":""},"class_list":["post-1781","page","type-page","status-publish","has-post-thumbnail","hentry"],"acf":[],"yoast_head":"<!-- This site is optimized with the Yoast SEO plugin v27.5 - https:\/\/yoast.com\/product\/yoast-seo-wordpress\/ -->\n<title>Motorizovan\u00e1 jednotka &#187; Defense Pro<\/title>\n<meta name=\"description\" content=\"Motorizovan\u00e1 jednotka - Na\u0161e vozidl\u00e1 s pohonom 4x4 s\u00fa okrem in\u00e9ho vybaven\u00e9 hasiacimi pr\u00edstrojmi a zdravotn\u00edckym materi\u00e1lom...\" \/>\n<meta name=\"robots\" content=\"index, follow, max-snippet:-1, max-image-preview:large, max-video-preview:-1\" \/>\n<link rel=\"canonical\" href=\"https:\/\/defensepro.sk\/en\/sluzby-pre-obce\/motorove-vozidla\/\" \/>\n<meta property=\"og:locale\" content=\"en_US\" \/>\n<meta property=\"og:type\" content=\"article\" \/>\n<meta property=\"og:title\" content=\"Motorizovan\u00e1 jednotka &#187; Defense Pro\" \/>\n<meta property=\"og:description\" content=\"Motorizovan\u00e1 jednotka - Na\u0161e vozidl\u00e1 s pohonom 4x4 s\u00fa okrem in\u00e9ho vybaven\u00e9 hasiacimi pr\u00edstrojmi a zdravotn\u00edckym materi\u00e1lom...\" \/>\n<meta property=\"og:url\" content=\"https:\/\/defensepro.sk\/en\/sluzby-pre-obce\/motorove-vozidla\/\" \/>\n<meta property=\"og:site_name\" content=\"Defense Pro\" \/>\n<meta property=\"article:modified_time\" content=\"2024-08-23T18:01:15+00:00\" \/>\n<meta property=\"og:image\" content=\"https:\/\/defensepro.sk\/wp-content\/uploads\/2022\/04\/defensepro-thumbnail_v2.jpg\" \/>\n\t<meta property=\"og:image:width\" content=\"1024\" \/>\n\t<meta property=\"og:image:height\" content=\"1024\" \/>\n\t<meta property=\"og:image:type\" content=\"image\/jpeg\" \/>\n<meta name=\"twitter:card\" content=\"summary_large_image\" \/>\n<meta name=\"twitter:label1\" content=\"Est. reading time\" \/>\n\t<meta name=\"twitter:data1\" content=\"2 minutes\" \/>\n<script type=\"application\/ld+json\" class=\"yoast-schema-graph\">{\"@context\":\"https:\\\/\\\/schema.org\",\"@graph\":[{\"@type\":\"WebPage\",\"@id\":\"https:\\\/\\\/defensepro.sk\\\/sluzby-pre-obce\\\/motorove-vozidla\\\/\",\"url\":\"https:\\\/\\\/defensepro.sk\\\/sluzby-pre-obce\\\/motorove-vozidla\\\/\",\"name\":\"Motorizovan\u00e1 jednotka &#187; Defense Pro\",\"isPartOf\":{\"@id\":\"https:\\\/\\\/defensepro.sk\\\/#website\"},\"primaryImageOfPage\":{\"@id\":\"https:\\\/\\\/defensepro.sk\\\/sluzby-pre-obce\\\/motorove-vozidla\\\/#primaryimage\"},\"image\":{\"@id\":\"https:\\\/\\\/defensepro.sk\\\/sluzby-pre-obce\\\/motorove-vozidla\\\/#primaryimage\"},\"thumbnailUrl\":\"https:\\\/\\\/defensepro.sk\\\/wp-content\\\/uploads\\\/2022\\\/04\\\/defensepro-thumbnail_v2.jpg\",\"datePublished\":\"2021-02-04T17:10:13+00:00\",\"dateModified\":\"2024-08-23T18:01:15+00:00\",\"description\":\"Motorizovan\u00e1 jednotka - Na\u0161e vozidl\u00e1 s pohonom 4x4 s\u00fa okrem in\u00e9ho vybaven\u00e9 hasiacimi pr\u00edstrojmi a zdravotn\u00edckym materi\u00e1lom...\",\"breadcrumb\":{\"@id\":\"https:\\\/\\\/defensepro.sk\\\/sluzby-pre-obce\\\/motorove-vozidla\\\/#breadcrumb\"},\"inLanguage\":\"en-US\",\"potentialAction\":[{\"@type\":\"ReadAction\",\"target\":[\"https:\\\/\\\/defensepro.sk\\\/sluzby-pre-obce\\\/motorove-vozidla\\\/\"]}]},{\"@type\":\"ImageObject\",\"inLanguage\":\"en-US\",\"@id\":\"https:\\\/\\\/defensepro.sk\\\/sluzby-pre-obce\\\/motorove-vozidla\\\/#primaryimage\",\"url\":\"https:\\\/\\\/defensepro.sk\\\/wp-content\\\/uploads\\\/2022\\\/04\\\/defensepro-thumbnail_v2.jpg\",\"contentUrl\":\"https:\\\/\\\/defensepro.sk\\\/wp-content\\\/uploads\\\/2022\\\/04\\\/defensepro-thumbnail_v2.jpg\",\"width\":1024,\"height\":1024},{\"@type\":\"BreadcrumbList\",\"@id\":\"https:\\\/\\\/defensepro.sk\\\/sluzby-pre-obce\\\/motorove-vozidla\\\/#breadcrumb\",\"itemListElement\":[{\"@type\":\"ListItem\",\"position\":1,\"name\":\"Home\",\"item\":\"https:\\\/\\\/defensepro.sk\\\/\"},{\"@type\":\"ListItem\",\"position\":2,\"name\":\"Obce a mest\u00e1\",\"item\":\"https:\\\/\\\/defensepro.sk\\\/sluzby-pre-obce\\\/\"},{\"@type\":\"ListItem\",\"position\":3,\"name\":\"Motorizovan\u00e1 jednotka\"}]},{\"@type\":\"WebSite\",\"@id\":\"https:\\\/\\\/defensepro.sk\\\/#website\",\"url\":\"https:\\\/\\\/defensepro.sk\\\/\",\"name\":\"Defense Pro\",\"description\":\"\",\"publisher\":{\"@id\":\"https:\\\/\\\/defensepro.sk\\\/#organization\"},\"potentialAction\":[{\"@type\":\"SearchAction\",\"target\":{\"@type\":\"EntryPoint\",\"urlTemplate\":\"https:\\\/\\\/defensepro.sk\\\/?s={search_term_string}\"},\"query-input\":{\"@type\":\"PropertyValueSpecification\",\"valueRequired\":true,\"valueName\":\"search_term_string\"}}],\"inLanguage\":\"en-US\"},{\"@type\":\"Organization\",\"@id\":\"https:\\\/\\\/defensepro.sk\\\/#organization\",\"name\":\"Defense Pro\",\"url\":\"https:\\\/\\\/defensepro.sk\\\/\",\"logo\":{\"@type\":\"ImageObject\",\"inLanguage\":\"en-US\",\"@id\":\"https:\\\/\\\/defensepro.sk\\\/#\\\/schema\\\/logo\\\/image\\\/\",\"url\":\"https:\\\/\\\/defensepro.sk\\\/wp-content\\\/uploads\\\/2022\\\/04\\\/defensepro-thumbnail_v2.jpg\",\"contentUrl\":\"https:\\\/\\\/defensepro.sk\\\/wp-content\\\/uploads\\\/2022\\\/04\\\/defensepro-thumbnail_v2.jpg\",\"width\":1024,\"height\":1024,\"caption\":\"Defense Pro\"},\"image\":{\"@id\":\"https:\\\/\\\/defensepro.sk\\\/#\\\/schema\\\/logo\\\/image\\\/\"}}]}<\/script>\n<!-- \/ Yoast SEO plugin. -->","yoast_head_json":{"title":"Motorizovan\u00e1 jednotka &#187; Defense Pro","description":"Motorizovan\u00e1 jednotka - Na\u0161e vozidl\u00e1 s pohonom 4x4 s\u00fa okrem in\u00e9ho vybaven\u00e9 hasiacimi pr\u00edstrojmi a zdravotn\u00edckym materi\u00e1lom...","robots":{"index":"index","follow":"follow","max-snippet":"max-snippet:-1","max-image-preview":"max-image-preview:large","max-video-preview":"max-video-preview:-1"},"canonical":"https:\/\/defensepro.sk\/en\/sluzby-pre-obce\/motorove-vozidla\/","og_locale":"en_US","og_type":"article","og_title":"Motorizovan\u00e1 jednotka &#187; Defense Pro","og_description":"Motorizovan\u00e1 jednotka - Na\u0161e vozidl\u00e1 s pohonom 4x4 s\u00fa okrem in\u00e9ho vybaven\u00e9 hasiacimi pr\u00edstrojmi a zdravotn\u00edckym materi\u00e1lom...","og_url":"https:\/\/defensepro.sk\/en\/sluzby-pre-obce\/motorove-vozidla\/","og_site_name":"Defense Pro","article_modified_time":"2024-08-23T18:01:15+00:00","og_image":[{"width":1024,"height":1024,"url":"https:\/\/defensepro.sk\/wp-content\/uploads\/2022\/04\/defensepro-thumbnail_v2.jpg","type":"image\/jpeg"}],"twitter_card":"summary_large_image","twitter_misc":{"Est. reading time":"2 minutes"},"schema":{"@context":"https:\/\/schema.org","@graph":[{"@type":"WebPage","@id":"https:\/\/defensepro.sk\/sluzby-pre-obce\/motorove-vozidla\/","url":"https:\/\/defensepro.sk\/sluzby-pre-obce\/motorove-vozidla\/","name":"Motorizovan\u00e1 jednotka &#187; Defense Pro","isPartOf":{"@id":"https:\/\/defensepro.sk\/#website"},"primaryImageOfPage":{"@id":"https:\/\/defensepro.sk\/sluzby-pre-obce\/motorove-vozidla\/#primaryimage"},"image":{"@id":"https:\/\/defensepro.sk\/sluzby-pre-obce\/motorove-vozidla\/#primaryimage"},"thumbnailUrl":"https:\/\/defensepro.sk\/wp-content\/uploads\/2022\/04\/defensepro-thumbnail_v2.jpg","datePublished":"2021-02-04T17:10:13+00:00","dateModified":"2024-08-23T18:01:15+00:00","description":"Motorizovan\u00e1 jednotka - Na\u0161e vozidl\u00e1 s pohonom 4x4 s\u00fa okrem in\u00e9ho vybaven\u00e9 hasiacimi pr\u00edstrojmi a zdravotn\u00edckym materi\u00e1lom...","breadcrumb":{"@id":"https:\/\/defensepro.sk\/sluzby-pre-obce\/motorove-vozidla\/#breadcrumb"},"inLanguage":"en-US","potentialAction":[{"@type":"ReadAction","target":["https:\/\/defensepro.sk\/sluzby-pre-obce\/motorove-vozidla\/"]}]},{"@type":"ImageObject","inLanguage":"en-US","@id":"https:\/\/defensepro.sk\/sluzby-pre-obce\/motorove-vozidla\/#primaryimage","url":"https:\/\/defensepro.sk\/wp-content\/uploads\/2022\/04\/defensepro-thumbnail_v2.jpg","contentUrl":"https:\/\/defensepro.sk\/wp-content\/uploads\/2022\/04\/defensepro-thumbnail_v2.jpg","width":1024,"height":1024},{"@type":"BreadcrumbList","@id":"https:\/\/defensepro.sk\/sluzby-pre-obce\/motorove-vozidla\/#breadcrumb","itemListElement":[{"@type":"ListItem","position":1,"name":"Home","item":"https:\/\/defensepro.sk\/"},{"@type":"ListItem","position":2,"name":"Obce a mest\u00e1","item":"https:\/\/defensepro.sk\/sluzby-pre-obce\/"},{"@type":"ListItem","position":3,"name":"Motorizovan\u00e1 jednotka"}]},{"@type":"WebSite","@id":"https:\/\/defensepro.sk\/#website","url":"https:\/\/defensepro.sk\/","name":"Defense Pro","description":"","publisher":{"@id":"https:\/\/defensepro.sk\/#organization"},"potentialAction":[{"@type":"SearchAction","target":{"@type":"EntryPoint","urlTemplate":"https:\/\/defensepro.sk\/?s={search_term_string}"},"query-input":{"@type":"PropertyValueSpecification","valueRequired":true,"valueName":"search_term_string"}}],"inLanguage":"en-US"},{"@type":"Organization","@id":"https:\/\/defensepro.sk\/#organization","name":"Defense Pro","url":"https:\/\/defensepro.sk\/","logo":{"@type":"ImageObject","inLanguage":"en-US","@id":"https:\/\/defensepro.sk\/#\/schema\/logo\/image\/","url":"https:\/\/defensepro.sk\/wp-content\/uploads\/2022\/04\/defensepro-thumbnail_v2.jpg","contentUrl":"https:\/\/defensepro.sk\/wp-content\/uploads\/2022\/04\/defensepro-thumbnail_v2.jpg","width":1024,"height":1024,"caption":"Defense Pro"},"image":{"@id":"https:\/\/defensepro.sk\/#\/schema\/logo\/image\/"}}]}},"_links":{"self":[{"href":"https:\/\/defensepro.sk\/en\/wp-json\/wp\/v2\/pages\/1781","targetHints":{"allow":["GET"]}}],"collection":[{"href":"https:\/\/defensepro.sk\/en\/wp-json\/wp\/v2\/pages"}],"about":[{"href":"https:\/\/defensepro.sk\/en\/wp-json\/wp\/v2\/types\/page"}],"author":[{"embeddable":true,"href":"https:\/\/defensepro.sk\/en\/wp-json\/wp\/v2\/users\/1"}],"replies":[{"embeddable":true,"href":"https:\/\/defensepro.sk\/en\/wp-json\/wp\/v2\/comments?post=1781"}],"version-history":[{"count":0,"href":"https:\/\/defensepro.sk\/en\/wp-json\/wp\/v2\/pages\/1781\/revisions"}],"up":[{"embeddable":true,"href":"https:\/\/defensepro.sk\/en\/wp-json\/wp\/v2\/pages\/662"}],"wp:featuredmedia":[{"embeddable":true,"href":"https:\/\/defensepro.sk\/en\/wp-json\/wp\/v2\/media\/4307"}],"wp:attachment":[{"href":"https:\/\/defensepro.sk\/en\/wp-json\/wp\/v2\/media?parent=1781"}],"curies":[{"name":"wp","href":"https:\/\/api.w.org\/{rel}","templated":true}]}}