{"id":1778,"date":"2021-02-04T18:08:28","date_gmt":"2021-02-04T17:08:28","guid":{"rendered":"https:\/\/defensepro.sk\/?page_id=1778"},"modified":"2024-08-23T20:01:34","modified_gmt":"2024-08-23T18:01:34","slug":"hliadkovacia-cinnost","status":"publish","type":"page","link":"https:\/\/defensepro.sk\/en\/sluzby-pre-obce\/hliadkovacia-cinnost\/","title":{"rendered":"Hliadkovacia \u010dinnos\u0165"},"content":{"rendered":"<div data-elementor-type=\"wp-page\" data-elementor-id=\"1778\" class=\"elementor elementor-1778\" data-elementor-post-type=\"page\">\n\t\t\t\t<header data-particle_enable=\"false\" data-particle-mobile-disabled=\"false\" class=\"elementor-element elementor-element-76d09ff e-flex e-con-boxed e-con e-parent\" data-id=\"76d09ff\" data-element_type=\"container\" data-e-type=\"container\">\n\t\t\t\t\t<div class=\"e-con-inner\">\n\t\t<div data-particle_enable=\"false\" data-particle-mobile-disabled=\"false\" class=\"elementor-element elementor-element-a7321a5 e-con-full e-flex e-con e-child\" data-id=\"a7321a5\" data-element_type=\"container\" data-e-type=\"container\">\n\t\t\t\t<div class=\"elementor-element elementor-element-951aa08 elementor-align-center elementor-widget elementor-widget-button\" data-id=\"951aa08\" data-element_type=\"widget\" data-e-type=\"widget\" data-widget_type=\"button.default\">\n\t\t\t\t\t\t\t\t\t\t<a class=\"elementor-button elementor-size-sm\" role=\"button\">\n\t\t\t\t\t\t<span class=\"elementor-button-content-wrapper\">\n\t\t\t\t\t\t\t\t\t<span class=\"elementor-button-text\">HLIADKOVACIA \u010cINNOS\u0164<\/span>\n\t\t\t\t\t<\/span>\n\t\t\t\t\t<\/a>\n\t\t\t\t\t\t\t\t<\/div>\n\t\t\t\t<div class=\"elementor-element elementor-element-ec2935b elementor-widget elementor-widget-heading\" data-id=\"ec2935b\" data-element_type=\"widget\" data-e-type=\"widget\" data-widget_type=\"heading.default\">\n\t\t\t\t\t<h2 class=\"elementor-heading-title elementor-size-default\">sme v centre diania<\/h2>\t\t\t\t<\/div>\n\t\t\t\t<\/div>\n\t\t\t\t\t<\/div>\n\t\t\t\t<\/header>\n\t\t<section data-particle_enable=\"false\" data-particle-mobile-disabled=\"false\" class=\"elementor-element elementor-element-4c7e835 e-flex e-con-boxed e-con e-parent\" data-id=\"4c7e835\" data-element_type=\"container\" data-e-type=\"container\">\n\t\t\t\t\t<div class=\"e-con-inner\">\n\t\t<div data-particle_enable=\"false\" data-particle-mobile-disabled=\"false\" class=\"elementor-element elementor-element-06093f6 e-con-full e-flex e-con e-child\" data-id=\"06093f6\" data-element_type=\"container\" data-e-type=\"container\">\n\t\t<div data-particle_enable=\"false\" data-particle-mobile-disabled=\"false\" class=\"elementor-element elementor-element-f585177 e-con-full e-flex e-con e-child\" data-id=\"f585177\" data-element_type=\"container\" data-e-type=\"container\">\n\t\t<div data-particle_enable=\"false\" data-particle-mobile-disabled=\"false\" class=\"elementor-element elementor-element-89a054f e-con-full e-flex e-con e-child\" data-id=\"89a054f\" data-element_type=\"container\" data-e-type=\"container\">\n\t\t\t\t<div class=\"elementor-element elementor-element-3555529 elementor-widget elementor-widget-text-editor\" data-id=\"3555529\" data-element_type=\"widget\" data-e-type=\"widget\" data-widget_type=\"text-editor.default\">\n\t\t\t\t\t\t\t\t\t<p>Cie\u013eom hliadkovania m\u00f4\u017ee by\u0165 kontrola kritick\u00fdch miest, ktor\u00e9 sa tak st\u00e1vaj\u00fa pevn\u00fdmi bodmi kontroly v r\u00e1mci na\u0161ej \u010dinnosti.<\/p><p>Ka\u017ed\u00e1 obec je individu\u00e1lna a pot\u00fdka sa s rozdielnymi probl\u00e9mami, preto na\u0161u \u010dinnos\u0165 prisp\u00f4sob\u00edme va\u0161im po\u017eiadavk\u00e1m.<\/p><p>Pevn\u00fdm bodom kontroly m\u00f4\u017ee by\u0165 na z\u00e1klade na\u0161ich sk\u00fasenost\u00ed miesto, kde sa najm\u00e4 v letn\u00fdch mesiacoch zhroma\u017e\u010fuj\u00fa \u013eudia za ne\u017eelan\u00fdm \u00fa\u010delom, pri\u010dom m\u00f4\u017ee doch\u00e1dza\u0165 k zne\u010disteniu verejn\u00e9ho priestranstva, ru\u0161eniu no\u010dn\u00e9ho k\u013eudu, pr\u00edpadne po\u0161kodzovaniu verejn\u00e9ho majetku.<\/p>\t\t\t\t\t\t\t\t<\/div>\n\t\t\t\t<\/div>\n\t\t<div data-particle_enable=\"false\" data-particle-mobile-disabled=\"false\" class=\"elementor-element elementor-element-add4dc2 e-con-full e-flex e-con e-child\" data-id=\"add4dc2\" data-element_type=\"container\" data-e-type=\"container\">\n\t\t\t\t<div class=\"elementor-element elementor-element-dc9b048 elementor-widget elementor-widget-image\" data-id=\"dc9b048\" data-element_type=\"widget\" data-e-type=\"widget\" data-widget_type=\"image.default\">\n\t\t\t\t\t\t\t\t\t\t\t\t\t\t\t<img fetchpriority=\"high\" decoding=\"async\" width=\"800\" height=\"356\" src=\"https:\/\/defensepro.sk\/wp-content\/uploads\/2021\/03\/IMG-20210315-WA0017-1-e1618949435762-1024x456.jpg\" class=\"attachment-large size-large wp-image-2578\" alt=\"\" srcset=\"https:\/\/defensepro.sk\/wp-content\/uploads\/2021\/03\/IMG-20210315-WA0017-1-e1618949435762-1024x456.jpg 1024w, https:\/\/defensepro.sk\/wp-content\/uploads\/2021\/03\/IMG-20210315-WA0017-1-e1618949435762-300x134.jpg 300w, https:\/\/defensepro.sk\/wp-content\/uploads\/2021\/03\/IMG-20210315-WA0017-1-e1618949435762-768x342.jpg 768w, https:\/\/defensepro.sk\/wp-content\/uploads\/2021\/03\/IMG-20210315-WA0017-1-e1618949435762-1536x684.jpg 1536w, https:\/\/defensepro.sk\/wp-content\/uploads\/2021\/03\/IMG-20210315-WA0017-1-e1618949435762.jpg 1600w\" sizes=\"(max-width: 800px) 100vw, 800px\" \/>\t\t\t\t\t\t\t\t\t\t\t\t\t\t\t<\/div>\n\t\t\t\t<\/div>\n\t\t\t\t<\/div>\n\t\t<div data-particle_enable=\"false\" data-particle-mobile-disabled=\"false\" class=\"elementor-element elementor-element-4097cc6 e-con-full e-flex e-con e-child\" data-id=\"4097cc6\" data-element_type=\"container\" data-e-type=\"container\">\n\t\t<div data-particle_enable=\"false\" data-particle-mobile-disabled=\"false\" class=\"elementor-element elementor-element-9da46a0 e-con-full e-flex e-con e-child\" data-id=\"9da46a0\" data-element_type=\"container\" data-e-type=\"container\">\n\t\t\t\t<div class=\"elementor-element elementor-element-8c7f72a elementor-widget elementor-widget-image\" data-id=\"8c7f72a\" data-element_type=\"widget\" data-e-type=\"widget\" data-widget_type=\"image.default\">\n\t\t\t\t\t\t\t\t\t\t\t\t\t\t\t<img decoding=\"async\" width=\"800\" height=\"326\" src=\"https:\/\/defensepro.sk\/wp-content\/uploads\/2021\/03\/IMG-170321-04-1024x417.jpg\" class=\"attachment-large size-large wp-image-2360\" alt=\"\" srcset=\"https:\/\/defensepro.sk\/wp-content\/uploads\/2021\/03\/IMG-170321-04-1024x417.jpg 1024w, https:\/\/defensepro.sk\/wp-content\/uploads\/2021\/03\/IMG-170321-04-300x122.jpg 300w, https:\/\/defensepro.sk\/wp-content\/uploads\/2021\/03\/IMG-170321-04-768x313.jpg 768w, https:\/\/defensepro.sk\/wp-content\/uploads\/2021\/03\/IMG-170321-04.jpg 1080w\" sizes=\"(max-width: 800px) 100vw, 800px\" \/>\t\t\t\t\t\t\t\t\t\t\t\t\t\t\t<\/div>\n\t\t\t\t<\/div>\n\t\t<div data-particle_enable=\"false\" data-particle-mobile-disabled=\"false\" class=\"elementor-element elementor-element-a696736 e-con-full e-flex e-con e-child\" data-id=\"a696736\" data-element_type=\"container\" data-e-type=\"container\">\n\t\t\t\t<div class=\"elementor-element elementor-element-cf8267c elementor-widget elementor-widget-text-editor\" data-id=\"cf8267c\" data-element_type=\"widget\" data-e-type=\"widget\" data-widget_type=\"text-editor.default\">\n\t\t\t\t\t\t\t\t\t<p>Naopak v zimn\u00fdch mesiacoch, ke\u010f sa dni skracuj\u00fa, bad\u00e1me n\u00e1rast kriminality v podobe cielen\u00fdch kr\u00e1de\u017e\u00ed a \u0161k\u00f4d na majetku, preto sa pri na\u0161ej \u010dinnosti zameriavame na jeho ochranu. Citliv\u00fdm miestom v obci je po\u010das sviatkov cintor\u00edn, je to miesto \u010dast\u00fdch kr\u00e1de\u017e\u00ed s rizikom po\u010detn\u00fdch po\u017eiarov.<\/p><p>Pre ka\u017ed\u00fa obec vytvor\u00edme projekt chr\u00e1nen\u00e9ho objektu, ktor\u00fd upres\u0148uje na\u0161u \u010dinnos\u0165 tak, aby naplnila va\u0161e o\u010dak\u00e1vania. K\u013e\u00fa\u010dov\u00e9 s\u00fa pre n\u00e1s inform\u00e1cie ktor\u00e9 sa n\u00e1m od v\u00e1s dost\u00e1vaj\u00fa.<\/p>\t\t\t\t\t\t\t\t<\/div>\n\t\t\t\t<\/div>\n\t\t\t\t<\/div>\n\t\t\t\t<\/div>\n\t\t\t\t\t<\/div>\n\t\t\t\t<\/section>\n\t\t<section data-particle_enable=\"false\" data-particle-mobile-disabled=\"false\" class=\"elementor-element elementor-element-dfe1b0b e-flex e-con-boxed e-con e-parent\" data-id=\"dfe1b0b\" data-element_type=\"container\" data-e-type=\"container\">\n\t\t\t\t\t<div class=\"e-con-inner\">\n\t\t<div data-particle_enable=\"false\" data-particle-mobile-disabled=\"false\" class=\"elementor-element elementor-element-81dd13c e-con-full e-flex e-con e-child\" data-id=\"81dd13c\" data-element_type=\"container\" data-e-type=\"container\">\n\t\t\t\t<div class=\"elementor-element elementor-element-9ac9978 elementor-widget elementor-widget-heading\" data-id=\"9ac9978\" data-element_type=\"widget\" data-e-type=\"widget\" data-widget_type=\"heading.default\">\n\t\t\t\t\t<p class=\"elementor-heading-title elementor-size-default\"><span class=\"accent-color\">\u201e <\/span>Pre\u010d\u00edtajte si o na\u0161ej pr\u00e1ci viac v \u010dl\u00e1nku pracovn\u00e1 \u010dinnos\u0165 v chr\u00e1nen\u00fdch obciach. <span class=\"accent-color\"> \u201d<\/span><\/p>\t\t\t\t<\/div>\n\t\t\t\t<div class=\"elementor-element elementor-element-6e54d6e elementor-widget-divider--view-line elementor-widget elementor-widget-divider\" data-id=\"6e54d6e\" data-element_type=\"widget\" data-e-type=\"widget\" data-widget_type=\"divider.default\">\n\t\t\t\t\t\t\t<div class=\"elementor-divider\">\n\t\t\t<span class=\"elementor-divider-separator\">\n\t\t\t\t\t\t<\/span>\n\t\t<\/div>\n\t\t\t\t\t\t<\/div>\n\t\t\t\t<div class=\"elementor-element elementor-element-ae4e28b elementor-widget elementor-widget-heading\" data-id=\"ae4e28b\" data-element_type=\"widget\" data-e-type=\"widget\" data-widget_type=\"heading.default\">\n\t\t\t\t\t<h2 class=\"elementor-heading-title elementor-size-default\"><a href=\"https:\/\/defensepro.sk\/en\/pracovna-cinnost-v-chranenych-obciach\/\">Prejs\u0165 na \u010dl\u00e1nok<\/a><\/h2>\t\t\t\t<\/div>\n\t\t\t\t<\/div>\n\t\t\t\t\t<\/div>\n\t\t\t\t<\/section>\n\t\t\t\t<\/div>","protected":false},"excerpt":{"rendered":"<p>HLIADKOVACIA \u010cINNOS\u0164 sme v centre diania Cie\u013eom hliadkovania m\u00f4\u017ee by\u0165 kontrola kritick\u00fdch miest, ktor\u00e9 sa tak st\u00e1vaj\u00fa pevn\u00fdmi bodmi kontroly v r\u00e1mci na\u0161ej \u010dinnosti. Ka\u017ed\u00e1 obec je individu\u00e1lna a pot\u00fdka sa s rozdielnymi probl\u00e9mami, preto na\u0161u \u010dinnos\u0165 prisp\u00f4sob\u00edme va\u0161im po\u017eiadavk\u00e1m. Pevn\u00fdm bodom kontroly m\u00f4\u017ee by\u0165 na z\u00e1klade na\u0161ich sk\u00fasenost\u00ed miesto, kde sa najm\u00e4 v letn\u00fdch [&hellip;]<\/p>\n","protected":false},"author":1,"featured_media":4307,"parent":662,"menu_order":4,"comment_status":"closed","ping_status":"closed","template":"","meta":{"_acf_changed":false,"footnotes":""},"class_list":["post-1778","page","type-page","status-publish","has-post-thumbnail","hentry"],"acf":[],"yoast_head":"<!-- This site is optimized with the Yoast SEO plugin v27.1.1 - https:\/\/yoast.com\/product\/yoast-seo-wordpress\/ -->\n<title>Hliadkovacia \u010dinnos\u0165 &#187; Defense Pro<\/title>\n<meta name=\"description\" content=\"Hliadkovacia \u010dinnos\u0165 - Cie\u013eom m\u00f4\u017ee by\u0165 kontrola kritick\u00fdch miest, ktor\u00e9 sa tak st\u00e1vaj\u00fa pevn\u00fdmi bodmi kontroly v r\u00e1mci na\u0161ej \u010dinnosti...\" \/>\n<meta name=\"robots\" content=\"index, follow, max-snippet:-1, max-image-preview:large, max-video-preview:-1\" \/>\n<link rel=\"canonical\" href=\"https:\/\/defensepro.sk\/en\/sluzby-pre-obce\/hliadkovacia-cinnost\/\" \/>\n<meta property=\"og:locale\" content=\"en_US\" \/>\n<meta property=\"og:type\" content=\"article\" \/>\n<meta property=\"og:title\" content=\"Hliadkovacia \u010dinnos\u0165 &#187; Defense Pro\" \/>\n<meta property=\"og:description\" content=\"Hliadkovacia \u010dinnos\u0165 - Cie\u013eom m\u00f4\u017ee by\u0165 kontrola kritick\u00fdch miest, ktor\u00e9 sa tak st\u00e1vaj\u00fa pevn\u00fdmi bodmi kontroly v r\u00e1mci na\u0161ej \u010dinnosti...\" \/>\n<meta property=\"og:url\" content=\"https:\/\/defensepro.sk\/en\/sluzby-pre-obce\/hliadkovacia-cinnost\/\" \/>\n<meta property=\"og:site_name\" content=\"Defense Pro\" \/>\n<meta property=\"article:modified_time\" content=\"2024-08-23T18:01:34+00:00\" \/>\n<meta property=\"og:image\" content=\"https:\/\/defensepro.sk\/wp-content\/uploads\/2022\/04\/defensepro-thumbnail_v2.jpg\" \/>\n\t<meta property=\"og:image:width\" content=\"1024\" \/>\n\t<meta property=\"og:image:height\" content=\"1024\" \/>\n\t<meta property=\"og:image:type\" content=\"image\/jpeg\" \/>\n<meta name=\"twitter:card\" content=\"summary_large_image\" \/>\n<meta name=\"twitter:label1\" content=\"Est. reading time\" \/>\n\t<meta name=\"twitter:data1\" content=\"2 minutes\" \/>\n<script type=\"application\/ld+json\" class=\"yoast-schema-graph\">{\"@context\":\"https:\/\/schema.org\",\"@graph\":[{\"@type\":\"WebPage\",\"@id\":\"https:\/\/defensepro.sk\/sluzby-pre-obce\/hliadkovacia-cinnost\/\",\"url\":\"https:\/\/defensepro.sk\/sluzby-pre-obce\/hliadkovacia-cinnost\/\",\"name\":\"Hliadkovacia \u010dinnos\u0165 &#187; Defense Pro\",\"isPartOf\":{\"@id\":\"https:\/\/defensepro.sk\/#website\"},\"primaryImageOfPage\":{\"@id\":\"https:\/\/defensepro.sk\/sluzby-pre-obce\/hliadkovacia-cinnost\/#primaryimage\"},\"image\":{\"@id\":\"https:\/\/defensepro.sk\/sluzby-pre-obce\/hliadkovacia-cinnost\/#primaryimage\"},\"thumbnailUrl\":\"https:\/\/defensepro.sk\/wp-content\/uploads\/2022\/04\/defensepro-thumbnail_v2.jpg\",\"datePublished\":\"2021-02-04T17:08:28+00:00\",\"dateModified\":\"2024-08-23T18:01:34+00:00\",\"description\":\"Hliadkovacia \u010dinnos\u0165 - Cie\u013eom m\u00f4\u017ee by\u0165 kontrola kritick\u00fdch miest, ktor\u00e9 sa tak st\u00e1vaj\u00fa pevn\u00fdmi bodmi kontroly v r\u00e1mci na\u0161ej \u010dinnosti...\",\"breadcrumb\":{\"@id\":\"https:\/\/defensepro.sk\/sluzby-pre-obce\/hliadkovacia-cinnost\/#breadcrumb\"},\"inLanguage\":\"en-US\",\"potentialAction\":[{\"@type\":\"ReadAction\",\"target\":[\"https:\/\/defensepro.sk\/sluzby-pre-obce\/hliadkovacia-cinnost\/\"]}]},{\"@type\":\"ImageObject\",\"inLanguage\":\"en-US\",\"@id\":\"https:\/\/defensepro.sk\/sluzby-pre-obce\/hliadkovacia-cinnost\/#primaryimage\",\"url\":\"https:\/\/defensepro.sk\/wp-content\/uploads\/2022\/04\/defensepro-thumbnail_v2.jpg\",\"contentUrl\":\"https:\/\/defensepro.sk\/wp-content\/uploads\/2022\/04\/defensepro-thumbnail_v2.jpg\",\"width\":1024,\"height\":1024},{\"@type\":\"BreadcrumbList\",\"@id\":\"https:\/\/defensepro.sk\/sluzby-pre-obce\/hliadkovacia-cinnost\/#breadcrumb\",\"itemListElement\":[{\"@type\":\"ListItem\",\"position\":1,\"name\":\"Home\",\"item\":\"https:\/\/defensepro.sk\/\"},{\"@type\":\"ListItem\",\"position\":2,\"name\":\"Obce a mest\u00e1\",\"item\":\"https:\/\/defensepro.sk\/sluzby-pre-obce\/\"},{\"@type\":\"ListItem\",\"position\":3,\"name\":\"Hliadkovacia \u010dinnos\u0165\"}]},{\"@type\":\"WebSite\",\"@id\":\"https:\/\/defensepro.sk\/#website\",\"url\":\"https:\/\/defensepro.sk\/\",\"name\":\"Defense Pro\",\"description\":\"\",\"publisher\":{\"@id\":\"https:\/\/defensepro.sk\/#organization\"},\"potentialAction\":[{\"@type\":\"SearchAction\",\"target\":{\"@type\":\"EntryPoint\",\"urlTemplate\":\"https:\/\/defensepro.sk\/?s={search_term_string}\"},\"query-input\":{\"@type\":\"PropertyValueSpecification\",\"valueRequired\":true,\"valueName\":\"search_term_string\"}}],\"inLanguage\":\"en-US\"},{\"@type\":\"Organization\",\"@id\":\"https:\/\/defensepro.sk\/#organization\",\"name\":\"Defense Pro\",\"url\":\"https:\/\/defensepro.sk\/\",\"logo\":{\"@type\":\"ImageObject\",\"inLanguage\":\"en-US\",\"@id\":\"https:\/\/defensepro.sk\/#\/schema\/logo\/image\/\",\"url\":\"https:\/\/defensepro.sk\/wp-content\/uploads\/2022\/04\/defensepro-thumbnail_v2.jpg\",\"contentUrl\":\"https:\/\/defensepro.sk\/wp-content\/uploads\/2022\/04\/defensepro-thumbnail_v2.jpg\",\"width\":1024,\"height\":1024,\"caption\":\"Defense Pro\"},\"image\":{\"@id\":\"https:\/\/defensepro.sk\/#\/schema\/logo\/image\/\"}}]}<\/script>\n<!-- \/ Yoast SEO plugin. -->","yoast_head_json":{"title":"Hliadkovacia \u010dinnos\u0165 &#187; Defense Pro","description":"Hliadkovacia \u010dinnos\u0165 - Cie\u013eom m\u00f4\u017ee by\u0165 kontrola kritick\u00fdch miest, ktor\u00e9 sa tak st\u00e1vaj\u00fa pevn\u00fdmi bodmi kontroly v r\u00e1mci na\u0161ej \u010dinnosti...","robots":{"index":"index","follow":"follow","max-snippet":"max-snippet:-1","max-image-preview":"max-image-preview:large","max-video-preview":"max-video-preview:-1"},"canonical":"https:\/\/defensepro.sk\/en\/sluzby-pre-obce\/hliadkovacia-cinnost\/","og_locale":"en_US","og_type":"article","og_title":"Hliadkovacia \u010dinnos\u0165 &#187; Defense Pro","og_description":"Hliadkovacia \u010dinnos\u0165 - Cie\u013eom m\u00f4\u017ee by\u0165 kontrola kritick\u00fdch miest, ktor\u00e9 sa tak st\u00e1vaj\u00fa pevn\u00fdmi bodmi kontroly v r\u00e1mci na\u0161ej \u010dinnosti...","og_url":"https:\/\/defensepro.sk\/en\/sluzby-pre-obce\/hliadkovacia-cinnost\/","og_site_name":"Defense Pro","article_modified_time":"2024-08-23T18:01:34+00:00","og_image":[{"width":1024,"height":1024,"url":"https:\/\/defensepro.sk\/wp-content\/uploads\/2022\/04\/defensepro-thumbnail_v2.jpg","type":"image\/jpeg"}],"twitter_card":"summary_large_image","twitter_misc":{"Est. reading time":"2 minutes"},"schema":{"@context":"https:\/\/schema.org","@graph":[{"@type":"WebPage","@id":"https:\/\/defensepro.sk\/sluzby-pre-obce\/hliadkovacia-cinnost\/","url":"https:\/\/defensepro.sk\/sluzby-pre-obce\/hliadkovacia-cinnost\/","name":"Hliadkovacia \u010dinnos\u0165 &#187; Defense Pro","isPartOf":{"@id":"https:\/\/defensepro.sk\/#website"},"primaryImageOfPage":{"@id":"https:\/\/defensepro.sk\/sluzby-pre-obce\/hliadkovacia-cinnost\/#primaryimage"},"image":{"@id":"https:\/\/defensepro.sk\/sluzby-pre-obce\/hliadkovacia-cinnost\/#primaryimage"},"thumbnailUrl":"https:\/\/defensepro.sk\/wp-content\/uploads\/2022\/04\/defensepro-thumbnail_v2.jpg","datePublished":"2021-02-04T17:08:28+00:00","dateModified":"2024-08-23T18:01:34+00:00","description":"Hliadkovacia \u010dinnos\u0165 - Cie\u013eom m\u00f4\u017ee by\u0165 kontrola kritick\u00fdch miest, ktor\u00e9 sa tak st\u00e1vaj\u00fa pevn\u00fdmi bodmi kontroly v r\u00e1mci na\u0161ej \u010dinnosti...","breadcrumb":{"@id":"https:\/\/defensepro.sk\/sluzby-pre-obce\/hliadkovacia-cinnost\/#breadcrumb"},"inLanguage":"en-US","potentialAction":[{"@type":"ReadAction","target":["https:\/\/defensepro.sk\/sluzby-pre-obce\/hliadkovacia-cinnost\/"]}]},{"@type":"ImageObject","inLanguage":"en-US","@id":"https:\/\/defensepro.sk\/sluzby-pre-obce\/hliadkovacia-cinnost\/#primaryimage","url":"https:\/\/defensepro.sk\/wp-content\/uploads\/2022\/04\/defensepro-thumbnail_v2.jpg","contentUrl":"https:\/\/defensepro.sk\/wp-content\/uploads\/2022\/04\/defensepro-thumbnail_v2.jpg","width":1024,"height":1024},{"@type":"BreadcrumbList","@id":"https:\/\/defensepro.sk\/sluzby-pre-obce\/hliadkovacia-cinnost\/#breadcrumb","itemListElement":[{"@type":"ListItem","position":1,"name":"Home","item":"https:\/\/defensepro.sk\/"},{"@type":"ListItem","position":2,"name":"Obce a mest\u00e1","item":"https:\/\/defensepro.sk\/sluzby-pre-obce\/"},{"@type":"ListItem","position":3,"name":"Hliadkovacia \u010dinnos\u0165"}]},{"@type":"WebSite","@id":"https:\/\/defensepro.sk\/#website","url":"https:\/\/defensepro.sk\/","name":"Defense Pro","description":"","publisher":{"@id":"https:\/\/defensepro.sk\/#organization"},"potentialAction":[{"@type":"SearchAction","target":{"@type":"EntryPoint","urlTemplate":"https:\/\/defensepro.sk\/?s={search_term_string}"},"query-input":{"@type":"PropertyValueSpecification","valueRequired":true,"valueName":"search_term_string"}}],"inLanguage":"en-US"},{"@type":"Organization","@id":"https:\/\/defensepro.sk\/#organization","name":"Defense Pro","url":"https:\/\/defensepro.sk\/","logo":{"@type":"ImageObject","inLanguage":"en-US","@id":"https:\/\/defensepro.sk\/#\/schema\/logo\/image\/","url":"https:\/\/defensepro.sk\/wp-content\/uploads\/2022\/04\/defensepro-thumbnail_v2.jpg","contentUrl":"https:\/\/defensepro.sk\/wp-content\/uploads\/2022\/04\/defensepro-thumbnail_v2.jpg","width":1024,"height":1024,"caption":"Defense Pro"},"image":{"@id":"https:\/\/defensepro.sk\/#\/schema\/logo\/image\/"}}]}},"_links":{"self":[{"href":"https:\/\/defensepro.sk\/en\/wp-json\/wp\/v2\/pages\/1778","targetHints":{"allow":["GET"]}}],"collection":[{"href":"https:\/\/defensepro.sk\/en\/wp-json\/wp\/v2\/pages"}],"about":[{"href":"https:\/\/defensepro.sk\/en\/wp-json\/wp\/v2\/types\/page"}],"author":[{"embeddable":true,"href":"https:\/\/defensepro.sk\/en\/wp-json\/wp\/v2\/users\/1"}],"replies":[{"embeddable":true,"href":"https:\/\/defensepro.sk\/en\/wp-json\/wp\/v2\/comments?post=1778"}],"version-history":[{"count":0,"href":"https:\/\/defensepro.sk\/en\/wp-json\/wp\/v2\/pages\/1778\/revisions"}],"up":[{"embeddable":true,"href":"https:\/\/defensepro.sk\/en\/wp-json\/wp\/v2\/pages\/662"}],"wp:featuredmedia":[{"embeddable":true,"href":"https:\/\/defensepro.sk\/en\/wp-json\/wp\/v2\/media\/4307"}],"wp:attachment":[{"href":"https:\/\/defensepro.sk\/en\/wp-json\/wp\/v2\/media?parent=1778"}],"curies":[{"name":"wp","href":"https:\/\/api.w.org\/{rel}","templated":true}]}}