{"id":1775,"date":"2021-02-04T18:07:44","date_gmt":"2021-02-04T17:07:44","guid":{"rendered":"https:\/\/defensepro.sk\/?page_id=1775"},"modified":"2024-08-23T20:01:51","modified_gmt":"2024-08-23T18:01:51","slug":"ochrana-verejneho-poriadku","status":"publish","type":"page","link":"https:\/\/defensepro.sk\/en\/sluzby-pre-obce\/ochrana-verejneho-poriadku\/","title":{"rendered":"Ochrana verejn\u00e9ho poriadku"},"content":{"rendered":"<div data-elementor-type=\"wp-page\" data-elementor-id=\"1775\" class=\"elementor elementor-1775\" data-elementor-post-type=\"page\">\n\t\t\t\t<header data-particle_enable=\"false\" data-particle-mobile-disabled=\"false\" class=\"elementor-element elementor-element-dfb3f9e e-flex e-con-boxed e-con e-parent\" data-id=\"dfb3f9e\" data-element_type=\"container\" data-e-type=\"container\">\n\t\t\t\t\t<div class=\"e-con-inner\">\n\t\t<div data-particle_enable=\"false\" data-particle-mobile-disabled=\"false\" class=\"elementor-element elementor-element-120253d e-con-full e-flex e-con e-child\" data-id=\"120253d\" data-element_type=\"container\" data-e-type=\"container\">\n\t\t\t\t<div class=\"elementor-element elementor-element-4b2fed0 elementor-align-center elementor-widget elementor-widget-button\" data-id=\"4b2fed0\" data-element_type=\"widget\" data-e-type=\"widget\" data-widget_type=\"button.default\">\n\t\t\t\t\t\t\t\t\t\t<a class=\"elementor-button elementor-size-sm\" role=\"button\">\n\t\t\t\t\t\t<span class=\"elementor-button-content-wrapper\">\n\t\t\t\t\t\t\t\t\t<span class=\"elementor-button-text\">my sme va\u0161a prav\u00e1 ruka<\/span>\n\t\t\t\t\t<\/span>\n\t\t\t\t\t<\/a>\n\t\t\t\t\t\t\t\t<\/div>\n\t\t\t\t<div class=\"elementor-element elementor-element-32a198d elementor-widget elementor-widget-heading\" data-id=\"32a198d\" data-element_type=\"widget\" data-e-type=\"widget\" data-widget_type=\"heading.default\">\n\t\t\t\t\t<h2 class=\"elementor-heading-title elementor-size-default\">verejne pr\u00edstupn\u00e9 miesta<\/h2>\t\t\t\t<\/div>\n\t\t\t\t<\/div>\n\t\t\t\t\t<\/div>\n\t\t\t\t<\/header>\n\t\t<section data-particle_enable=\"false\" data-particle-mobile-disabled=\"false\" class=\"elementor-element elementor-element-cb5978f e-flex e-con-boxed e-con e-parent\" data-id=\"cb5978f\" data-element_type=\"container\" data-e-type=\"container\">\n\t\t\t\t\t<div class=\"e-con-inner\">\n\t\t<div data-particle_enable=\"false\" data-particle-mobile-disabled=\"false\" class=\"elementor-element elementor-element-d04b2e6 e-con-full e-flex e-con e-child\" data-id=\"d04b2e6\" data-element_type=\"container\" data-e-type=\"container\">\n\t\t<div data-particle_enable=\"false\" data-particle-mobile-disabled=\"false\" class=\"elementor-element elementor-element-1fccfc0 e-con-full e-flex e-con e-child\" data-id=\"1fccfc0\" data-element_type=\"container\" data-e-type=\"container\">\n\t\t<div data-particle_enable=\"false\" data-particle-mobile-disabled=\"false\" class=\"elementor-element elementor-element-72e2177 e-con-full e-flex e-con e-child\" data-id=\"72e2177\" data-element_type=\"container\" data-e-type=\"container\">\n\t\t\t\t<div class=\"elementor-element elementor-element-0e35e4c elementor-widget elementor-widget-text-editor\" data-id=\"0e35e4c\" data-element_type=\"widget\" data-e-type=\"widget\" data-widget_type=\"text-editor.default\">\n\t\t\t\t\t\t\t\t\t<p>Na z\u00e1klade zmluvy vykon\u00e1vame v jednotliv\u00fdch katastroch obc\u00ed funkciu bezpe\u010dnostn\u00e9ho hliadkovania, za t\u00fdm \u00fa\u010delom vyu\u017e\u00edvame motorizovan\u00fa hliadku s ozna\u010den\u00fdm slu\u017eobn\u00fdm vozidlom.<\/p><p>Hliadkovanie prebieha tak, \u017ee po vzore mestskej a obecnej Pol\u00edcie prech\u00e1dzame komunik\u00e1cie a verejn\u00e9 priestranstv\u00e1 v katastri va\u0161ej obce.<\/p><p>Po\u010das hliadkovania pre v\u00e1s zhroma\u017e\u010fujeme inform\u00e1cie, ktor\u00fdch z\u00edskavanie je pre samotn\u00fdch z\u00e1stupcov obce \u010dasovo n\u00e1ro\u010dn\u00e9 a neprijate\u013en\u00e9.<\/p>\t\t\t\t\t\t\t\t<\/div>\n\t\t\t\t<\/div>\n\t\t<div data-particle_enable=\"false\" data-particle-mobile-disabled=\"false\" class=\"elementor-element elementor-element-ba06df8 e-con-full e-flex e-con e-child\" data-id=\"ba06df8\" data-element_type=\"container\" data-e-type=\"container\">\n\t\t\t\t<div class=\"elementor-element elementor-element-d5c14ec elementor-widget elementor-widget-image\" data-id=\"d5c14ec\" data-element_type=\"widget\" data-e-type=\"widget\" data-widget_type=\"image.default\">\n\t\t\t\t\t\t\t\t\t\t\t\t\t\t\t<img fetchpriority=\"high\" decoding=\"async\" width=\"800\" height=\"356\" src=\"https:\/\/defensepro.sk\/wp-content\/uploads\/2021\/04\/Photo-22-of-60-scaled-e1618949274198-1024x456.jpg\" class=\"attachment-large size-large wp-image-2737\" alt=\"\" srcset=\"https:\/\/defensepro.sk\/wp-content\/uploads\/2021\/04\/Photo-22-of-60-scaled-e1618949274198-1024x456.jpg 1024w, https:\/\/defensepro.sk\/wp-content\/uploads\/2021\/04\/Photo-22-of-60-scaled-e1618949274198-300x133.jpg 300w, https:\/\/defensepro.sk\/wp-content\/uploads\/2021\/04\/Photo-22-of-60-scaled-e1618949274198-768x342.jpg 768w, https:\/\/defensepro.sk\/wp-content\/uploads\/2021\/04\/Photo-22-of-60-scaled-e1618949274198-1536x683.jpg 1536w, https:\/\/defensepro.sk\/wp-content\/uploads\/2021\/04\/Photo-22-of-60-scaled-e1618949274198-2048x911.jpg 2048w\" sizes=\"(max-width: 800px) 100vw, 800px\" \/>\t\t\t\t\t\t\t\t\t\t\t\t\t\t\t<\/div>\n\t\t\t\t<\/div>\n\t\t\t\t<\/div>\n\t\t<div data-particle_enable=\"false\" data-particle-mobile-disabled=\"false\" class=\"elementor-element elementor-element-201d149 e-con-full e-flex e-con e-child\" data-id=\"201d149\" data-element_type=\"container\" data-e-type=\"container\">\n\t\t<div data-particle_enable=\"false\" data-particle-mobile-disabled=\"false\" class=\"elementor-element elementor-element-75c8b10 e-con-full e-flex e-con e-child\" data-id=\"75c8b10\" data-element_type=\"container\" data-e-type=\"container\">\n\t\t\t\t<div class=\"elementor-element elementor-element-2a67a0f elementor-widget elementor-widget-image\" data-id=\"2a67a0f\" data-element_type=\"widget\" data-e-type=\"widget\" data-widget_type=\"image.default\">\n\t\t\t\t\t\t\t\t\t\t\t\t\t\t\t<img decoding=\"async\" width=\"800\" height=\"373\" src=\"https:\/\/defensepro.sk\/wp-content\/uploads\/2021\/01\/hliadkovanie-jpeg-scaled-e1618933265329-1024x478.jpg\" class=\"attachment-large size-large wp-image-2614\" alt=\"\" srcset=\"https:\/\/defensepro.sk\/wp-content\/uploads\/2021\/01\/hliadkovanie-jpeg-scaled-e1618933265329-1024x478.jpg 1024w, https:\/\/defensepro.sk\/wp-content\/uploads\/2021\/01\/hliadkovanie-jpeg-scaled-e1618933265329-300x140.jpg 300w, https:\/\/defensepro.sk\/wp-content\/uploads\/2021\/01\/hliadkovanie-jpeg-scaled-e1618933265329-768x359.jpg 768w, https:\/\/defensepro.sk\/wp-content\/uploads\/2021\/01\/hliadkovanie-jpeg-scaled-e1618933265329-1536x718.jpg 1536w, https:\/\/defensepro.sk\/wp-content\/uploads\/2021\/01\/hliadkovanie-jpeg-scaled-e1618933265329-2048x957.jpg 2048w\" sizes=\"(max-width: 800px) 100vw, 800px\" \/>\t\t\t\t\t\t\t\t\t\t\t\t\t\t\t<\/div>\n\t\t\t\t<\/div>\n\t\t<div data-particle_enable=\"false\" data-particle-mobile-disabled=\"false\" class=\"elementor-element elementor-element-1e9d7c8 e-con-full e-flex e-con e-child\" data-id=\"1e9d7c8\" data-element_type=\"container\" data-e-type=\"container\">\n\t\t\t\t<div class=\"elementor-element elementor-element-9c1f455 elementor-widget elementor-widget-text-editor\" data-id=\"9c1f455\" data-element_type=\"widget\" data-e-type=\"widget\" data-widget_type=\"text-editor.default\">\n\t\t\t\t\t\t\t\t\t<p>Evidujeme vznik neleg\u00e1lnych skl\u00e1dok v extravil\u00e1ne obce, sp\u00ed\u0161eme z\u00e1znam o nefunk\u010dnom osvetlen\u00ed, svojou \u010dinnos\u0165ou zamedzujeme v neleg\u00e1lnom vyp\u00fa\u0161\u0165an\u00ed septikov, preverujeme neleg\u00e1lne spa\u013eovanie odpadu a po\u0161kodzovanie dopravn\u00fdch zna\u010den\u00ed.<\/p><p>O ka\u017edom zisten\u00ed vytvor\u00edme z\u00e1znam, ktor\u00fd v\u00e1m v \u010do najkrat\u0161om mo\u017enom \u010dase zasielame na obec. O lok\u00e1lnych probl\u00e9moch sa tak dozved\u00e1te prv\u00ed, nemus\u00edte tak reagova\u0165 a\u017e na s\u0165a\u017enosti od ob\u010danov.<\/p>\t\t\t\t\t\t\t\t<\/div>\n\t\t\t\t<\/div>\n\t\t\t\t<\/div>\n\t\t\t\t<\/div>\n\t\t\t\t\t<\/div>\n\t\t\t\t<\/section>\n\t\t<section data-particle_enable=\"false\" data-particle-mobile-disabled=\"false\" class=\"elementor-element elementor-element-7db0e46 e-flex e-con-boxed e-con e-parent\" data-id=\"7db0e46\" data-element_type=\"container\" data-e-type=\"container\">\n\t\t\t\t\t<div class=\"e-con-inner\">\n\t\t<div data-particle_enable=\"false\" data-particle-mobile-disabled=\"false\" class=\"elementor-element elementor-element-416417f e-con-full e-flex e-con e-child\" data-id=\"416417f\" data-element_type=\"container\" data-e-type=\"container\">\n\t\t\t\t<div class=\"elementor-element elementor-element-f949eb8 elementor-widget elementor-widget-heading\" data-id=\"f949eb8\" data-element_type=\"widget\" data-e-type=\"widget\" data-widget_type=\"heading.default\">\n\t\t\t\t\t<p class=\"elementor-heading-title elementor-size-default\"><span class=\"accent-color\">\u201e <\/span>Pre\u010d\u00edtajte si o na\u0161ej pr\u00e1ci viac v \u010dl\u00e1nku pracovn\u00e1 \u010dinnos\u0165 v chr\u00e1nen\u00fdch obciach. <span class=\"accent-color\"> \u201d<\/span><\/p>\t\t\t\t<\/div>\n\t\t\t\t<div class=\"elementor-element elementor-element-917b9a5 elementor-widget-divider--view-line elementor-widget elementor-widget-divider\" data-id=\"917b9a5\" data-element_type=\"widget\" data-e-type=\"widget\" data-widget_type=\"divider.default\">\n\t\t\t\t\t\t\t<div class=\"elementor-divider\">\n\t\t\t<span class=\"elementor-divider-separator\">\n\t\t\t\t\t\t<\/span>\n\t\t<\/div>\n\t\t\t\t\t\t<\/div>\n\t\t\t\t<div class=\"elementor-element elementor-element-9615b3f elementor-widget elementor-widget-heading\" data-id=\"9615b3f\" data-element_type=\"widget\" data-e-type=\"widget\" data-widget_type=\"heading.default\">\n\t\t\t\t\t<h2 class=\"elementor-heading-title elementor-size-default\"><a href=\"https:\/\/defensepro.sk\/en\/pracovna-cinnost-v-chranenych-obciach\/\">Prejs\u0165 na \u010dl\u00e1nok<\/a><\/h2>\t\t\t\t<\/div>\n\t\t\t\t<\/div>\n\t\t\t\t\t<\/div>\n\t\t\t\t<\/section>\n\t\t\t\t<\/div>","protected":false},"excerpt":{"rendered":"<p>my sme va\u0161a prav\u00e1 ruka verejne pr\u00edstupn\u00e9 miesta Na z\u00e1klade zmluvy vykon\u00e1vame v jednotliv\u00fdch katastroch obc\u00ed funkciu bezpe\u010dnostn\u00e9ho hliadkovania, za t\u00fdm \u00fa\u010delom vyu\u017e\u00edvame motorizovan\u00fa hliadku s ozna\u010den\u00fdm slu\u017eobn\u00fdm vozidlom. Hliadkovanie prebieha tak, \u017ee po vzore mestskej a obecnej Pol\u00edcie prech\u00e1dzame komunik\u00e1cie a verejn\u00e9 priestranstv\u00e1 v katastri va\u0161ej obce. Po\u010das hliadkovania pre v\u00e1s zhroma\u017e\u010fujeme inform\u00e1cie, ktor\u00fdch [&hellip;]<\/p>\n","protected":false},"author":1,"featured_media":4307,"parent":662,"menu_order":3,"comment_status":"closed","ping_status":"closed","template":"","meta":{"_acf_changed":false,"footnotes":""},"class_list":["post-1775","page","type-page","status-publish","has-post-thumbnail","hentry"],"acf":[],"yoast_head":"<!-- This site is optimized with the Yoast SEO plugin v27.1.1 - https:\/\/yoast.com\/product\/yoast-seo-wordpress\/ -->\n<title>Ochrana verejn\u00e9ho poriadku &#187; Defense Pro<\/title>\n<meta name=\"description\" content=\"Ochrana verejn\u00e9ho majetku - Na z\u00e1klade zmluvy vykon\u00e1vame v jednotliv\u00fdch katastroch obc\u00ed funkciu bezpe\u010dnostn\u00e9ho hliadkovania...\" \/>\n<meta name=\"robots\" content=\"index, follow, max-snippet:-1, max-image-preview:large, max-video-preview:-1\" \/>\n<link rel=\"canonical\" href=\"https:\/\/defensepro.sk\/en\/sluzby-pre-obce\/ochrana-verejneho-poriadku\/\" \/>\n<meta property=\"og:locale\" content=\"en_US\" \/>\n<meta property=\"og:type\" content=\"article\" \/>\n<meta property=\"og:title\" content=\"Ochrana verejn\u00e9ho poriadku &#187; Defense Pro\" \/>\n<meta property=\"og:description\" content=\"Ochrana verejn\u00e9ho majetku - Na z\u00e1klade zmluvy vykon\u00e1vame v jednotliv\u00fdch katastroch obc\u00ed funkciu bezpe\u010dnostn\u00e9ho hliadkovania...\" \/>\n<meta property=\"og:url\" content=\"https:\/\/defensepro.sk\/en\/sluzby-pre-obce\/ochrana-verejneho-poriadku\/\" \/>\n<meta property=\"og:site_name\" content=\"Defense Pro\" \/>\n<meta property=\"article:modified_time\" content=\"2024-08-23T18:01:51+00:00\" \/>\n<meta property=\"og:image\" content=\"https:\/\/defensepro.sk\/wp-content\/uploads\/2022\/04\/defensepro-thumbnail_v2.jpg\" \/>\n\t<meta property=\"og:image:width\" content=\"1024\" \/>\n\t<meta property=\"og:image:height\" content=\"1024\" \/>\n\t<meta property=\"og:image:type\" content=\"image\/jpeg\" \/>\n<meta name=\"twitter:card\" content=\"summary_large_image\" \/>\n<meta name=\"twitter:label1\" content=\"Est. reading time\" \/>\n\t<meta name=\"twitter:data1\" content=\"2 minutes\" \/>\n<script type=\"application\/ld+json\" class=\"yoast-schema-graph\">{\"@context\":\"https:\/\/schema.org\",\"@graph\":[{\"@type\":\"WebPage\",\"@id\":\"https:\/\/defensepro.sk\/sluzby-pre-obce\/ochrana-verejneho-poriadku\/\",\"url\":\"https:\/\/defensepro.sk\/sluzby-pre-obce\/ochrana-verejneho-poriadku\/\",\"name\":\"Ochrana verejn\u00e9ho poriadku &#187; Defense Pro\",\"isPartOf\":{\"@id\":\"https:\/\/defensepro.sk\/#website\"},\"primaryImageOfPage\":{\"@id\":\"https:\/\/defensepro.sk\/sluzby-pre-obce\/ochrana-verejneho-poriadku\/#primaryimage\"},\"image\":{\"@id\":\"https:\/\/defensepro.sk\/sluzby-pre-obce\/ochrana-verejneho-poriadku\/#primaryimage\"},\"thumbnailUrl\":\"https:\/\/defensepro.sk\/wp-content\/uploads\/2022\/04\/defensepro-thumbnail_v2.jpg\",\"datePublished\":\"2021-02-04T17:07:44+00:00\",\"dateModified\":\"2024-08-23T18:01:51+00:00\",\"description\":\"Ochrana verejn\u00e9ho majetku - Na z\u00e1klade zmluvy vykon\u00e1vame v jednotliv\u00fdch katastroch obc\u00ed funkciu bezpe\u010dnostn\u00e9ho hliadkovania...\",\"breadcrumb\":{\"@id\":\"https:\/\/defensepro.sk\/sluzby-pre-obce\/ochrana-verejneho-poriadku\/#breadcrumb\"},\"inLanguage\":\"en-US\",\"potentialAction\":[{\"@type\":\"ReadAction\",\"target\":[\"https:\/\/defensepro.sk\/sluzby-pre-obce\/ochrana-verejneho-poriadku\/\"]}]},{\"@type\":\"ImageObject\",\"inLanguage\":\"en-US\",\"@id\":\"https:\/\/defensepro.sk\/sluzby-pre-obce\/ochrana-verejneho-poriadku\/#primaryimage\",\"url\":\"https:\/\/defensepro.sk\/wp-content\/uploads\/2022\/04\/defensepro-thumbnail_v2.jpg\",\"contentUrl\":\"https:\/\/defensepro.sk\/wp-content\/uploads\/2022\/04\/defensepro-thumbnail_v2.jpg\",\"width\":1024,\"height\":1024},{\"@type\":\"BreadcrumbList\",\"@id\":\"https:\/\/defensepro.sk\/sluzby-pre-obce\/ochrana-verejneho-poriadku\/#breadcrumb\",\"itemListElement\":[{\"@type\":\"ListItem\",\"position\":1,\"name\":\"Home\",\"item\":\"https:\/\/defensepro.sk\/\"},{\"@type\":\"ListItem\",\"position\":2,\"name\":\"Obce a mest\u00e1\",\"item\":\"https:\/\/defensepro.sk\/sluzby-pre-obce\/\"},{\"@type\":\"ListItem\",\"position\":3,\"name\":\"Ochrana verejn\u00e9ho poriadku\"}]},{\"@type\":\"WebSite\",\"@id\":\"https:\/\/defensepro.sk\/#website\",\"url\":\"https:\/\/defensepro.sk\/\",\"name\":\"Defense Pro\",\"description\":\"\",\"publisher\":{\"@id\":\"https:\/\/defensepro.sk\/#organization\"},\"potentialAction\":[{\"@type\":\"SearchAction\",\"target\":{\"@type\":\"EntryPoint\",\"urlTemplate\":\"https:\/\/defensepro.sk\/?s={search_term_string}\"},\"query-input\":{\"@type\":\"PropertyValueSpecification\",\"valueRequired\":true,\"valueName\":\"search_term_string\"}}],\"inLanguage\":\"en-US\"},{\"@type\":\"Organization\",\"@id\":\"https:\/\/defensepro.sk\/#organization\",\"name\":\"Defense Pro\",\"url\":\"https:\/\/defensepro.sk\/\",\"logo\":{\"@type\":\"ImageObject\",\"inLanguage\":\"en-US\",\"@id\":\"https:\/\/defensepro.sk\/#\/schema\/logo\/image\/\",\"url\":\"https:\/\/defensepro.sk\/wp-content\/uploads\/2022\/04\/defensepro-thumbnail_v2.jpg\",\"contentUrl\":\"https:\/\/defensepro.sk\/wp-content\/uploads\/2022\/04\/defensepro-thumbnail_v2.jpg\",\"width\":1024,\"height\":1024,\"caption\":\"Defense Pro\"},\"image\":{\"@id\":\"https:\/\/defensepro.sk\/#\/schema\/logo\/image\/\"}}]}<\/script>\n<!-- \/ Yoast SEO plugin. -->","yoast_head_json":{"title":"Ochrana verejn\u00e9ho poriadku &#187; Defense Pro","description":"Ochrana verejn\u00e9ho majetku - Na z\u00e1klade zmluvy vykon\u00e1vame v jednotliv\u00fdch katastroch obc\u00ed funkciu bezpe\u010dnostn\u00e9ho hliadkovania...","robots":{"index":"index","follow":"follow","max-snippet":"max-snippet:-1","max-image-preview":"max-image-preview:large","max-video-preview":"max-video-preview:-1"},"canonical":"https:\/\/defensepro.sk\/en\/sluzby-pre-obce\/ochrana-verejneho-poriadku\/","og_locale":"en_US","og_type":"article","og_title":"Ochrana verejn\u00e9ho poriadku &#187; Defense Pro","og_description":"Ochrana verejn\u00e9ho majetku - Na z\u00e1klade zmluvy vykon\u00e1vame v jednotliv\u00fdch katastroch obc\u00ed funkciu bezpe\u010dnostn\u00e9ho hliadkovania...","og_url":"https:\/\/defensepro.sk\/en\/sluzby-pre-obce\/ochrana-verejneho-poriadku\/","og_site_name":"Defense Pro","article_modified_time":"2024-08-23T18:01:51+00:00","og_image":[{"width":1024,"height":1024,"url":"https:\/\/defensepro.sk\/wp-content\/uploads\/2022\/04\/defensepro-thumbnail_v2.jpg","type":"image\/jpeg"}],"twitter_card":"summary_large_image","twitter_misc":{"Est. reading time":"2 minutes"},"schema":{"@context":"https:\/\/schema.org","@graph":[{"@type":"WebPage","@id":"https:\/\/defensepro.sk\/sluzby-pre-obce\/ochrana-verejneho-poriadku\/","url":"https:\/\/defensepro.sk\/sluzby-pre-obce\/ochrana-verejneho-poriadku\/","name":"Ochrana verejn\u00e9ho poriadku &#187; Defense Pro","isPartOf":{"@id":"https:\/\/defensepro.sk\/#website"},"primaryImageOfPage":{"@id":"https:\/\/defensepro.sk\/sluzby-pre-obce\/ochrana-verejneho-poriadku\/#primaryimage"},"image":{"@id":"https:\/\/defensepro.sk\/sluzby-pre-obce\/ochrana-verejneho-poriadku\/#primaryimage"},"thumbnailUrl":"https:\/\/defensepro.sk\/wp-content\/uploads\/2022\/04\/defensepro-thumbnail_v2.jpg","datePublished":"2021-02-04T17:07:44+00:00","dateModified":"2024-08-23T18:01:51+00:00","description":"Ochrana verejn\u00e9ho majetku - Na z\u00e1klade zmluvy vykon\u00e1vame v jednotliv\u00fdch katastroch obc\u00ed funkciu bezpe\u010dnostn\u00e9ho hliadkovania...","breadcrumb":{"@id":"https:\/\/defensepro.sk\/sluzby-pre-obce\/ochrana-verejneho-poriadku\/#breadcrumb"},"inLanguage":"en-US","potentialAction":[{"@type":"ReadAction","target":["https:\/\/defensepro.sk\/sluzby-pre-obce\/ochrana-verejneho-poriadku\/"]}]},{"@type":"ImageObject","inLanguage":"en-US","@id":"https:\/\/defensepro.sk\/sluzby-pre-obce\/ochrana-verejneho-poriadku\/#primaryimage","url":"https:\/\/defensepro.sk\/wp-content\/uploads\/2022\/04\/defensepro-thumbnail_v2.jpg","contentUrl":"https:\/\/defensepro.sk\/wp-content\/uploads\/2022\/04\/defensepro-thumbnail_v2.jpg","width":1024,"height":1024},{"@type":"BreadcrumbList","@id":"https:\/\/defensepro.sk\/sluzby-pre-obce\/ochrana-verejneho-poriadku\/#breadcrumb","itemListElement":[{"@type":"ListItem","position":1,"name":"Home","item":"https:\/\/defensepro.sk\/"},{"@type":"ListItem","position":2,"name":"Obce a mest\u00e1","item":"https:\/\/defensepro.sk\/sluzby-pre-obce\/"},{"@type":"ListItem","position":3,"name":"Ochrana verejn\u00e9ho poriadku"}]},{"@type":"WebSite","@id":"https:\/\/defensepro.sk\/#website","url":"https:\/\/defensepro.sk\/","name":"Defense Pro","description":"","publisher":{"@id":"https:\/\/defensepro.sk\/#organization"},"potentialAction":[{"@type":"SearchAction","target":{"@type":"EntryPoint","urlTemplate":"https:\/\/defensepro.sk\/?s={search_term_string}"},"query-input":{"@type":"PropertyValueSpecification","valueRequired":true,"valueName":"search_term_string"}}],"inLanguage":"en-US"},{"@type":"Organization","@id":"https:\/\/defensepro.sk\/#organization","name":"Defense Pro","url":"https:\/\/defensepro.sk\/","logo":{"@type":"ImageObject","inLanguage":"en-US","@id":"https:\/\/defensepro.sk\/#\/schema\/logo\/image\/","url":"https:\/\/defensepro.sk\/wp-content\/uploads\/2022\/04\/defensepro-thumbnail_v2.jpg","contentUrl":"https:\/\/defensepro.sk\/wp-content\/uploads\/2022\/04\/defensepro-thumbnail_v2.jpg","width":1024,"height":1024,"caption":"Defense Pro"},"image":{"@id":"https:\/\/defensepro.sk\/#\/schema\/logo\/image\/"}}]}},"_links":{"self":[{"href":"https:\/\/defensepro.sk\/en\/wp-json\/wp\/v2\/pages\/1775","targetHints":{"allow":["GET"]}}],"collection":[{"href":"https:\/\/defensepro.sk\/en\/wp-json\/wp\/v2\/pages"}],"about":[{"href":"https:\/\/defensepro.sk\/en\/wp-json\/wp\/v2\/types\/page"}],"author":[{"embeddable":true,"href":"https:\/\/defensepro.sk\/en\/wp-json\/wp\/v2\/users\/1"}],"replies":[{"embeddable":true,"href":"https:\/\/defensepro.sk\/en\/wp-json\/wp\/v2\/comments?post=1775"}],"version-history":[{"count":0,"href":"https:\/\/defensepro.sk\/en\/wp-json\/wp\/v2\/pages\/1775\/revisions"}],"up":[{"embeddable":true,"href":"https:\/\/defensepro.sk\/en\/wp-json\/wp\/v2\/pages\/662"}],"wp:featuredmedia":[{"embeddable":true,"href":"https:\/\/defensepro.sk\/en\/wp-json\/wp\/v2\/media\/4307"}],"wp:attachment":[{"href":"https:\/\/defensepro.sk\/en\/wp-json\/wp\/v2\/media?parent=1775"}],"curies":[{"name":"wp","href":"https:\/\/api.w.org\/{rel}","templated":true}]}}