{"id":1768,"date":"2021-02-04T18:03:57","date_gmt":"2021-02-04T17:03:57","guid":{"rendered":"https:\/\/defensepro.sk\/?page_id=1768"},"modified":"2024-08-23T20:02:14","modified_gmt":"2024-08-23T18:02:14","slug":"ochrana-nehnutelnosti-v-sprave-obce","status":"publish","type":"page","link":"https:\/\/defensepro.sk\/en\/sluzby-pre-obce\/ochrana-nehnutelnosti-v-sprave-obce\/","title":{"rendered":"Ochrana nehnute\u013enost\u00ed v spr\u00e1ve obce"},"content":{"rendered":"<div data-elementor-type=\"wp-page\" data-elementor-id=\"1768\" class=\"elementor elementor-1768\" data-elementor-post-type=\"page\">\n\t\t\t\t<header data-particle_enable=\"false\" data-particle-mobile-disabled=\"false\" class=\"elementor-element elementor-element-23b3b5a e-flex e-con-boxed e-con e-parent\" data-id=\"23b3b5a\" data-element_type=\"container\" data-e-type=\"container\">\n\t\t\t\t\t<div class=\"e-con-inner\">\n\t\t<div data-particle_enable=\"false\" data-particle-mobile-disabled=\"false\" class=\"elementor-element elementor-element-37854a6 e-con-full e-flex e-con e-child\" data-id=\"37854a6\" data-element_type=\"container\" data-e-type=\"container\">\n\t\t\t\t<div class=\"elementor-element elementor-element-5d19349 elementor-align-center elementor-widget elementor-widget-button\" data-id=\"5d19349\" data-element_type=\"widget\" data-e-type=\"widget\" data-widget_type=\"button.default\">\n\t\t\t\t\t\t\t\t\t\t<a class=\"elementor-button elementor-size-sm\" role=\"button\">\n\t\t\t\t\t\t<span class=\"elementor-button-content-wrapper\">\n\t\t\t\t\t\t\t\t\t<span class=\"elementor-button-text\">OCHRANA NEHNUTE\u013dNOST\u00cd V SPR\u00c1VE OBCE<\/span>\n\t\t\t\t\t<\/span>\n\t\t\t\t\t<\/a>\n\t\t\t\t\t\t\t\t<\/div>\n\t\t\t\t<div class=\"elementor-element elementor-element-2919e68 elementor-widget elementor-widget-heading\" data-id=\"2919e68\" data-element_type=\"widget\" data-e-type=\"widget\" data-widget_type=\"heading.default\">\n\t\t\t\t\t<h2 class=\"elementor-heading-title elementor-size-default\">PRIPOJENIE NA PCO<\/h2>\t\t\t\t<\/div>\n\t\t\t\t<\/div>\n\t\t\t\t\t<\/div>\n\t\t\t\t<\/header>\n\t\t<section data-particle_enable=\"false\" data-particle-mobile-disabled=\"false\" class=\"elementor-element elementor-element-f81b1fd e-flex e-con-boxed e-con e-parent\" data-id=\"f81b1fd\" data-element_type=\"container\" data-e-type=\"container\">\n\t\t\t\t\t<div class=\"e-con-inner\">\n\t\t<div data-particle_enable=\"false\" data-particle-mobile-disabled=\"false\" class=\"elementor-element elementor-element-402d552 e-con-full e-flex e-con e-child\" data-id=\"402d552\" data-element_type=\"container\" data-e-type=\"container\">\n\t\t<div data-particle_enable=\"false\" data-particle-mobile-disabled=\"false\" class=\"elementor-element elementor-element-a637363 e-con-full e-flex e-con e-child\" data-id=\"a637363\" data-element_type=\"container\" data-e-type=\"container\">\n\t\t<div data-particle_enable=\"false\" data-particle-mobile-disabled=\"false\" class=\"elementor-element elementor-element-e426640 e-con-full e-flex e-con e-child\" data-id=\"e426640\" data-element_type=\"container\" data-e-type=\"container\">\n\t\t\t\t<div class=\"elementor-element elementor-element-c782290 elementor-widget elementor-widget-text-editor\" data-id=\"c782290\" data-element_type=\"widget\" data-e-type=\"widget\" data-widget_type=\"text-editor.default\">\n\t\t\t\t\t\t\t\t\t<p>U\u017e samotn\u00e1 mont\u00e1\u017e alarmu zabezpe\u010d\u00ed ochranu obecn\u00e9ho majetku, naru\u0161ite\u013e objektu spust\u00ed poplach a \u00fastred\u0148a v\u00e1m tak vy\u0161le sign\u00e1l.<\/p><p>Spusten\u00fd poplach, ktor\u00fd vy, z\u00e1stupcovia obce, prijmete na svoj mobiln\u00fd telef\u00f3n pre v\u00e1s bezpochyby znamen\u00e1 nepr\u00edjemnos\u0165 v podobe vst\u00e1vania do noci a rie\u0161enia vzniknutej situ\u00e1cie.<\/p><p>Poplach je nutn\u00e9 preveri\u0165 fyzicky s \u010d\u00edm je spojen\u00e9 riziko, \u017ee p\u00e1chate\u013e sa st\u00e1le nach\u00e1dza v objekte alebo v bl\u00edzkosti objektu.<\/p>\t\t\t\t\t\t\t\t<\/div>\n\t\t\t\t<\/div>\n\t\t<div data-particle_enable=\"false\" data-particle-mobile-disabled=\"false\" class=\"elementor-element elementor-element-4d128cd e-con-full e-flex e-con e-child\" data-id=\"4d128cd\" data-element_type=\"container\" data-e-type=\"container\">\n\t\t\t\t<div class=\"elementor-element elementor-element-b78f587 elementor-widget elementor-widget-image\" data-id=\"b78f587\" data-element_type=\"widget\" data-e-type=\"widget\" data-widget_type=\"image.default\">\n\t\t\t\t\t\t\t\t\t\t\t\t\t\t\t<img fetchpriority=\"high\" decoding=\"async\" width=\"800\" height=\"326\" src=\"https:\/\/defensepro.sk\/wp-content\/uploads\/2021\/03\/IMG-170321-07-1024x417.jpg\" class=\"attachment-large size-large wp-image-2367\" alt=\"\" srcset=\"https:\/\/defensepro.sk\/wp-content\/uploads\/2021\/03\/IMG-170321-07-1024x417.jpg 1024w, https:\/\/defensepro.sk\/wp-content\/uploads\/2021\/03\/IMG-170321-07-300x122.jpg 300w, https:\/\/defensepro.sk\/wp-content\/uploads\/2021\/03\/IMG-170321-07-768x313.jpg 768w, https:\/\/defensepro.sk\/wp-content\/uploads\/2021\/03\/IMG-170321-07.jpg 1080w\" sizes=\"(max-width: 800px) 100vw, 800px\" \/>\t\t\t\t\t\t\t\t\t\t\t\t\t\t\t<\/div>\n\t\t\t\t<\/div>\n\t\t\t\t<\/div>\n\t\t<div data-particle_enable=\"false\" data-particle-mobile-disabled=\"false\" class=\"elementor-element elementor-element-70eedb1 e-con-full e-flex e-con e-child\" data-id=\"70eedb1\" data-element_type=\"container\" data-e-type=\"container\">\n\t\t<div data-particle_enable=\"false\" data-particle-mobile-disabled=\"false\" class=\"elementor-element elementor-element-468f010 e-con-full e-flex e-con e-child\" data-id=\"468f010\" data-element_type=\"container\" data-e-type=\"container\">\n\t\t\t\t<div class=\"elementor-element elementor-element-fac9ff9 elementor-widget elementor-widget-image\" data-id=\"fac9ff9\" data-element_type=\"widget\" data-e-type=\"widget\" data-widget_type=\"image.default\">\n\t\t\t\t\t\t\t\t\t\t\t\t\t\t\t<img decoding=\"async\" width=\"800\" height=\"326\" src=\"https:\/\/defensepro.sk\/wp-content\/uploads\/2021\/03\/IMG-170321-04-02-1024x417.jpg\" class=\"attachment-large size-large wp-image-2471\" alt=\"\" srcset=\"https:\/\/defensepro.sk\/wp-content\/uploads\/2021\/03\/IMG-170321-04-02-1024x417.jpg 1024w, https:\/\/defensepro.sk\/wp-content\/uploads\/2021\/03\/IMG-170321-04-02-300x122.jpg 300w, https:\/\/defensepro.sk\/wp-content\/uploads\/2021\/03\/IMG-170321-04-02-768x313.jpg 768w, https:\/\/defensepro.sk\/wp-content\/uploads\/2021\/03\/IMG-170321-04-02.jpg 1080w\" sizes=\"(max-width: 800px) 100vw, 800px\" \/>\t\t\t\t\t\t\t\t\t\t\t\t\t\t\t<\/div>\n\t\t\t\t<\/div>\n\t\t<div data-particle_enable=\"false\" data-particle-mobile-disabled=\"false\" class=\"elementor-element elementor-element-5ce7e1c e-con-full e-flex e-con e-child\" data-id=\"5ce7e1c\" data-element_type=\"container\" data-e-type=\"container\">\n\t\t\t\t<div class=\"elementor-element elementor-element-e30b588 elementor-widget elementor-widget-text-editor\" data-id=\"e30b588\" data-element_type=\"widget\" data-e-type=\"widget\" data-widget_type=\"text-editor.default\">\n\t\t\t\t\t\t\t\t\t<p>Pripojen\u00edm EZS z v\u00e1\u0161ho objektu na PCO z\u00edskate vzdialen\u00fd doh\u013ead nad va\u0161imi objektami. V pr\u00edpade alarmu objekt prever\u00edme, v pr\u00edpade falo\u0161n\u00e9ho poplachu v\u00e1s budeme informova\u0165 prostredn\u00edctvom SMS a z\u00e1znam v\u00e1m odo\u0161leme elektronicky.<\/p><p>V pr\u00edpade naru\u0161enia objektu sa sna\u017e\u00edme zachyti\u0165 unikaj\u00faceho p\u00e1chate\u013ea, zabezpe\u010d\u00edme miesto \u010dinu, privol\u00e1me Pol\u00edciu, vykon\u00e1me s nimi prehliadku priestorov a podst\u00fapime rizik\u00e1 za v\u00e1s.<\/p>\t\t\t\t\t\t\t\t<\/div>\n\t\t\t\t<\/div>\n\t\t\t\t<\/div>\n\t\t<div data-particle_enable=\"false\" data-particle-mobile-disabled=\"false\" class=\"elementor-element elementor-element-8886386 e-con-full e-flex e-con e-child\" data-id=\"8886386\" data-element_type=\"container\" data-e-type=\"container\">\n\t\t<div data-particle_enable=\"false\" data-particle-mobile-disabled=\"false\" class=\"elementor-element elementor-element-f36cd93 e-con-full e-flex e-con e-child\" data-id=\"f36cd93\" data-element_type=\"container\" data-e-type=\"container\">\n\t\t\t\t<div class=\"elementor-element elementor-element-1a81b0c elementor-widget elementor-widget-text-editor\" data-id=\"1a81b0c\" data-element_type=\"widget\" data-e-type=\"widget\" data-widget_type=\"text-editor.default\">\n\t\t\t\t\t\t\t\t\t<p>V pr\u00edpade naru\u0161enia je potrebn\u00e9 zabezpe\u010di\u0165 okolie objektu a str\u00e1\u017ei\u0165 objekt do pr\u00edchodu Pol\u00edcie, asistova\u0165 pri prehliadke vn\u00fatorn\u00fdch priestorov a sp\u00edsa\u0165 s nimi z\u00e1pisnicu.<\/p><p>Zabezpe\u010di\u0165 m\u00f4\u017ete v\u00e1\u0161 obecn\u00fd \u00farad, \u0161kolu, \u0161k\u00f4lku, kult\u00farny dom, hasi\u010dsk\u00fa zbrojnicu, ak\u00fdko\u013evek objekt v spr\u00e1ve obce, ktor\u00fd m\u00e1 elektronick\u00fd zabezpe\u010dovac\u00ed syst\u00e9m.<\/p><p>Obr\u00e1\u0165te sa na n\u00e1s, sme odborn\u00edci na ochranu majetku.<\/p>\t\t\t\t\t\t\t\t<\/div>\n\t\t\t\t<\/div>\n\t\t<div data-particle_enable=\"false\" data-particle-mobile-disabled=\"false\" class=\"elementor-element elementor-element-31e90bb e-con-full e-flex e-con e-child\" data-id=\"31e90bb\" data-element_type=\"container\" data-e-type=\"container\">\n\t\t\t\t<div class=\"elementor-element elementor-element-d8c887e elementor-widget elementor-widget-image\" data-id=\"d8c887e\" data-element_type=\"widget\" data-e-type=\"widget\" data-widget_type=\"image.default\">\n\t\t\t\t\t\t\t\t\t\t\t\t\t\t\t<img decoding=\"async\" width=\"800\" height=\"326\" src=\"https:\/\/defensepro.sk\/wp-content\/uploads\/2021\/03\/IMG-170321-06-1024x417.jpg\" class=\"attachment-large size-large wp-image-2366\" alt=\"\" srcset=\"https:\/\/defensepro.sk\/wp-content\/uploads\/2021\/03\/IMG-170321-06-1024x417.jpg 1024w, https:\/\/defensepro.sk\/wp-content\/uploads\/2021\/03\/IMG-170321-06-300x122.jpg 300w, https:\/\/defensepro.sk\/wp-content\/uploads\/2021\/03\/IMG-170321-06-768x313.jpg 768w, https:\/\/defensepro.sk\/wp-content\/uploads\/2021\/03\/IMG-170321-06.jpg 1080w\" sizes=\"(max-width: 800px) 100vw, 800px\" \/>\t\t\t\t\t\t\t\t\t\t\t\t\t\t\t<\/div>\n\t\t\t\t<\/div>\n\t\t\t\t<\/div>\n\t\t\t\t<\/div>\n\t\t\t\t\t<\/div>\n\t\t\t\t<\/section>\n\t\t\t\t<\/div>","protected":false},"excerpt":{"rendered":"<p>OCHRANA NEHNUTE\u013dNOST\u00cd V SPR\u00c1VE OBCE PRIPOJENIE NA PCO U\u017e samotn\u00e1 mont\u00e1\u017e alarmu zabezpe\u010d\u00ed ochranu obecn\u00e9ho majetku, naru\u0161ite\u013e objektu spust\u00ed poplach a \u00fastred\u0148a v\u00e1m tak vy\u0161le sign\u00e1l. Spusten\u00fd poplach, ktor\u00fd vy, z\u00e1stupcovia obce, prijmete na svoj mobiln\u00fd telef\u00f3n pre v\u00e1s bezpochyby znamen\u00e1 nepr\u00edjemnos\u0165 v podobe vst\u00e1vania do noci a rie\u0161enia vzniknutej situ\u00e1cie. Poplach je nutn\u00e9 preveri\u0165 [&hellip;]<\/p>\n","protected":false},"author":1,"featured_media":4307,"parent":662,"menu_order":1,"comment_status":"closed","ping_status":"closed","template":"","meta":{"_acf_changed":false,"footnotes":""},"class_list":["post-1768","page","type-page","status-publish","has-post-thumbnail","hentry"],"acf":[],"yoast_head":"<!-- This site is optimized with the Yoast SEO plugin v27.1.1 - https:\/\/yoast.com\/product\/yoast-seo-wordpress\/ -->\n<title>Ochrana nehnute\u013enost\u00ed v spr\u00e1ve obce &#187; Defense Pro<\/title>\n<meta name=\"description\" content=\"Pripojenie na PCO (Pult Centr\u00e1lnej Ochrany) - Mont\u00e1\u017eou alarmu ochr\u00e1nite obecn\u00fd majetok, naru\u0161ite\u013e objektu spust\u00ed poplach a \u00fastred\u0148a V\u00e1m...\" \/>\n<meta name=\"robots\" content=\"index, follow, max-snippet:-1, max-image-preview:large, max-video-preview:-1\" \/>\n<link rel=\"canonical\" href=\"https:\/\/defensepro.sk\/en\/sluzby-pre-obce\/ochrana-nehnutelnosti-v-sprave-obce\/\" \/>\n<meta property=\"og:locale\" content=\"en_US\" \/>\n<meta property=\"og:type\" content=\"article\" \/>\n<meta property=\"og:title\" content=\"Ochrana nehnute\u013enost\u00ed v spr\u00e1ve obce &#187; Defense Pro\" \/>\n<meta property=\"og:description\" content=\"Pripojenie na PCO (Pult Centr\u00e1lnej Ochrany) - Mont\u00e1\u017eou alarmu ochr\u00e1nite obecn\u00fd majetok, naru\u0161ite\u013e objektu spust\u00ed poplach a \u00fastred\u0148a V\u00e1m...\" \/>\n<meta property=\"og:url\" content=\"https:\/\/defensepro.sk\/en\/sluzby-pre-obce\/ochrana-nehnutelnosti-v-sprave-obce\/\" \/>\n<meta property=\"og:site_name\" content=\"Defense Pro\" \/>\n<meta property=\"article:modified_time\" content=\"2024-08-23T18:02:14+00:00\" \/>\n<meta property=\"og:image\" content=\"https:\/\/defensepro.sk\/wp-content\/uploads\/2022\/04\/defensepro-thumbnail_v2.jpg\" \/>\n\t<meta property=\"og:image:width\" content=\"1024\" \/>\n\t<meta property=\"og:image:height\" content=\"1024\" \/>\n\t<meta property=\"og:image:type\" content=\"image\/jpeg\" \/>\n<meta name=\"twitter:card\" content=\"summary_large_image\" \/>\n<meta name=\"twitter:label1\" content=\"Est. reading time\" \/>\n\t<meta name=\"twitter:data1\" content=\"2 minutes\" \/>\n<script type=\"application\/ld+json\" class=\"yoast-schema-graph\">{\"@context\":\"https:\/\/schema.org\",\"@graph\":[{\"@type\":\"WebPage\",\"@id\":\"https:\/\/defensepro.sk\/sluzby-pre-obce\/ochrana-nehnutelnosti-v-sprave-obce\/\",\"url\":\"https:\/\/defensepro.sk\/sluzby-pre-obce\/ochrana-nehnutelnosti-v-sprave-obce\/\",\"name\":\"Ochrana nehnute\u013enost\u00ed v spr\u00e1ve obce &#187; Defense Pro\",\"isPartOf\":{\"@id\":\"https:\/\/defensepro.sk\/#website\"},\"primaryImageOfPage\":{\"@id\":\"https:\/\/defensepro.sk\/sluzby-pre-obce\/ochrana-nehnutelnosti-v-sprave-obce\/#primaryimage\"},\"image\":{\"@id\":\"https:\/\/defensepro.sk\/sluzby-pre-obce\/ochrana-nehnutelnosti-v-sprave-obce\/#primaryimage\"},\"thumbnailUrl\":\"https:\/\/defensepro.sk\/wp-content\/uploads\/2022\/04\/defensepro-thumbnail_v2.jpg\",\"datePublished\":\"2021-02-04T17:03:57+00:00\",\"dateModified\":\"2024-08-23T18:02:14+00:00\",\"description\":\"Pripojenie na PCO (Pult Centr\u00e1lnej Ochrany) - Mont\u00e1\u017eou alarmu ochr\u00e1nite obecn\u00fd majetok, naru\u0161ite\u013e objektu spust\u00ed poplach a \u00fastred\u0148a V\u00e1m...\",\"breadcrumb\":{\"@id\":\"https:\/\/defensepro.sk\/sluzby-pre-obce\/ochrana-nehnutelnosti-v-sprave-obce\/#breadcrumb\"},\"inLanguage\":\"en-US\",\"potentialAction\":[{\"@type\":\"ReadAction\",\"target\":[\"https:\/\/defensepro.sk\/sluzby-pre-obce\/ochrana-nehnutelnosti-v-sprave-obce\/\"]}]},{\"@type\":\"ImageObject\",\"inLanguage\":\"en-US\",\"@id\":\"https:\/\/defensepro.sk\/sluzby-pre-obce\/ochrana-nehnutelnosti-v-sprave-obce\/#primaryimage\",\"url\":\"https:\/\/defensepro.sk\/wp-content\/uploads\/2022\/04\/defensepro-thumbnail_v2.jpg\",\"contentUrl\":\"https:\/\/defensepro.sk\/wp-content\/uploads\/2022\/04\/defensepro-thumbnail_v2.jpg\",\"width\":1024,\"height\":1024},{\"@type\":\"BreadcrumbList\",\"@id\":\"https:\/\/defensepro.sk\/sluzby-pre-obce\/ochrana-nehnutelnosti-v-sprave-obce\/#breadcrumb\",\"itemListElement\":[{\"@type\":\"ListItem\",\"position\":1,\"name\":\"Home\",\"item\":\"https:\/\/defensepro.sk\/\"},{\"@type\":\"ListItem\",\"position\":2,\"name\":\"Obce a mest\u00e1\",\"item\":\"https:\/\/defensepro.sk\/sluzby-pre-obce\/\"},{\"@type\":\"ListItem\",\"position\":3,\"name\":\"Ochrana nehnute\u013enost\u00ed v spr\u00e1ve obce\"}]},{\"@type\":\"WebSite\",\"@id\":\"https:\/\/defensepro.sk\/#website\",\"url\":\"https:\/\/defensepro.sk\/\",\"name\":\"Defense Pro\",\"description\":\"\",\"publisher\":{\"@id\":\"https:\/\/defensepro.sk\/#organization\"},\"potentialAction\":[{\"@type\":\"SearchAction\",\"target\":{\"@type\":\"EntryPoint\",\"urlTemplate\":\"https:\/\/defensepro.sk\/?s={search_term_string}\"},\"query-input\":{\"@type\":\"PropertyValueSpecification\",\"valueRequired\":true,\"valueName\":\"search_term_string\"}}],\"inLanguage\":\"en-US\"},{\"@type\":\"Organization\",\"@id\":\"https:\/\/defensepro.sk\/#organization\",\"name\":\"Defense Pro\",\"url\":\"https:\/\/defensepro.sk\/\",\"logo\":{\"@type\":\"ImageObject\",\"inLanguage\":\"en-US\",\"@id\":\"https:\/\/defensepro.sk\/#\/schema\/logo\/image\/\",\"url\":\"https:\/\/defensepro.sk\/wp-content\/uploads\/2022\/04\/defensepro-thumbnail_v2.jpg\",\"contentUrl\":\"https:\/\/defensepro.sk\/wp-content\/uploads\/2022\/04\/defensepro-thumbnail_v2.jpg\",\"width\":1024,\"height\":1024,\"caption\":\"Defense Pro\"},\"image\":{\"@id\":\"https:\/\/defensepro.sk\/#\/schema\/logo\/image\/\"}}]}<\/script>\n<!-- \/ Yoast SEO plugin. -->","yoast_head_json":{"title":"Ochrana nehnute\u013enost\u00ed v spr\u00e1ve obce &#187; Defense Pro","description":"Pripojenie na PCO (Pult Centr\u00e1lnej Ochrany) - Mont\u00e1\u017eou alarmu ochr\u00e1nite obecn\u00fd majetok, naru\u0161ite\u013e objektu spust\u00ed poplach a \u00fastred\u0148a V\u00e1m...","robots":{"index":"index","follow":"follow","max-snippet":"max-snippet:-1","max-image-preview":"max-image-preview:large","max-video-preview":"max-video-preview:-1"},"canonical":"https:\/\/defensepro.sk\/en\/sluzby-pre-obce\/ochrana-nehnutelnosti-v-sprave-obce\/","og_locale":"en_US","og_type":"article","og_title":"Ochrana nehnute\u013enost\u00ed v spr\u00e1ve obce &#187; Defense Pro","og_description":"Pripojenie na PCO (Pult Centr\u00e1lnej Ochrany) - Mont\u00e1\u017eou alarmu ochr\u00e1nite obecn\u00fd majetok, naru\u0161ite\u013e objektu spust\u00ed poplach a \u00fastred\u0148a V\u00e1m...","og_url":"https:\/\/defensepro.sk\/en\/sluzby-pre-obce\/ochrana-nehnutelnosti-v-sprave-obce\/","og_site_name":"Defense Pro","article_modified_time":"2024-08-23T18:02:14+00:00","og_image":[{"width":1024,"height":1024,"url":"https:\/\/defensepro.sk\/wp-content\/uploads\/2022\/04\/defensepro-thumbnail_v2.jpg","type":"image\/jpeg"}],"twitter_card":"summary_large_image","twitter_misc":{"Est. reading time":"2 minutes"},"schema":{"@context":"https:\/\/schema.org","@graph":[{"@type":"WebPage","@id":"https:\/\/defensepro.sk\/sluzby-pre-obce\/ochrana-nehnutelnosti-v-sprave-obce\/","url":"https:\/\/defensepro.sk\/sluzby-pre-obce\/ochrana-nehnutelnosti-v-sprave-obce\/","name":"Ochrana nehnute\u013enost\u00ed v spr\u00e1ve obce &#187; Defense Pro","isPartOf":{"@id":"https:\/\/defensepro.sk\/#website"},"primaryImageOfPage":{"@id":"https:\/\/defensepro.sk\/sluzby-pre-obce\/ochrana-nehnutelnosti-v-sprave-obce\/#primaryimage"},"image":{"@id":"https:\/\/defensepro.sk\/sluzby-pre-obce\/ochrana-nehnutelnosti-v-sprave-obce\/#primaryimage"},"thumbnailUrl":"https:\/\/defensepro.sk\/wp-content\/uploads\/2022\/04\/defensepro-thumbnail_v2.jpg","datePublished":"2021-02-04T17:03:57+00:00","dateModified":"2024-08-23T18:02:14+00:00","description":"Pripojenie na PCO (Pult Centr\u00e1lnej Ochrany) - Mont\u00e1\u017eou alarmu ochr\u00e1nite obecn\u00fd majetok, naru\u0161ite\u013e objektu spust\u00ed poplach a \u00fastred\u0148a V\u00e1m...","breadcrumb":{"@id":"https:\/\/defensepro.sk\/sluzby-pre-obce\/ochrana-nehnutelnosti-v-sprave-obce\/#breadcrumb"},"inLanguage":"en-US","potentialAction":[{"@type":"ReadAction","target":["https:\/\/defensepro.sk\/sluzby-pre-obce\/ochrana-nehnutelnosti-v-sprave-obce\/"]}]},{"@type":"ImageObject","inLanguage":"en-US","@id":"https:\/\/defensepro.sk\/sluzby-pre-obce\/ochrana-nehnutelnosti-v-sprave-obce\/#primaryimage","url":"https:\/\/defensepro.sk\/wp-content\/uploads\/2022\/04\/defensepro-thumbnail_v2.jpg","contentUrl":"https:\/\/defensepro.sk\/wp-content\/uploads\/2022\/04\/defensepro-thumbnail_v2.jpg","width":1024,"height":1024},{"@type":"BreadcrumbList","@id":"https:\/\/defensepro.sk\/sluzby-pre-obce\/ochrana-nehnutelnosti-v-sprave-obce\/#breadcrumb","itemListElement":[{"@type":"ListItem","position":1,"name":"Home","item":"https:\/\/defensepro.sk\/"},{"@type":"ListItem","position":2,"name":"Obce a mest\u00e1","item":"https:\/\/defensepro.sk\/sluzby-pre-obce\/"},{"@type":"ListItem","position":3,"name":"Ochrana nehnute\u013enost\u00ed v spr\u00e1ve obce"}]},{"@type":"WebSite","@id":"https:\/\/defensepro.sk\/#website","url":"https:\/\/defensepro.sk\/","name":"Defense Pro","description":"","publisher":{"@id":"https:\/\/defensepro.sk\/#organization"},"potentialAction":[{"@type":"SearchAction","target":{"@type":"EntryPoint","urlTemplate":"https:\/\/defensepro.sk\/?s={search_term_string}"},"query-input":{"@type":"PropertyValueSpecification","valueRequired":true,"valueName":"search_term_string"}}],"inLanguage":"en-US"},{"@type":"Organization","@id":"https:\/\/defensepro.sk\/#organization","name":"Defense Pro","url":"https:\/\/defensepro.sk\/","logo":{"@type":"ImageObject","inLanguage":"en-US","@id":"https:\/\/defensepro.sk\/#\/schema\/logo\/image\/","url":"https:\/\/defensepro.sk\/wp-content\/uploads\/2022\/04\/defensepro-thumbnail_v2.jpg","contentUrl":"https:\/\/defensepro.sk\/wp-content\/uploads\/2022\/04\/defensepro-thumbnail_v2.jpg","width":1024,"height":1024,"caption":"Defense Pro"},"image":{"@id":"https:\/\/defensepro.sk\/#\/schema\/logo\/image\/"}}]}},"_links":{"self":[{"href":"https:\/\/defensepro.sk\/en\/wp-json\/wp\/v2\/pages\/1768","targetHints":{"allow":["GET"]}}],"collection":[{"href":"https:\/\/defensepro.sk\/en\/wp-json\/wp\/v2\/pages"}],"about":[{"href":"https:\/\/defensepro.sk\/en\/wp-json\/wp\/v2\/types\/page"}],"author":[{"embeddable":true,"href":"https:\/\/defensepro.sk\/en\/wp-json\/wp\/v2\/users\/1"}],"replies":[{"embeddable":true,"href":"https:\/\/defensepro.sk\/en\/wp-json\/wp\/v2\/comments?post=1768"}],"version-history":[{"count":0,"href":"https:\/\/defensepro.sk\/en\/wp-json\/wp\/v2\/pages\/1768\/revisions"}],"up":[{"embeddable":true,"href":"https:\/\/defensepro.sk\/en\/wp-json\/wp\/v2\/pages\/662"}],"wp:featuredmedia":[{"embeddable":true,"href":"https:\/\/defensepro.sk\/en\/wp-json\/wp\/v2\/media\/4307"}],"wp:attachment":[{"href":"https:\/\/defensepro.sk\/en\/wp-json\/wp\/v2\/media?parent=1768"}],"curies":[{"name":"wp","href":"https:\/\/api.w.org\/{rel}","templated":true}]}}